{"id":13863,"date":"2019-08-25T16:01:28","date_gmt":"2019-08-25T13:01:28","guid":{"rendered":"http:\/\/www.lassebacklund.fi\/?page_id=13863"},"modified":"2020-04-05T22:41:31","modified_gmt":"2020-04-05T19:41:31","slug":"pidrospelet","status":"publish","type":"page","link":"https:\/\/www.lassebacklund.fi\/?page_id=13863","title":{"rendered":"Pidrospelet"},"content":{"rendered":"<p><span style=\"color: #000080;\">Diktat av Eva 25.8.2019:<\/span><\/p>\n<p>I g\u00e5r kv\u00e4ll vi spela Pidron med John och Susann,<br \/>\nf\u00f6rsta spelet gick fint, vi damer vann<br \/>\nmed klara siffror vi segrade stort<br \/>\nmen efter kaffet det var som f\u00f6rgjort.<\/p>\n<div class=\"text_exposed_show\">\n<p>V\u00e5ra kort ej passade, var helt omaka<br \/>\noberoende av vem som packen saka.<br \/>\nD\u00e4r satt vi och bl\u00e4ddra, ofta fick vi passa<br \/>\nmedan herrarna po\u00e4ngen inkassa.<\/p>\n<p>Vi fortsatte spelet som pl\u00f6tsligt blev trist<br \/>\nd\u00e5 vi p\u00e5 po\u00e4ngkort hela tiden hade brist.<br \/>\nVi bj\u00f6d n\u00e5gra g\u00e5nger men gick oftast back,<br \/>\nherrarna fick po\u00e4ngen och sade tack, tack!<\/p>\n<p>Ni h\u00e5ller s\u00e4kert med mig att det var kaffets fel<br \/>\natt vi f\u00f6rlora b\u00e5de andra och tredje spel.<br \/>\nAllts\u00e5 skall man inte spela och dricka<br \/>\nifall man inte har ett extra ess i sin ficka!<\/p>\n<p><img loading=\"lazy\" decoding=\"async\" class=\"alignnone size-full wp-image-13862\" src=\"http:\/\/www.lassebacklund.fi\/wp-content\/uploads\/2019\/08\/Pidrohand.jpg\" alt=\"\" width=\"2016\" height=\"1512\" srcset=\"https:\/\/www.lassebacklund.fi\/wp-content\/uploads\/2019\/08\/Pidrohand.jpg 2016w, https:\/\/www.lassebacklund.fi\/wp-content\/uploads\/2019\/08\/Pidrohand-300x225.jpg 300w, https:\/\/www.lassebacklund.fi\/wp-content\/uploads\/2019\/08\/Pidrohand-768x576.jpg 768w, https:\/\/www.lassebacklund.fi\/wp-content\/uploads\/2019\/08\/Pidrohand-1024x768.jpg 1024w\" sizes=\"auto, (max-width: 2016px) 100vw, 2016px\" \/><\/p>\n<\/div>\n","protected":false},"excerpt":{"rendered":"<p>Diktat av Eva 25.8.2019: I g\u00e5r kv\u00e4ll vi spela Pidron med John och Susann, f\u00f6rsta spelet gick fint, vi damer vann med klara siffror vi segrade stort men efter kaffet det var som f\u00f6rgjort. V\u00e5ra kort ej passade, var helt <a class=\"more-link\" href=\"https:\/\/www.lassebacklund.fi\/?page_id=13863\">Forts\u00e4tt l\u00e4sa <span class=\"screen-reader-text\">  Pidrospelet<\/span><span class=\"meta-nav\">&rarr;<\/span><\/a><\/p>\n","protected":false},"author":1,"featured_media":0,"parent":13531,"menu_order":2,"comment_status":"closed","ping_status":"closed","template":"","meta":{"footnotes":""},"class_list":["post-13863","page","type-page","status-publish","hentry"],"_links":{"self":[{"href":"https:\/\/www.lassebacklund.fi\/index.php?rest_route=\/wp\/v2\/pages\/13863","targetHints":{"allow":["GET"]}}],"collection":[{"href":"https:\/\/www.lassebacklund.fi\/index.php?rest_route=\/wp\/v2\/pages"}],"about":[{"href":"https:\/\/www.lassebacklund.fi\/index.php?rest_route=\/wp\/v2\/types\/page"}],"author":[{"embeddable":true,"href":"https:\/\/www.lassebacklund.fi\/index.php?rest_route=\/wp\/v2\/users\/1"}],"replies":[{"embeddable":true,"href":"https:\/\/www.lassebacklund.fi\/index.php?rest_route=%2Fwp%2Fv2%2Fcomments&post=13863"}],"version-history":[{"count":1,"href":"https:\/\/www.lassebacklund.fi\/index.php?rest_route=\/wp\/v2\/pages\/13863\/revisions"}],"predecessor-version":[{"id":13864,"href":"https:\/\/www.lassebacklund.fi\/index.php?rest_route=\/wp\/v2\/pages\/13863\/revisions\/13864"}],"up":[{"embeddable":true,"href":"https:\/\/www.lassebacklund.fi\/index.php?rest_route=\/wp\/v2\/pages\/13531"}],"wp:attachment":[{"href":"https:\/\/www.lassebacklund.fi\/index.php?rest_route=%2Fwp%2Fv2%2Fmedia&parent=13863"}],"curies":[{"name":"wp","href":"https:\/\/api.w.org\/{rel}","templated":true}]}}