{"id":1368,"date":"2016-10-21T17:16:30","date_gmt":"2016-10-21T15:16:30","guid":{"rendered":"http:\/\/www.lassebacklund.fi\/?page_id=1368"},"modified":"2025-05-01T00:02:01","modified_gmt":"2025-04-30T21:02:01","slug":"mokkela-linas-stuga-pa-sunnantillvagen-56","status":"publish","type":"page","link":"https:\/\/www.lassebacklund.fi\/?page_id=1368","title":{"rendered":"Mokkela Linas torp p\u00e5 Sunnantillv\u00e4gen 56"},"content":{"rendered":"<figure id=\"attachment_24017\" aria-describedby=\"caption-attachment-24017\" style=\"width: 2087px\" class=\"wp-caption alignnone\"><img loading=\"lazy\" decoding=\"async\" class=\"size-full wp-image-24017\" src=\"https:\/\/www.lassebacklund.fi\/wp-content\/uploads\/2025\/04\/2.jpg\" alt=\"\" width=\"2087\" height=\"1438\" srcset=\"https:\/\/www.lassebacklund.fi\/wp-content\/uploads\/2025\/04\/2.jpg 2087w, https:\/\/www.lassebacklund.fi\/wp-content\/uploads\/2025\/04\/2-300x207.jpg 300w, https:\/\/www.lassebacklund.fi\/wp-content\/uploads\/2025\/04\/2-1024x706.jpg 1024w, https:\/\/www.lassebacklund.fi\/wp-content\/uploads\/2025\/04\/2-768x529.jpg 768w, https:\/\/www.lassebacklund.fi\/wp-content\/uploads\/2025\/04\/2-1536x1058.jpg 1536w, https:\/\/www.lassebacklund.fi\/wp-content\/uploads\/2025\/04\/2-2048x1411.jpg 2048w\" sizes=\"auto, (max-width: 2087px) 100vw, 2087px\" \/><figcaption id=\"caption-attachment-24017\" class=\"wp-caption-text\">\u00c5r 1885 flyttade Gustav, ocks\u00e5 kallad &#8221;Mokkelin&#8221; och hustrun Greta L\u00e5ngfors till denna torpstuga p\u00e5 Sunnantillv\u00e4gen och efter deras d\u00f6d bodde dottern &#8221;Mokkela Lina&#8221;, allts\u00e5 Karolina L\u00e5ngfors d\u00e4r. Stugan stod p\u00e5 Josef Lillkulls, senare sonen Johan Lillkulls hemman och den revs en tid efter Linas d\u00f6d \u00e5r 1945. Bakom planket st\u00e5r Greta med tre av sina d\u00f6ttrar. Foto: Viktor Nylund, ca 1909.<\/figcaption><\/figure>\n<p><strong><span style=\"color: #000080;\">Uppgjort \u00e5r 2014 av Eva Gr\u00f6nlund, uppv\u00e4xt p\u00e5 A-sidon men bosatt i Vasa. Kompletterats senast i oktober 2016.<\/span><\/strong><\/p>\n<h3><strong>Mokkelinas sl\u00e4kt:<\/strong><\/h3>\n<figure id=\"attachment_1373\" aria-describedby=\"caption-attachment-1373\" style=\"width: 737px\" class=\"wp-caption alignnone\"><img loading=\"lazy\" decoding=\"async\" class=\" wp-image-1373\" src=\"http:\/\/www.lassebacklund.fi\/wp-content\/uploads\/2016\/10\/Mokkelin-och-Greta-1.jpg\" alt=\"P\u00e5 bilden Gustav L\u00e5ngfors som kallades Mokkelin, tillsammans med hustrun Greta.\" width=\"737\" height=\"553\" srcset=\"https:\/\/www.lassebacklund.fi\/wp-content\/uploads\/2016\/10\/Mokkelin-och-Greta-1.jpg 1680w, https:\/\/www.lassebacklund.fi\/wp-content\/uploads\/2016\/10\/Mokkelin-och-Greta-1-300x225.jpg 300w, https:\/\/www.lassebacklund.fi\/wp-content\/uploads\/2016\/10\/Mokkelin-och-Greta-1-768x576.jpg 768w, https:\/\/www.lassebacklund.fi\/wp-content\/uploads\/2016\/10\/Mokkelin-och-Greta-1-1024x768.jpg 1024w\" sizes=\"auto, (max-width: 737px) 100vw, 737px\" \/><figcaption id=\"caption-attachment-1373\" class=\"wp-caption-text\">Gustav L\u00e5ngfors som kallades Mokkelin, tillsammans med hustrun Greta. Mokkelin var skolm\u00e4stare i Dagsmark i slutet p\u00e5 1800-talet, i n\u00e5gonting som vi i dag kanske skulle kallas f\u00f6rskola. Bilden \u00e4r fotograferad av en tavla som Mokkelinas barnbarnsbarn Ellen Fr\u00f6berg i mitten p\u00e5 90-talet donerade till skolan i Dagsmark.<\/figcaption><\/figure>\n<p>Mokkelinas far Erik Johansson L\u00e5ng (1765-1827) som var f\u00f6dd i Dagsmark gifte sig med Margareta Larsdotter Klemets. Hon var f\u00f6dd 1764-1815 och tillsammans med Erik fick de 11 barn. \u00c5tminstone 7 av barnen L\u00e5ng uppn\u00e5dde vuxen \u00e5lder, gifte sig och har m\u00e5nga \u00e4ttlingar i Dagsmark i dag. Margareta dog \u00e5r 1815 och Erik gifte d\u00e5 om sig med Sabina Johansdotter Haaranoja f\u00f6dd 1784 i B\u00f6tom. Erik bodde n\u00e4ra Westeras korsningen p\u00e5 det st\u00e4lle vi i dag kallar f\u00f6r Norrbackas eller K\u00e5rk Viktoras. S\u00e5 det \u00e4r allts\u00e5 d\u00e4r Mokkelin \u00e4r f\u00f6dd.<\/p>\n<p>Tillsammans fick Erik och Sabina tre barn varav ett dog som liten. Den yngste, <strong>Gustav<\/strong> <strong>Eriksson L\u00e5ng<\/strong> f\u00f6ddes 1827, samma \u00e5r som fadern Erik dog. Gustav v\u00e4xte upp med modern Sabina och sina tv\u00e5 br\u00f6der p\u00e5 L\u00e5ng hemman nr 4 och han talade finska och svenska lika bra.<\/p>\n<p>Gustav Eriksson L\u00e5ng gifte sig 22.10.1853 med Greta Caisasdotter Rib\u00e4ck f. 1827 i Rib\u00e4ck. Den 28.6.1858 flyttade Gustav med hustru och tv\u00e5 barn till K\u00e4rjenkoski i Stor\u00e5 till L\u00e5ngfors nr 3, 1\/12 mantal. I kyrkoboken finns antecknat att hemmanet \u00e4gdes av Malakias Mattsson f\u00f6dd i Lappfj\u00e4rd.<\/p>\n<p>\u00c5r 1885 flyttade Gustav och Greta med d\u00f6ttrarna Klara f. 1865 och Tilda f. 1872 till A-sidon i Dagsmark och finns d\u00e5 i mantalsl\u00e4ngderna upptagna som inhyses och backstugusittare p\u00e5 Josef Lillkulls hemman. Dottern Karolina hade redan tidigare \u00e5r 1880 flyttat tillbaka till Dagsmark.<\/p>\n<p>N\u00e4r Gustav Eriksson L\u00e5ng kom tillbaka till Dagsmark hade han antagit efternamnet L\u00e5ngfors efter L\u00e5ngfors hemman i K\u00e4rjenkoski. Han blev kallad &#8221;Mokkelin&#8221;, d\u00e5 han en tid ocks\u00e5 hade bott p\u00e5 Mukkila hemman i Stor\u00e5. N\u00e5gon anteckning om var Mukkila hemman fanns har inte hittats.<\/p>\n<h3><strong>Mokkelin som skolm\u00e4stare.<\/strong><\/h3>\n<p>Sedan \u00e5r 1882 h\u00f6ll folkskolans l\u00e4rare i Dagsmark s\u00e5 kallad \u201dnybegynnarskola\u201d h\u00f6st och v\u00e5r under ca 30 dagar. Dessutom f\u00f6rs\u00f6kte man f\u00f6rverkliga barnens f\u00f6rsta undervisning med hj\u00e4lp av tillf\u00e4lligt antagna \u201dskolm\u00e4stare\u201d som avl\u00f6nades av barnens f\u00f6r\u00e4ldrar. Gustav L\u00e5ngfors blev en s\u00e5dan \u201dskolm\u00e4stare\u201d d\u00e5 han p\u00e5 uppmaning av l\u00e4raren Wadstr\u00f6m b\u00f6rjade h\u00e5lla skola i sin stuga p\u00e5 \u201dA-sidon\u201d. Huset fanns invid Haga-t\u00e5, allts\u00e5 v\u00e4gen som g\u00e5r upp mot Stor\u00e5s-Selimas, ungef\u00e4r p\u00e5 adressen Sunnantillv\u00e4gen 56. \u00a0L\u00f6nen var 25 penni i veckan, som betalades om l\u00f6rdagarna, samt en k\u00e4lke ved. \u201dMokkelin\u201d var en av de sista av m\u00e5nga skolm\u00e4stare som hade verkat i byn. \u00a0Runt sekelskiftet steg fordringarna p\u00e5 l\u00e4rarna och det d\u00f6g inte l\u00e4ngre med \u201dm\u00e4stare\u201d utan det skulle vara l\u00e4rare med utbildning och kompetens.<\/p>\n<p>Gustav L\u00e5ngfors dog i Dagsmark \u00e5r 1902 och hustrun Greta \u00e5r 1911.<\/p>\n<h3><strong>Gustav och Gretas 7 d\u00f6ttrar: <\/strong><\/h3>\n<p><strong>-Maja Greta Gustavsdotter L\u00e5ng <\/strong>(f. 1855), som gifte sig med Johan Henrik, Johan Eriksson f. 1859 p\u00e5 Lillg\u00e4ls i Lappfj\u00e4rd. Johans mor hette Klara Sofia (f. 1832 i Lappfj\u00e4rd) s\u00e5 d\u00e4rf\u00f6r \u00e4r det naturligt att Maja Gretas och Johan Henriks son, Viktor (f. 1887 senare \u00d6ist) kallades f\u00f6r Klara\u00b4as Viktor.<\/p>\n<p><strong>-Anna Sofia Gustavsdotter L\u00e5ng<\/strong> (1858-1902) som gifte sig med Isak Johansson Himmel\u00e4, senare Sj\u00f6blom (f. 1851 i Stor\u00e5) och de blev torpare p\u00e5 Lillsj\u00f6 hemman. De fick flera barn och vill du l\u00e4sa mera om dessa, s\u00e5 klicka <a href=\"http:\/\/www.lassebacklund.fi\/?page_id=1266\"><strong><u>h\u00e4r<\/u><\/strong><\/a>.<\/p>\n<p><strong>-Vilhelmina &#8221;Mokkela Mina&#8221; L\u00e5ng,<\/strong> (1860-1910) f\u00f6dd i K\u00e4rjenkoski, flyttade till Lappfj\u00e4rd \u00e5r 1878 och dog d\u00e4r ogift och barnl\u00f6s.<\/p>\n<p><strong>-Karolina, kallad &#8221;Mokkela Lina&#8221; <\/strong>(1862-1945), levde ogift p\u00e5 A-sidon i Dagsmark.<\/p>\n<p><strong>-Klara <\/strong>(f. 1865) gifte sig \u00e5r 1890 med inhyses Karl Johan Erik Henriksson Knus f.1816 i Lappfj\u00e4rd. De var skrivna p\u00e5 Lillkull i Dagsmark, men Karl Johan reste till Amerika \u00e5r 1892. \u00c5r 1899 reste ocks\u00e5 Klara till Amerika tillsammans med dottern Aina Elina som var f\u00f6dd 1891.<\/p>\n<p><strong>-Edla<\/strong> (f.1868, d\u00f6d i Stor\u00e5 1874).<\/p>\n<p><strong>-Ida Matilda, kallad &#8221;Mokkela Tilda&#8221; (<\/strong>1872-1948) gifte sig \u00e5r 1927 p\u00e5 gamla dar med <a href=\"http:\/\/www.lassebacklund.fi\/?page_id=15809\">Erik Johan Eriksson L\u00e5ng (K\u00e5rk Erkj\u00e5han)<\/a> 1873-1962. Paret bodde p\u00e5 Stor\u00e5v\u00e4gen 137 i s\u00e5 kallade Jantunenas g\u00e5rd och flyttade sedan till <a href=\"http:\/\/www.lassebacklund.fi\/?page_id=906\">Norrbacks eller Myll\u00e4ris g\u00e5rd<\/a> p\u00e5 Korsb\u00e4ckv\u00e4gen 6. Inga barn.<\/p>\n<figure id=\"attachment_1371\" aria-describedby=\"caption-attachment-1371\" style=\"width: 703px\" class=\"wp-caption alignnone\"><img loading=\"lazy\" decoding=\"async\" class=\" wp-image-1371\" src=\"http:\/\/www.lassebacklund.fi\/wp-content\/uploads\/2016\/10\/3-7.jpg\" alt=\"Kvinnor fr\u00e5n Dagsmark framf\u00f6r Mokkela-Linas stuga p\u00e5 A-sidon. \" width=\"703\" height=\"552\" srcset=\"https:\/\/www.lassebacklund.fi\/wp-content\/uploads\/2016\/10\/3-7.jpg 1173w, https:\/\/www.lassebacklund.fi\/wp-content\/uploads\/2016\/10\/3-7-300x235.jpg 300w, https:\/\/www.lassebacklund.fi\/wp-content\/uploads\/2016\/10\/3-7-768x602.jpg 768w, https:\/\/www.lassebacklund.fi\/wp-content\/uploads\/2016\/10\/3-7-1024x803.jpg 1024w\" sizes=\"auto, (max-width: 703px) 100vw, 703px\" \/><figcaption id=\"caption-attachment-1371\" class=\"wp-caption-text\">Kvinnor fr\u00e5n Dagsmark framf\u00f6r &#8221;Mokkela Linas&#8221; stuga p\u00e5 A-sidon.<\/figcaption><\/figure>\n<figure id=\"attachment_1372\" aria-describedby=\"caption-attachment-1372\" style=\"width: 597px\" class=\"wp-caption alignnone\"><img loading=\"lazy\" decoding=\"async\" class=\"size-full wp-image-1372\" src=\"http:\/\/www.lassebacklund.fi\/wp-content\/uploads\/2016\/10\/4-7.jpg\" alt=\"Linkliftartalko n\u00e5gonstans i Dagsmark, troligtvis hos fotografen Viktor Nylund. Fr.v. \u201dMokkela-Tilda\u201d Matilda L\u00e5ngfors, \u201dMokkela-Lina\u201d Karolina L\u00e5ngfors och \u201dSkaftung-Riika\u201d Henrika H\u00e4ggblom. Tilda bodde sedan i Palon, Lina p\u00e5 A-sidon och Riika ocks\u00e5 p\u00e5 A-sidon i det hus dit \u201dUtteras-fleckor\u201d sedan flyttade. \" width=\"597\" height=\"394\" srcset=\"https:\/\/www.lassebacklund.fi\/wp-content\/uploads\/2016\/10\/4-7.jpg 597w, https:\/\/www.lassebacklund.fi\/wp-content\/uploads\/2016\/10\/4-7-300x198.jpg 300w\" sizes=\"auto, (max-width: 597px) 100vw, 597px\" \/><figcaption id=\"caption-attachment-1372\" class=\"wp-caption-text\">Linkliftartalko n\u00e5gonstans i Dagsmark, troligtvis hos fotografen Viktor Nylund.<br \/>Fr.v. \u201dMokkela Tilda\u201d Matilda L\u00e5ngfors, \u201dMokkela Lina\u201d Karolina L\u00e5ngfors och \u201dSkaftung Riika\u201d Henrika H\u00e4ggblom. Tilda bodde sedan i Palon, Lina p\u00e5 A-sidon och Riika ocks\u00e5 p\u00e5 A-sidon i den stuga dit \u201dUtteras fleckor\u201d sedan flyttade.<\/figcaption><\/figure>\n","protected":false},"excerpt":{"rendered":"<p>Uppgjort \u00e5r 2014 av Eva Gr\u00f6nlund, uppv\u00e4xt p\u00e5 A-sidon men bosatt i Vasa. Kompletterats senast i oktober 2016. Mokkelinas sl\u00e4kt: Mokkelinas far Erik Johansson L\u00e5ng (1765-1827) som var f\u00f6dd i Dagsmark gifte sig med Margareta Larsdotter Klemets. Hon var f\u00f6dd <a class=\"more-link\" href=\"https:\/\/www.lassebacklund.fi\/?page_id=1368\">Forts\u00e4tt l\u00e4sa <span class=\"screen-reader-text\">  Mokkela Linas torp p\u00e5 Sunnantillv\u00e4gen 56<\/span><span class=\"meta-nav\">&rarr;<\/span><\/a><\/p>\n","protected":false},"author":1,"featured_media":0,"parent":90,"menu_order":56,"comment_status":"closed","ping_status":"closed","template":"","meta":{"footnotes":""},"class_list":["post-1368","page","type-page","status-publish","hentry"],"_links":{"self":[{"href":"https:\/\/www.lassebacklund.fi\/index.php?rest_route=\/wp\/v2\/pages\/1368","targetHints":{"allow":["GET"]}}],"collection":[{"href":"https:\/\/www.lassebacklund.fi\/index.php?rest_route=\/wp\/v2\/pages"}],"about":[{"href":"https:\/\/www.lassebacklund.fi\/index.php?rest_route=\/wp\/v2\/types\/page"}],"author":[{"embeddable":true,"href":"https:\/\/www.lassebacklund.fi\/index.php?rest_route=\/wp\/v2\/users\/1"}],"replies":[{"embeddable":true,"href":"https:\/\/www.lassebacklund.fi\/index.php?rest_route=%2Fwp%2Fv2%2Fcomments&post=1368"}],"version-history":[{"count":11,"href":"https:\/\/www.lassebacklund.fi\/index.php?rest_route=\/wp\/v2\/pages\/1368\/revisions"}],"predecessor-version":[{"id":24018,"href":"https:\/\/www.lassebacklund.fi\/index.php?rest_route=\/wp\/v2\/pages\/1368\/revisions\/24018"}],"up":[{"embeddable":true,"href":"https:\/\/www.lassebacklund.fi\/index.php?rest_route=\/wp\/v2\/pages\/90"}],"wp:attachment":[{"href":"https:\/\/www.lassebacklund.fi\/index.php?rest_route=%2Fwp%2Fv2%2Fmedia&parent=1368"}],"curies":[{"name":"wp","href":"https:\/\/api.w.org\/{rel}","templated":true}]}}