{"id":1358,"date":"2016-10-20T22:44:23","date_gmt":"2016-10-20T20:44:23","guid":{"rendered":"http:\/\/www.lassebacklund.fi\/?page_id=1358"},"modified":"2016-10-20T22:44:23","modified_gmt":"2016-10-20T20:44:23","slug":"brevet-at-lansmannen","status":"publish","type":"page","link":"https:\/\/www.lassebacklund.fi\/?page_id=1358","title":{"rendered":"Brevet \u00e5t l\u00e4nsmannen."},"content":{"rendered":"<p>F\u00f6rbudslagen som hade tr\u00e4tt i kraft \u00e5r 1919 hade f\u00f6rorsakat en lagl\u00f6shet av s\u00e4llan sk\u00e5dat slag. L\u00f6nnbr\u00e4nningen p\u00e5gick oavbrutet och spritsmugglingen var mycket vanlig, \u00e5tminstone i v\u00e5ra svenska kusttrakter. Alla myndigheter gillade inte heller denna f\u00f6rbudslag och flera poliser s\u00e5g mellan fingrarna och l\u00e4t olagligheterna fortg\u00e5 utan att ingripa.<\/p>\n<p>Nykterhetsf\u00f6reningen Framtid i Dagsmark reagerade p\u00e5 detta och skickade en varning \u00e5t l\u00e4nsman Dahlstr\u00f6m i Lappfj\u00e4rd, den lydde s\u00e5 h\u00e4r:<\/p>\n<p><span style=\"color: #000080;\"><em>I anledning av de lagl\u00f6sa f\u00f6rh\u00e5llanden, som nu r\u00e5da i Lappfj\u00e4rd och dess utbyar p\u00e5 grund av spritmissbruk och hembr\u00e4nning, sammantr\u00e4dde nykterhetsf\u00f6reningen i Dagsmarks bestyrelse den 14 dennes, f\u00f6r att utr\u00f6na, huruvida n\u00e5gra \u00e5tg\u00e4rder m\u00f6jligen kunde vidtagas f\u00f6r st\u00e4vjandet av ber\u00f6rda samh\u00e4llsmoralen nedbrytande tillst\u00e5nd.<\/em><\/span><\/p>\n<p><span style=\"color: #000080;\"><em>D\u00e4rvid besl\u00f6ts, att d\u00e4rest Hr befallningsman i Lappfj\u00e4rd, s\u00e5som ordf\u00f6rande i nykterhetsn\u00e4mnden icke inom denna vecka sammankallar denna och s\u00e4tter dess medlemmar i aktivt arbete f\u00f6r uppsp\u00e5randet av br\u00e4nnvinskokarna och s\u00e4ljarna, anser sig nykterhetsf\u00f6reningens bestyrelse tvungen att, s\u00e5 skyndsamt de ber\u00f6rda olagliga f\u00f6rh\u00e5llandena fordra, anf\u00f6ra klagom\u00e5l i saken hos Landsh\u00f6vdingen i Vasa, samt tillika beg\u00e4ra hj\u00e4lp i kampen mot hembr\u00e4nningen fr\u00e5n sistn\u00e4mnda myndighet.<\/em><\/span><\/p>\n<p><span style=\"color: #000080;\"><em>Dagsmark den 19 dec 1921.<\/em><\/span><\/p>\n<p><span style=\"color: #000080;\"><em>P\u00e5 nykterhetsf\u00f6reningen i Dagsmark v\u00e4gnar<\/em><\/span><\/p>\n<p><span style=\"color: #000080;\"><em>Matilda Ahlskog<\/em><\/span><\/p>\n<p>&nbsp;<\/p>\n","protected":false},"excerpt":{"rendered":"<p>F\u00f6rbudslagen som hade tr\u00e4tt i kraft \u00e5r 1919 hade f\u00f6rorsakat en lagl\u00f6shet av s\u00e4llan sk\u00e5dat slag. L\u00f6nnbr\u00e4nningen p\u00e5gick oavbrutet och spritsmugglingen var mycket vanlig, \u00e5tminstone i v\u00e5ra svenska kusttrakter. Alla myndigheter gillade inte heller denna f\u00f6rbudslag och flera poliser s\u00e5g <a class=\"more-link\" href=\"https:\/\/www.lassebacklund.fi\/?page_id=1358\">Forts\u00e4tt l\u00e4sa <span class=\"screen-reader-text\">  Brevet \u00e5t l\u00e4nsmannen.<\/span><span class=\"meta-nav\">&rarr;<\/span><\/a><\/p>\n","protected":false},"author":1,"featured_media":0,"parent":1355,"menu_order":0,"comment_status":"closed","ping_status":"closed","template":"","meta":{"footnotes":""},"class_list":["post-1358","page","type-page","status-publish","hentry"],"_links":{"self":[{"href":"https:\/\/www.lassebacklund.fi\/index.php?rest_route=\/wp\/v2\/pages\/1358","targetHints":{"allow":["GET"]}}],"collection":[{"href":"https:\/\/www.lassebacklund.fi\/index.php?rest_route=\/wp\/v2\/pages"}],"about":[{"href":"https:\/\/www.lassebacklund.fi\/index.php?rest_route=\/wp\/v2\/types\/page"}],"author":[{"embeddable":true,"href":"https:\/\/www.lassebacklund.fi\/index.php?rest_route=\/wp\/v2\/users\/1"}],"replies":[{"embeddable":true,"href":"https:\/\/www.lassebacklund.fi\/index.php?rest_route=%2Fwp%2Fv2%2Fcomments&post=1358"}],"version-history":[{"count":1,"href":"https:\/\/www.lassebacklund.fi\/index.php?rest_route=\/wp\/v2\/pages\/1358\/revisions"}],"predecessor-version":[{"id":1359,"href":"https:\/\/www.lassebacklund.fi\/index.php?rest_route=\/wp\/v2\/pages\/1358\/revisions\/1359"}],"up":[{"embeddable":true,"href":"https:\/\/www.lassebacklund.fi\/index.php?rest_route=\/wp\/v2\/pages\/1355"}],"wp:attachment":[{"href":"https:\/\/www.lassebacklund.fi\/index.php?rest_route=%2Fwp%2Fv2%2Fmedia&parent=1358"}],"curies":[{"name":"wp","href":"https:\/\/api.w.org\/{rel}","templated":true}]}}