{"id":1355,"date":"2016-10-20T22:37:24","date_gmt":"2016-10-20T20:37:24","guid":{"rendered":"http:\/\/www.lassebacklund.fi\/?page_id=1355"},"modified":"2024-07-17T21:02:24","modified_gmt":"2024-07-17T18:02:24","slug":"nykterhetsforeningen-framtid","status":"publish","type":"page","link":"https:\/\/www.lassebacklund.fi\/?page_id=1355","title":{"rendered":"Nykterhetsf\u00f6reningen Framtid."},"content":{"rendered":"<p><span style=\"color: #000080;\">Uppgjort av Lasse Backlund i oktober 2016. Uppgifter har tagits ur f\u00f6reningens protokollb\u00f6cker, tidningen Syd-\u00d6sterbotten och Lappfj\u00e4rds Historia, del 2.<\/span><\/p>\n<p><span style=\"color: #000080;\">Om du vill l\u00e4sa vad tidningarna skrev om denna f\u00f6rening, s\u00e5 skall du klicka <a href=\"https:\/\/www.lassebacklund.fi\/?page_id=19223\"><span style=\"text-decoration: underline;\"><strong>H\u00c4R!<\/strong><\/span><\/a><\/span><\/p>\n<p><span style=\"color: #000080;\">15 &#8211; 16 juni 1908 s\u00e5 h\u00f6ll Finlands Svenska Nykterhetsf\u00f6rbund sitt fj\u00e4rde \u00e5rsm\u00f6te och det h\u00f6lls i Kristinestad. Om du vill l\u00e4sa mera om denna tillst\u00e4llning, s\u00e5 skall du klicka<\/span> <a href=\"https:\/\/www.lassebacklund.fi\/?page_id=19236\"><span style=\"text-decoration: underline;\"><span style=\"color: #000080; text-decoration: underline;\"><strong>H\u00c4R!<\/strong><\/span><\/span><\/a><\/p>\n<p>Anv\u00e4ndningen av rusdrycker har f\u00f6rekommit i Finland under l\u00e5nga tider och nykterhetsivrarna har hela tiden motarbetat detta f\u00f6rd\u00e4rvande fenomen. Redan d\u00e5 Dagsmark Ungdomsf\u00f6rening bildades 1896 s\u00e5 var st\u00e4vjandet av ungdomens drickande en av de viktigaste verksamheterna. \u00c5r 1899 bildades i Lappfj\u00e4rd nykterhetsf\u00f6reningen Viktoria, som hade till uppgift att samla de nyktra personerna och som var villiga att motarbeta anv\u00e4ndandet av alkoholdrycker. Den f\u00f6reningen fick en flygande start och hade redan det f\u00f6rsta \u00e5ret n\u00e4rmare 70 medlemmar. Dessa hade flera m\u00f6ten i \u00e5ret med varierande program, s\u00e5som f\u00f6redrag, s\u00e5ng och utflykter. Vill du l\u00e4sa mera om Viktoria i Lappfj\u00e4rd, s\u00e5 finns ett sammandrag h\u00e4r l\u00e4ngst ner.<\/p>\n<p>Det \u00e4r oklart om n\u00e5gra dagsmarkbor var medlemmar i Viktoria i Lappfj\u00e4rd men enligt tidningsartiklar i Kristinestads Tidning s\u00e5 skulle \u00e5r 1900 ha bildats Dagsmark Absoluta Nykterhetsf\u00f6rening. M\u00f6jligtvis s\u00e5 blev verksamheten inte s\u00e5 l\u00e5nglivad eftersom inga protokoll eller\u00a0dokument finns tillg\u00e4ngliga om den. Om du vill l\u00e4sa de intressanta tidningsartiklarna, s\u00e5 skall du klicka <a href=\"http:\/\/www.lassebacklund.fi\/?page_id=3640\"><span style=\"color: #000080; text-decoration: underline;\"><strong>H\u00c4R!<\/strong><\/span><\/a><\/p>\n<p>Efter n\u00e5gra \u00e5r, den 12 april 1908 s\u00e5 bildade n\u00e5gra personer i Dagsmark p\u00e5 nytt en nykterhetsf\u00f6rening, som de gav namnet &#8221;Framtid&#8221;. Initiativtagare till denna nykterhetsf\u00f6rening var Viktor Rosenstedt fr\u00e5n Perus, han var d\u00e5 viceordf\u00f6rande i nykterhetsf\u00f6reningen Wiktoria i Lappfj\u00e4rd. Till f\u00f6rsta ordf\u00f6rande valdes Matilda Ahlskog och till viceordf\u00f6rande Aina Wadstr\u00f6m, sekreterare blev Emil B\u00e5sk och kass\u00f6r Selma Klemets och i styrelsen invaldes ocks\u00e5 Ida Klemets, Manda L\u00e5ngfors och Manda B\u00e5sk. F\u00f6reningen inf\u00f6rdes i f\u00f6reningsregistret den 15 maj 1908 och den hade d\u00e5 42 medlemmar. Den drivande kraften och viktigaste medlemmen var nog folkskoll\u00e4rarinnan Matilda Ahlskog. Hon kallades Tilda och hon var f\u00f6dd 1866 i Solf och kom som l\u00e4rarinna till Dagsmark 1905. Hon stannade h\u00e4r i hela nitton \u00e5r till 1924 och under alla dessa \u00e5r var hon nykterhetsf\u00f6reningen ordf\u00f6rande, kass\u00f6r eller sekreterare.<\/p>\n<figure id=\"attachment_1344\" aria-describedby=\"caption-attachment-1344\" style=\"width: 410px\" class=\"wp-caption alignnone\"><img loading=\"lazy\" decoding=\"async\" class=\" wp-image-1344\" src=\"http:\/\/www.lassebacklund.fi\/wp-content\/uploads\/2016\/10\/Mathilda-Ahlskogs-portr\u00e4tt.jpg\" alt=\"Matilda Ahlskog var l\u00e4rarinna p\u00e5 folkskolan i Dagsmark under \u00e5ren 1905-1924.\" width=\"410\" height=\"513\" srcset=\"https:\/\/www.lassebacklund.fi\/wp-content\/uploads\/2016\/10\/Mathilda-Ahlskogs-portr\u00e4tt.jpg 855w, https:\/\/www.lassebacklund.fi\/wp-content\/uploads\/2016\/10\/Mathilda-Ahlskogs-portr\u00e4tt-239x300.jpg 239w, https:\/\/www.lassebacklund.fi\/wp-content\/uploads\/2016\/10\/Mathilda-Ahlskogs-portr\u00e4tt-768x962.jpg 768w, https:\/\/www.lassebacklund.fi\/wp-content\/uploads\/2016\/10\/Mathilda-Ahlskogs-portr\u00e4tt-817x1024.jpg 817w\" sizes=\"auto, (max-width: 410px) 100vw, 410px\" \/><figcaption id=\"caption-attachment-1344\" class=\"wp-caption-text\">Matilda Ahlskog var l\u00e4rarinna p\u00e5 folkskolan i Dagsmark under \u00e5ren 1905-1924.<\/figcaption><\/figure>\n<figure id=\"attachment_19232\" aria-describedby=\"caption-attachment-19232\" style=\"width: 353px\" class=\"wp-caption alignnone\"><img loading=\"lazy\" decoding=\"async\" class=\"size-full wp-image-19232\" src=\"https:\/\/www.lassebacklund.fi\/wp-content\/uploads\/2021\/01\/19080605-Balder-Ny-forening-i-Dagsmark.jpg\" alt=\"\" width=\"353\" height=\"234\" srcset=\"https:\/\/www.lassebacklund.fi\/wp-content\/uploads\/2021\/01\/19080605-Balder-Ny-forening-i-Dagsmark.jpg 353w, https:\/\/www.lassebacklund.fi\/wp-content\/uploads\/2021\/01\/19080605-Balder-Ny-forening-i-Dagsmark-300x199.jpg 300w\" sizes=\"auto, (max-width: 353px) 100vw, 353px\" \/><figcaption id=\"caption-attachment-19232\" class=\"wp-caption-text\">I nykterhetsr\u00f6relsen egen tidning &#8221;Balder&#8221; presenterades den nya f\u00f6reningen Framtid i Dagsmark. Det fanns f\u00f6r \u00f6vrigt flera andra f\u00f6reningar i Finland med samma namn.<\/figcaption><\/figure>\n<p>Nykterhetsf\u00f6reningen Framtid blev redan i starten medlem i takorganisationen Finlands Svenska Nykterhetsf\u00f6rbund och blev dess lokalf\u00f6rening med nummer 122.<\/p>\n<figure id=\"attachment_1345\" aria-describedby=\"caption-attachment-1345\" style=\"width: 692px\" class=\"wp-caption alignnone\"><img loading=\"lazy\" decoding=\"async\" class=\" wp-image-1345\" src=\"http:\/\/www.lassebacklund.fi\/wp-content\/uploads\/2016\/10\/Medlemsdiplom-fr\u00e5n-f\u00f6rbundet.jpg\" alt=\"H\u00e4r diplomet som visar att nykterhetsf\u00f6reningen Framtid blivit medlem i Finlands Svenska Nykterhetsf\u00f6rbund.\" width=\"692\" height=\"919\" srcset=\"https:\/\/www.lassebacklund.fi\/wp-content\/uploads\/2016\/10\/Medlemsdiplom-fr\u00e5n-f\u00f6rbundet.jpg 2397w, https:\/\/www.lassebacklund.fi\/wp-content\/uploads\/2016\/10\/Medlemsdiplom-fr\u00e5n-f\u00f6rbundet-226x300.jpg 226w, https:\/\/www.lassebacklund.fi\/wp-content\/uploads\/2016\/10\/Medlemsdiplom-fr\u00e5n-f\u00f6rbundet-768x1021.jpg 768w, https:\/\/www.lassebacklund.fi\/wp-content\/uploads\/2016\/10\/Medlemsdiplom-fr\u00e5n-f\u00f6rbundet-770x1024.jpg 770w\" sizes=\"auto, (max-width: 692px) 100vw, 692px\" \/><figcaption id=\"caption-attachment-1345\" class=\"wp-caption-text\">H\u00e4r diplomet som visar att nykterhetsf\u00f6reningen Framtid blivit medlem i Finlands Svenska Nykterhetsf\u00f6rbund.<\/figcaption><\/figure>\n<p>Det f\u00f6rsta riktiga m\u00f6tet h\u00f6lls den 5 maj och hela 42 medlemmar skrevs in. Som f\u00f6rsta medlem inskrevs s\u00e5gst\u00e4llaren Fritjof Karlsson och hans fru. Viktor och Ida Nylund inskrevs ocks\u00e5 f\u00f6rsta dagen och flera av syskonen Wadstr\u00f6m.<\/p>\n<figure id=\"attachment_1346\" aria-describedby=\"caption-attachment-1346\" style=\"width: 679px\" class=\"wp-caption alignnone\"><img loading=\"lazy\" decoding=\"async\" class=\" wp-image-1346\" src=\"http:\/\/www.lassebacklund.fi\/wp-content\/uploads\/2016\/10\/Medlemskort-Linnea-Teir.jpg\" alt=\"Medlemmarna fick tydliga medlemskort i lokalf\u00f6reningen nr 122. S\u00e5 h\u00e4r s\u00e5g l\u00e4rarinnan Linnea Teirs kort ut.\" width=\"679\" height=\"511\" srcset=\"https:\/\/www.lassebacklund.fi\/wp-content\/uploads\/2016\/10\/Medlemskort-Linnea-Teir.jpg 1400w, https:\/\/www.lassebacklund.fi\/wp-content\/uploads\/2016\/10\/Medlemskort-Linnea-Teir-300x226.jpg 300w, https:\/\/www.lassebacklund.fi\/wp-content\/uploads\/2016\/10\/Medlemskort-Linnea-Teir-768x578.jpg 768w, https:\/\/www.lassebacklund.fi\/wp-content\/uploads\/2016\/10\/Medlemskort-Linnea-Teir-1024x770.jpg 1024w\" sizes=\"auto, (max-width: 679px) 100vw, 679px\" \/><figcaption id=\"caption-attachment-1346\" class=\"wp-caption-text\">Medlemmarna fick tydliga medlemskort i lokalf\u00f6reningen nr 122. S\u00e5 h\u00e4r s\u00e5g l\u00e4rarinnan Linnea Teirs kort ut. Linnea skrevs in som en av de sista medlemmarna tillsammans med sin blivande man, l\u00e4raren Einar Lind.<\/figcaption><\/figure>\n<p>Om alla medlemmar som skrevs in skulle ha stannat i f\u00f6reningen som aktiva medlemmar, s\u00e5 hade antalet medlemmar skjutit i h\u00f6jden. Det fanns flera s\u00e4tt att avg\u00e5, flera medlemmar flyttade bort medan andra emigrerade till Amerika. Flera personer som var medlemmar avled, vissa avgick p\u00e5 egen beg\u00e4ran men det vanligaste s\u00e4ttet att avg\u00e5, var att bli utesluten p\u00e5 grund av l\u00f6ftesbrott. Det var s\u00e5 att medlemmar som inskrevs m\u00e5ste avge ett l\u00f6fte att inte dricka alkohol \u00f6verhuvudtaget och ibland kanske det var f\u00f6r sv\u00e5rt att h\u00e5lla sig. Utan f\u00f6rbarmande utesl\u00f6ts dessa ur f\u00f6reningen vilket betydde att antalet medlemmar vissa tider kunde bli orov\u00e4ckande l\u00e5gt.<\/p>\n<p>Stadgar fanns uppgjorda f\u00f6r b\u00e5de f\u00f6rbundet och lokalf\u00f6reningen, dessa hittar du riktigt i slutet p\u00e5 denna historik.<\/p>\n<figure id=\"attachment_15151\" aria-describedby=\"caption-attachment-15151\" style=\"width: 1362px\" class=\"wp-caption alignnone\"><img loading=\"lazy\" decoding=\"async\" class=\"size-full wp-image-15151\" src=\"http:\/\/www.lassebacklund.fi\/wp-content\/uploads\/2019\/12\/Kvittanser.jpg\" alt=\"\" width=\"1362\" height=\"999\" srcset=\"https:\/\/www.lassebacklund.fi\/wp-content\/uploads\/2019\/12\/Kvittanser.jpg 1362w, https:\/\/www.lassebacklund.fi\/wp-content\/uploads\/2019\/12\/Kvittanser-300x220.jpg 300w, https:\/\/www.lassebacklund.fi\/wp-content\/uploads\/2019\/12\/Kvittanser-768x563.jpg 768w, https:\/\/www.lassebacklund.fi\/wp-content\/uploads\/2019\/12\/Kvittanser-1024x751.jpg 1024w\" sizes=\"auto, (max-width: 1362px) 100vw, 1362px\" \/><figcaption id=\"caption-attachment-15151\" class=\"wp-caption-text\">Nykterhetsf\u00f6reningen Framtid gjorde ink\u00f6p b\u00e5de hos Erland Nor\u00e9n och dennes bror J. H. Storkull.<\/figcaption><\/figure>\n<p>N\u00e5gon protokollbok anv\u00e4ndes inte de f\u00f6rsta \u00e5ren utan sm\u00e5 anteckningar gjordes i medlemsboken. Till exempel i mars 1912 ordnades ett m\u00f6te p\u00e5 Majbo dit nykterhetsf\u00f6reningen Senapskornet fr\u00e5n Kristinestad var inbjudna. Tyv\u00e4rr kom ingen d\u00e4rifr\u00e5n s\u00e5 programmet bestod enbart av s\u00e5ng. Samma \u00e5r h\u00f6lls flera m\u00f6ten men alla var f\u00e5taligt bes\u00f6kta. I mars 1913 blev ett m\u00f6te inst\u00e4llt d\u00e5 endast 2 medlemmar var med. P\u00e5 m\u00f6tena diskuterades ofta aktuella fr\u00e5gor och flera f\u00f6redragsh\u00e5llare anlitades och det kunde vara s\u00e5ng eller sm\u00e5 teaterstycken.<\/p>\n<p>\u00c5r 1919 skedde det som nykterhetsf\u00f6reningen arbetat f\u00f6r, det var d\u00e5 som f\u00f6rbudslagen tr\u00e4dde i kraft. D\u00e5 f\u00f6rbj\u00f6ds all tillverkning och f\u00f6rs\u00e4ljning av alkoholhaltiga drycker. Det var m\u00f6jligt endast f\u00f6r det statliga bolaget Suomen Alkoholiliike och de s\u00e5lde sprit endast f\u00f6r medicinska, tekniska eller vetenskapliga \u00e4ndam\u00e5l. Privatpersoner kunde k\u00f6pa alkohol p\u00e5 apoteken men endast med l\u00e4karrecept.<\/p>\n<p>Den h\u00e4r f\u00f6rbudslagen mot alkohol visade sig bli mycket misslyckad, f\u00f6r smuggling och hembr\u00e4nning blev nu en riktigt l\u00f6nande verksamhet. Brottsligheten som f\u00f6ljde v\u00e4xte och myndigheterna hade inga m\u00f6jligheter att \u00f6vervaka att lagen efterf\u00f6ljdes. De lokala nykterhetsf\u00f6reningarna tog nu p\u00e5 sig rollen med att h\u00e5lla koll p\u00e5 vad som h\u00e4nde i samh\u00e4llet. De uts\u00e5g s\u00e5 kallade \u201dsnusare\u201d som fick \u00f6vervakande uppgifter.<\/p>\n<p>P\u00e5 ett m\u00f6te i mars 1920 besl\u00f6t nykterhetsf\u00f6reningen att de skall uttala en offentlig protest mot tidningspressens ov\u00e4rdiga h\u00e5llning i nykterhetsfr\u00e5gan och samtidigt ge en k\u00e4nga \u00e5t \u00f6vervakande myndigheter f\u00f6r deras likgiltighet och uraktl\u00e5tenhet n\u00e4r det g\u00e4ller f\u00f6rbudslagens efterlevnad. S\u00e5 gjorde de ocks\u00e5, och vill du l\u00e4sa protesten som var inf\u00f6rd i tidningen Syd-\u00d6sterbotten den 7 april 1920, s\u00e5 klicka <strong><a href=\"http:\/\/www.lassebacklund.fi\/?page_id=1361\">h\u00e4r!<\/a><\/strong><\/p>\n<p>P\u00e5 ett m\u00f6te i mars 1921 hade f\u00f6reningen bes\u00f6k av kommunfullm\u00e4ktiges sekreterare Emil B\u00e5sk, som framf\u00f6rde att f\u00f6reningen borde utse 12 man till \u201dnykterhetsgranskare\u201d eller snusare. Det h\u00e4r var inte m\u00f6jligt, f\u00f6r hur de \u00e4n r\u00e4knade s\u00e5 hittade de bara 10 namn. De l\u00f6ste saken s\u00e5 att 10 m\u00e4n och 5 kvinnor uts\u00e5gs och dessa var: Alvina Br\u00e4nn, Hulda Fagerroos, Amanda Berg, Tilda Ahlskog, Manda Sandlund, Emil B\u00e5sk, Erik Anders Rosengren, Viktor Nyroos, Frans Vesterg\u00e5rd, Erik Anders Englund, J. H. Storkull, Josef Granlund, Josef Backlund, Viktor Nylund och J. Asplund.<\/p>\n<p>I januari 1921 anskaffades den f\u00f6rsta och enda protokollboken och nu fick Tilda Ahlskog visa hur duktig skrivare hon var. Hon skrev utf\u00f6rligt och fyllde sidorna med l\u00e5nga texter. Medlemsantalet var runt 20 st och Tilda skrev s\u00e5 h\u00e4r i en \u00e5rsber\u00e4ttelse:<\/p>\n<p><span style=\"color: #000080;\"><em>\u201dF\u00f6r en ytlig betraktare ter det sig nog s\u00e5, som om v\u00e5r lilla f\u00f6rening ingenting utr\u00e4ttat, men den som ser djupare i saken vet nog att den varit ett salt i f\u00f6rruttnelsen. Den arbetar ej i sj\u00e4lviskt syfte och icke f\u00f6r l\u00f6n; nej, den \u00e4r ett tecken som varder emotsagt, men m\u00e5lmedvetet ror den mot str\u00f6mmen. Guds ord och r\u00e4ttf\u00e4rdighet \u00e4r dess vapen och d\u00e4rf\u00f6r \u00e4r den i ordets b\u00e4sta mening en surdeg som sm\u00e5ningom genomsyrar hela degen. Men det fordrar en smula moraliskt mod hos oss att visa nykterheten n\u00e5got \u00f6ppet erk\u00e4nnande. D\u00e4rf\u00f6r \u00e4ro nykteristerna s\u00e5 f\u00e5<\/em>.\u201d<\/span><\/p>\n<p>P\u00e5 ett m\u00f6te i december 1921 besl\u00f6ts att skicka en varning \u00e5t l\u00e4nsmannen Dahlstr\u00f6m i Lappfj\u00e4rd. Enligt f\u00f6reningen var han f\u00f6r slapph\u00e4nt och inte gjorde sin plikt. Om du vill l\u00e4sa varningen till l\u00e4nsmannen, s\u00e5 klicka <a href=\"http:\/\/www.lassebacklund.fi\/?page_id=1358\">h\u00e4r!<\/a><\/p>\n<p>M\u00e5nga medlemmar i f\u00f6reningen utesl\u00f6ts p\u00e5 grund av l\u00f6ftesbrott och i \u00e5rsber\u00e4ttelsen f\u00f6r 1921 s\u00e5 skriver Tilda Ahlskog uppgivet: \u201d Skall aldrig en dag randas, d\u00e5 vi kunna lita p\u00e5 v\u00e5ra m\u00e4ns och kvinnors l\u00f6ften?\u201d<\/p>\n<p>\u00c5r 1922 b\u00f6rjade nykterhetstidningen Fram utkomma i Vasa och i Dagsmark besl\u00f6ts att f\u00f6r 200 mark teckna 2 aktier i bolaget bakom tidningen.<\/p>\n<figure id=\"attachment_15140\" aria-describedby=\"caption-attachment-15140\" style=\"width: 677px\" class=\"wp-caption alignnone\"><img loading=\"lazy\" decoding=\"async\" class=\" wp-image-15140\" src=\"http:\/\/www.lassebacklund.fi\/wp-content\/uploads\/2019\/12\/IMG_8186-AB-Fram.jpg\" alt=\"\" width=\"677\" height=\"852\" srcset=\"https:\/\/www.lassebacklund.fi\/wp-content\/uploads\/2019\/12\/IMG_8186-AB-Fram.jpg 1122w, https:\/\/www.lassebacklund.fi\/wp-content\/uploads\/2019\/12\/IMG_8186-AB-Fram-238x300.jpg 238w, https:\/\/www.lassebacklund.fi\/wp-content\/uploads\/2019\/12\/IMG_8186-AB-Fram-768x967.jpg 768w, https:\/\/www.lassebacklund.fi\/wp-content\/uploads\/2019\/12\/IMG_8186-AB-Fram-814x1024.jpg 814w\" sizes=\"auto, (max-width: 677px) 100vw, 677px\" \/><figcaption id=\"caption-attachment-15140\" class=\"wp-caption-text\">Nykterhetsf\u00f6reningen Framtid i Dagsmark k\u00f6pte \u00e5r 1922 tv\u00e5 s\u00e5dana aktier i Aktiebolaget Fram i Vasa.<\/figcaption><\/figure>\n<p>Fram till detta \u00e5r hade sammanlagt 87 personer blivit medlemmar i nykterhetsf\u00f6reningen Framtid, 22 m\u00e4n och 65 kvinnor. Av dessa 87 har 14 avg\u00e5tt med d\u00f6den eller emigrerat och hela 55 personer har uteslutits genom l\u00f6ftesbrytningen.<\/p>\n<p>P\u00e5 \u00e5rsm\u00f6tet 1923 avsade sig Tilda Ahlskog best\u00e4mt ordf\u00f6randeskapet, som hon hade haft sedan det instiftande m\u00f6tet. Ny ordf\u00f6rande blev Emil B\u00e5sk och Tilda valdes nu till kass\u00f6r. Under \u00e5ret flyttade dock Emil B\u00e5sk till Kristinestad och ordf\u00f6randeskapet \u00f6vertogs av l\u00e4raren Sj\u00f6blad.<\/p>\n<p>\u00c5r 1926 valdes l\u00e4rarinnan Daga Kjellberg till ordf\u00f6rande. Efter detta avtog verksamheten m\u00e4rkbart och endast ett eller tv\u00e5 m\u00f6ten h\u00f6lls per \u00e5r. Dock var frustrationen stor bland medlemmarna att f\u00f6rbudslagen inte efterlevdes som den borde utan folk hade \u00f6verseende b\u00e5de med spritsmugglare och hembr\u00e4nnare.<\/p>\n<p>P\u00e5 \u00e5rsm\u00f6tet 1930 valdes Frans Storkull till ordf\u00f6rande. Antalet medlemmar var l\u00e5gt och endast en fest ordnades p\u00e5 ungdomshemmet Majbo och det var f\u00e5taligt bes\u00f6kt.<\/p>\n<p>P\u00e5 f\u00f6reningens sista \u00e5rsm\u00f6te i februari 1931 valdes den nya l\u00e4raren Einar Lind till ordf\u00f6rande men n\u00e5gon verksamhet hade f\u00f6reningen inte.<\/p>\n<p>Totalt 112 personer har antecknats i medlemsboken och den sista som skrevs in var Esteri Kangasniemi fr\u00e5n Perus men som arbetade \u00e5t Viktor Nylund. Hon gifte sig sedan med Lauri Lehtim\u00e4ki och flyttade till Palon. Hon skrevs in 26 februari 1931 och var med en kort tid f\u00f6r efter \u00e5r 1932 hade f\u00f6reningen ingen verksamhet alls.<\/p>\n<p>F\u00f6rbudslagen mot alkohol som inf\u00f6rdes 1919 avskaffades 1932 och det var s\u00e4kert den st\u00f6rsta orsaken till att verksamheten avslutades. Nu blev det igen m\u00f6jligt att ink\u00f6pa lagligt alkohol p\u00e5 de statliga butikerna och d\u00e4rmed blev det slut med smugglingen och all brottslighet som var f\u00f6rknippad med den. Det finska folket hade folkomr\u00f6stat om avskaffande och hela 70 % av de r\u00f6stande var f\u00f6r ett avskaffande av f\u00f6rbudslagen.<\/p>\n<p>D\u00e4rf\u00f6r tog s\u00e5 verksamheten totalt slut f\u00f6r Nykterhetsf\u00f6reningen Framtid i Dagsmark \u00e5r 1932 och d\u00e4rmed gick Matilda Ahlskogs sk\u00f6tebarn i graven. D\u00e4remot fortsatte verksamheten f\u00f6r \u201dHoppets h\u00e4r\u201d som Matilda hade bildat redan \u00e5r 1907 och som samlade hela 40 barn. Enligt Lappfj\u00e4rds Historia hade efter det antalet medlemmar nedg\u00e5tt och \u00e5r 1947 hade de 31 medlemmar.<\/p>\n<h3>Stadgar f\u00f6r lokalavdelningarna eller kretsf\u00f6reningarna:<\/h3>\n<p><img loading=\"lazy\" decoding=\"async\" class=\"wp-image-1347 alignnone\" src=\"http:\/\/www.lassebacklund.fi\/wp-content\/uploads\/2016\/10\/Stadgar-f\u00f6r-kretsf\u00f6rening-sid-1.jpg\" alt=\"Stadgar f\u00f6r kretsf\u00f6rening, sid 1\" width=\"772\" height=\"1124\" \/><\/p>\n<p><img loading=\"lazy\" decoding=\"async\" class=\"wp-image-1348 alignnone\" src=\"http:\/\/www.lassebacklund.fi\/wp-content\/uploads\/2016\/10\/Stadgar-f\u00f6r-kretsf\u00f6rening-sid-2.jpg\" alt=\"Stadgar f\u00f6r kretsf\u00f6rening, sid 2\" width=\"764\" height=\"1204\" \/><\/p>\n<p><img loading=\"lazy\" decoding=\"async\" class=\"wp-image-1349 alignnone\" src=\"http:\/\/www.lassebacklund.fi\/wp-content\/uploads\/2016\/10\/Stadgar-sid-1.jpg\" alt=\"Stadgar sid 1\" width=\"753\" height=\"1223\" \/><img loading=\"lazy\" decoding=\"async\" class=\"size-full wp-image-1350 alignnone\" src=\"http:\/\/www.lassebacklund.fi\/wp-content\/uploads\/2016\/10\/Stadgar-sid-2-och-3.jpg\" alt=\"Stadgar sid 2 och 3\" width=\"1653\" height=\"1310\" srcset=\"https:\/\/www.lassebacklund.fi\/wp-content\/uploads\/2016\/10\/Stadgar-sid-2-och-3.jpg 1653w, https:\/\/www.lassebacklund.fi\/wp-content\/uploads\/2016\/10\/Stadgar-sid-2-och-3-300x238.jpg 300w, https:\/\/www.lassebacklund.fi\/wp-content\/uploads\/2016\/10\/Stadgar-sid-2-och-3-768x609.jpg 768w, https:\/\/www.lassebacklund.fi\/wp-content\/uploads\/2016\/10\/Stadgar-sid-2-och-3-1024x812.jpg 1024w\" sizes=\"auto, (max-width: 1653px) 100vw, 1653px\" \/><\/p>\n<p><img loading=\"lazy\" decoding=\"async\" class=\"size-full wp-image-1351 alignnone\" src=\"http:\/\/www.lassebacklund.fi\/wp-content\/uploads\/2016\/10\/Stadgar-sid-4-och-5.jpg\" alt=\"Stadgar sid 4 och 5\" width=\"1321\" height=\"1066\" srcset=\"https:\/\/www.lassebacklund.fi\/wp-content\/uploads\/2016\/10\/Stadgar-sid-4-och-5.jpg 1321w, https:\/\/www.lassebacklund.fi\/wp-content\/uploads\/2016\/10\/Stadgar-sid-4-och-5-300x242.jpg 300w, https:\/\/www.lassebacklund.fi\/wp-content\/uploads\/2016\/10\/Stadgar-sid-4-och-5-768x620.jpg 768w, https:\/\/www.lassebacklund.fi\/wp-content\/uploads\/2016\/10\/Stadgar-sid-4-och-5-1024x826.jpg 1024w\" sizes=\"auto, (max-width: 1321px) 100vw, 1321px\" \/><\/p>\n<p><img loading=\"lazy\" decoding=\"async\" class=\"size-full wp-image-1352 alignnone\" src=\"http:\/\/www.lassebacklund.fi\/wp-content\/uploads\/2016\/10\/Stadgar-sid-6-och-7-slut.jpg\" alt=\"Stadgar sid 6 och 7, slut\" width=\"1656\" height=\"1229\" srcset=\"https:\/\/www.lassebacklund.fi\/wp-content\/uploads\/2016\/10\/Stadgar-sid-6-och-7-slut.jpg 1656w, https:\/\/www.lassebacklund.fi\/wp-content\/uploads\/2016\/10\/Stadgar-sid-6-och-7-slut-300x223.jpg 300w, https:\/\/www.lassebacklund.fi\/wp-content\/uploads\/2016\/10\/Stadgar-sid-6-och-7-slut-768x570.jpg 768w, https:\/\/www.lassebacklund.fi\/wp-content\/uploads\/2016\/10\/Stadgar-sid-6-och-7-slut-1024x760.jpg 1024w\" sizes=\"auto, (max-width: 1656px) 100vw, 1656px\" \/><\/p>\n<p>H\u00e4r ett sammandrag om nykterhetsf\u00f6reningen Viktoria i Lappfj\u00e4rd, nedtecknat 1955:<\/p>\n<p><img loading=\"lazy\" decoding=\"async\" class=\"size-full wp-image-1353 alignnone\" src=\"http:\/\/www.lassebacklund.fi\/wp-content\/uploads\/2016\/10\/Viktorias-\u00f6versikt-sid-1.jpg\" alt=\"Viktorias \u00f6versikt sid 1\" width=\"1060\" height=\"1563\" srcset=\"https:\/\/www.lassebacklund.fi\/wp-content\/uploads\/2016\/10\/Viktorias-\u00f6versikt-sid-1.jpg 1060w, https:\/\/www.lassebacklund.fi\/wp-content\/uploads\/2016\/10\/Viktorias-\u00f6versikt-sid-1-203x300.jpg 203w, https:\/\/www.lassebacklund.fi\/wp-content\/uploads\/2016\/10\/Viktorias-\u00f6versikt-sid-1-768x1132.jpg 768w, https:\/\/www.lassebacklund.fi\/wp-content\/uploads\/2016\/10\/Viktorias-\u00f6versikt-sid-1-694x1024.jpg 694w\" sizes=\"auto, (max-width: 1060px) 100vw, 1060px\" \/><\/p>\n<p>&nbsp;<\/p>\n<p><img loading=\"lazy\" decoding=\"async\" class=\"alignnone size-full wp-image-1354\" src=\"http:\/\/www.lassebacklund.fi\/wp-content\/uploads\/2016\/10\/Viktorias-\u00f6versikt-sid-2.jpg\" alt=\"Viktorias \u00f6versikt sid 2\" width=\"997\" height=\"1343\" srcset=\"https:\/\/www.lassebacklund.fi\/wp-content\/uploads\/2016\/10\/Viktorias-\u00f6versikt-sid-2.jpg 997w, https:\/\/www.lassebacklund.fi\/wp-content\/uploads\/2016\/10\/Viktorias-\u00f6versikt-sid-2-223x300.jpg 223w, https:\/\/www.lassebacklund.fi\/wp-content\/uploads\/2016\/10\/Viktorias-\u00f6versikt-sid-2-768x1035.jpg 768w, https:\/\/www.lassebacklund.fi\/wp-content\/uploads\/2016\/10\/Viktorias-\u00f6versikt-sid-2-760x1024.jpg 760w\" sizes=\"auto, (max-width: 997px) 100vw, 997px\" \/><\/p>\n<p>&nbsp;<\/p>\n","protected":false},"excerpt":{"rendered":"<p>Uppgjort av Lasse Backlund i oktober 2016. Uppgifter har tagits ur f\u00f6reningens protokollb\u00f6cker, tidningen Syd-\u00d6sterbotten och Lappfj\u00e4rds Historia, del 2. Om du vill l\u00e4sa vad tidningarna skrev om denna f\u00f6rening, s\u00e5 skall du klicka H\u00c4R! 15 &#8211; 16 juni 1908 <a class=\"more-link\" href=\"https:\/\/www.lassebacklund.fi\/?page_id=1355\">Forts\u00e4tt l\u00e4sa <span class=\"screen-reader-text\">  Nykterhetsf\u00f6reningen Framtid.<\/span><span class=\"meta-nav\">&rarr;<\/span><\/a><\/p>\n","protected":false},"author":1,"featured_media":0,"parent":1391,"menu_order":3,"comment_status":"closed","ping_status":"closed","template":"","meta":{"footnotes":""},"class_list":["post-1355","page","type-page","status-publish","hentry"],"_links":{"self":[{"href":"https:\/\/www.lassebacklund.fi\/index.php?rest_route=\/wp\/v2\/pages\/1355","targetHints":{"allow":["GET"]}}],"collection":[{"href":"https:\/\/www.lassebacklund.fi\/index.php?rest_route=\/wp\/v2\/pages"}],"about":[{"href":"https:\/\/www.lassebacklund.fi\/index.php?rest_route=\/wp\/v2\/types\/page"}],"author":[{"embeddable":true,"href":"https:\/\/www.lassebacklund.fi\/index.php?rest_route=\/wp\/v2\/users\/1"}],"replies":[{"embeddable":true,"href":"https:\/\/www.lassebacklund.fi\/index.php?rest_route=%2Fwp%2Fv2%2Fcomments&post=1355"}],"version-history":[{"count":15,"href":"https:\/\/www.lassebacklund.fi\/index.php?rest_route=\/wp\/v2\/pages\/1355\/revisions"}],"predecessor-version":[{"id":19238,"href":"https:\/\/www.lassebacklund.fi\/index.php?rest_route=\/wp\/v2\/pages\/1355\/revisions\/19238"}],"up":[{"embeddable":true,"href":"https:\/\/www.lassebacklund.fi\/index.php?rest_route=\/wp\/v2\/pages\/1391"}],"wp:attachment":[{"href":"https:\/\/www.lassebacklund.fi\/index.php?rest_route=%2Fwp%2Fv2%2Fmedia&parent=1355"}],"curies":[{"name":"wp","href":"https:\/\/api.w.org\/{rel}","templated":true}]}}