{"id":13535,"date":"2019-08-06T20:59:01","date_gmt":"2019-08-06T17:59:01","guid":{"rendered":"http:\/\/www.lassebacklund.fi\/?page_id=13535"},"modified":"2020-04-05T22:40:58","modified_gmt":"2020-04-05T19:40:58","slug":"en-annorlunda-sommar","status":"publish","type":"page","link":"https:\/\/www.lassebacklund.fi\/?page_id=13535","title":{"rendered":"En annorlunda sommar."},"content":{"rendered":"<p><span style=\"color: #000080;\">Skriven den 4 augusti 2019:<\/span><\/p>\n<p><span style=\"margin: 0px; color: #1c1e21; font-family: 'Helvetica','sans-serif'; font-size: 11pt;\">Nu \u00e4r den tid p\u00e5 \u00e5ret vi kallar sommar,<br \/>\nn\u00e4r allting v\u00e4xer och \u00f6verallt det blommar.<br \/>\nVi borde kl\u00e4 oss i shorts och topp<br \/>\noch ta i havet ett svalkande dopp.<\/span><\/p>\n<p><span style=\"margin: 0px; color: #1c1e21; font-family: 'Helvetica','sans-serif'; font-size: 11pt;\">Men verkligheten \u00e4r tyv\u00e4rr en helt annan,<br \/>\nf\u00f6r att f\u00e5 v\u00e4xt man g\u00e5r med vattenkannan.<br \/>\nBlommornas knoppar sl\u00e5r l\u00e5ngsamt ut<br \/>\nifall de inte frusit natten f\u00f6rut.<\/span><\/p>\n<p><span style=\"margin: 0px; color: #1c1e21; font-family: 'Helvetica','sans-serif'; font-size: 11pt;\">Shortsen har bytts till byxor l\u00e5nga<br \/>\noch toppen till tr\u00f6jor, jag har ganska m\u00e5nga.<br \/>\nAtt simma i havet fick ett snabbt stopp<br \/>\nman vill ju inte f\u00f6rfrysa sin kropp.<\/span><\/p>\n<p><span style=\"margin: 0px; color: #1c1e21; font-family: 'Helvetica','sans-serif'; font-size: 11pt;\">F\u00f6rra \u00e5ret vi ojades \u00f6ver sommarens hetta<br \/>\ns\u00e5 vad l\u00e4r vi oss av allt detta?<br \/>\n\u00d6ver v\u00e4der och vindar vi kan inte r\u00e5,<br \/>\nf\u00e5r v\u00e4l vara glad vi har n\u00e5t v\u00e4der \u00e4nd\u00e5.<\/span><\/p>\n<p><span style=\"color: #000000; font-family: Calibri;\">\u00a0<img loading=\"lazy\" decoding=\"async\" class=\"alignnone size-full wp-image-13538\" src=\"http:\/\/www.lassebacklund.fi\/wp-content\/uploads\/2019\/08\/En-annorlunda-sommar.jpg\" alt=\"\" width=\"3264\" height=\"2448\" srcset=\"https:\/\/www.lassebacklund.fi\/wp-content\/uploads\/2019\/08\/En-annorlunda-sommar.jpg 3264w, https:\/\/www.lassebacklund.fi\/wp-content\/uploads\/2019\/08\/En-annorlunda-sommar-300x225.jpg 300w, https:\/\/www.lassebacklund.fi\/wp-content\/uploads\/2019\/08\/En-annorlunda-sommar-768x576.jpg 768w, https:\/\/www.lassebacklund.fi\/wp-content\/uploads\/2019\/08\/En-annorlunda-sommar-1024x768.jpg 1024w\" sizes=\"auto, (max-width: 3264px) 100vw, 3264px\" \/><\/span><\/p>\n","protected":false},"excerpt":{"rendered":"<p>Skriven den 4 augusti 2019: Nu \u00e4r den tid p\u00e5 \u00e5ret vi kallar sommar, n\u00e4r allting v\u00e4xer och \u00f6verallt det blommar. Vi borde kl\u00e4 oss i shorts och topp och ta i havet ett svalkande dopp. Men verkligheten \u00e4r tyv\u00e4rr <a class=\"more-link\" href=\"https:\/\/www.lassebacklund.fi\/?page_id=13535\">Forts\u00e4tt l\u00e4sa <span class=\"screen-reader-text\">  En annorlunda sommar.<\/span><span class=\"meta-nav\">&rarr;<\/span><\/a><\/p>\n","protected":false},"author":1,"featured_media":0,"parent":13531,"menu_order":1,"comment_status":"closed","ping_status":"closed","template":"","meta":{"footnotes":""},"class_list":["post-13535","page","type-page","status-publish","hentry"],"_links":{"self":[{"href":"https:\/\/www.lassebacklund.fi\/index.php?rest_route=\/wp\/v2\/pages\/13535","targetHints":{"allow":["GET"]}}],"collection":[{"href":"https:\/\/www.lassebacklund.fi\/index.php?rest_route=\/wp\/v2\/pages"}],"about":[{"href":"https:\/\/www.lassebacklund.fi\/index.php?rest_route=\/wp\/v2\/types\/page"}],"author":[{"embeddable":true,"href":"https:\/\/www.lassebacklund.fi\/index.php?rest_route=\/wp\/v2\/users\/1"}],"replies":[{"embeddable":true,"href":"https:\/\/www.lassebacklund.fi\/index.php?rest_route=%2Fwp%2Fv2%2Fcomments&post=13535"}],"version-history":[{"count":3,"href":"https:\/\/www.lassebacklund.fi\/index.php?rest_route=\/wp\/v2\/pages\/13535\/revisions"}],"predecessor-version":[{"id":13540,"href":"https:\/\/www.lassebacklund.fi\/index.php?rest_route=\/wp\/v2\/pages\/13535\/revisions\/13540"}],"up":[{"embeddable":true,"href":"https:\/\/www.lassebacklund.fi\/index.php?rest_route=\/wp\/v2\/pages\/13531"}],"wp:attachment":[{"href":"https:\/\/www.lassebacklund.fi\/index.php?rest_route=%2Fwp%2Fv2%2Fmedia&parent=13535"}],"curies":[{"name":"wp","href":"https:\/\/api.w.org\/{rel}","templated":true}]}}