{"id":13531,"date":"2019-08-06T20:54:35","date_gmt":"2019-08-06T17:54:35","guid":{"rendered":"http:\/\/www.lassebacklund.fi\/?page_id=13531"},"modified":"2020-04-05T22:39:25","modified_gmt":"2020-04-05T19:39:25","slug":"evas-dikter-samling-nr-3","status":"publish","type":"page","link":"https:\/\/www.lassebacklund.fi\/?page_id=13531","title":{"rendered":"Evas dikter, samling nr 3"},"content":{"rendered":"<p><span style=\"display: inline !important; float: none; background-color: #ffffff; color: #373737; font-family: 'Helvetica Neue',Helvetica,Arial,sans-serif; font-size: 16px; font-style: normal; font-variant: normal; font-weight: 300; letter-spacing: normal; orphans: 2; text-align: left; text-decoration: none; text-indent: 0px; text-transform: none; -webkit-text-stroke-width: 0px; white-space: normal; word-spacing: 0px;\">Eva Backlunds tredje diktsamling inneh\u00e5llande 21 dikter med varierande inneh\u00e5ll. Klicka nedan p\u00e5 \u00f6nskad dikt. Mycket n\u00f6je!<\/span><\/p>\n<h4><a href=\"http:\/\/www.lassebacklund.fi\/?page_id=13535\">-En annorlunda sommar<\/a><\/h4>\n<h4><a href=\"http:\/\/www.lassebacklund.fi\/?page_id=13863\">-Pidrospelet<\/a><\/h4>\n<h4><a href=\"http:\/\/www.lassebacklund.fi\/?page_id=13971\">-Salig mor och lille William<\/a><\/h4>\n<h4><a href=\"http:\/\/www.lassebacklund.fi\/?page_id=14263\">-Sallad eller mat<\/a><\/h4>\n<h4><a href=\"http:\/\/www.lassebacklund.fi\/?page_id=14269\">-Lyckligt hemma<\/a><\/h4>\n<h4><a href=\"http:\/\/www.lassebacklund.fi\/?page_id=14272\">-Heta dagar<\/a><\/h4>\n<h4><a href=\"http:\/\/www.lassebacklund.fi\/?page_id=14699\">-Den om\u00f6jliga appen<\/a><\/h4>\n<h4><a href=\"http:\/\/www.lassebacklund.fi\/?page_id=15979\">-Julavslutning 2019<\/a><\/h4>\n<h4><a href=\"http:\/\/www.lassebacklund.fi\/?page_id=15969\">-Solen lyser in<\/a><\/h4>\n<h4><a href=\"http:\/\/www.lassebacklund.fi\/?page_id=14727\">-N\u00e4r dimman l\u00e4ttar<\/a><\/h4>\n<h4><a href=\"http:\/\/www.lassebacklund.fi\/?page_id=15956\">-En pension\u00e4rs vecka<\/a><\/h4>\n<h4><a href=\"http:\/\/www.lassebacklund.fi\/?page_id=15953\">-Fyrtiofem \u00e5r i dag<\/a><\/h4>\n<h4><a href=\"http:\/\/www.lassebacklund.fi\/?page_id=15950\">-Juldikt<\/a><\/h4>\n<h4><a href=\"http:\/\/www.lassebacklund.fi\/?page_id=15946\">-St\u00e4ddille<\/a><\/h4>\n<h4><a href=\"http:\/\/www.lassebacklund.fi\/?page_id=15962\">-Det borde vara vinter&#8230;<\/a><\/h4>\n<h4><a href=\"http:\/\/www.lassebacklund.fi\/?page_id=15943\">-Du \u00e4r nummer tv\u00e5!<\/a><\/h4>\n<h4><a href=\"http:\/\/www.lassebacklund.fi\/?page_id=15940\">-Jetlag<\/a><\/h4>\n<h4><a href=\"http:\/\/www.lassebacklund.fi\/?page_id=15936\">-Vi g\u00e5r mot v\u00e5ren<\/a><\/h4>\n<h4><a href=\"http:\/\/www.lassebacklund.fi\/?page_id=15972\">-November 2019<\/a><\/h4>\n<h4><a href=\"http:\/\/www.lassebacklund.fi\/?page_id=15930\">-En besviken moj\u00e4ng<\/a><\/h4>\n<h4><a href=\"http:\/\/www.lassebacklund.fi\/?page_id=15926\">-Mars 2020<\/a><\/h4>\n","protected":false},"excerpt":{"rendered":"<p>Eva Backlunds tredje diktsamling inneh\u00e5llande 21 dikter med varierande inneh\u00e5ll. Klicka nedan p\u00e5 \u00f6nskad dikt. Mycket n\u00f6je! -En annorlunda sommar -Pidrospelet -Salig mor och lille William -Sallad eller mat -Lyckligt hemma -Heta dagar -Den om\u00f6jliga appen -Julavslutning 2019 -Solen lyser <a class=\"more-link\" href=\"https:\/\/www.lassebacklund.fi\/?page_id=13531\">Forts\u00e4tt l\u00e4sa <span class=\"screen-reader-text\">  Evas dikter, samling nr 3<\/span><span class=\"meta-nav\">&rarr;<\/span><\/a><\/p>\n","protected":false},"author":1,"featured_media":0,"parent":13097,"menu_order":3,"comment_status":"closed","ping_status":"closed","template":"","meta":{"footnotes":""},"class_list":["post-13531","page","type-page","status-publish","hentry"],"_links":{"self":[{"href":"https:\/\/www.lassebacklund.fi\/index.php?rest_route=\/wp\/v2\/pages\/13531","targetHints":{"allow":["GET"]}}],"collection":[{"href":"https:\/\/www.lassebacklund.fi\/index.php?rest_route=\/wp\/v2\/pages"}],"about":[{"href":"https:\/\/www.lassebacklund.fi\/index.php?rest_route=\/wp\/v2\/types\/page"}],"author":[{"embeddable":true,"href":"https:\/\/www.lassebacklund.fi\/index.php?rest_route=\/wp\/v2\/users\/1"}],"replies":[{"embeddable":true,"href":"https:\/\/www.lassebacklund.fi\/index.php?rest_route=%2Fwp%2Fv2%2Fcomments&post=13531"}],"version-history":[{"count":22,"href":"https:\/\/www.lassebacklund.fi\/index.php?rest_route=\/wp\/v2\/pages\/13531\/revisions"}],"predecessor-version":[{"id":15984,"href":"https:\/\/www.lassebacklund.fi\/index.php?rest_route=\/wp\/v2\/pages\/13531\/revisions\/15984"}],"up":[{"embeddable":true,"href":"https:\/\/www.lassebacklund.fi\/index.php?rest_route=\/wp\/v2\/pages\/13097"}],"wp:attachment":[{"href":"https:\/\/www.lassebacklund.fi\/index.php?rest_route=%2Fwp%2Fv2%2Fmedia&parent=13531"}],"curies":[{"name":"wp","href":"https:\/\/api.w.org\/{rel}","templated":true}]}}