{"id":13488,"date":"2019-08-04T10:46:38","date_gmt":"2019-08-04T07:46:38","guid":{"rendered":"http:\/\/www.lassebacklund.fi\/?page_id=13488"},"modified":"2020-10-13T00:18:00","modified_gmt":"2020-10-12T21:18:00","slug":"dagsmark-city","status":"publish","type":"page","link":"https:\/\/www.lassebacklund.fi\/?page_id=13488","title":{"rendered":"Dagsmark City."},"content":{"rendered":"<p><span style=\"color: #000080;\">Skrivet av Roger Lundell, med hj\u00e4lp av Arto Rintam\u00e4ki, som ocks\u00e5 framf\u00f6rde den p\u00e5 invigningsfesten p\u00e5 nya Majbo. Melodi: Green green grass of home, en popul\u00e4r l\u00e5t fr\u00e5n 60-talet:<\/span><\/p>\n<h6>Dagsmark City je som f\u00f6rbytt,<\/h6>\n<h6>he a ju kumi s\u00e5 mytji nytt,<\/h6>\n<h6>t\u00e5 ja komber heim baket tju\u00e5tta \u00e5r i \u00c5bo.<\/h6>\n<h6><\/h6>\n<h6><\/h6>\n<h6><\/h6>\n<h6>F\u00f6rr s\u00e5 fanns e tri aff\u00e4rer sjenn;<\/h6>\n<h6>he va Handlin o s\u00e5 va Nelsonas tenn;<\/h6>\n<h6>och breiver sto ett m\u00e4ktigt mejeri&#8230;<\/h6>\n<h6><\/h6>\n<h6><\/h6>\n<h6>Ja, vi veit ju all, att hede ha br\u00e5nni<\/h6>\n<h6>och mytji vaten i \u00e5en ha r\u00e5nni<\/h6>\n<h6>Men Dagsmartjen har alltid framtidstro<\/h6>\n<p><em>\u00a0<\/em><\/p>\n<p><em>( Ja, h\u00f6r ni, handi gamb\u00e4l lokalin som sto sjenn, no fick an si ett och anna\u00b4&#8230;<\/em><\/p>\n<p><em>&#8211; Som on vintran t\u00e5 e va dansin sjenn och Mexico spela: F\u00f6rbaiska i geg it e heila baket-middain ti eld me bj\u00e4rkvedin i kakel-unan s\u00e5 e sku va varmt om kv\u00e4ldin. <\/em><\/p>\n<p><em>&#8211; \u00c5 t\u00e5 s\u00e5t vi o spela kort. Mest va e whist. Visst!?<\/em><\/p>\n<p><em>Och ni beh\u00f6v int tro at ja t\u00e4cks s\u00e4g hur e l\u00e4t n\u00e5r spele va som<\/em><\/p>\n<p><em>toffast&#8230;.He va no t\u00e5le repliker&#8230;..<\/em><\/p>\n<p><em>O \u00e4nnu tidinar to vi tolla \u00e5p sjenn i h\u00f6stm\u00f6rkret och l\u00e4rt oss skillnan \u00e5p fleckor och pojkan:<\/em><\/p>\n<p><em>&#8211; N\u00e5 he l\u00e4rt vi ju oss hast\u00e5t: Skillnan va hede som pojkan hadd milan beinen&#8230;. N\u00e4 n\u00e4, ni ska int missf\u00f6rst\u00e5 me nu. Jag menar<strong> stanjen \u00e5p karavagne<\/strong>, fleckor k\u00f6rt ju alltid \u00e5p kvinfolksvagne och <strong>he har ju int naon stang&#8230; )<\/strong><\/em><\/p>\n<h6>L\u00e5ngforsas lidre som fanns f\u00f6rr<\/h6>\n<h6>var stort som lokalin, om int st\u00f6rr,<\/h6>\n<h6>men b\u00e5da jeg ju opp i r\u00f6ik och eld och l\u00e5gor&#8230;<\/h6>\n<h6><\/h6>\n<h6><\/h6>\n<h6>Bror och Harry har ju liksom Lasse<\/h6>\n<h6>porslin nu ist\u00e4llet f\u00f6r utedasse,<\/h6>\n<h6>och lokalin har nu varit till Majbo.<\/h6>\n<h6><em>\u00a0<\/em><\/h6>\n<h6>Men sjenn s\u00f6rjes int he som ha br\u00e5nni<\/h6>\n<h6>elo vattne som i \u00e5en ha r\u00e5nni<\/h6>\n<h6>f\u00f6r Dagsmartjen har alltid framtidstro!<\/h6>\n","protected":false},"excerpt":{"rendered":"<p>Skrivet av Roger Lundell, med hj\u00e4lp av Arto Rintam\u00e4ki, som ocks\u00e5 framf\u00f6rde den p\u00e5 invigningsfesten p\u00e5 nya Majbo. Melodi: Green green grass of home, en popul\u00e4r l\u00e5t fr\u00e5n 60-talet: Dagsmark City je som f\u00f6rbytt, he a ju kumi s\u00e5 mytji <a class=\"more-link\" href=\"https:\/\/www.lassebacklund.fi\/?page_id=13488\">Forts\u00e4tt l\u00e4sa <span class=\"screen-reader-text\">  Dagsmark City.<\/span><span class=\"meta-nav\">&rarr;<\/span><\/a><\/p>\n","protected":false},"author":1,"featured_media":0,"parent":6319,"menu_order":0,"comment_status":"closed","ping_status":"closed","template":"","meta":{"footnotes":""},"class_list":["post-13488","page","type-page","status-publish","hentry"],"_links":{"self":[{"href":"https:\/\/www.lassebacklund.fi\/index.php?rest_route=\/wp\/v2\/pages\/13488","targetHints":{"allow":["GET"]}}],"collection":[{"href":"https:\/\/www.lassebacklund.fi\/index.php?rest_route=\/wp\/v2\/pages"}],"about":[{"href":"https:\/\/www.lassebacklund.fi\/index.php?rest_route=\/wp\/v2\/types\/page"}],"author":[{"embeddable":true,"href":"https:\/\/www.lassebacklund.fi\/index.php?rest_route=\/wp\/v2\/users\/1"}],"replies":[{"embeddable":true,"href":"https:\/\/www.lassebacklund.fi\/index.php?rest_route=%2Fwp%2Fv2%2Fcomments&post=13488"}],"version-history":[{"count":8,"href":"https:\/\/www.lassebacklund.fi\/index.php?rest_route=\/wp\/v2\/pages\/13488\/revisions"}],"predecessor-version":[{"id":18037,"href":"https:\/\/www.lassebacklund.fi\/index.php?rest_route=\/wp\/v2\/pages\/13488\/revisions\/18037"}],"up":[{"embeddable":true,"href":"https:\/\/www.lassebacklund.fi\/index.php?rest_route=\/wp\/v2\/pages\/6319"}],"wp:attachment":[{"href":"https:\/\/www.lassebacklund.fi\/index.php?rest_route=%2Fwp%2Fv2%2Fmedia&parent=13488"}],"curies":[{"name":"wp","href":"https:\/\/api.w.org\/{rel}","templated":true}]}}