{"id":13467,"date":"2019-08-02T22:10:18","date_gmt":"2019-08-02T19:10:18","guid":{"rendered":"http:\/\/www.lassebacklund.fi\/?page_id=13467"},"modified":"2020-05-25T15:44:20","modified_gmt":"2020-05-25T12:44:20","slug":"sang-till-hembygden","status":"publish","type":"page","link":"https:\/\/www.lassebacklund.fi\/?page_id=13467","title":{"rendered":"S\u00e5ng till hembygden."},"content":{"rendered":"<p>Eleverna vid l\u00e5gstadieskolan i Dagsmark gjorde i mars 2003 en egen hembygdss\u00e5ng, d\u00e4r orden bestod endast av olika st\u00e4llen, v\u00e4gar och stigar och annat trevligt. Till sin hj\u00e4lp hade eleverna dialektrockarna Lasse Eriksson och Anders Teir fr\u00e5n N\u00e4rpes, som hade gjort en likadan hembygdss\u00e5ng om N\u00e4rpes. Melodin \u00e4r John Denvers succ\u00e9l\u00e5t &#8221;Take Me Home, Country Roads&#8221;.<\/p>\n<figure id=\"attachment_13466\" aria-describedby=\"caption-attachment-13466\" style=\"width: 862px\" class=\"wp-caption alignnone\"><img loading=\"lazy\" decoding=\"async\" class=\"wp-image-13466 size-full\" src=\"http:\/\/www.lassebacklund.fi\/wp-content\/uploads\/2019\/08\/Hembygdss\u00e5ngen-om-Dagsmark.jpg\" alt=\"\" width=\"862\" height=\"1594\" srcset=\"https:\/\/www.lassebacklund.fi\/wp-content\/uploads\/2019\/08\/Hembygdss\u00e5ngen-om-Dagsmark.jpg 862w, https:\/\/www.lassebacklund.fi\/wp-content\/uploads\/2019\/08\/Hembygdss\u00e5ngen-om-Dagsmark-162x300.jpg 162w, https:\/\/www.lassebacklund.fi\/wp-content\/uploads\/2019\/08\/Hembygdss\u00e5ngen-om-Dagsmark-768x1420.jpg 768w, https:\/\/www.lassebacklund.fi\/wp-content\/uploads\/2019\/08\/Hembygdss\u00e5ngen-om-Dagsmark-554x1024.jpg 554w\" sizes=\"auto, (max-width: 862px) 100vw, 862px\" \/><figcaption id=\"caption-attachment-13466\" class=\"wp-caption-text\">D\u00e5 \u00c5sa Backlund sommaren 2019 gifte sig med Peter Andersson p\u00e5 Majbo, s\u00e5 fanns denna s\u00e5ng med i det programblad som utdelades \u00e5t br\u00f6llopsg\u00e4sterna.<\/figcaption><\/figure>\n","protected":false},"excerpt":{"rendered":"<p>Eleverna vid l\u00e5gstadieskolan i Dagsmark gjorde i mars 2003 en egen hembygdss\u00e5ng, d\u00e4r orden bestod endast av olika st\u00e4llen, v\u00e4gar och stigar och annat trevligt. Till sin hj\u00e4lp hade eleverna dialektrockarna Lasse Eriksson och Anders Teir fr\u00e5n N\u00e4rpes, som hade <a class=\"more-link\" href=\"https:\/\/www.lassebacklund.fi\/?page_id=13467\">Forts\u00e4tt l\u00e4sa <span class=\"screen-reader-text\">  S\u00e5ng till hembygden.<\/span><span class=\"meta-nav\">&rarr;<\/span><\/a><\/p>\n","protected":false},"author":1,"featured_media":0,"parent":6319,"menu_order":0,"comment_status":"closed","ping_status":"closed","template":"","meta":{"footnotes":""},"class_list":["post-13467","page","type-page","status-publish","hentry"],"_links":{"self":[{"href":"https:\/\/www.lassebacklund.fi\/index.php?rest_route=\/wp\/v2\/pages\/13467","targetHints":{"allow":["GET"]}}],"collection":[{"href":"https:\/\/www.lassebacklund.fi\/index.php?rest_route=\/wp\/v2\/pages"}],"about":[{"href":"https:\/\/www.lassebacklund.fi\/index.php?rest_route=\/wp\/v2\/types\/page"}],"author":[{"embeddable":true,"href":"https:\/\/www.lassebacklund.fi\/index.php?rest_route=\/wp\/v2\/users\/1"}],"replies":[{"embeddable":true,"href":"https:\/\/www.lassebacklund.fi\/index.php?rest_route=%2Fwp%2Fv2%2Fcomments&post=13467"}],"version-history":[{"count":4,"href":"https:\/\/www.lassebacklund.fi\/index.php?rest_route=\/wp\/v2\/pages\/13467\/revisions"}],"predecessor-version":[{"id":16606,"href":"https:\/\/www.lassebacklund.fi\/index.php?rest_route=\/wp\/v2\/pages\/13467\/revisions\/16606"}],"up":[{"embeddable":true,"href":"https:\/\/www.lassebacklund.fi\/index.php?rest_route=\/wp\/v2\/pages\/6319"}],"wp:attachment":[{"href":"https:\/\/www.lassebacklund.fi\/index.php?rest_route=%2Fwp%2Fv2%2Fmedia&parent=13467"}],"curies":[{"name":"wp","href":"https:\/\/api.w.org\/{rel}","templated":true}]}}