{"id":13276,"date":"2019-07-19T19:23:00","date_gmt":"2019-07-19T16:23:00","guid":{"rendered":"http:\/\/www.lassebacklund.fi\/?page_id=13276"},"modified":"2019-07-19T19:23:51","modified_gmt":"2019-07-19T16:23:51","slug":"vasaloppet","status":"publish","type":"page","link":"https:\/\/www.lassebacklund.fi\/?page_id=13276","title":{"rendered":"Vasaloppet."},"content":{"rendered":"<p><span style=\"color: #000080;\">Diktat av Eva 3 mars 2019:<\/span><\/p>\n<h6><span style=\"margin: 0px; color: #1d2129; font-family: 'Helvetica','sans-serif';\">De stod d\u00e4r i f\u00e5llan i prydliga rader<br \/>\ni f\u00e4rggranna dr\u00e4kter fr\u00e5n m\u00f6ssa till vader.<br \/>\nSkidor p\u00e5 f\u00f6tter och stavar i h\u00e4nder,<br \/>\ntaggade typer fr\u00e5n m\u00e5nga olika l\u00e4nder.<\/span><\/h6>\n<h6><span style=\"margin: 0px; color: #1d2129; font-family: 'Helvetica','sans-serif';\">\u00a0<\/span><\/h6>\n<h6><span style=\"margin: 0px; color: #1d2129; font-family: 'Helvetica','sans-serif';\">Skynket det lyftes och starten gick,<br \/>\nl\u00e4ngre bak i leden man v\u00e4nta en stund fick.<br \/>\nI f\u00f6rsta backen blev det som vanligt stopp<br \/>\nd\u00e4r g\u00e4llde det att mot stavarna luta sin kropp.<\/span><\/h6>\n<h6><span style=\"margin: 0px; color: #1d2129; font-family: 'Helvetica','sans-serif';\">\u00a0<\/span><\/h6>\n<h6><span style=\"margin: 0px; color: #1d2129; font-family: 'Helvetica','sans-serif';\">I rasande fart det g\u00e5r f\u00f6r eliten,<br \/>\nd\u00e4r l\u00e4ngre bak en och annan blir sliten.<br \/>\nSn\u00f6n vr\u00e4ker ner och f\u00f6ret blir sv\u00e5rt,<br \/>\natt sl\u00e5 tidsrekord i \u00e5r blir nog h\u00e5rt.<\/span><\/h6>\n<h6><span style=\"margin: 0px; color: #1d2129; font-family: 'Helvetica','sans-serif';\">\u00a0<\/span><\/h6>\n<h6><span style=\"margin: 0px; color: #1d2129; font-family: 'Helvetica','sans-serif';\">Fr\u00e5n start till m\u00e5l \u00e4r det nio mil,<br \/>\natt bara staka har blivit elitens stil.<br \/>\nD\u00e5 m\u00e5ste man vara fysiskt i topp<br \/>\nf\u00f6r att \u00e5ka och kanske vinna \u00e5rets Vasalopp!<\/span><\/h6>\n<figure id=\"attachment_13275\" aria-describedby=\"caption-attachment-13275\" style=\"width: 1522px\" class=\"wp-caption alignnone\"><img loading=\"lazy\" decoding=\"async\" class=\"size-full wp-image-13275\" src=\"http:\/\/www.lassebacklund.fi\/wp-content\/uploads\/2019\/07\/Vasaloppet.jpg\" alt=\"\" width=\"1522\" height=\"1271\" srcset=\"https:\/\/www.lassebacklund.fi\/wp-content\/uploads\/2019\/07\/Vasaloppet.jpg 1522w, https:\/\/www.lassebacklund.fi\/wp-content\/uploads\/2019\/07\/Vasaloppet-300x251.jpg 300w, https:\/\/www.lassebacklund.fi\/wp-content\/uploads\/2019\/07\/Vasaloppet-768x641.jpg 768w, https:\/\/www.lassebacklund.fi\/wp-content\/uploads\/2019\/07\/Vasaloppet-1024x855.jpg 1024w\" sizes=\"auto, (max-width: 1522px) 100vw, 1522px\" \/><figcaption id=\"caption-attachment-13275\" class=\"wp-caption-text\">Segrarna i Vasaloppets sommart\u00e4vlingar \u00e5r 2005.<\/figcaption><\/figure>\n<p><span lang=\"SV\"><span style=\"color: #000000; font-family: Calibri;\">\u00a0<\/span><\/span><\/p>\n","protected":false},"excerpt":{"rendered":"<p>Diktat av Eva 3 mars 2019: De stod d\u00e4r i f\u00e5llan i prydliga rader i f\u00e4rggranna dr\u00e4kter fr\u00e5n m\u00f6ssa till vader. Skidor p\u00e5 f\u00f6tter och stavar i h\u00e4nder, taggade typer fr\u00e5n m\u00e5nga olika l\u00e4nder. \u00a0 Skynket det lyftes och starten <a class=\"more-link\" href=\"https:\/\/www.lassebacklund.fi\/?page_id=13276\">Forts\u00e4tt l\u00e4sa <span class=\"screen-reader-text\">  Vasaloppet.<\/span><span class=\"meta-nav\">&rarr;<\/span><\/a><\/p>\n","protected":false},"author":1,"featured_media":0,"parent":13107,"menu_order":0,"comment_status":"closed","ping_status":"closed","template":"","meta":{"footnotes":""},"class_list":["post-13276","page","type-page","status-publish","hentry"],"_links":{"self":[{"href":"https:\/\/www.lassebacklund.fi\/index.php?rest_route=\/wp\/v2\/pages\/13276","targetHints":{"allow":["GET"]}}],"collection":[{"href":"https:\/\/www.lassebacklund.fi\/index.php?rest_route=\/wp\/v2\/pages"}],"about":[{"href":"https:\/\/www.lassebacklund.fi\/index.php?rest_route=\/wp\/v2\/types\/page"}],"author":[{"embeddable":true,"href":"https:\/\/www.lassebacklund.fi\/index.php?rest_route=\/wp\/v2\/users\/1"}],"replies":[{"embeddable":true,"href":"https:\/\/www.lassebacklund.fi\/index.php?rest_route=%2Fwp%2Fv2%2Fcomments&post=13276"}],"version-history":[{"count":2,"href":"https:\/\/www.lassebacklund.fi\/index.php?rest_route=\/wp\/v2\/pages\/13276\/revisions"}],"predecessor-version":[{"id":13278,"href":"https:\/\/www.lassebacklund.fi\/index.php?rest_route=\/wp\/v2\/pages\/13276\/revisions\/13278"}],"up":[{"embeddable":true,"href":"https:\/\/www.lassebacklund.fi\/index.php?rest_route=\/wp\/v2\/pages\/13107"}],"wp:attachment":[{"href":"https:\/\/www.lassebacklund.fi\/index.php?rest_route=%2Fwp%2Fv2%2Fmedia&parent=13276"}],"curies":[{"name":"wp","href":"https:\/\/api.w.org\/{rel}","templated":true}]}}