{"id":13263,"date":"2019-07-19T18:55:44","date_gmt":"2019-07-19T15:55:44","guid":{"rendered":"http:\/\/www.lassebacklund.fi\/?page_id=13263"},"modified":"2019-07-19T18:55:44","modified_gmt":"2019-07-19T15:55:44","slug":"julgransbekymmer","status":"publish","type":"page","link":"https:\/\/www.lassebacklund.fi\/?page_id=13263","title":{"rendered":"Julgransbekymmer."},"content":{"rendered":"<p><span style=\"color: #000080;\">Diktat av Eva just f\u00f6re julen 2018:<\/span><\/p>\n<p><span style=\"margin: 0px; color: #1c1e21; font-family: 'Helvetica','sans-serif'; font-size: 12pt;\">I dag s\u00e5 tog vi granen in, in, in<br \/>\nkl\u00e4dde den och den blev fin, fin, fin.<br \/>\nH\u00e4llde vatten i dess fot,<br \/>\ndet borde jag ju ej ha gjort<br \/>\nf\u00f6r julgransfoten l\u00e4ckte!<\/p>\n<p>Vattnet rann p\u00e5 mattan ut, ut, ut<br \/>\nEva t\u00e4nkte b\u00f6rja tjut, tjut, tjut<br \/>\nMen Lasse r\u00e4dda julen v\u00e5r,<br \/>\nsa d\u00e4r ute en annan fot ju st\u00e5r<br \/>\ns\u00e5 vi tog och bytte!<\/p>\n<p>Sagan fick ett lyckligt slut, slut, slut<br \/>\ngamla foten vi kasta ut, ut, ut<br \/>\noch i n\u00e4sta \u00e5r p\u00e5 nytt<br \/>\nska vi minnas att vi bytt<br \/>\nfot f\u00f6r julegranen!<\/span><\/p>\n<p><img loading=\"lazy\" decoding=\"async\" class=\"alignnone size-full wp-image-13262\" src=\"http:\/\/www.lassebacklund.fi\/wp-content\/uploads\/2019\/07\/Julgransbekymmer.jpg\" alt=\"\" width=\"827\" height=\"1107\" srcset=\"https:\/\/www.lassebacklund.fi\/wp-content\/uploads\/2019\/07\/Julgransbekymmer.jpg 827w, https:\/\/www.lassebacklund.fi\/wp-content\/uploads\/2019\/07\/Julgransbekymmer-224x300.jpg 224w, https:\/\/www.lassebacklund.fi\/wp-content\/uploads\/2019\/07\/Julgransbekymmer-768x1028.jpg 768w, https:\/\/www.lassebacklund.fi\/wp-content\/uploads\/2019\/07\/Julgransbekymmer-765x1024.jpg 765w\" sizes=\"auto, (max-width: 827px) 100vw, 827px\" \/><\/p>\n<p><span style=\"margin: 0px; color: #1c1e21; font-family: 'Helvetica','sans-serif'; font-size: 12pt;\">\u00a0<\/span><\/p>\n","protected":false},"excerpt":{"rendered":"<p>Diktat av Eva just f\u00f6re julen 2018: I dag s\u00e5 tog vi granen in, in, in kl\u00e4dde den och den blev fin, fin, fin. H\u00e4llde vatten i dess fot, det borde jag ju ej ha gjort f\u00f6r julgransfoten l\u00e4ckte! Vattnet <a class=\"more-link\" href=\"https:\/\/www.lassebacklund.fi\/?page_id=13263\">Forts\u00e4tt l\u00e4sa <span class=\"screen-reader-text\">  Julgransbekymmer.<\/span><span class=\"meta-nav\">&rarr;<\/span><\/a><\/p>\n","protected":false},"author":1,"featured_media":0,"parent":13107,"menu_order":0,"comment_status":"closed","ping_status":"closed","template":"","meta":{"footnotes":""},"class_list":["post-13263","page","type-page","status-publish","hentry"],"_links":{"self":[{"href":"https:\/\/www.lassebacklund.fi\/index.php?rest_route=\/wp\/v2\/pages\/13263","targetHints":{"allow":["GET"]}}],"collection":[{"href":"https:\/\/www.lassebacklund.fi\/index.php?rest_route=\/wp\/v2\/pages"}],"about":[{"href":"https:\/\/www.lassebacklund.fi\/index.php?rest_route=\/wp\/v2\/types\/page"}],"author":[{"embeddable":true,"href":"https:\/\/www.lassebacklund.fi\/index.php?rest_route=\/wp\/v2\/users\/1"}],"replies":[{"embeddable":true,"href":"https:\/\/www.lassebacklund.fi\/index.php?rest_route=%2Fwp%2Fv2%2Fcomments&post=13263"}],"version-history":[{"count":1,"href":"https:\/\/www.lassebacklund.fi\/index.php?rest_route=\/wp\/v2\/pages\/13263\/revisions"}],"predecessor-version":[{"id":13264,"href":"https:\/\/www.lassebacklund.fi\/index.php?rest_route=\/wp\/v2\/pages\/13263\/revisions\/13264"}],"up":[{"embeddable":true,"href":"https:\/\/www.lassebacklund.fi\/index.php?rest_route=\/wp\/v2\/pages\/13107"}],"wp:attachment":[{"href":"https:\/\/www.lassebacklund.fi\/index.php?rest_route=%2Fwp%2Fv2%2Fmedia&parent=13263"}],"curies":[{"name":"wp","href":"https:\/\/api.w.org\/{rel}","templated":true}]}}