{"id":13255,"date":"2019-07-19T18:33:26","date_gmt":"2019-07-19T15:33:26","guid":{"rendered":"http:\/\/www.lassebacklund.fi\/?page_id=13255"},"modified":"2019-07-19T18:33:26","modified_gmt":"2019-07-19T15:33:26","slug":"pepparkaksbak","status":"publish","type":"page","link":"https:\/\/www.lassebacklund.fi\/?page_id=13255","title":{"rendered":"Pepparkaksbak"},"content":{"rendered":"<p><span style=\"color: #000080;\">Evas dikt under pepparkaksbagardagen 2016:<\/span><\/p>\n<h6><span style=\"margin: 0px; line-height: 115%; font-family: 'Helvetica','sans-serif'; font-size: 12pt;\"><span style=\"color: #000000;\">Ute \u00e4r det slaskigt och v\u00e5tt<\/span><\/span><\/h6>\n<h6><span style=\"margin: 0px; line-height: 115%; font-family: 'Helvetica','sans-serif'; font-size: 12pt;\"><span style=\"color: #000000;\">dagens verktyg: kavel och pepparkaksm\u00e5tt.<\/span><\/span><\/h6>\n<h6><span style=\"margin: 0px; line-height: 115%; font-family: 'Helvetica','sans-serif'; font-size: 12pt;\"><span style=\"color: #000000;\">Gubbar och gummor, ess med kanel<\/span><\/span><\/h6>\n<h6><span style=\"margin: 0px; line-height: 115%; font-family: 'Helvetica','sans-serif'; font-size: 12pt;\"><span style=\"color: #000000;\">bakar man p\u00e5 sm\u00f6r g\u00e5r det inte fel.<\/span><\/span><\/h6>\n<p><span style=\"margin: 0px; line-height: 115%; font-family: 'Helvetica','sans-serif'; font-size: 12pt;\"><span style=\"color: #000000;\">\u00a0<\/span><\/span><\/p>\n<h6><span style=\"margin: 0px; line-height: 115%; font-family: 'Helvetica','sans-serif'; font-size: 12pt;\"><span style=\"color: #000000;\">Spelar jull\u00e5tar, gamla och nya<\/span><\/span><\/h6>\n<h6><span style=\"margin: 0px; line-height: 115%; font-family: 'Helvetica','sans-serif'; font-size: 12pt;\"><span style=\"color: #000000;\">The Little drummerboy och Sankta Lucia.<\/span><\/span><\/h6>\n<h6><span style=\"margin: 0px; line-height: 115%; font-family: 'Helvetica','sans-serif'; font-size: 12pt;\"><span style=\"color: #000000;\">Sjunger med s\u00e5 mycket jag orkar<\/span><\/span><\/h6>\n<h6><span style=\"margin: 0px; line-height: 115%; font-family: 'Helvetica','sans-serif'; font-size: 12pt;\"><span style=\"color: #000000;\">I O Helga Natt jag tar i s\u00e5 jag n\u00e4stan storknar.<\/span><\/span><\/h6>\n<p><span style=\"margin: 0px; line-height: 115%; font-family: 'Helvetica','sans-serif'; font-size: 12pt;\"><span style=\"color: #000000;\">\u00a0<\/span><\/span><\/p>\n<h6><span style=\"margin: 0px; line-height: 115%; font-family: 'Helvetica','sans-serif'; font-size: 12pt;\"><span style=\"color: #000000;\">\u00c4r ensam hemma s\u00e5 jag ingen st\u00f6r,<\/span><\/span><\/h6>\n<h6><span style=\"margin: 0px; line-height: 115%; font-family: 'Helvetica','sans-serif'; font-size: 12pt;\"><span style=\"color: #000000;\">blir t\u00e5r\u00f6gd av texter som mig ber\u00f6r.<\/span><\/span><\/h6>\n<h6><span style=\"margin: 0px; line-height: 115%; font-family: 'Helvetica','sans-serif'; font-size: 12pt;\"><span style=\"color: #000000;\">H\u00e4rliga dofter sprids i v\u00e5rt hus<\/span><\/span><\/h6>\n<h6><span style=\"margin: 0px; line-height: 115%; font-family: 'Helvetica','sans-serif'; font-size: 12pt;\"><span style=\"color: #000000;\">och i kv\u00e4ll jag t\u00e4nder advents tredje ljus.<\/span><\/span><\/h6>\n<p><img loading=\"lazy\" decoding=\"async\" class=\"alignnone size-full wp-image-13254\" src=\"http:\/\/www.lassebacklund.fi\/wp-content\/uploads\/2019\/07\/Pepparkaksbak.jpg\" alt=\"\" width=\"558\" height=\"558\" srcset=\"https:\/\/www.lassebacklund.fi\/wp-content\/uploads\/2019\/07\/Pepparkaksbak.jpg 558w, https:\/\/www.lassebacklund.fi\/wp-content\/uploads\/2019\/07\/Pepparkaksbak-150x150.jpg 150w, https:\/\/www.lassebacklund.fi\/wp-content\/uploads\/2019\/07\/Pepparkaksbak-300x300.jpg 300w\" sizes=\"auto, (max-width: 558px) 100vw, 558px\" \/><\/p>\n","protected":false},"excerpt":{"rendered":"<p>Evas dikt under pepparkaksbagardagen 2016: Ute \u00e4r det slaskigt och v\u00e5tt dagens verktyg: kavel och pepparkaksm\u00e5tt. Gubbar och gummor, ess med kanel bakar man p\u00e5 sm\u00f6r g\u00e5r det inte fel. \u00a0 Spelar jull\u00e5tar, gamla och nya The Little drummerboy och <a class=\"more-link\" href=\"https:\/\/www.lassebacklund.fi\/?page_id=13255\">Forts\u00e4tt l\u00e4sa <span class=\"screen-reader-text\">  Pepparkaksbak<\/span><span class=\"meta-nav\">&rarr;<\/span><\/a><\/p>\n","protected":false},"author":1,"featured_media":0,"parent":13107,"menu_order":0,"comment_status":"closed","ping_status":"closed","template":"","meta":{"footnotes":""},"class_list":["post-13255","page","type-page","status-publish","hentry"],"_links":{"self":[{"href":"https:\/\/www.lassebacklund.fi\/index.php?rest_route=\/wp\/v2\/pages\/13255","targetHints":{"allow":["GET"]}}],"collection":[{"href":"https:\/\/www.lassebacklund.fi\/index.php?rest_route=\/wp\/v2\/pages"}],"about":[{"href":"https:\/\/www.lassebacklund.fi\/index.php?rest_route=\/wp\/v2\/types\/page"}],"author":[{"embeddable":true,"href":"https:\/\/www.lassebacklund.fi\/index.php?rest_route=\/wp\/v2\/users\/1"}],"replies":[{"embeddable":true,"href":"https:\/\/www.lassebacklund.fi\/index.php?rest_route=%2Fwp%2Fv2%2Fcomments&post=13255"}],"version-history":[{"count":1,"href":"https:\/\/www.lassebacklund.fi\/index.php?rest_route=\/wp\/v2\/pages\/13255\/revisions"}],"predecessor-version":[{"id":13256,"href":"https:\/\/www.lassebacklund.fi\/index.php?rest_route=\/wp\/v2\/pages\/13255\/revisions\/13256"}],"up":[{"embeddable":true,"href":"https:\/\/www.lassebacklund.fi\/index.php?rest_route=\/wp\/v2\/pages\/13107"}],"wp:attachment":[{"href":"https:\/\/www.lassebacklund.fi\/index.php?rest_route=%2Fwp%2Fv2%2Fmedia&parent=13255"}],"curies":[{"name":"wp","href":"https:\/\/api.w.org\/{rel}","templated":true}]}}