{"id":13249,"date":"2019-07-19T15:08:43","date_gmt":"2019-07-19T12:08:43","guid":{"rendered":"http:\/\/www.lassebacklund.fi\/?page_id=13249"},"modified":"2019-07-19T18:49:23","modified_gmt":"2019-07-19T15:49:23","slug":"vandagsdikt","status":"publish","type":"page","link":"https:\/\/www.lassebacklund.fi\/?page_id=13249","title":{"rendered":"V\u00e4ndagsdikt."},"content":{"rendered":"<p><span style=\"color: #000080;\">Evas h\u00e4lsning p\u00e5 Alla hj\u00e4rtans dag i februari 2015:<\/span><\/p>\n<h6><span lang=\"SV\" style=\"margin: 0px; color: #141823; font-family: 'Helvetica','sans-serif'; font-size: 12pt;\">Tack f\u00f6r att ni finns, k\u00e4ra v\u00e4nner.<\/span><\/h6>\n<h6><span lang=\"SV\" style=\"margin: 0px; color: #141823; font-family: 'Helvetica','sans-serif'; font-size: 12pt;\">Alla ni som jag mer eller mindre k\u00e4nner,<\/span><\/h6>\n<h6><span lang=\"SV\" style=\"margin: 0px; color: #141823; font-family: 'Helvetica','sans-serif'; font-size: 12pt;\">idag vill jag ge n\u00e5t rart till Dig:<\/span><\/h6>\n<h6><span lang=\"SV\" style=\"margin: 0px; color: #141823; font-family: 'Helvetica','sans-serif'; font-size: 12pt;\">h\u00e4r f\u00e5r du en v\u00e4ndagskram fr\u00e5n mig!<\/span><\/h6>\n<p>&nbsp;<\/p>\n<p><span style=\"color: #000080;\">Evas h\u00e4lsning p\u00e5 Alla hj\u00e4rtans dag i februari 2016:<\/span><\/p>\n<h6><span lang=\"SV\" style=\"margin: 0px; line-height: 115%; font-family: 'Helvetica','sans-serif'; font-size: 12pt;\"><span style=\"color: #000000;\">I dag vi borde alla vara i lag<\/span><\/span><\/h6>\n<h6><span lang=\"SV\" style=\"margin: 0px; line-height: 115%; font-family: 'Helvetica','sans-serif'; font-size: 12pt;\"><span style=\"color: #000000;\">p\u00e5 alla hj\u00e4rtans och v\u00e4nnernas dag.<\/span><\/span><\/h6>\n<h6><span lang=\"SV\" style=\"margin: 0px; line-height: 115%; font-family: 'Helvetica','sans-serif'; font-size: 12pt;\"><span style=\"color: #000000;\">Om det skulle g\u00e5 jag er alla ville bjuda<\/span><\/span><\/h6>\n<h6><span lang=\"SV\" style=\"margin: 0px; line-height: 115%; font-family: 'Helvetica','sans-serif'; font-size: 12pt;\"><span style=\"color: #000000;\">till oss, oj vad huset skulle sjuda<\/span><\/span><\/h6>\n<h6><span lang=\"SV\" style=\"margin: 0px; line-height: 115%; font-family: 'Helvetica','sans-serif'; font-size: 12pt;\"><span style=\"color: #000000;\">av glada skratt och trevliga minnen<\/span><\/span><\/h6>\n<h6><span lang=\"SV\" style=\"margin: 0px; line-height: 115%; font-family: 'Helvetica','sans-serif'; font-size: 12pt;\"><span style=\"color: #000000;\">s\u00e5nt som \u00e4r viktigt f\u00f6r alla sinnen.<\/span><\/span><\/h6>\n<h6><span lang=\"SV\" style=\"margin: 0px; line-height: 115%; font-family: 'Helvetica','sans-serif'; font-size: 12pt;\"><span style=\"color: #000000;\">Men detta knappast lyckas s\u00e5 jag \u00f6nskar blott:<\/span><\/span><\/h6>\n<h6><span lang=\"SV\" style=\"margin: 0px; line-height: 115%; font-family: 'Helvetica','sans-serif'; font-size: 12pt;\"><span style=\"color: #000000;\">ta hand om varandra och ha det s\u00e5 gott!<\/span><\/span><\/h6>\n<p>&nbsp;<\/p>\n<p><span style=\"color: #000080;\">Evas h\u00e4lsning p\u00e5 Alla hj\u00e4rtans dag i februari 2018:<\/span><\/p>\n<h6><span style=\"margin: 0px; line-height: 115%; font-family: 'Helvetica','sans-serif'; font-size: 12pt;\"><span style=\"color: #000000;\">Oj vad jag har grubblat och gnuggat dom gr\u00e5<\/span><\/span><\/h6>\n<h6><span style=\"margin: 0px; line-height: 115%; font-family: 'Helvetica','sans-serif'; font-size: 12pt;\"><span style=\"color: #000000;\">f\u00f6r att komma p\u00e5 n\u00e5t fint att i dag rimma p\u00e5.<\/span><\/span><\/h6>\n<h6><span style=\"margin: 0px; line-height: 115%; font-family: 'Helvetica','sans-serif'; font-size: 12pt;\"><span style=\"color: #000000;\">Ibland \u00e4r det helt tomt uppe i hj\u00e4rnbarken,<\/span><\/span><\/h6>\n<h6><span style=\"margin: 0px; line-height: 115%; font-family: 'Helvetica','sans-serif'; font-size: 12pt;\"><span style=\"color: #000000;\">kanske tomtarna p\u00e5 loftet helt enkelt har f\u00e5tt sparken.<\/span><\/span><\/h6>\n<p><span style=\"margin: 0px; line-height: 115%; font-family: 'Helvetica','sans-serif'; font-size: 12pt;\"><span style=\"color: #000000;\">\u00a0<\/span><\/span><\/p>\n<h6><span style=\"margin: 0px; line-height: 115%; font-family: 'Helvetica','sans-serif'; font-size: 12pt;\"><span style=\"color: #000000;\">Och just idag jag ville n\u00e5t riktigt vackert skriva<\/span><\/span><\/h6>\n<h6><span style=\"margin: 0px; line-height: 115%; font-family: 'Helvetica','sans-serif'; font-size: 12pt;\"><span style=\"color: #000000;\">men f\u00e5r nog ge upp och \u00e5t sidan kliva.<\/span><\/span><\/h6>\n<h6><span style=\"margin: 0px; line-height: 115%; font-family: 'Helvetica','sans-serif'; font-size: 12pt;\"><span style=\"color: #000000;\">S\u00e5 jag avslutar mitt alster med dessa enkla rader:<\/span><\/span><\/h6>\n<h6><span style=\"margin: 0px; line-height: 115%; font-family: 'Helvetica','sans-serif'; font-size: 12pt;\"><span style=\"color: #000000;\">Ha en fin v\u00e4ndag och ta hand om kvarader!<\/span><\/span><\/h6>\n<p><img loading=\"lazy\" decoding=\"async\" class=\"alignnone size-full wp-image-13248\" src=\"http:\/\/www.lassebacklund.fi\/wp-content\/uploads\/2019\/07\/V\u00e4ndagsdikt.jpg\" alt=\"\" width=\"1709\" height=\"1217\" srcset=\"https:\/\/www.lassebacklund.fi\/wp-content\/uploads\/2019\/07\/V\u00e4ndagsdikt.jpg 1709w, https:\/\/www.lassebacklund.fi\/wp-content\/uploads\/2019\/07\/V\u00e4ndagsdikt-300x214.jpg 300w, https:\/\/www.lassebacklund.fi\/wp-content\/uploads\/2019\/07\/V\u00e4ndagsdikt-768x547.jpg 768w, https:\/\/www.lassebacklund.fi\/wp-content\/uploads\/2019\/07\/V\u00e4ndagsdikt-1024x729.jpg 1024w\" sizes=\"auto, (max-width: 1709px) 100vw, 1709px\" \/><\/p>\n","protected":false},"excerpt":{"rendered":"<p>Evas h\u00e4lsning p\u00e5 Alla hj\u00e4rtans dag i februari 2015: Tack f\u00f6r att ni finns, k\u00e4ra v\u00e4nner. Alla ni som jag mer eller mindre k\u00e4nner, idag vill jag ge n\u00e5t rart till Dig: h\u00e4r f\u00e5r du en v\u00e4ndagskram fr\u00e5n mig! &nbsp; <a class=\"more-link\" href=\"https:\/\/www.lassebacklund.fi\/?page_id=13249\">Forts\u00e4tt l\u00e4sa <span class=\"screen-reader-text\">  V\u00e4ndagsdikt.<\/span><span class=\"meta-nav\">&rarr;<\/span><\/a><\/p>\n","protected":false},"author":1,"featured_media":0,"parent":13107,"menu_order":0,"comment_status":"closed","ping_status":"closed","template":"","meta":{"footnotes":""},"class_list":["post-13249","page","type-page","status-publish","hentry"],"_links":{"self":[{"href":"https:\/\/www.lassebacklund.fi\/index.php?rest_route=\/wp\/v2\/pages\/13249","targetHints":{"allow":["GET"]}}],"collection":[{"href":"https:\/\/www.lassebacklund.fi\/index.php?rest_route=\/wp\/v2\/pages"}],"about":[{"href":"https:\/\/www.lassebacklund.fi\/index.php?rest_route=\/wp\/v2\/types\/page"}],"author":[{"embeddable":true,"href":"https:\/\/www.lassebacklund.fi\/index.php?rest_route=\/wp\/v2\/users\/1"}],"replies":[{"embeddable":true,"href":"https:\/\/www.lassebacklund.fi\/index.php?rest_route=%2Fwp%2Fv2%2Fcomments&post=13249"}],"version-history":[{"count":4,"href":"https:\/\/www.lassebacklund.fi\/index.php?rest_route=\/wp\/v2\/pages\/13249\/revisions"}],"predecessor-version":[{"id":13261,"href":"https:\/\/www.lassebacklund.fi\/index.php?rest_route=\/wp\/v2\/pages\/13249\/revisions\/13261"}],"up":[{"embeddable":true,"href":"https:\/\/www.lassebacklund.fi\/index.php?rest_route=\/wp\/v2\/pages\/13107"}],"wp:attachment":[{"href":"https:\/\/www.lassebacklund.fi\/index.php?rest_route=%2Fwp%2Fv2%2Fmedia&parent=13249"}],"curies":[{"name":"wp","href":"https:\/\/api.w.org\/{rel}","templated":true}]}}