{"id":13239,"date":"2019-07-18T23:28:04","date_gmt":"2019-07-18T20:28:04","guid":{"rendered":"http:\/\/www.lassebacklund.fi\/?page_id=13239"},"modified":"2019-07-18T23:31:42","modified_gmt":"2019-07-18T20:31:42","slug":"arssammandrag","status":"publish","type":"page","link":"https:\/\/www.lassebacklund.fi\/?page_id=13239","title":{"rendered":"\u00c5rssammandrag."},"content":{"rendered":"<h6><span style=\"color: #000080;\">Skrivet av Eva p\u00e5 ny\u00e5rsaftonen 2016:<\/span><\/h6>\n<p>&nbsp;<\/p>\n<h6><span lang=\"SV\" style=\"margin: 0px; color: #1d2129; font-family: 'Helvetica','sans-serif'; font-size: 12pt;\">\u00c5r 2016 har kommit till sitt slut<\/span><\/h6>\n<h6><span lang=\"SV\" style=\"margin: 0px; color: #1d2129; font-family: 'Helvetica','sans-serif'; font-size: 12pt;\">n\u00e5gra timmar kvar, sen skjutes det ut.<\/span><\/h6>\n<h6><span lang=\"SV\" style=\"margin: 0px; color: #1d2129; font-family: 'Helvetica','sans-serif'; font-size: 12pt;\">Mycket har h\u00e4nt under dagarna som gick<\/span><\/h6>\n<h6><span lang=\"SV\" style=\"margin: 0px; color: #1d2129; font-family: 'Helvetica','sans-serif'; font-size: 12pt;\">nu vill jag bjuda p\u00e5 en \u00e5terblick.<\/span><\/h6>\n<h6><span lang=\"SV\" style=\"margin: 0px; color: #1d2129; font-family: 'Helvetica','sans-serif'; font-size: 12pt;\">\u00a0<\/span><\/h6>\n<h6><span lang=\"SV\" style=\"margin: 0px; color: #1d2129; font-family: 'Helvetica','sans-serif'; font-size: 12pt;\">Operationerna blev tv\u00e5 och resorna tre<\/span><\/h6>\n<h6><span lang=\"SV\" style=\"margin: 0px; color: #1d2129; font-family: 'Helvetica','sans-serif'; font-size: 12pt;\">och att fylla 60 hann jag ocks\u00e5 me.<\/span><\/h6>\n<h6><span lang=\"SV\" style=\"margin: 0px; color: #1d2129; font-family: 'Helvetica','sans-serif'; font-size: 12pt;\">Barnbarn nummer fem f\u00f6ddes i maj<\/span><\/h6>\n<h6><span lang=\"SV\" style=\"margin: 0px; color: #1d2129; font-family: 'Helvetica','sans-serif'; font-size: 12pt;\">ett br\u00f6llop, ett dop och f\u00f6delsedagspartaj.<\/span><\/h6>\n<h6><span lang=\"SV\" style=\"margin: 0px; color: #1d2129; font-family: 'Helvetica','sans-serif'; font-size: 12pt;\">\u00a0<\/span><\/h6>\n<h6><span lang=\"SV\" style=\"margin: 0px; color: #1d2129; font-family: 'Helvetica','sans-serif'; font-size: 12pt;\">Och d\u00e4remellan ett helt vanligt liv<\/span><\/h6>\n<h6><span lang=\"SV\" style=\"margin: 0px; color: #1d2129; font-family: 'Helvetica','sans-serif'; font-size: 12pt;\">jobb i tr\u00e4dg\u00e5rd och svampjakt med kniv.<\/span><\/h6>\n<h6><span lang=\"SV\" style=\"margin: 0px; color: #1d2129; font-family: 'Helvetica','sans-serif'; font-size: 12pt;\">Med k\u00f6ren har jag sjungit m\u00e5nga fina s\u00e5nger<\/span><\/h6>\n<h6><span lang=\"SV\" style=\"margin: 0px; color: #1d2129; font-family: 'Helvetica','sans-serif'; font-size: 12pt;\">och varit i skogen med k\u00e4restan flera g\u00e5nger.<\/span><\/h6>\n<h6><span lang=\"SV\" style=\"margin: 0px; color: #1d2129; font-family: 'Helvetica','sans-serif'; font-size: 12pt;\">\u00a0<\/span><\/h6>\n<h6><span lang=\"SV\" style=\"margin: 0px; color: #1d2129; font-family: 'Helvetica','sans-serif'; font-size: 12pt;\">\u00c4tit och druckit precis som alla andra,<\/span><\/h6>\n<h6><span lang=\"SV\" style=\"margin: 0px; color: #1d2129; font-family: 'Helvetica','sans-serif'; font-size: 12pt;\">lagt p\u00e5 mig skorna och g\u00e5tt f\u00f6r att vandra.<\/span><\/h6>\n<h6><span lang=\"SV\" style=\"margin: 0px; color: #1d2129; font-family: 'Helvetica','sans-serif'; font-size: 12pt;\">Sk\u00f6tt v\u00e5ra barnbarn, lekt och gungat med dem<\/span><\/h6>\n<h6><span lang=\"SV\" style=\"margin: 0px; color: #1d2129; font-family: 'Helvetica','sans-serif'; font-size: 12pt;\">ja, ber\u00e4ttade jag redan att nu \u00e4r dom fem?<\/span><\/h6>\n<h6><span lang=\"SV\" style=\"margin: 0px; color: #1d2129; font-family: 'Helvetica','sans-serif'; font-size: 12pt;\">\u00a0<\/span><\/h6>\n<h6><span lang=\"SV\" style=\"margin: 0px; color: #1d2129; font-family: 'Helvetica','sans-serif'; font-size: 12pt;\">I kv\u00e4ll skall vi fira bland goda v\u00e4nner<\/span><\/h6>\n<h6><span lang=\"SV\" style=\"margin: 0px; color: #1d2129; font-family: 'Helvetica','sans-serif'; font-size: 12pt;\">d\u00e4r vi brukar tr\u00e4ffa m\u00e5nga vi k\u00e4nner.<\/span><\/h6>\n<h6><span lang=\"SV\" style=\"margin: 0px; color: #1d2129; font-family: 'Helvetica','sans-serif'; font-size: 12pt;\">P\u00e5 Waskia d\u00e4r mat och dryck vi f\u00e5r.<\/span><\/h6>\n<h6><span lang=\"SV\" style=\"margin: 0px; color: #1d2129; font-family: 'Helvetica','sans-serif'; font-size: 12pt;\">H\u00e4rmed jag \u00f6nskar ett Gott Nytt \u00c5r!<\/span><\/h6>\n<figure id=\"attachment_13238\" aria-describedby=\"caption-attachment-13238\" style=\"width: 1680px\" class=\"wp-caption alignnone\"><img loading=\"lazy\" decoding=\"async\" class=\"size-full wp-image-13238\" src=\"http:\/\/www.lassebacklund.fi\/wp-content\/uploads\/2019\/07\/\u00c5rs\u00f6versikt.jpg\" alt=\"\" width=\"1680\" height=\"1216\" srcset=\"https:\/\/www.lassebacklund.fi\/wp-content\/uploads\/2019\/07\/\u00c5rs\u00f6versikt.jpg 1680w, https:\/\/www.lassebacklund.fi\/wp-content\/uploads\/2019\/07\/\u00c5rs\u00f6versikt-300x217.jpg 300w, https:\/\/www.lassebacklund.fi\/wp-content\/uploads\/2019\/07\/\u00c5rs\u00f6versikt-768x556.jpg 768w, https:\/\/www.lassebacklund.fi\/wp-content\/uploads\/2019\/07\/\u00c5rs\u00f6versikt-1024x741.jpg 1024w\" sizes=\"auto, (max-width: 1680px) 100vw, 1680px\" \/><figcaption id=\"caption-attachment-13238\" class=\"wp-caption-text\">..och allt gott f\u00f6r det kommande \u00e5ret!<\/figcaption><\/figure>\n","protected":false},"excerpt":{"rendered":"<p>Skrivet av Eva p\u00e5 ny\u00e5rsaftonen 2016: &nbsp; \u00c5r 2016 har kommit till sitt slut n\u00e5gra timmar kvar, sen skjutes det ut. Mycket har h\u00e4nt under dagarna som gick nu vill jag bjuda p\u00e5 en \u00e5terblick. \u00a0 Operationerna blev tv\u00e5 och <a class=\"more-link\" href=\"https:\/\/www.lassebacklund.fi\/?page_id=13239\">Forts\u00e4tt l\u00e4sa <span class=\"screen-reader-text\">  \u00c5rssammandrag.<\/span><span class=\"meta-nav\">&rarr;<\/span><\/a><\/p>\n","protected":false},"author":1,"featured_media":0,"parent":13107,"menu_order":0,"comment_status":"closed","ping_status":"closed","template":"","meta":{"footnotes":""},"class_list":["post-13239","page","type-page","status-publish","hentry"],"_links":{"self":[{"href":"https:\/\/www.lassebacklund.fi\/index.php?rest_route=\/wp\/v2\/pages\/13239","targetHints":{"allow":["GET"]}}],"collection":[{"href":"https:\/\/www.lassebacklund.fi\/index.php?rest_route=\/wp\/v2\/pages"}],"about":[{"href":"https:\/\/www.lassebacklund.fi\/index.php?rest_route=\/wp\/v2\/types\/page"}],"author":[{"embeddable":true,"href":"https:\/\/www.lassebacklund.fi\/index.php?rest_route=\/wp\/v2\/users\/1"}],"replies":[{"embeddable":true,"href":"https:\/\/www.lassebacklund.fi\/index.php?rest_route=%2Fwp%2Fv2%2Fcomments&post=13239"}],"version-history":[{"count":2,"href":"https:\/\/www.lassebacklund.fi\/index.php?rest_route=\/wp\/v2\/pages\/13239\/revisions"}],"predecessor-version":[{"id":13241,"href":"https:\/\/www.lassebacklund.fi\/index.php?rest_route=\/wp\/v2\/pages\/13239\/revisions\/13241"}],"up":[{"embeddable":true,"href":"https:\/\/www.lassebacklund.fi\/index.php?rest_route=\/wp\/v2\/pages\/13107"}],"wp:attachment":[{"href":"https:\/\/www.lassebacklund.fi\/index.php?rest_route=%2Fwp%2Fv2%2Fmedia&parent=13239"}],"curies":[{"name":"wp","href":"https:\/\/api.w.org\/{rel}","templated":true}]}}