{"id":13235,"date":"2019-07-18T23:11:21","date_gmt":"2019-07-18T20:11:21","guid":{"rendered":"http:\/\/www.lassebacklund.fi\/?page_id=13235"},"modified":"2019-07-18T23:11:21","modified_gmt":"2019-07-18T20:11:21","slug":"finrexin-vannen","status":"publish","type":"page","link":"https:\/\/www.lassebacklund.fi\/?page_id=13235","title":{"rendered":"Finrexin v\u00e4nnen"},"content":{"rendered":"<p><span style=\"color: #000080;\">Skrivet av Eva i februari 2019:<\/span><\/p>\n<h6><span style=\"margin: 0px; color: #1d2129; font-family: 'Helvetica','sans-serif'; font-size: 12pt;\">Jag har en ny v\u00e4n som heter Finrexin,<br \/>\ndet \u00e4r en r\u00f6d f\u00f6rkylningsmedicin.<br \/>\nMitt huvud \u00e4r fullt av tjock, gr\u00f6n snor<br \/>\nsom vill tr\u00e4nga ut genom varje por.<\/span><\/h6>\n<h6><span style=\"margin: 0px; color: #1d2129; font-family: 'Helvetica','sans-serif'; font-size: 12pt;\">\u00a0<\/span><\/h6>\n<h6><span style=\"margin: 0px; color: #1d2129; font-family: 'Helvetica','sans-serif'; font-size: 12pt;\">I g\u00e5r var det soffdag, jag l\u00e5g och l\u00e4ste<br \/>\nvar tionde minut jag ur n\u00e4san fr\u00e4ste.<br \/>\nI dag k\u00e4nns det b\u00e4ttre, uppe och kl\u00e4dd<br \/>\nmen med Nessu bredvid mig \u00e4r jag beredd!<\/span><\/h6>\n<h6><span style=\"margin: 0px; color: #1d2129; font-family: 'Helvetica','sans-serif'; font-size: 12pt;\">\u00a0<\/span><\/h6>\n<h6><span style=\"margin: 0px; color: #1d2129; font-family: 'Helvetica','sans-serif'; font-size: 12pt;\">Fr\u00e5n v\u00e4rme till kyla f\u00f6r en vecka sedan<br \/>\neller \u00e4r det den stora vinterledan<br \/>\nsom har slagit rot och g\u00f6r att jag ligger?<br \/>\nNej, om sympatier jag alls inte tigger!<\/span><\/h6>\n<p><span style=\"margin: 0px; color: #1d2129; font-family: 'Helvetica','sans-serif'; font-size: 12pt;\">\u00a0<\/span><\/p>\n<figure id=\"attachment_13234\" aria-describedby=\"caption-attachment-13234\" style=\"width: 1704px\" class=\"wp-caption alignnone\"><img loading=\"lazy\" decoding=\"async\" class=\"size-full wp-image-13234\" src=\"http:\/\/www.lassebacklund.fi\/wp-content\/uploads\/2019\/07\/Finrexin.jpg\" alt=\"\" width=\"1704\" height=\"2303\" srcset=\"https:\/\/www.lassebacklund.fi\/wp-content\/uploads\/2019\/07\/Finrexin.jpg 1704w, https:\/\/www.lassebacklund.fi\/wp-content\/uploads\/2019\/07\/Finrexin-222x300.jpg 222w, https:\/\/www.lassebacklund.fi\/wp-content\/uploads\/2019\/07\/Finrexin-768x1038.jpg 768w, https:\/\/www.lassebacklund.fi\/wp-content\/uploads\/2019\/07\/Finrexin-758x1024.jpg 758w\" sizes=\"auto, (max-width: 1704px) 100vw, 1704px\" \/><figcaption id=\"caption-attachment-13234\" class=\"wp-caption-text\">En hj\u00e4lp i n\u00f6den.<\/figcaption><\/figure>\n","protected":false},"excerpt":{"rendered":"<p>Skrivet av Eva i februari 2019: Jag har en ny v\u00e4n som heter Finrexin, det \u00e4r en r\u00f6d f\u00f6rkylningsmedicin. Mitt huvud \u00e4r fullt av tjock, gr\u00f6n snor som vill tr\u00e4nga ut genom varje por. \u00a0 I g\u00e5r var det soffdag, <a class=\"more-link\" href=\"https:\/\/www.lassebacklund.fi\/?page_id=13235\">Forts\u00e4tt l\u00e4sa <span class=\"screen-reader-text\">  Finrexin v\u00e4nnen<\/span><span class=\"meta-nav\">&rarr;<\/span><\/a><\/p>\n","protected":false},"author":1,"featured_media":0,"parent":13107,"menu_order":0,"comment_status":"closed","ping_status":"closed","template":"","meta":{"footnotes":""},"class_list":["post-13235","page","type-page","status-publish","hentry"],"_links":{"self":[{"href":"https:\/\/www.lassebacklund.fi\/index.php?rest_route=\/wp\/v2\/pages\/13235","targetHints":{"allow":["GET"]}}],"collection":[{"href":"https:\/\/www.lassebacklund.fi\/index.php?rest_route=\/wp\/v2\/pages"}],"about":[{"href":"https:\/\/www.lassebacklund.fi\/index.php?rest_route=\/wp\/v2\/types\/page"}],"author":[{"embeddable":true,"href":"https:\/\/www.lassebacklund.fi\/index.php?rest_route=\/wp\/v2\/users\/1"}],"replies":[{"embeddable":true,"href":"https:\/\/www.lassebacklund.fi\/index.php?rest_route=%2Fwp%2Fv2%2Fcomments&post=13235"}],"version-history":[{"count":1,"href":"https:\/\/www.lassebacklund.fi\/index.php?rest_route=\/wp\/v2\/pages\/13235\/revisions"}],"predecessor-version":[{"id":13236,"href":"https:\/\/www.lassebacklund.fi\/index.php?rest_route=\/wp\/v2\/pages\/13235\/revisions\/13236"}],"up":[{"embeddable":true,"href":"https:\/\/www.lassebacklund.fi\/index.php?rest_route=\/wp\/v2\/pages\/13107"}],"wp:attachment":[{"href":"https:\/\/www.lassebacklund.fi\/index.php?rest_route=%2Fwp%2Fv2%2Fmedia&parent=13235"}],"curies":[{"name":"wp","href":"https:\/\/api.w.org\/{rel}","templated":true}]}}