{"id":13207,"date":"2019-07-18T21:24:01","date_gmt":"2019-07-18T18:24:01","guid":{"rendered":"http:\/\/www.lassebacklund.fi\/?page_id=13207"},"modified":"2019-07-18T21:27:57","modified_gmt":"2019-07-18T18:27:57","slug":"vietnam","status":"publish","type":"page","link":"https:\/\/www.lassebacklund.fi\/?page_id=13207","title":{"rendered":"Vietnam."},"content":{"rendered":"<p><span style=\"color: #000080; font-family: 'Helvetica','sans-serif';\">Skrivet av Eva inf\u00f6r en resa till Vietnam i januari 2018:<\/span><\/p>\n<h6><span style=\"margin: 0px; line-height: 115%; font-family: 'Helvetica','sans-serif'; font-size: 12pt;\"><span style=\"color: #000000;\">Plockar, provar, stryker och viker kl\u00e4der<\/span><\/span><\/h6>\n<h6><span style=\"margin: 0px; line-height: 115%; font-family: 'Helvetica','sans-serif'; font-size: 12pt;\"><span style=\"color: #000000;\">s\u00e5dana som passar f\u00f6r varmt och soligt v\u00e4der.<\/span><\/span><\/h6>\n<h6><span style=\"margin: 0px; line-height: 115%; font-family: 'Helvetica','sans-serif'; font-size: 12pt;\"><span style=\"color: #000000;\">Shorts och kjolar som slutar ovanf\u00f6r kn\u00e4na<\/span><\/span><\/h6>\n<h6><span style=\"margin: 0px; line-height: 115%; font-family: 'Helvetica','sans-serif'; font-size: 12pt;\"><span style=\"color: #000000;\">f\u00f6r jag vill ju ocks\u00e5 bli brun om bena.<\/span><\/span><\/h6>\n<p><span style=\"margin: 0px; line-height: 115%; font-family: 'Helvetica','sans-serif'; font-size: 12pt;\"><span style=\"color: #000000;\">\u00a0<\/span><\/span><\/p>\n<h6><span style=\"margin: 0px; line-height: 115%; font-family: 'Helvetica','sans-serif'; font-size: 12pt;\"><span style=\"color: #000000;\">Shampoo och medel f\u00f6r att skydda huden,<\/span><\/span><\/h6>\n<h6><span style=\"margin: 0px; line-height: 115%; font-family: 'Helvetica','sans-serif'; font-size: 12pt;\"><span style=\"color: #000000;\">m\u00e5ste raka benen f\u00f6r jag \u00e4r ganska luden!<\/span><\/span><\/h6>\n<h6><span style=\"margin: 0px; line-height: 115%; font-family: 'Helvetica','sans-serif'; font-size: 12pt;\"><span style=\"color: #000000;\">H\u00e5rtork och borste och en v\u00e4ska medicin,<\/span><\/span><\/h6>\n<h6><span style=\"margin: 0px; line-height: 115%; font-family: 'Helvetica','sans-serif'; font-size: 12pt;\"><span style=\"color: #000000;\">mitt vita halsband ifall jag vill va fin.<\/span><\/span><\/h6>\n<p><span style=\"margin: 0px; line-height: 115%; font-family: 'Helvetica','sans-serif'; font-size: 12pt;\"><span style=\"color: #000000;\">\u00a0<\/span><\/span><\/p>\n<h6><span style=\"margin: 0px; line-height: 115%; font-family: 'Helvetica','sans-serif'; font-size: 12pt;\"><span style=\"color: #000000;\">En bok och en tidning och telefonens laddare,<\/span><\/span><\/h6>\n<h6><span style=\"margin: 0px; line-height: 115%; font-family: 'Helvetica','sans-serif'; font-size: 12pt;\"><span style=\"color: #000000;\">allt ska rymmas i v\u00e4skan, en stor rosa baddare.<\/span><\/span><\/h6>\n<h6><span style=\"margin: 0px; line-height: 115%; font-family: 'Helvetica','sans-serif'; font-size: 12pt;\"><span style=\"color: #000000;\">Men skall man vara borta i veckorna tv\u00e5<\/span><\/span><\/h6>\n<h6><span style=\"margin: 0px; line-height: 115%; font-family: 'Helvetica','sans-serif'; font-size: 12pt;\"><span style=\"color: #000000;\">beh\u00f6ver man allt viktigt nog med sig f\u00e5.<\/span><\/span><\/h6>\n<p><span style=\"margin: 0px; line-height: 115%; font-family: 'Helvetica','sans-serif'; font-size: 12pt;\"><span style=\"color: #000000;\">\u00a0<\/span><\/span><\/p>\n<h6><span style=\"margin: 0px; line-height: 115%; font-family: 'Helvetica','sans-serif'; font-size: 12pt;\"><span style=\"color: #000000;\">I morgon vi l\u00e5ser huset och flyger \u00f6sterut<\/span><\/span><\/h6>\n<h6><span style=\"margin: 0px; line-height: 115%; font-family: 'Helvetica','sans-serif'; font-size: 12pt;\"><span style=\"color: #000000;\">till ett land d\u00e4r vi aldrig varit f\u00f6rut.<\/span><\/span><\/h6>\n<h6><span style=\"margin: 0px; line-height: 115%; font-family: 'Helvetica','sans-serif'; font-size: 12pt;\"><span style=\"color: #000000;\">Det tar m\u00e5nga timmar men n\u00e4r vi kommer fram<\/span><\/span><\/h6>\n<h6><span style=\"margin: 0px; line-height: 115%; font-family: 'Helvetica','sans-serif'; font-size: 12pt;\"><span style=\"color: #000000;\">s\u00e5 borde vi vara i Saigon i Kveitnam!<\/span><\/span><\/h6>\n<figure id=\"attachment_13206\" aria-describedby=\"caption-attachment-13206\" style=\"width: 1280px\" class=\"wp-caption alignnone\"><img loading=\"lazy\" decoding=\"async\" class=\"size-full wp-image-13206\" src=\"http:\/\/www.lassebacklund.fi\/wp-content\/uploads\/2019\/07\/Vietnam.jpg\" alt=\"\" width=\"1280\" height=\"960\" srcset=\"https:\/\/www.lassebacklund.fi\/wp-content\/uploads\/2019\/07\/Vietnam.jpg 1280w, https:\/\/www.lassebacklund.fi\/wp-content\/uploads\/2019\/07\/Vietnam-300x225.jpg 300w, https:\/\/www.lassebacklund.fi\/wp-content\/uploads\/2019\/07\/Vietnam-768x576.jpg 768w, https:\/\/www.lassebacklund.fi\/wp-content\/uploads\/2019\/07\/Vietnam-1024x768.jpg 1024w\" sizes=\"auto, (max-width: 1280px) 100vw, 1280px\" \/><figcaption id=\"caption-attachment-13206\" class=\"wp-caption-text\">Selfie fr\u00e5n Vietnam, eller Kveitnam som det heter p\u00e5 N\u00e4rpesdialekten, d\u00e4r man ofta s\u00e4tter ett K framf\u00f6r ett ord som b\u00f6rjar p\u00e5 V.<\/figcaption><\/figure>\n","protected":false},"excerpt":{"rendered":"<p>Skrivet av Eva inf\u00f6r en resa till Vietnam i januari 2018: Plockar, provar, stryker och viker kl\u00e4der s\u00e5dana som passar f\u00f6r varmt och soligt v\u00e4der. Shorts och kjolar som slutar ovanf\u00f6r kn\u00e4na f\u00f6r jag vill ju ocks\u00e5 bli brun om <a class=\"more-link\" href=\"https:\/\/www.lassebacklund.fi\/?page_id=13207\">Forts\u00e4tt l\u00e4sa <span class=\"screen-reader-text\">  Vietnam.<\/span><span class=\"meta-nav\">&rarr;<\/span><\/a><\/p>\n","protected":false},"author":1,"featured_media":0,"parent":13107,"menu_order":0,"comment_status":"closed","ping_status":"closed","template":"","meta":{"footnotes":""},"class_list":["post-13207","page","type-page","status-publish","hentry"],"_links":{"self":[{"href":"https:\/\/www.lassebacklund.fi\/index.php?rest_route=\/wp\/v2\/pages\/13207","targetHints":{"allow":["GET"]}}],"collection":[{"href":"https:\/\/www.lassebacklund.fi\/index.php?rest_route=\/wp\/v2\/pages"}],"about":[{"href":"https:\/\/www.lassebacklund.fi\/index.php?rest_route=\/wp\/v2\/types\/page"}],"author":[{"embeddable":true,"href":"https:\/\/www.lassebacklund.fi\/index.php?rest_route=\/wp\/v2\/users\/1"}],"replies":[{"embeddable":true,"href":"https:\/\/www.lassebacklund.fi\/index.php?rest_route=%2Fwp%2Fv2%2Fcomments&post=13207"}],"version-history":[{"count":4,"href":"https:\/\/www.lassebacklund.fi\/index.php?rest_route=\/wp\/v2\/pages\/13207\/revisions"}],"predecessor-version":[{"id":13212,"href":"https:\/\/www.lassebacklund.fi\/index.php?rest_route=\/wp\/v2\/pages\/13207\/revisions\/13212"}],"up":[{"embeddable":true,"href":"https:\/\/www.lassebacklund.fi\/index.php?rest_route=\/wp\/v2\/pages\/13107"}],"wp:attachment":[{"href":"https:\/\/www.lassebacklund.fi\/index.php?rest_route=%2Fwp%2Fv2%2Fmedia&parent=13207"}],"curies":[{"name":"wp","href":"https:\/\/api.w.org\/{rel}","templated":true}]}}