{"id":13129,"date":"2019-07-15T23:47:12","date_gmt":"2019-07-15T20:47:12","guid":{"rendered":"http:\/\/www.lassebacklund.fi\/?page_id=13129"},"modified":"2019-07-15T23:50:07","modified_gmt":"2019-07-15T20:50:07","slug":"bantarens-dilemma","status":"publish","type":"page","link":"https:\/\/www.lassebacklund.fi\/?page_id=13129","title":{"rendered":"Bantarens dilemma."},"content":{"rendered":"<h6><span lang=\"SV\" style=\"margin: 0px; color: #1d2129; font-family: 'Helvetica','sans-serif'; font-size: 10.5pt;\">T\u00e4nk att det ska vara s\u00e5 hoppl\u00f6st sv\u00e5rt<\/span><\/h6>\n<h6><span lang=\"SV\" style=\"margin: 0px; color: #1d2129; font-family: 'Helvetica','sans-serif'; font-size: 10.5pt;\">att n\u00e5gra kilon fr\u00e5n kroppen f\u00e5 bort.<\/span><\/h6>\n<h6><span lang=\"SV\" style=\"margin: 0px; color: #1d2129; font-family: 'Helvetica','sans-serif'; font-size: 10.5pt;\">Ni vet, de som smyger sig p\u00e5 med \u00e5ren,<\/span><\/h6>\n<h6><span lang=\"SV\" style=\"margin: 0px; color: #1d2129; font-family: 'Helvetica','sans-serif'; font-size: 10.5pt;\">s\u00e4tter sig som korvar runt midjan och l\u00e5ren<\/span><\/h6>\n<h6><span lang=\"SV\" style=\"margin: 0px; color: #1d2129; font-family: 'Helvetica','sans-serif'; font-size: 10.5pt;\">och pl\u00f6tsligt s\u00e5 passar ej l\u00e4ngre vanliga kl\u00e4der<\/span><\/h6>\n<h6><span lang=\"SV\" style=\"margin: 0px; color: #1d2129; font-family: 'Helvetica','sans-serif'; font-size: 10.5pt;\">utan det ska vara mjukis och stretch i alla v\u00e4der.<\/span><\/h6>\n<p><span lang=\"SV\" style=\"margin: 0px; color: #1d2129; font-family: 'Helvetica','sans-serif'; font-size: 10.5pt;\">\u00a0<\/span><\/p>\n<h6><span lang=\"SV\" style=\"margin: 0px; color: #1d2129; font-family: 'Helvetica','sans-serif'; font-size: 10.5pt;\">Jag tycker om mat, det m\u00e5ste jag erk\u00e4nna<\/span><\/h6>\n<h6><span lang=\"SV\" style=\"margin: 0px; color: #1d2129; font-family: 'Helvetica','sans-serif'; font-size: 10.5pt;\">och det \u00e4r egentligen mitt stora dilemma.<\/span><\/h6>\n<h6><span lang=\"SV\" style=\"margin: 0px; color: #1d2129; font-family: 'Helvetica','sans-serif'; font-size: 10.5pt;\">\u00c4ter r\u00e4tt nyttigt av b\u00e5de frukt, gr\u00f6nt och fisk<\/span><\/h6>\n<h6><span lang=\"SV\" style=\"margin: 0px; color: #1d2129; font-family: 'Helvetica','sans-serif'; font-size: 10.5pt;\">men tar g\u00e4rna till, att l\u00e4mna \u00e4r ju trist.<\/span><\/h6>\n<h6><span lang=\"SV\" style=\"margin: 0px; color: #1d2129; font-family: 'Helvetica','sans-serif'; font-size: 10.5pt;\">Men n\u00e4stan inget godis, chips eller bulla<\/span><\/h6>\n<h6><span lang=\"SV\" style=\"margin: 0px; color: #1d2129; font-family: 'Helvetica','sans-serif'; font-size: 10.5pt;\">\u00e5t jag \u00e4ven det, s\u00e5 skulle jag v\u00e4l rulla.<\/span><\/h6>\n<p><span lang=\"SV\" style=\"margin: 0px; color: #1d2129; font-family: 'Helvetica','sans-serif'; font-size: 10.5pt;\">\u00a0<\/span><\/p>\n<h6><span lang=\"SV\" style=\"margin: 0px; color: #1d2129; font-family: 'Helvetica','sans-serif'; font-size: 10.5pt;\">Jag f\u00f6rs\u00f6ker motionera s\u00e5 gott det g\u00e5r,<\/span><\/h6>\n<h6><span lang=\"SV\" style=\"margin: 0px; color: #1d2129; font-family: 'Helvetica','sans-serif'; font-size: 10.5pt;\">torrborstar varje kv\u00e4ll mina cellulitiska l\u00e5r.<\/span><\/h6>\n<h6><span lang=\"SV\" style=\"margin: 0px; color: #1d2129; font-family: 'Helvetica','sans-serif'; font-size: 10.5pt;\">Hur jag \u00e4n f\u00f6rs\u00f6ker vill ej v\u00e5gen som jag<\/span><\/h6>\n<h6><span lang=\"SV\" style=\"margin: 0px; color: #1d2129; font-family: 'Helvetica','sans-serif'; font-size: 10.5pt;\">ett kilo ner och tv\u00e5 upp om n\u00e5n dag.<\/span><\/h6>\n<h6><span lang=\"SV\" style=\"margin: 0px; color: #1d2129; font-family: 'Helvetica','sans-serif'; font-size: 10.5pt;\">F\u00e5r v\u00e4l ta till min enda lilla tr\u00f6st:<\/span><\/h6>\n<h6><span lang=\"SV\" style=\"margin: 0px; color: #1d2129; font-family: 'Helvetica','sans-serif'; font-size: 10.5pt;\">har \u00e4ven blivit rundare om barm och br\u00f6st!<\/span><\/h6>\n<figure id=\"attachment_13128\" aria-describedby=\"caption-attachment-13128\" style=\"width: 1227px\" class=\"wp-caption alignnone\"><img loading=\"lazy\" decoding=\"async\" class=\"size-full wp-image-13128\" src=\"http:\/\/www.lassebacklund.fi\/wp-content\/uploads\/2019\/07\/Bantarens-dilemma.jpg\" alt=\"\" width=\"1227\" height=\"920\" srcset=\"https:\/\/www.lassebacklund.fi\/wp-content\/uploads\/2019\/07\/Bantarens-dilemma.jpg 1227w, https:\/\/www.lassebacklund.fi\/wp-content\/uploads\/2019\/07\/Bantarens-dilemma-300x225.jpg 300w, https:\/\/www.lassebacklund.fi\/wp-content\/uploads\/2019\/07\/Bantarens-dilemma-768x576.jpg 768w, https:\/\/www.lassebacklund.fi\/wp-content\/uploads\/2019\/07\/Bantarens-dilemma-1024x768.jpg 1024w\" sizes=\"auto, (max-width: 1227px) 100vw, 1227px\" \/><figcaption id=\"caption-attachment-13128\" class=\"wp-caption-text\">Det h\u00e4r kan vara bantarens b\u00e4sta v\u00e4n eller den v\u00e4rsta och mest avskyv\u00e4rda fiende.<\/figcaption><\/figure>\n","protected":false},"excerpt":{"rendered":"<p>T\u00e4nk att det ska vara s\u00e5 hoppl\u00f6st sv\u00e5rt att n\u00e5gra kilon fr\u00e5n kroppen f\u00e5 bort. Ni vet, de som smyger sig p\u00e5 med \u00e5ren, s\u00e4tter sig som korvar runt midjan och l\u00e5ren och pl\u00f6tsligt s\u00e5 passar ej l\u00e4ngre vanliga kl\u00e4der <a class=\"more-link\" href=\"https:\/\/www.lassebacklund.fi\/?page_id=13129\">Forts\u00e4tt l\u00e4sa <span class=\"screen-reader-text\">  Bantarens dilemma.<\/span><span class=\"meta-nav\">&rarr;<\/span><\/a><\/p>\n","protected":false},"author":1,"featured_media":0,"parent":13107,"menu_order":0,"comment_status":"closed","ping_status":"closed","template":"","meta":{"footnotes":""},"class_list":["post-13129","page","type-page","status-publish","hentry"],"_links":{"self":[{"href":"https:\/\/www.lassebacklund.fi\/index.php?rest_route=\/wp\/v2\/pages\/13129","targetHints":{"allow":["GET"]}}],"collection":[{"href":"https:\/\/www.lassebacklund.fi\/index.php?rest_route=\/wp\/v2\/pages"}],"about":[{"href":"https:\/\/www.lassebacklund.fi\/index.php?rest_route=\/wp\/v2\/types\/page"}],"author":[{"embeddable":true,"href":"https:\/\/www.lassebacklund.fi\/index.php?rest_route=\/wp\/v2\/users\/1"}],"replies":[{"embeddable":true,"href":"https:\/\/www.lassebacklund.fi\/index.php?rest_route=%2Fwp%2Fv2%2Fcomments&post=13129"}],"version-history":[{"count":3,"href":"https:\/\/www.lassebacklund.fi\/index.php?rest_route=\/wp\/v2\/pages\/13129\/revisions"}],"predecessor-version":[{"id":13133,"href":"https:\/\/www.lassebacklund.fi\/index.php?rest_route=\/wp\/v2\/pages\/13129\/revisions\/13133"}],"up":[{"embeddable":true,"href":"https:\/\/www.lassebacklund.fi\/index.php?rest_route=\/wp\/v2\/pages\/13107"}],"wp:attachment":[{"href":"https:\/\/www.lassebacklund.fi\/index.php?rest_route=%2Fwp%2Fv2%2Fmedia&parent=13129"}],"curies":[{"name":"wp","href":"https:\/\/api.w.org\/{rel}","templated":true}]}}