{"id":13097,"date":"2019-07-15T19:33:12","date_gmt":"2019-07-15T16:33:12","guid":{"rendered":"http:\/\/www.lassebacklund.fi\/?page_id=13097"},"modified":"2023-08-11T23:19:48","modified_gmt":"2023-08-11T20:19:48","slug":"evas-diktsamlingar","status":"publish","type":"page","link":"https:\/\/www.lassebacklund.fi\/?page_id=13097","title":{"rendered":"Evas diktsamlingar."},"content":{"rendered":"<p>Eva Backlund har under en l\u00e5ng tid skrivit flera dikter och s\u00e5nger. En del av dessa har varit publicerade p\u00e5 Facebook men nu finns de samlade ocks\u00e5 p\u00e5 denna hemsida. Dikterna publiceras i diktsamlingar, som inneh\u00e5ller ungef\u00e4r 20 dikter var. B\u00f6rja med att v\u00e4lja \u00f6nskad diktsamling nedan. Trevliga l\u00e4sstunder!<\/p>\n<h6><a class=\"fasc-button fasc-size-medium fasc-type-glossy fasc-rounded-medium\" style=\"background-color: #33809e; color: #ffffff;\" href=\"http:\/\/www.lassebacklund.fi\/?page_id=12953\">Diktsamling nr 1.<\/a><\/h6>\n<h6><a class=\"fasc-button fasc-size-medium fasc-type-glossy fasc-rounded-medium\" style=\"background-color: #33809e; color: #ffffff;\" href=\"http:\/\/www.lassebacklund.fi\/?page_id=13107\">Diktsamling nr 2.<\/a><\/h6>\n<h6><a class=\"fasc-button fasc-size-medium fasc-type-glossy fasc-rounded-medium\" style=\"background-color: #33809e; color: #ffffff;\" href=\"http:\/\/www.lassebacklund.fi\/?page_id=13531\">Diktsamling nr 3.<\/a><\/h6>\n<h6><a class=\"fasc-button fasc-size-medium fasc-type-glossy fasc-rounded-medium\" style=\"background-color: #33809e; color: #ffffff;\" href=\"http:\/\/www.lassebacklund.fi\/?page_id=16671\">Diktsamling nr 4.<\/a><\/h6>\n<p><a class=\"fasc-button fasc-size-medium fasc-type-glossy fasc-rounded-medium\" style=\"background-color: #33809e; color: #ffffff;\" href=\"https:\/\/www.lassebacklund.fi\/?page_id=21547\">Diktsamling nr 5.<\/a><\/p>\n","protected":false},"excerpt":{"rendered":"<p>Eva Backlund har under en l\u00e5ng tid skrivit flera dikter och s\u00e5nger. En del av dessa har varit publicerade p\u00e5 Facebook men nu finns de samlade ocks\u00e5 p\u00e5 denna hemsida. Dikterna publiceras i diktsamlingar, som inneh\u00e5ller ungef\u00e4r 20 dikter var. <a class=\"more-link\" href=\"https:\/\/www.lassebacklund.fi\/?page_id=13097\">Forts\u00e4tt l\u00e4sa <span class=\"screen-reader-text\">  Evas diktsamlingar.<\/span><span class=\"meta-nav\">&rarr;<\/span><\/a><\/p>\n","protected":false},"author":1,"featured_media":0,"parent":19,"menu_order":10,"comment_status":"closed","ping_status":"closed","template":"","meta":{"footnotes":""},"class_list":["post-13097","page","type-page","status-publish","hentry"],"_links":{"self":[{"href":"https:\/\/www.lassebacklund.fi\/index.php?rest_route=\/wp\/v2\/pages\/13097","targetHints":{"allow":["GET"]}}],"collection":[{"href":"https:\/\/www.lassebacklund.fi\/index.php?rest_route=\/wp\/v2\/pages"}],"about":[{"href":"https:\/\/www.lassebacklund.fi\/index.php?rest_route=\/wp\/v2\/types\/page"}],"author":[{"embeddable":true,"href":"https:\/\/www.lassebacklund.fi\/index.php?rest_route=\/wp\/v2\/users\/1"}],"replies":[{"embeddable":true,"href":"https:\/\/www.lassebacklund.fi\/index.php?rest_route=%2Fwp%2Fv2%2Fcomments&post=13097"}],"version-history":[{"count":16,"href":"https:\/\/www.lassebacklund.fi\/index.php?rest_route=\/wp\/v2\/pages\/13097\/revisions"}],"predecessor-version":[{"id":21554,"href":"https:\/\/www.lassebacklund.fi\/index.php?rest_route=\/wp\/v2\/pages\/13097\/revisions\/21554"}],"up":[{"embeddable":true,"href":"https:\/\/www.lassebacklund.fi\/index.php?rest_route=\/wp\/v2\/pages\/19"}],"wp:attachment":[{"href":"https:\/\/www.lassebacklund.fi\/index.php?rest_route=%2Fwp%2Fv2%2Fmedia&parent=13097"}],"curies":[{"name":"wp","href":"https:\/\/api.w.org\/{rel}","templated":true}]}}