{"id":13077,"date":"2019-07-11T21:51:21","date_gmt":"2019-07-11T18:51:21","guid":{"rendered":"http:\/\/www.lassebacklund.fi\/?page_id=13077"},"modified":"2019-07-11T21:54:28","modified_gmt":"2019-07-11T18:54:28","slug":"pensionarsklubbens-lystringssang","status":"publish","type":"page","link":"https:\/\/www.lassebacklund.fi\/?page_id=13077","title":{"rendered":"Pension\u00e4rsklubbens lystringss\u00e5ng."},"content":{"rendered":"<h6><span style=\"color: #000080;\">Lappfj\u00e4rds pension\u00e4rklubbs lystringss\u00e5ng \u00e4r skriven av Eva. <\/span><\/h6>\n<h6><span style=\"color: #000080;\">Melodin \u00e4r &#8221;Idas sommarvisa&#8221;.<\/span><\/h6>\n<h6><\/h6>\n<h6><\/h6>\n<h6><span style=\"margin: 0px; font-family: 'Helvetica','sans-serif';\"><span style=\"color: #000000;\">Man ska inte tro man \u00e4r gammal<\/span><\/span><\/h6>\n<h6><span style=\"margin: 0px; font-family: 'Helvetica','sans-serif';\"><span style=\"color: #000000;\">fast man nu har blitt pension\u00e4r.<\/span><\/span><\/h6>\n<h6><span style=\"margin: 0px; font-family: 'Helvetica','sans-serif';\"><span style=\"color: #000000;\">Men man har ju levat r\u00e4tt l\u00e4nge<\/span><\/span><\/h6>\n<h6><span style=\"margin: 0px; font-family: 'Helvetica','sans-serif';\"><span style=\"color: #000000;\">och trampat p\u00e5 stigarna h\u00e4r.<\/span><\/span><\/h6>\n<h6><span style=\"margin: 0px; font-family: 'Helvetica','sans-serif';\"><span style=\"color: #000000;\">Se vi, vi \u00e4r glada seniorer<\/span><\/span><\/h6>\n<h6><span style=\"margin: 0px; font-family: 'Helvetica','sans-serif';\"><span style=\"color: #000000;\">som samlas s\u00e5 n\u00e4rhelst vi vill<\/span><\/span><\/h6>\n<h6><span style=\"margin: 0px; font-family: 'Helvetica','sans-serif';\"><span style=\"color: #000000;\">vi h\u00f6r till en livlig f\u00f6re-ening<\/span><\/span><\/h6>\n<h6><span style=\"margin: 0px; font-family: 'Helvetica','sans-serif';\"><span style=\"color: #000000;\">v\u00e5r tid den vill ej r\u00e4cka till.<\/span><\/span><\/h6>\n<p><span style=\"margin: 0px; font-family: 'Helvetica','sans-serif';\"><span style=\"color: #000000;\">\u00a0<\/span><\/span><\/p>\n<h6><span style=\"margin: 0px; font-family: 'Helvetica','sans-serif';\"><span style=\"color: #000000;\">Vi samlas och vandrar med stavar<\/span><\/span><\/h6>\n<h6><span style=\"margin: 0px; font-family: 'Helvetica','sans-serif';\"><span style=\"color: #000000;\">och reser med buss nu som d\u00e5,<\/span><\/span><\/h6>\n<h6><span style=\"margin: 0px; font-family: 'Helvetica','sans-serif';\"><span style=\"color: #000000;\">vi s\u00e4ljer b\u00e5d korvar och lotter<\/span><\/span><\/h6>\n<h6><span style=\"margin: 0px; font-family: 'Helvetica','sans-serif';\"><span style=\"color: #000000;\">s\u00e5 att n\u00e5gra euron vi f\u00e5.<\/span><\/span><\/h6>\n<h6><span style=\"margin: 0px; font-family: 'Helvetica','sans-serif';\"><span style=\"color: #000000;\">Sen har vi en k\u00f6r d\u00e4r vi trallar,<\/span><\/span><\/h6>\n<h6><span style=\"margin: 0px; font-family: 'Helvetica','sans-serif';\"><span style=\"color: #000000;\">det h\u00f6r liksom ju bara till<\/span><\/span><\/h6>\n<h6><span style=\"color: #000000;\"><u><span style=\"margin: 0px; font-family: 'Helvetica','sans-serif';\">att<\/span><\/u><span style=\"margin: 0px; font-family: 'Helvetica','sans-serif';\"> g\u00f6ra s\u00e5nt som \u00e4r trevligt<\/span><\/span><\/h6>\n<h6><span style=\"margin: 0px; font-family: 'Helvetica','sans-serif';\"><span style=\"color: #000000;\">s\u00e5dant som vi-i sj\u00e4lva vill.<\/span><\/span><\/h6>\n<p><span style=\"margin: 0px; font-family: 'Helvetica','sans-serif';\"><span style=\"color: #000000;\">\u00a0<\/span><\/span><\/p>\n<h6><span style=\"margin: 0px; font-family: 'Helvetica','sans-serif';\"><span style=\"color: #000000;\">S\u00e5 om Du vill ha nya v\u00e4nner<\/span><\/span><\/h6>\n<h6><span style=\"margin: 0px; font-family: 'Helvetica','sans-serif';\"><span style=\"color: #000000;\">kom med i v\u00e5rt hurtiga g\u00e4ng.<\/span><\/span><\/h6>\n<h6><span style=\"margin: 0px; font-family: 'Helvetica','sans-serif';\"><span style=\"color: #000000;\">Kanh\u00e4nda att m\u00e5nga Du k\u00e4nner,<\/span><\/span><\/h6>\n<h6><span style=\"margin: 0px; font-family: 'Helvetica','sans-serif';\"><span style=\"color: #000000;\">all blyghet ska Du ta och sl\u00e4ng.<\/span><\/span><\/h6>\n<h6><span style=\"margin: 0px; font-family: 'Helvetica','sans-serif';\"><span style=\"color: #000000;\">Vi alla beh\u00f6ver varandra<\/span><\/span><\/h6>\n<h6><span style=\"margin: 0px; font-family: 'Helvetica','sans-serif';\"><span style=\"color: #000000;\">p\u00e5 s\u00e5 vis kan vi hj\u00e4lpas \u00e5t,<\/span><\/span><\/h6>\n<h6><span style=\"margin: 0px; font-family: 'Helvetica','sans-serif';\"><span style=\"color: #000000;\">att g\u00f6ra v\u00e5r tillvaro solig<\/span><\/span><\/h6>\n<h6><span style=\"margin: 0px; font-family: 'Helvetica','sans-serif';\"><span style=\"color: #000000;\">vi sitter ju i samma b\u00e5t!<\/span><\/span><\/h6>\n","protected":false},"excerpt":{"rendered":"<p>Lappfj\u00e4rds pension\u00e4rklubbs lystringss\u00e5ng \u00e4r skriven av Eva. Melodin \u00e4r &#8221;Idas sommarvisa&#8221;. Man ska inte tro man \u00e4r gammal fast man nu har blitt pension\u00e4r. Men man har ju levat r\u00e4tt l\u00e4nge och trampat p\u00e5 stigarna h\u00e4r. Se vi, vi \u00e4r <a class=\"more-link\" href=\"https:\/\/www.lassebacklund.fi\/?page_id=13077\">Forts\u00e4tt l\u00e4sa <span class=\"screen-reader-text\">  Pension\u00e4rsklubbens lystringss\u00e5ng.<\/span><span class=\"meta-nav\">&rarr;<\/span><\/a><\/p>\n","protected":false},"author":1,"featured_media":0,"parent":12953,"menu_order":0,"comment_status":"closed","ping_status":"closed","template":"","meta":{"footnotes":""},"class_list":["post-13077","page","type-page","status-publish","hentry"],"_links":{"self":[{"href":"https:\/\/www.lassebacklund.fi\/index.php?rest_route=\/wp\/v2\/pages\/13077","targetHints":{"allow":["GET"]}}],"collection":[{"href":"https:\/\/www.lassebacklund.fi\/index.php?rest_route=\/wp\/v2\/pages"}],"about":[{"href":"https:\/\/www.lassebacklund.fi\/index.php?rest_route=\/wp\/v2\/types\/page"}],"author":[{"embeddable":true,"href":"https:\/\/www.lassebacklund.fi\/index.php?rest_route=\/wp\/v2\/users\/1"}],"replies":[{"embeddable":true,"href":"https:\/\/www.lassebacklund.fi\/index.php?rest_route=%2Fwp%2Fv2%2Fcomments&post=13077"}],"version-history":[{"count":4,"href":"https:\/\/www.lassebacklund.fi\/index.php?rest_route=\/wp\/v2\/pages\/13077\/revisions"}],"predecessor-version":[{"id":13082,"href":"https:\/\/www.lassebacklund.fi\/index.php?rest_route=\/wp\/v2\/pages\/13077\/revisions\/13082"}],"up":[{"embeddable":true,"href":"https:\/\/www.lassebacklund.fi\/index.php?rest_route=\/wp\/v2\/pages\/12953"}],"wp:attachment":[{"href":"https:\/\/www.lassebacklund.fi\/index.php?rest_route=%2Fwp%2Fv2%2Fmedia&parent=13077"}],"curies":[{"name":"wp","href":"https:\/\/api.w.org\/{rel}","templated":true}]}}