{"id":13074,"date":"2019-07-11T21:40:46","date_gmt":"2019-07-11T18:40:46","guid":{"rendered":"http:\/\/www.lassebacklund.fi\/?page_id=13074"},"modified":"2019-07-11T21:40:46","modified_gmt":"2019-07-11T18:40:46","slug":"damkorens-lystringssang","status":"publish","type":"page","link":"https:\/\/www.lassebacklund.fi\/?page_id=13074","title":{"rendered":"Damk\u00f6rens lystringss\u00e5ng."},"content":{"rendered":"<p><span style=\"color: #000080;\">Lappfj\u00e4rds damk\u00f6rs lystringss\u00e5ng \u00e4r skriven av Lilli Lillkull och Eva Backlund:<\/span><\/p>\n<h6><span lang=\"SV\" style=\"margin: 0px; color: #141823; font-family: 'Helvetica','sans-serif';\">Lyssna nu till ton som klingar<\/span><\/h6>\n<h6><span lang=\"SV\" style=\"margin: 0px; color: #141823; font-family: 'Helvetica','sans-serif';\">liksom svalan h\u00f6gt sig svingar<\/span><\/h6>\n<h6><span lang=\"SV\" style=\"margin: 0px; color: #141823; font-family: 'Helvetica','sans-serif';\">upp mot l\u00e4tta klara skyar<\/span><\/h6>\n<h6><span lang=\"SV\" style=\"margin: 0px; color: #141823; font-family: 'Helvetica','sans-serif';\">\u00f6ver sl\u00e4tter \u00f6ver byar<\/span><\/h6>\n<h6><span lang=\"SV\" style=\"margin: 0px; color: #141823; font-family: 'Helvetica','sans-serif';\">l\u00e5t v\u00e5r s\u00e5ng all sorg f\u00f6rdriva<\/span><\/h6>\n<h6><span lang=\"SV\" style=\"margin: 0px; color: #141823; font-family: 'Helvetica','sans-serif';\">och en framtidstro oss giva.<\/span><\/h6>\n<p><span lang=\"SV\" style=\"margin: 0px; color: #141823; font-family: 'Helvetica','sans-serif';\">\u00a0<\/span><\/p>\n<h6><span lang=\"SV\" style=\"margin: 0px; color: #141823; font-family: 'Helvetica','sans-serif';\">Sjung med oss nu systrar alla<\/span><\/h6>\n<h6><span lang=\"SV\" style=\"margin: 0px; color: #141823; font-family: 'Helvetica','sans-serif';\">Samst\u00e4md fr\u00f6jd vi vill framkalla<\/span><\/h6>\n<h6><span lang=\"SV\" style=\"margin: 0px; color: #141823; font-family: 'Helvetica','sans-serif';\">gl\u00f6mma alla sorgsna stunder<\/span><\/h6>\n<h6><span lang=\"SV\" style=\"margin: 0px; color: #141823; font-family: 'Helvetica','sans-serif';\">och med solsken, som ett under<\/span><\/h6>\n<h6><span lang=\"SV\" style=\"margin: 0px; color: #141823; font-family: 'Helvetica','sans-serif';\">lyfter hj\u00e4rtat, g\u00f6r en brygga<\/span><\/h6>\n<h6><span lang=\"SV\" style=\"margin: 0px; color: #141823; font-family: 'Helvetica','sans-serif';\">d\u00e4r vi ljusets ton skall bygga.<\/span><\/h6>\n<p><span lang=\"SV\" style=\"margin: 0px; color: #141823; font-family: 'Helvetica','sans-serif';\">\u00a0<\/span><\/p>\n<h6><span lang=\"SV\" style=\"margin: 0px; color: #141823; font-family: 'Helvetica','sans-serif';\">Vi sv\u00e4var upp p\u00e5 s\u00e5ngens vingar<\/span><\/h6>\n<h6><span lang=\"SV\" style=\"margin: 0px; color: #141823; font-family: 'Helvetica','sans-serif';\">gl\u00e4djen sprids som vattnets ringar<\/span><\/h6>\n<h6><span lang=\"SV\" style=\"margin: 0px; color: #141823; font-family: 'Helvetica','sans-serif';\">den driver bort en vardag gr\u00e5<\/span><\/h6>\n<h6><span lang=\"SV\" style=\"margin: 0px; color: #141823; font-family: 'Helvetica','sans-serif';\">bland vita moln och himmel bl\u00e5.<\/span><\/h6>\n<h6><span lang=\"SV\" style=\"margin: 0px; color: #141823; font-family: 'Helvetica','sans-serif';\">V\u00e5r k\u00f6r \u00e4r som ett p\u00e4rlhalsband<\/span><\/h6>\n<h6><span lang=\"SV\" style=\"margin: 0px; color: #141823; font-family: 'Helvetica','sans-serif';\">d\u00e4r varje p\u00e4rla har ett namn.<\/span><\/h6>\n<p><span lang=\"SV\" style=\"margin: 0px; color: #141823; font-family: 'Helvetica','sans-serif';\">\u00a0<\/span><\/p>\n<h6><span lang=\"SV\" style=\"margin: 0px; color: #141823; font-family: 'Helvetica','sans-serif';\">Refr\u00e4ng:<\/span><\/h6>\n<h6><span lang=\"SV\" style=\"margin: 0px; color: #141823; font-family: 'Helvetica','sans-serif';\">Kom sjung med oss, sopran och alt<\/span><\/h6>\n<h6><span lang=\"SV\" style=\"margin: 0px; color: #141823; font-family: 'Helvetica','sans-serif';\">i sommarsol och vinterkallt<\/span><\/h6>\n<h6><span lang=\"SV\" style=\"margin: 0px; color: #141823; font-family: 'Helvetica','sans-serif';\">i vardagsgl\u00e4dje och i sorg<\/span><\/h6>\n<h6><span lang=\"SV\" style=\"margin: 0px; color: #141823; font-family: 'Helvetica','sans-serif';\">i samlingshus och kyrkoborg.<\/span><\/h6>\n","protected":false},"excerpt":{"rendered":"<p>Lappfj\u00e4rds damk\u00f6rs lystringss\u00e5ng \u00e4r skriven av Lilli Lillkull och Eva Backlund: Lyssna nu till ton som klingar liksom svalan h\u00f6gt sig svingar upp mot l\u00e4tta klara skyar \u00f6ver sl\u00e4tter \u00f6ver byar l\u00e5t v\u00e5r s\u00e5ng all sorg f\u00f6rdriva och en framtidstro <a class=\"more-link\" href=\"https:\/\/www.lassebacklund.fi\/?page_id=13074\">Forts\u00e4tt l\u00e4sa <span class=\"screen-reader-text\">  Damk\u00f6rens lystringss\u00e5ng.<\/span><span class=\"meta-nav\">&rarr;<\/span><\/a><\/p>\n","protected":false},"author":1,"featured_media":0,"parent":12953,"menu_order":0,"comment_status":"closed","ping_status":"closed","template":"","meta":{"footnotes":""},"class_list":["post-13074","page","type-page","status-publish","hentry"],"_links":{"self":[{"href":"https:\/\/www.lassebacklund.fi\/index.php?rest_route=\/wp\/v2\/pages\/13074","targetHints":{"allow":["GET"]}}],"collection":[{"href":"https:\/\/www.lassebacklund.fi\/index.php?rest_route=\/wp\/v2\/pages"}],"about":[{"href":"https:\/\/www.lassebacklund.fi\/index.php?rest_route=\/wp\/v2\/types\/page"}],"author":[{"embeddable":true,"href":"https:\/\/www.lassebacklund.fi\/index.php?rest_route=\/wp\/v2\/users\/1"}],"replies":[{"embeddable":true,"href":"https:\/\/www.lassebacklund.fi\/index.php?rest_route=%2Fwp%2Fv2%2Fcomments&post=13074"}],"version-history":[{"count":1,"href":"https:\/\/www.lassebacklund.fi\/index.php?rest_route=\/wp\/v2\/pages\/13074\/revisions"}],"predecessor-version":[{"id":13075,"href":"https:\/\/www.lassebacklund.fi\/index.php?rest_route=\/wp\/v2\/pages\/13074\/revisions\/13075"}],"up":[{"embeddable":true,"href":"https:\/\/www.lassebacklund.fi\/index.php?rest_route=\/wp\/v2\/pages\/12953"}],"wp:attachment":[{"href":"https:\/\/www.lassebacklund.fi\/index.php?rest_route=%2Fwp%2Fv2%2Fmedia&parent=13074"}],"curies":[{"name":"wp","href":"https:\/\/api.w.org\/{rel}","templated":true}]}}