{"id":13071,"date":"2019-07-11T21:22:22","date_gmt":"2019-07-11T18:22:22","guid":{"rendered":"http:\/\/www.lassebacklund.fi\/?page_id=13071"},"modified":"2019-07-11T21:22:22","modified_gmt":"2019-07-11T18:22:22","slug":"medaljen","status":"publish","type":"page","link":"https:\/\/www.lassebacklund.fi\/?page_id=13071","title":{"rendered":"Medaljen."},"content":{"rendered":"<p><span style=\"color: #000080;\">Diktat av Eva 11 april 2018:<\/span><\/p>\n<p><span style=\"margin: 0px; color: #1d2129; font-family: 'Helvetica','sans-serif';\">I dag \u00e4r k\u00e4restan p\u00e5 en finfin fest,<br \/>\ni Helsingfors som inbjuden g\u00e4st.<br \/>\nAv Svenska Folkskolans V\u00e4nner ett pris han f\u00e5r,<br \/>\njag \u00e4r r\u00f6rd och stolt, f\u00e4ller en t\u00e5r.<br \/>\n<\/span><\/p>\n<p><span style=\"margin: 0px; color: #1d2129; font-family: 'Helvetica','sans-serif';\">Att bli uppm\u00e4rksammad f\u00f6r det han g\u00f6r och har gjort<br \/>\n\u00e4r uppmuntrande, sporrande och mycket stort.<br \/>\nIfall jag gl\u00f6mt Dig gratulera s\u00e5 g\u00f6r jag det nu:<br \/>\nHj\u00e4rtliga gratulationer \u00e4lskade, k\u00e4ra Du!<\/span><\/p>\n<figure id=\"attachment_13070\" aria-describedby=\"caption-attachment-13070\" style=\"width: 697px\" class=\"wp-caption alignnone\"><img loading=\"lazy\" decoding=\"async\" class=\"size-full wp-image-13070\" src=\"http:\/\/www.lassebacklund.fi\/wp-content\/uploads\/2019\/07\/Medaljen..jpg\" alt=\"\" width=\"697\" height=\"928\" srcset=\"https:\/\/www.lassebacklund.fi\/wp-content\/uploads\/2019\/07\/Medaljen..jpg 697w, https:\/\/www.lassebacklund.fi\/wp-content\/uploads\/2019\/07\/Medaljen.-225x300.jpg 225w\" sizes=\"auto, (max-width: 697px) 100vw, 697px\" \/><figcaption id=\"caption-attachment-13070\" class=\"wp-caption-text\">Medaljen som Lasse fick p\u00e5 Svenska Folkskolans V\u00e4nners fest i april 2018.<\/figcaption><\/figure>\n","protected":false},"excerpt":{"rendered":"<p>Diktat av Eva 11 april 2018: I dag \u00e4r k\u00e4restan p\u00e5 en finfin fest, i Helsingfors som inbjuden g\u00e4st. Av Svenska Folkskolans V\u00e4nner ett pris han f\u00e5r, jag \u00e4r r\u00f6rd och stolt, f\u00e4ller en t\u00e5r. Att bli uppm\u00e4rksammad f\u00f6r det <a class=\"more-link\" href=\"https:\/\/www.lassebacklund.fi\/?page_id=13071\">Forts\u00e4tt l\u00e4sa <span class=\"screen-reader-text\">  Medaljen.<\/span><span class=\"meta-nav\">&rarr;<\/span><\/a><\/p>\n","protected":false},"author":1,"featured_media":0,"parent":12953,"menu_order":0,"comment_status":"closed","ping_status":"closed","template":"","meta":{"footnotes":""},"class_list":["post-13071","page","type-page","status-publish","hentry"],"_links":{"self":[{"href":"https:\/\/www.lassebacklund.fi\/index.php?rest_route=\/wp\/v2\/pages\/13071","targetHints":{"allow":["GET"]}}],"collection":[{"href":"https:\/\/www.lassebacklund.fi\/index.php?rest_route=\/wp\/v2\/pages"}],"about":[{"href":"https:\/\/www.lassebacklund.fi\/index.php?rest_route=\/wp\/v2\/types\/page"}],"author":[{"embeddable":true,"href":"https:\/\/www.lassebacklund.fi\/index.php?rest_route=\/wp\/v2\/users\/1"}],"replies":[{"embeddable":true,"href":"https:\/\/www.lassebacklund.fi\/index.php?rest_route=%2Fwp%2Fv2%2Fcomments&post=13071"}],"version-history":[{"count":1,"href":"https:\/\/www.lassebacklund.fi\/index.php?rest_route=\/wp\/v2\/pages\/13071\/revisions"}],"predecessor-version":[{"id":13072,"href":"https:\/\/www.lassebacklund.fi\/index.php?rest_route=\/wp\/v2\/pages\/13071\/revisions\/13072"}],"up":[{"embeddable":true,"href":"https:\/\/www.lassebacklund.fi\/index.php?rest_route=\/wp\/v2\/pages\/12953"}],"wp:attachment":[{"href":"https:\/\/www.lassebacklund.fi\/index.php?rest_route=%2Fwp%2Fv2%2Fmedia&parent=13071"}],"curies":[{"name":"wp","href":"https:\/\/api.w.org\/{rel}","templated":true}]}}