{"id":13053,"date":"2019-07-10T22:21:50","date_gmt":"2019-07-10T19:21:50","guid":{"rendered":"http:\/\/www.lassebacklund.fi\/?page_id=13053"},"modified":"2019-07-10T22:21:50","modified_gmt":"2019-07-10T19:21:50","slug":"den-stora-dagen","status":"publish","type":"page","link":"https:\/\/www.lassebacklund.fi\/?page_id=13053","title":{"rendered":"Den stora dagen."},"content":{"rendered":"<p><span style=\"color: #000080;\">Skrivet av Eva just f\u00f6re Lappfj\u00e4rdsk\u00f6rernas konsert p\u00e5 lokalen I Lappfj\u00e4rd 4 maj 2019:<\/span><\/p>\n<p><span style=\"margin: 0px; color: #1d2129; font-family: 'Helvetica','sans-serif'; font-size: 11pt;\">I dag \u00e4r den h\u00e4r, den stora dagen<br \/>\noch det fladdrar n\u00e5gra fj\u00e4rilar i magen.<br \/>\nI kv\u00e4ll vill vi visa vad vi i vinter har gjort,<br \/>\ndet blir fint, m\u00e4ktigt och det k\u00e4nns stort.<\/span><\/p>\n<p><span style=\"margin: 0px; color: #1d2129; font-family: 'Helvetica','sans-serif'; font-size: 11pt;\">Vi har \u00f6vat och \u00f6vat och \u00f6vat en g\u00e5ng till<br \/>\nf\u00f6r att tonerna skall sitta precis som vi vill.<br \/>\nKom g\u00e4rna och lyssna, du blir ej besviken<br \/>\nJag vill g\u00e4rna se just Dig d\u00e4r bland publiken!<\/span><\/p>\n<p><span style=\"margin: 0px; color: #1d2129; font-family: 'Helvetica','sans-serif'; font-size: 11pt;\">\u00a0<\/span><span style=\"margin: 0px; color: #1d2129; font-family: 'Helvetica','sans-serif'; font-size: 11pt;\">Kaffe i pausen ing\u00e5r ocks\u00e5 i priset<br \/>\nenklast f\u00f6r alla p\u00e5 det viset.<br \/>\nKlockan 18 s\u00e5 drar vi ig\u00e5ng!<br \/>\nKom alla ni och lyssna p\u00e5 v\u00e5r s\u00e5ng!<\/span><\/p>\n<figure id=\"attachment_13052\" aria-describedby=\"caption-attachment-13052\" style=\"width: 1267px\" class=\"wp-caption alignnone\"><img loading=\"lazy\" decoding=\"async\" class=\"size-full wp-image-13052\" src=\"http:\/\/www.lassebacklund.fi\/wp-content\/uploads\/2019\/07\/Den-stora-dagen.jpg\" alt=\"\" width=\"1267\" height=\"950\" srcset=\"https:\/\/www.lassebacklund.fi\/wp-content\/uploads\/2019\/07\/Den-stora-dagen.jpg 1267w, https:\/\/www.lassebacklund.fi\/wp-content\/uploads\/2019\/07\/Den-stora-dagen-300x225.jpg 300w, https:\/\/www.lassebacklund.fi\/wp-content\/uploads\/2019\/07\/Den-stora-dagen-768x576.jpg 768w, https:\/\/www.lassebacklund.fi\/wp-content\/uploads\/2019\/07\/Den-stora-dagen-1024x768.jpg 1024w\" sizes=\"auto, (max-width: 1267px) 100vw, 1267px\" \/><figcaption id=\"caption-attachment-13052\" class=\"wp-caption-text\">K\u00f6rerna fr\u00e5n Lappfj\u00e4rd upptr\u00e4der under ledning av Harry Kinos.<\/figcaption><\/figure>\n","protected":false},"excerpt":{"rendered":"<p>Skrivet av Eva just f\u00f6re Lappfj\u00e4rdsk\u00f6rernas konsert p\u00e5 lokalen I Lappfj\u00e4rd 4 maj 2019: I dag \u00e4r den h\u00e4r, den stora dagen och det fladdrar n\u00e5gra fj\u00e4rilar i magen. I kv\u00e4ll vill vi visa vad vi i vinter har gjort, <a class=\"more-link\" href=\"https:\/\/www.lassebacklund.fi\/?page_id=13053\">Forts\u00e4tt l\u00e4sa <span class=\"screen-reader-text\">  Den stora dagen.<\/span><span class=\"meta-nav\">&rarr;<\/span><\/a><\/p>\n","protected":false},"author":1,"featured_media":0,"parent":12953,"menu_order":0,"comment_status":"closed","ping_status":"closed","template":"","meta":{"footnotes":""},"class_list":["post-13053","page","type-page","status-publish","hentry"],"_links":{"self":[{"href":"https:\/\/www.lassebacklund.fi\/index.php?rest_route=\/wp\/v2\/pages\/13053","targetHints":{"allow":["GET"]}}],"collection":[{"href":"https:\/\/www.lassebacklund.fi\/index.php?rest_route=\/wp\/v2\/pages"}],"about":[{"href":"https:\/\/www.lassebacklund.fi\/index.php?rest_route=\/wp\/v2\/types\/page"}],"author":[{"embeddable":true,"href":"https:\/\/www.lassebacklund.fi\/index.php?rest_route=\/wp\/v2\/users\/1"}],"replies":[{"embeddable":true,"href":"https:\/\/www.lassebacklund.fi\/index.php?rest_route=%2Fwp%2Fv2%2Fcomments&post=13053"}],"version-history":[{"count":1,"href":"https:\/\/www.lassebacklund.fi\/index.php?rest_route=\/wp\/v2\/pages\/13053\/revisions"}],"predecessor-version":[{"id":13054,"href":"https:\/\/www.lassebacklund.fi\/index.php?rest_route=\/wp\/v2\/pages\/13053\/revisions\/13054"}],"up":[{"embeddable":true,"href":"https:\/\/www.lassebacklund.fi\/index.php?rest_route=\/wp\/v2\/pages\/12953"}],"wp:attachment":[{"href":"https:\/\/www.lassebacklund.fi\/index.php?rest_route=%2Fwp%2Fv2%2Fmedia&parent=13053"}],"curies":[{"name":"wp","href":"https:\/\/api.w.org\/{rel}","templated":true}]}}