{"id":13031,"date":"2019-07-10T21:46:39","date_gmt":"2019-07-10T18:46:39","guid":{"rendered":"http:\/\/www.lassebacklund.fi\/?page_id=13031"},"modified":"2019-07-10T21:49:57","modified_gmt":"2019-07-10T18:49:57","slug":"korernas-julfest","status":"publish","type":"page","link":"https:\/\/www.lassebacklund.fi\/?page_id=13031","title":{"rendered":"K\u00f6rernas julfest."},"content":{"rendered":"<h6><span style=\"color: #000080;\">Skrivet av Eva dagen efter Lappfj\u00e4rds k\u00f6rernas julfest \u00e5r 2018 p\u00e5 Kantilena:<\/span><\/h6>\n<p>&nbsp;<\/p>\n<h6><span lang=\"SV\" style=\"margin: 0px; font-family: 'Helvetica','sans-serif';\"><span style=\"color: #000000;\">Festen i g\u00e5r blev riktigt kul<\/span><\/span><\/h6>\n<h6><span lang=\"SV\" style=\"margin: 0px; font-family: 'Helvetica','sans-serif';\"><span style=\"color: #000000;\">Temat var k\u00f6rs\u00e5ng och f\u00f6rst\u00e5s jul<\/span><\/span><\/h6>\n<h6><span lang=\"SV\" style=\"margin: 0px; font-family: 'Helvetica','sans-serif';\"><span style=\"color: #000000;\">Som s\u00e4llskap vi hade min bror och hans fru<\/span><\/span><\/h6>\n<h6><span lang=\"SV\" style=\"margin: 0px; font-family: 'Helvetica','sans-serif';\"><span style=\"color: #000000;\">Ja det var s\u00e5 trevligt s\u00e5 jag ler \u00e4nnu.<\/span><\/span><\/h6>\n<p><span lang=\"SV\" style=\"margin: 0px; font-family: 'Helvetica','sans-serif';\"><span style=\"color: #000000;\">\u00a0<\/span><\/span><\/p>\n<h6><span lang=\"SV\" style=\"margin: 0px; font-family: 'Helvetica','sans-serif';\"><span style=\"color: #000000;\">Mat och kaffe h\u00f6r fester till<\/span><\/span><\/h6>\n<h6><span lang=\"SV\" style=\"margin: 0px; font-family: 'Helvetica','sans-serif';\"><span style=\"color: #000000;\">Skinka och l\u00e5dor, \u00e4gghalvor och sill<\/span><\/span><\/h6>\n<h6><span lang=\"SV\" style=\"margin: 0px; font-family: 'Helvetica','sans-serif';\"><span style=\"color: #000000;\">Sen blev det t\u00e4vling och jag fick va me<\/span><\/span><\/h6>\n<h6><span lang=\"SV\" style=\"margin: 0px; font-family: 'Helvetica','sans-serif';\"><span style=\"color: #000000;\">Lagen var tv\u00e5 och i laget tre<\/span><\/span><\/h6>\n<p><span lang=\"SV\" style=\"margin: 0px; font-family: 'Helvetica','sans-serif';\"><span style=\"color: #000000;\">\u00a0<\/span><\/span><\/p>\n<h6><span lang=\"SV\" style=\"margin: 0px; font-family: 'Helvetica','sans-serif';\"><span style=\"color: #000000;\">Stickning och skruvning och bokst\u00e4ver att r\u00e4kna ut,<\/span><\/span><\/h6>\n<h6><span lang=\"SV\" style=\"margin: 0px; font-family: 'Helvetica','sans-serif';\"><span style=\"color: #000000;\">inom damlaget segrade jag sen till slut<\/span><\/span><\/h6>\n<h6><span lang=\"SV\" style=\"margin: 0px; font-family: 'Helvetica','sans-serif';\"><span style=\"color: #000000;\">Vinsten med typisk mansk\u00f6rsdricka<\/span><\/span><\/h6>\n<h6><span lang=\"SV\" style=\"margin: 0px; font-family: 'Helvetica','sans-serif';\"><span style=\"color: #000000;\">radat fint p\u00e5 en gr\u00f6n plastbricka.<\/span><\/span><\/h6>\n<p><span lang=\"SV\" style=\"margin: 0px; font-family: 'Helvetica','sans-serif';\"><span style=\"color: #000000;\">\u00a0<\/span><\/span><\/p>\n<h6><span lang=\"SV\" style=\"margin: 0px; font-family: 'Helvetica','sans-serif';\"><span style=\"color: #000000;\">Lotteri h\u00f6r ju ocks\u00e5 till fester, en sed<\/span><\/span><\/h6>\n<h6><span lang=\"SV\" style=\"margin: 0px; font-family: 'Helvetica','sans-serif';\"><span style=\"color: #000000;\">Och jag vann en l\u00e5da fylld med bj\u00f6rkved<\/span><\/span><\/h6>\n<h6><span lang=\"SV\" style=\"margin: 0px; font-family: 'Helvetica','sans-serif';\"><span style=\"color: #000000;\">Av julbocken fick jag en l\u00e5da med choklad<\/span><\/span><\/h6>\n<h6><span lang=\"SV\" style=\"margin: 0px; font-family: 'Helvetica','sans-serif';\"><span style=\"color: #000000;\">Kan man d\u00e5 vara annat \u00e4n glad?<\/span><\/span><\/h6>\n<p><span lang=\"SV\" style=\"margin: 0px; font-family: 'Helvetica','sans-serif';\"><span style=\"color: #000000;\">\u00a0<\/span><\/span><\/p>\n<h6><span lang=\"SV\" style=\"margin: 0px; font-family: 'Helvetica','sans-serif';\"><span style=\"color: #000000;\">Sen for vi hem f\u00f6re klockan blev tolv<\/span><\/span><\/h6>\n<h6><span lang=\"SV\" style=\"margin: 0px; font-family: 'Helvetica','sans-serif';\"><span style=\"color: #000000;\">efter n\u00e5gra varv p\u00e5 lokalens dansgolv<\/span><\/span><\/h6>\n<h6><span lang=\"SV\" style=\"margin: 0px; font-family: 'Helvetica','sans-serif';\"><span style=\"color: #000000;\">Pigga och krya och det k\u00e4nns ju b\u00e4st<\/span><\/span><\/h6>\n<h6><span lang=\"SV\" style=\"margin: 0px; font-family: 'Helvetica','sans-serif';\"><span style=\"color: #000000;\">att minnas allt man gjort p\u00e5 en fest!<\/span><\/span><\/h6>\n<figure id=\"attachment_13030\" aria-describedby=\"caption-attachment-13030\" style=\"width: 1195px\" class=\"wp-caption alignnone\"><img loading=\"lazy\" decoding=\"async\" class=\"wp-image-13030 size-full\" src=\"http:\/\/www.lassebacklund.fi\/wp-content\/uploads\/2019\/07\/Festen-i-g\u00e5r.jpg\" alt=\"\" width=\"1195\" height=\"897\" srcset=\"https:\/\/www.lassebacklund.fi\/wp-content\/uploads\/2019\/07\/Festen-i-g\u00e5r.jpg 1195w, https:\/\/www.lassebacklund.fi\/wp-content\/uploads\/2019\/07\/Festen-i-g\u00e5r-300x225.jpg 300w, https:\/\/www.lassebacklund.fi\/wp-content\/uploads\/2019\/07\/Festen-i-g\u00e5r-768x576.jpg 768w, https:\/\/www.lassebacklund.fi\/wp-content\/uploads\/2019\/07\/Festen-i-g\u00e5r-1024x769.jpg 1024w\" sizes=\"auto, (max-width: 1195px) 100vw, 1195px\" \/><figcaption id=\"caption-attachment-13030\" class=\"wp-caption-text\">Efter en h\u00e5rd kamp vann Eva t\u00e4vlingen som ordnades p\u00e5 Kantilena.<\/figcaption><\/figure>\n","protected":false},"excerpt":{"rendered":"<p>Skrivet av Eva dagen efter Lappfj\u00e4rds k\u00f6rernas julfest \u00e5r 2018 p\u00e5 Kantilena: &nbsp; Festen i g\u00e5r blev riktigt kul Temat var k\u00f6rs\u00e5ng och f\u00f6rst\u00e5s jul Som s\u00e4llskap vi hade min bror och hans fru Ja det var s\u00e5 trevligt s\u00e5 <a class=\"more-link\" href=\"https:\/\/www.lassebacklund.fi\/?page_id=13031\">Forts\u00e4tt l\u00e4sa <span class=\"screen-reader-text\">  K\u00f6rernas julfest.<\/span><span class=\"meta-nav\">&rarr;<\/span><\/a><\/p>\n","protected":false},"author":1,"featured_media":0,"parent":12953,"menu_order":0,"comment_status":"closed","ping_status":"closed","template":"","meta":{"footnotes":""},"class_list":["post-13031","page","type-page","status-publish","hentry"],"_links":{"self":[{"href":"https:\/\/www.lassebacklund.fi\/index.php?rest_route=\/wp\/v2\/pages\/13031","targetHints":{"allow":["GET"]}}],"collection":[{"href":"https:\/\/www.lassebacklund.fi\/index.php?rest_route=\/wp\/v2\/pages"}],"about":[{"href":"https:\/\/www.lassebacklund.fi\/index.php?rest_route=\/wp\/v2\/types\/page"}],"author":[{"embeddable":true,"href":"https:\/\/www.lassebacklund.fi\/index.php?rest_route=\/wp\/v2\/users\/1"}],"replies":[{"embeddable":true,"href":"https:\/\/www.lassebacklund.fi\/index.php?rest_route=%2Fwp%2Fv2%2Fcomments&post=13031"}],"version-history":[{"count":3,"href":"https:\/\/www.lassebacklund.fi\/index.php?rest_route=\/wp\/v2\/pages\/13031\/revisions"}],"predecessor-version":[{"id":13034,"href":"https:\/\/www.lassebacklund.fi\/index.php?rest_route=\/wp\/v2\/pages\/13031\/revisions\/13034"}],"up":[{"embeddable":true,"href":"https:\/\/www.lassebacklund.fi\/index.php?rest_route=\/wp\/v2\/pages\/12953"}],"wp:attachment":[{"href":"https:\/\/www.lassebacklund.fi\/index.php?rest_route=%2Fwp%2Fv2%2Fmedia&parent=13031"}],"curies":[{"name":"wp","href":"https:\/\/api.w.org\/{rel}","templated":true}]}}