{"id":13027,"date":"2019-07-10T21:37:02","date_gmt":"2019-07-10T18:37:02","guid":{"rendered":"http:\/\/www.lassebacklund.fi\/?page_id=13027"},"modified":"2019-07-10T21:37:02","modified_gmt":"2019-07-10T18:37:02","slug":"hostfunderingar","status":"publish","type":"page","link":"https:\/\/www.lassebacklund.fi\/?page_id=13027","title":{"rendered":"H\u00f6stfunderingar."},"content":{"rendered":"<p><span style=\"color: #000080;\">Evas dikt skriven i oktober 2018:<\/span><\/p>\n<p><span style=\"margin: 0px; color: #1d2129; font-family: 'Helvetica','sans-serif'; font-size: 10.5pt;\">Denna vackra \u00e5rstid som vi kallar h\u00f6st<br \/>\nmed underbara f\u00e4rger, \u00e4r dom som tr\u00f6st<br \/>\nf\u00f6r att dagarna f\u00f6rkortas och v\u00e4rmen f\u00f6rsvinner?<br \/>\n\u00c4r det kanske d\u00e4rf\u00f6r som l\u00f6vtr\u00e4den brinner?<\/span><\/p>\n<p><span style=\"margin: 0px; color: #1d2129; font-family: 'Helvetica','sans-serif'; font-size: 10.5pt;\">Allt \u00e4r nu sk\u00f6rdat och hela naturen backar,<br \/>\nmyrorna har dragit sig in i sina stackar.<br \/>\nF\u00e5glarna flyttar till varmare l\u00e4nder<br \/>\noch snart k\u00f6lden biter i n\u00e4sor och h\u00e4nder.<\/span><\/p>\n<p><span style=\"margin: 0px; color: #1d2129; font-family: 'Helvetica','sans-serif'; font-size: 10.5pt;\">Skolor och kurser har b\u00f6rjat p\u00e5 nytt<br \/>\noch innan vi det m\u00e4rker har h\u00f6stterminen flytt.<br \/>\nD\u00e5 kommer julen och sen ett nytt \u00e5r<br \/>\noch sen \u00e4r det inte l\u00e4ngre l\u00e5ngt till v\u00e5r!<\/span><\/p>\n<p><img loading=\"lazy\" decoding=\"async\" class=\"alignnone size-full wp-image-13026\" src=\"http:\/\/www.lassebacklund.fi\/wp-content\/uploads\/2019\/07\/H\u00f6stfunderingar.jpg\" alt=\"\" width=\"1169\" height=\"875\" srcset=\"https:\/\/www.lassebacklund.fi\/wp-content\/uploads\/2019\/07\/H\u00f6stfunderingar.jpg 1169w, https:\/\/www.lassebacklund.fi\/wp-content\/uploads\/2019\/07\/H\u00f6stfunderingar-300x225.jpg 300w, https:\/\/www.lassebacklund.fi\/wp-content\/uploads\/2019\/07\/H\u00f6stfunderingar-768x575.jpg 768w, https:\/\/www.lassebacklund.fi\/wp-content\/uploads\/2019\/07\/H\u00f6stfunderingar-1024x766.jpg 1024w\" sizes=\"auto, (max-width: 1169px) 100vw, 1169px\" \/><\/p>\n","protected":false},"excerpt":{"rendered":"<p>Evas dikt skriven i oktober 2018: Denna vackra \u00e5rstid som vi kallar h\u00f6st med underbara f\u00e4rger, \u00e4r dom som tr\u00f6st f\u00f6r att dagarna f\u00f6rkortas och v\u00e4rmen f\u00f6rsvinner? \u00c4r det kanske d\u00e4rf\u00f6r som l\u00f6vtr\u00e4den brinner? Allt \u00e4r nu sk\u00f6rdat och hela <a class=\"more-link\" href=\"https:\/\/www.lassebacklund.fi\/?page_id=13027\">Forts\u00e4tt l\u00e4sa <span class=\"screen-reader-text\">  H\u00f6stfunderingar.<\/span><span class=\"meta-nav\">&rarr;<\/span><\/a><\/p>\n","protected":false},"author":1,"featured_media":0,"parent":12953,"menu_order":0,"comment_status":"closed","ping_status":"closed","template":"","meta":{"footnotes":""},"class_list":["post-13027","page","type-page","status-publish","hentry"],"_links":{"self":[{"href":"https:\/\/www.lassebacklund.fi\/index.php?rest_route=\/wp\/v2\/pages\/13027","targetHints":{"allow":["GET"]}}],"collection":[{"href":"https:\/\/www.lassebacklund.fi\/index.php?rest_route=\/wp\/v2\/pages"}],"about":[{"href":"https:\/\/www.lassebacklund.fi\/index.php?rest_route=\/wp\/v2\/types\/page"}],"author":[{"embeddable":true,"href":"https:\/\/www.lassebacklund.fi\/index.php?rest_route=\/wp\/v2\/users\/1"}],"replies":[{"embeddable":true,"href":"https:\/\/www.lassebacklund.fi\/index.php?rest_route=%2Fwp%2Fv2%2Fcomments&post=13027"}],"version-history":[{"count":1,"href":"https:\/\/www.lassebacklund.fi\/index.php?rest_route=\/wp\/v2\/pages\/13027\/revisions"}],"predecessor-version":[{"id":13028,"href":"https:\/\/www.lassebacklund.fi\/index.php?rest_route=\/wp\/v2\/pages\/13027\/revisions\/13028"}],"up":[{"embeddable":true,"href":"https:\/\/www.lassebacklund.fi\/index.php?rest_route=\/wp\/v2\/pages\/12953"}],"wp:attachment":[{"href":"https:\/\/www.lassebacklund.fi\/index.php?rest_route=%2Fwp%2Fv2%2Fmedia&parent=13027"}],"curies":[{"name":"wp","href":"https:\/\/api.w.org\/{rel}","templated":true}]}}