{"id":13017,"date":"2019-07-10T18:03:23","date_gmt":"2019-07-10T15:03:23","guid":{"rendered":"http:\/\/www.lassebacklund.fi\/?page_id=13017"},"modified":"2019-07-10T21:54:25","modified_gmt":"2019-07-10T18:54:25","slug":"burj-khalifa","status":"publish","type":"page","link":"https:\/\/www.lassebacklund.fi\/?page_id=13017","title":{"rendered":"Burj Khalifa."},"content":{"rendered":"<p><span style=\"color: #000080;\">Skrivet av Eva under en resa i Dubai i januari 2019:<\/span><\/p>\n<h5><span style=\"margin: 0px; color: #1c1e21; font-family: 'Helvetica','sans-serif'; font-size: 14pt;\">Till v\u00e5ning 124 p\u00e5 70 sekunder<br \/>\natt det ens \u00e4r m\u00f6jligt \u00e4r ju ett under.<br \/>\nBurj Khalifa, den h\u00f6gsta i v\u00e4rlden<br \/>\nslog lock f\u00f6r \u00f6ronen p\u00e5 b\u00e5de upp och nerf\u00e4rden.<\/span><\/h5>\n<h5><span style=\"margin: 0px; color: #1c1e21; font-family: 'Helvetica','sans-serif'; font-size: 14pt;\"><br \/>\nUtsikten var fin, det b\u00e5de glittra och glimma<br \/>\nvi vandrade runt d\u00e4ruppe en timma.<br \/>\nSen vi irrade kring och traska till metrostationen<br \/>\n10 kilometer blev vandringsprestationen.<\/span><\/h5>\n<h5><span style=\"margin: 0px; color: #1c1e21; font-family: 'Helvetica','sans-serif'; font-size: 14pt;\"><br \/>\nI dag blir det hemf\u00e4rd fr\u00e5n v\u00e4rme till k\u00f6ld<br \/>\ndet skall bli sk\u00f6nt och med resan jag \u00e4r n\u00f6jd.<\/span><\/h5>\n<figure id=\"attachment_13016\" aria-describedby=\"caption-attachment-13016\" style=\"width: 1040px\" class=\"wp-caption alignnone\"><img loading=\"lazy\" decoding=\"async\" class=\"size-full wp-image-13016\" src=\"http:\/\/www.lassebacklund.fi\/wp-content\/uploads\/2019\/07\/Burj-Khalifa.jpg\" alt=\"\" width=\"1040\" height=\"1384\" srcset=\"https:\/\/www.lassebacklund.fi\/wp-content\/uploads\/2019\/07\/Burj-Khalifa.jpg 1040w, https:\/\/www.lassebacklund.fi\/wp-content\/uploads\/2019\/07\/Burj-Khalifa-225x300.jpg 225w, https:\/\/www.lassebacklund.fi\/wp-content\/uploads\/2019\/07\/Burj-Khalifa-768x1022.jpg 768w, https:\/\/www.lassebacklund.fi\/wp-content\/uploads\/2019\/07\/Burj-Khalifa-769x1024.jpg 769w\" sizes=\"auto, (max-width: 1040px) 100vw, 1040px\" \/><figcaption id=\"caption-attachment-13016\" class=\"wp-caption-text\">V\u00e4rldens h\u00f6gsta byggnad Burj Khalifa, 828 meter h\u00f6gt ryms inte p\u00e5 ett foto, det kr\u00e4vs nog tv\u00e5.<\/figcaption><\/figure>\n","protected":false},"excerpt":{"rendered":"<p>Skrivet av Eva under en resa i Dubai i januari 2019: Till v\u00e5ning 124 p\u00e5 70 sekunder att det ens \u00e4r m\u00f6jligt \u00e4r ju ett under. Burj Khalifa, den h\u00f6gsta i v\u00e4rlden slog lock f\u00f6r \u00f6ronen p\u00e5 b\u00e5de upp och <a class=\"more-link\" href=\"https:\/\/www.lassebacklund.fi\/?page_id=13017\">Forts\u00e4tt l\u00e4sa <span class=\"screen-reader-text\">  Burj Khalifa.<\/span><span class=\"meta-nav\">&rarr;<\/span><\/a><\/p>\n","protected":false},"author":1,"featured_media":0,"parent":12953,"menu_order":0,"comment_status":"closed","ping_status":"closed","template":"","meta":{"footnotes":""},"class_list":["post-13017","page","type-page","status-publish","hentry"],"_links":{"self":[{"href":"https:\/\/www.lassebacklund.fi\/index.php?rest_route=\/wp\/v2\/pages\/13017","targetHints":{"allow":["GET"]}}],"collection":[{"href":"https:\/\/www.lassebacklund.fi\/index.php?rest_route=\/wp\/v2\/pages"}],"about":[{"href":"https:\/\/www.lassebacklund.fi\/index.php?rest_route=\/wp\/v2\/types\/page"}],"author":[{"embeddable":true,"href":"https:\/\/www.lassebacklund.fi\/index.php?rest_route=\/wp\/v2\/users\/1"}],"replies":[{"embeddable":true,"href":"https:\/\/www.lassebacklund.fi\/index.php?rest_route=%2Fwp%2Fv2%2Fcomments&post=13017"}],"version-history":[{"count":2,"href":"https:\/\/www.lassebacklund.fi\/index.php?rest_route=\/wp\/v2\/pages\/13017\/revisions"}],"predecessor-version":[{"id":13038,"href":"https:\/\/www.lassebacklund.fi\/index.php?rest_route=\/wp\/v2\/pages\/13017\/revisions\/13038"}],"up":[{"embeddable":true,"href":"https:\/\/www.lassebacklund.fi\/index.php?rest_route=\/wp\/v2\/pages\/12953"}],"wp:attachment":[{"href":"https:\/\/www.lassebacklund.fi\/index.php?rest_route=%2Fwp%2Fv2%2Fmedia&parent=13017"}],"curies":[{"name":"wp","href":"https:\/\/api.w.org\/{rel}","templated":true}]}}