{"id":13008,"date":"2019-07-10T17:42:46","date_gmt":"2019-07-10T14:42:46","guid":{"rendered":"http:\/\/www.lassebacklund.fi\/?page_id=13008"},"modified":"2019-07-10T17:42:46","modified_gmt":"2019-07-10T14:42:46","slug":"klockan-som-dog","status":"publish","type":"page","link":"https:\/\/www.lassebacklund.fi\/?page_id=13008","title":{"rendered":"Klockan som dog."},"content":{"rendered":"<p><span style=\"color: #000080;\">Skrivet av Eva i februari 2019:<\/span><\/p>\n<p><span style=\"margin: 0px; color: #1d2129; font-family: 'Helvetica','sans-serif'; font-size: 10.5pt;\">Min gamla klocka var pl\u00f6tsligt avliden,<br \/>\nslutade helt enkelt att visa mig tiden.<br \/>\nVisarna varken fram\u00e5t eller bak\u00e5t sig r\u00f6rde<br \/>\noch inget svagt tickande man heller l\u00e4ngre h\u00f6rde.<\/span><\/p>\n<p><span style=\"margin: 0px; color: #1d2129; font-family: 'Helvetica','sans-serif'; font-size: 10.5pt;\">Visst har den kr\u00e5nglat och vilat ibland<br \/>\nmen kommit ig\u00e5ng n\u00e4r jag skakat den lite grand.<br \/>\nMen nu var det finito, kaputt och stopp,<br \/>\nden var f\u00e4rdig med sitt klocklivslopp.<\/span><\/p>\n<p><span style=\"margin: 0px; color: #1d2129; font-family: 'Helvetica','sans-serif'; font-size: 10.5pt;\">In till butiken med urverk vi gick<br \/>\noch genast vi s\u00e5g varandra s\u00e5 sade det klick.<br \/>\nMed riktiga siffror och tydlig och klar<br \/>\nblev den direkt p\u00e5 armen min kvar.<\/span><\/p>\n<p><span style=\"margin: 0px; color: #1d2129; font-family: 'Helvetica','sans-serif'; font-size: 10.5pt;\">Visst kostade den en del, men vet ni vad?<br \/>\nK\u00e4restan sa n\u00e5t som gjorde mig glad.<br \/>\nHan sa: jag betalar s\u00e5 k\u00f6p vad du vill<br \/>\ns\u00e5 jag t\u00e4nkte n\u00e4stan ta ett par till<\/span><span style=\"margin: 0px; color: #1d2129; font-family: 'Helvetica','sans-serif'; font-size: 1pt;\">\ud83d\ude42<\/span><\/p>\n<p><span style=\"margin: 0px; color: #1d2129; font-family: 'Helvetica','sans-serif'; font-size: 10.5pt;\">\u00a0<img loading=\"lazy\" decoding=\"async\" class=\"alignnone size-full wp-image-13007\" src=\"http:\/\/www.lassebacklund.fi\/wp-content\/uploads\/2019\/07\/Klockan.jpg\" alt=\"\" width=\"747\" height=\"1095\" srcset=\"https:\/\/www.lassebacklund.fi\/wp-content\/uploads\/2019\/07\/Klockan.jpg 747w, https:\/\/www.lassebacklund.fi\/wp-content\/uploads\/2019\/07\/Klockan-205x300.jpg 205w, https:\/\/www.lassebacklund.fi\/wp-content\/uploads\/2019\/07\/Klockan-699x1024.jpg 699w\" sizes=\"auto, (max-width: 747px) 100vw, 747px\" \/><\/span><\/p>\n","protected":false},"excerpt":{"rendered":"<p>Skrivet av Eva i februari 2019: Min gamla klocka var pl\u00f6tsligt avliden, slutade helt enkelt att visa mig tiden. Visarna varken fram\u00e5t eller bak\u00e5t sig r\u00f6rde och inget svagt tickande man heller l\u00e4ngre h\u00f6rde. Visst har den kr\u00e5nglat och vilat <a class=\"more-link\" href=\"https:\/\/www.lassebacklund.fi\/?page_id=13008\">Forts\u00e4tt l\u00e4sa <span class=\"screen-reader-text\">  Klockan som dog.<\/span><span class=\"meta-nav\">&rarr;<\/span><\/a><\/p>\n","protected":false},"author":1,"featured_media":0,"parent":12953,"menu_order":0,"comment_status":"closed","ping_status":"closed","template":"","meta":{"footnotes":""},"class_list":["post-13008","page","type-page","status-publish","hentry"],"_links":{"self":[{"href":"https:\/\/www.lassebacklund.fi\/index.php?rest_route=\/wp\/v2\/pages\/13008","targetHints":{"allow":["GET"]}}],"collection":[{"href":"https:\/\/www.lassebacklund.fi\/index.php?rest_route=\/wp\/v2\/pages"}],"about":[{"href":"https:\/\/www.lassebacklund.fi\/index.php?rest_route=\/wp\/v2\/types\/page"}],"author":[{"embeddable":true,"href":"https:\/\/www.lassebacklund.fi\/index.php?rest_route=\/wp\/v2\/users\/1"}],"replies":[{"embeddable":true,"href":"https:\/\/www.lassebacklund.fi\/index.php?rest_route=%2Fwp%2Fv2%2Fcomments&post=13008"}],"version-history":[{"count":1,"href":"https:\/\/www.lassebacklund.fi\/index.php?rest_route=\/wp\/v2\/pages\/13008\/revisions"}],"predecessor-version":[{"id":13009,"href":"https:\/\/www.lassebacklund.fi\/index.php?rest_route=\/wp\/v2\/pages\/13008\/revisions\/13009"}],"up":[{"embeddable":true,"href":"https:\/\/www.lassebacklund.fi\/index.php?rest_route=\/wp\/v2\/pages\/12953"}],"wp:attachment":[{"href":"https:\/\/www.lassebacklund.fi\/index.php?rest_route=%2Fwp%2Fv2%2Fmedia&parent=13008"}],"curies":[{"name":"wp","href":"https:\/\/api.w.org\/{rel}","templated":true}]}}