{"id":13,"date":"2016-07-12T21:31:53","date_gmt":"2016-07-12T19:31:53","guid":{"rendered":"http:\/\/www.lassebacklund.fi\/wp\/?page_id=13"},"modified":"2020-10-13T00:16:40","modified_gmt":"2020-10-12T21:16:40","slug":"historia","status":"publish","type":"page","link":"https:\/\/www.lassebacklund.fi\/?page_id=13","title":{"rendered":"Historia"},"content":{"rendered":"<p><span class=\"Normal-C\">H\u00e4r kan du hitta gamla historiska dokument fr\u00e5n Dagsmark. H\u00e4r finns ocks\u00e5 historiker om f\u00f6retag och f\u00f6reningar som verkat i byn. D\u00f6dsannonser \u00f6ver personer som bott h\u00e4r finns i en skild kategori, likas\u00e5 tidningsurklipp d\u00e4r du kan l\u00e4sa om h\u00e4ndelser i Dagsmark.<\/span><\/p>\n<h6><a class=\"fasc-button fasc-size-medium fasc-type-flat fasc-rounded-medium\" style=\"background-color: #33809e; color: #ffffff;\" href=\"http:\/\/www.lassebacklund.fi\/?page_id=17\">Allm\u00e4nt<\/a><\/h6>\n<h6><a class=\"fasc-button fasc-size-medium fasc-type-flat fasc-rounded-medium\" style=\"background-color: #33809e; color: #ffffff;\" href=\"http:\/\/www.lassebacklund.fi\/?page_id=19\">Trevlig l\u00e4sning<\/a><\/h6>\n<h6><a class=\"fasc-button fasc-size-medium fasc-type-flat fasc-rounded-medium\" style=\"background-color: #33809e; color: #ffffff;\" href=\"http:\/\/www.lassebacklund.fi\/?page_id=21\">Sl\u00e4ktutredningar<\/a><\/h6>\n<h6><a class=\"fasc-button fasc-size-medium fasc-type-glossy fasc-rounded-medium\" style=\"background-color: #33809e; color: #ffffff;\" href=\"http:\/\/www.lassebacklund.fi\/?page_id=23\">F\u00f6retag<\/a><\/h6>\n<h6>&nbsp;<\/h6>\n<h6><a class=\"fasc-button fasc-size-medium fasc-type-glossy fasc-rounded-medium\" style=\"background-color: #33809e; color: #ffffff;\" href=\"http:\/\/www.lassebacklund.fi\/?page_id=1391\">F\u00f6reningar<\/a><\/h6>\n<h6><a class=\"fasc-button fasc-size-medium fasc-type-flat fasc-rounded-medium\" style=\"background-color: #33809e; color: #ffffff;\" href=\"http:\/\/www.lassebacklund.fi\/?page_id=25\">Tidningsurklipp<\/a><\/h6>\n<h6><a class=\"fasc-button fasc-size-medium fasc-type-glossy fasc-rounded-medium\" style=\"background-color: #33809e; color: #ffffff;\" href=\"http:\/\/www.lassebacklund.fi\/?page_id=27\">D\u00f6dsannonser<\/a><\/h6>\n","protected":false},"excerpt":{"rendered":"<p>H\u00e4r kan du hitta gamla historiska dokument fr\u00e5n Dagsmark. H\u00e4r finns ocks\u00e5 historiker om f\u00f6retag och f\u00f6reningar som verkat i byn. D\u00f6dsannonser \u00f6ver personer som bott h\u00e4r finns i en skild kategori, likas\u00e5 tidningsurklipp d\u00e4r du kan l\u00e4sa om h\u00e4ndelser <a class=\"more-link\" href=\"https:\/\/www.lassebacklund.fi\/?page_id=13\">Forts\u00e4tt l\u00e4sa <span class=\"screen-reader-text\">  Historia<\/span><span class=\"meta-nav\">&rarr;<\/span><\/a><\/p>\n","protected":false},"author":1,"featured_media":0,"parent":0,"menu_order":0,"comment_status":"closed","ping_status":"closed","template":"page-onecolumn.php","meta":{"footnotes":""},"class_list":["post-13","page","type-page","status-publish","hentry"],"_links":{"self":[{"href":"https:\/\/www.lassebacklund.fi\/index.php?rest_route=\/wp\/v2\/pages\/13","targetHints":{"allow":["GET"]}}],"collection":[{"href":"https:\/\/www.lassebacklund.fi\/index.php?rest_route=\/wp\/v2\/pages"}],"about":[{"href":"https:\/\/www.lassebacklund.fi\/index.php?rest_route=\/wp\/v2\/types\/page"}],"author":[{"embeddable":true,"href":"https:\/\/www.lassebacklund.fi\/index.php?rest_route=\/wp\/v2\/users\/1"}],"replies":[{"embeddable":true,"href":"https:\/\/www.lassebacklund.fi\/index.php?rest_route=%2Fwp%2Fv2%2Fcomments&post=13"}],"version-history":[{"count":18,"href":"https:\/\/www.lassebacklund.fi\/index.php?rest_route=\/wp\/v2\/pages\/13\/revisions"}],"predecessor-version":[{"id":18036,"href":"https:\/\/www.lassebacklund.fi\/index.php?rest_route=\/wp\/v2\/pages\/13\/revisions\/18036"}],"wp:attachment":[{"href":"https:\/\/www.lassebacklund.fi\/index.php?rest_route=%2Fwp%2Fv2%2Fmedia&parent=13"}],"curies":[{"name":"wp","href":"https:\/\/api.w.org\/{rel}","templated":true}]}}