{"id":1299,"date":"2016-10-18T21:09:11","date_gmt":"2016-10-18T19:09:11","guid":{"rendered":"http:\/\/www.lassebacklund.fi\/?page_id=1299"},"modified":"2025-12-15T18:52:07","modified_gmt":"2025-12-15T16:52:07","slug":"stoas-torp-i-lillsjo","status":"publish","type":"page","link":"https:\/\/www.lassebacklund.fi\/?page_id=1299","title":{"rendered":"Stoas torp i Lillsj\u00f6"},"content":{"rendered":"<figure id=\"attachment_1238\" aria-describedby=\"caption-attachment-1238\" style=\"width: 1386px\" class=\"wp-caption aligncenter\"><img loading=\"lazy\" decoding=\"async\" class=\"size-full wp-image-1238\" src=\"http:\/\/www.lassebacklund.fi\/wp-content\/uploads\/2016\/10\/Torp-i-Lillsj\u00f6.png\" alt=\"H\u00e4r p\u00e5 storskifteskartan s\u00e5 ser vi var Stoas och H\u00e4ggas torp l\u00e5g i Lillsj\u00f6.\" width=\"1386\" height=\"768\" srcset=\"https:\/\/www.lassebacklund.fi\/wp-content\/uploads\/2016\/10\/Torp-i-Lillsj\u00f6.png 1386w, https:\/\/www.lassebacklund.fi\/wp-content\/uploads\/2016\/10\/Torp-i-Lillsj\u00f6-300x166.png 300w, https:\/\/www.lassebacklund.fi\/wp-content\/uploads\/2016\/10\/Torp-i-Lillsj\u00f6-768x426.png 768w, https:\/\/www.lassebacklund.fi\/wp-content\/uploads\/2016\/10\/Torp-i-Lillsj\u00f6-1024x567.png 1024w\" sizes=\"auto, (max-width: 1386px) 100vw, 1386px\" \/><figcaption id=\"caption-attachment-1238\" class=\"wp-caption-text\">P\u00e5 storskifteskartan s\u00e5 ser vi var Stoas och H\u00e4ggas torp l\u00e5g i Lillsj\u00f6.<\/figcaption><\/figure>\n<p><strong><span style=\"color: #000080;\">Uppgjort av Lasse Backlund \u00e5r 2016, med hj\u00e4lp av Inga-Lill Sandstr\u00f6m fr\u00e5n Vasa.<\/span><\/strong><\/p>\n<p>H\u00e4r p\u00e5 den \u00f6ver 100 \u00e5r gamla storskifteskartan s\u00e5 ser vi att Stoas torp fanns i skogsbrynet i Lillsj\u00f6, bakom Berg\u00e5sen. Tomten d\u00e4r torpet stod \u00e4gs i dag av familjen Dahlroos\u00a0 men skogarna runt tomten \u00e4gs av familjen Norrvik. Hela detta omr\u00e5de kallas f\u00f6r \u201dKionas\u201d efter torparen Malakias som bodde h\u00e4r p\u00e5 1800-talet. V\u00e4gen fr\u00e5n Korsb\u00e4ckv\u00e4gen ner till Kionas kallas f\u00f6r &#8221;Ivaras v\u00e4g&#8221; men de andra v\u00e4garna som \u00e4r utritade p\u00e5 denna karta byggdes aldrig.<\/p>\n<h4><strong>Torpets historia.<\/strong><\/h4>\n<p>Det h\u00e4r soldattorpet Stoas i Lillsj\u00f6 p\u00e5 Berg\u00e5ssidan grundades \u00e5r 1800, den 17 februari av soldat nr. 10 <strong>Erik Henriksson St\u00e5<\/strong>, f. Lillvik \u00e5r 1777. Han var gift med Anna Mattsdotter B\u00e5sk (f.1774) och de fick \u00e5tminstone dottern <strong>Maja Eriksdotter Lillsj\u00f6<\/strong> (1806-1867).<\/p>\n<p>Denna <strong>Maja<\/strong> gifte sig med Erik Andersson B\u00e5sk eller Gr\u00f6ndahl (1807-1853) som var son till <a href=\"http:\/\/www.lassebacklund.fi\/?page_id=5821\">Anders Gr\u00f6ndahl fr\u00e5n \u00c5land och Anna Stina<\/a> som var f\u00f6dd i Sverige men som flyttade till Dagsmark. Anders blev ju sedan m\u00f6rdad p\u00e5 Kroksmossen i N\u00e4rpes \u00e5r 1808.<\/p>\n<p><strong>Maja och Erik<\/strong> fick flera barn, bland annat Maja Lena (1835-1921) som gifte sig med Reinhold Finne och bodde p\u00e5 det st\u00e4lle d\u00e4r <a href=\"http:\/\/www.lassebacklund.fi\/?page_id=10865\">Lid-Alveras st\u00e5r i dag.<\/a> Maja och Erik fick ocks\u00e5 dottern <strong>Anna Greta<\/strong> (1840-1920) som f\u00f6rsta g\u00e5ngen \u00e5r 1860 gifte sig med <strong>Malakias<\/strong> Ingves el B\u00e5sk (f. i Skaftung 1836, d\u00f6d i Lillsj\u00f6 1868), som b\u00f6rjade kallas &#8221;B\u00e5sk Kion&#8221;. Malakias var son till Josef Johansson Korsb\u00e4ck (f.1793) och Maja Lena (f.Sm\u00e5tr\u00e4sk i Starr\u00e4ngen). Josef och Maja Lena gifte sig \u00e5r 1819 och de 10 f\u00f6rsta \u00e5ren var de torpare i Korsb\u00e4ck. \u00c5r 1829 flyttade de med 2 barn till Skaftung by, d\u00e4r de efter en tid blev b\u00f6nder p\u00e5 Ingves hemman. \u00c5r 1840 flyttade de tillbaka fr\u00e5n Skaftung och de hade nu 6 barn med sig och de blev d\u00e5 torpare p\u00e5 Klemets hemman i Dagsmark. P\u00e5 grund av den h\u00e4r 11-\u00e5riga perioden i Skaftung, s\u00e5 kallades sl\u00e4kten d\u00e4refter &#8221;Skaftong&#8221;.<\/p>\n<p>Malakias var allts\u00e5 f\u00f6dd i Skaftung och flyttade som 4-\u00e5ring till Dagsmark, d\u00e5 hans far Josef Johansson Korsb\u00e4ck blev torpare p\u00e5 Klemets hemman. I unga \u00e5r kallades han &#8221;Skaftong Kia&#8221; men senare blev det bara &#8221;Kia&#8221; och omr\u00e5det p\u00e5 Stoas torp i Lillsj\u00f6 kallas fortfarande f\u00f6r \u201dKionas\u201d efter denna Malakias.<\/p>\n<p>F\u00f6r \u00f6vrigt hade Malakias en storasyster Anna Kajsa, som var f\u00f6dd \u00e5r 1824 i Korsb\u00e4ck. D\u00e5 hon var 5 \u00e5r gammal flyttade hon med f\u00f6r\u00e4ldrarna till Skaftung och hon gifte sig 1844 med Johan Gustaf H\u00e4ggblom, som var f\u00f6dd 1818 i Hvittisbofj\u00e4rd. De flyttade sedan till Dagsmark och blev torpare p\u00e5 Klemets och de fick bland annat dottern Henrika, som levde ensam under enkla f\u00f6rh\u00e5llanden p\u00e5 <a href=\"https:\/\/www.lassebacklund.fi\/?page_id=2186\">Sunnantillv\u00e4gen.<\/a> De fick ocks\u00e5 sonen Josef, som kallades &#8221;Skaftong Josip&#8221; (1852-1906), som var gift med Karolina (1850-1938) och de bodde under l\u00e5nga tider p\u00e5 <a href=\"https:\/\/www.lassebacklund.fi\/?page_id=2052\">&#8221;Skaftong&#8221; p\u00e5 Lillsj\u00f6lidv\u00e4gen.<\/a><\/p>\n<p>Anna Greta, som kallades &#8221;Gam\u00e4l Kion&#8221; l\u00e4r ha varit mycket talf\u00f6r och processade mot b\u00f6nderna i Lillsj\u00f6 ang\u00e5ende sitt torp. Hon till och med vandrade barfota till Vasa f\u00f6r att reda ut sakerna i processen och det ledde till att hon slutligen vann.<\/p>\n<p>Anna Greta och Malakias fick 4 barn:<\/p>\n<p>1. <strong>Josef Henrik<\/strong> (1861-1863).<\/p>\n<p><strong>2. Anna Kajsa<\/strong> (f. 1863) som \u00e5r 1889 gifte sig med Nils Erik Nordlander (f.1865). Han var f\u00f6dd i Fors i J\u00e4mtland och hade enligt uppgift kommit till Lappfj\u00e4rdstrakten p\u00e5 n\u00e5got arbete i slutet av 1880-talet. Medan de bodde i Lillsj\u00f6\u00a0 fick de 2 d\u00f6ttrar, Alma f\u00f6dd 1890 och Frida f\u00f6dd 1891. \u00c5r 1892 flyttade hela familjen till Nils Eriks hemtrakter i Sverige och har d\u00e4r m\u00e5nga \u00e4ttlingar.<\/p>\n<p><strong>3. Josef Henrik,<\/strong> f\u00f6dd i Lillsj\u00f6 1866 och efter sin far \u00e4rvde han en del av Stoas torp. \u00c5r 1895, den 3 juli s\u00e5lde Josef Henrik en del av det \u00e4rvda hemmanet \u00e5t sin halvbror Henry Lillsj\u00f6, som d\u00e5 blev bonde p\u00e5 ett litet hemman. Josef Henrik i sin tur blev bagare och kallades f\u00f6r \u201dLillsj\u00f6 Bagarin\u201d. (vill du l\u00e4sa mera om Lillsj\u00f6 Bagarin, klicka <strong><a href=\"http:\/\/www.lassebacklund.fi\/?page_id=645\"><u>h\u00e4r<\/u><\/a><\/strong>).<\/p>\n<p><strong>4. Josef Viktor<\/strong> (1868-1879).<\/p>\n<p><strong>Anna Greta<\/strong> gifte sig andra g\u00e5ngen \u00e5r 1876 med <strong>Johan Prunnila<\/strong> (f\u00f6dd 1843 i Honkajoki, d\u00f6d 1923 i Lillsj\u00f6). Anna Greta och Johan fick barnen:<\/p>\n<p><strong>5. Johan Nestor<\/strong> (1876-1877).<\/p>\n<p><strong>6. Johan <u>Henrik<\/u> Lillsj\u00f6<\/strong>, f\u00f6dd 1878 i Lillsj\u00f6, for till Amerika \u00e5r1896 och han \u00e5terv\u00e4nde inte. I Amerika kallade han sig Henry Lillsj\u00f6.<\/p>\n<p><strong>7. Anders Prunnila<\/strong> (1879-1931) som kallades &#8221;Kionas And\u00e4s&#8221; och som gifte sig med Ellida \u201dUtteras Lida\u201d Lillkull och de fick sedan sonen Hemming som tog namnet Lindg\u00e5rd. (vill du l\u00e4sa mera om Utteras fleckor, s\u00e5 klicka<a href=\"http:\/\/www.lassebacklund.fi\/?page_id=2186\"><span style=\"text-decoration: underline;\"><span style=\"color: #000080;\"><strong> H\u00c4R!)<\/strong><\/span><\/span><\/a><\/p>\n<p><strong>8. Oskar<\/strong> (1882-1886).<\/p>\n<p><strong>9. Maria <u>Vilhelmina<\/u> \u201dKionas Mina\u201d Prunnila<\/strong> (1886-1965) som gifte sig med torparen Ivar S\u00f6derholm (1888-1946) och de fick m\u00e5nga barn, bland annat Runar (1911-1933) som var gift med M\u00e4rta Skogman, Arne (1916-1982) som var gift med Jenny Viklund och Hj\u00f6rdis (1920-2003) som var gift med Elis Westerlund. (Vill du l\u00e4sa mera om Kionas Mina, s\u00e5 klicka <strong><a href=\"http:\/\/www.lassebacklund.fi\/?page_id=1309\"><u>h\u00e4r<\/u><\/a><\/strong>)<\/p>\n<h3><strong>Stoas torp delas i tv\u00e5 lika stora delar<\/strong><\/h3>\n<p><strong>\u00c5r 1911, den 23 april<\/strong> s\u00e5lde Johan och Anna Greta Prunnila &#8221;deras \u00e4gande tre \u00e5ttonde delar av den torpjord kontraktet av den 17 februari 1800 utvisar&#8221;. I k\u00f6pet ingick inga byggnader eller bostadstomter. Den ena halvan s\u00e5ldes \u00e5t sonen Anders Johansson Prunnila och den andra halvan \u00e5t dottern Wilhelmina och hennes man Ivar S\u00f6derholm. K\u00f6peskillingen utgjorde 1 400 mark, plus livstids sytning \u00e5t s\u00e4ljarna.<\/p>\n<p><strong>\u00c5r 1917<\/strong> skrev Anna Greta Prunnila ett testamente d\u00e4r hon best\u00e4mde att hennes andel av byggnaderna skall tillfalla sonen fr\u00e5n f\u00f6rsta giftet, n\u00e4mligen Josef Lillsj\u00f6, som kallades &#8221;Lillsj\u00f6 bagarin&#8221;. Hennes andel av markerna runt byggnaderna d\u00e4remot skall tillfalla sonen Henry Lillsj\u00f6, som vistades i Amerika.<\/p>\n<p><strong>Av den ena<\/strong> halvan bildades \u00e5r 1922 fastigheten S\u00f6derholm, \u00e4gare Johans dotter Vilhelmina och hennes man Ivar S\u00f6derholm. Tillsammans med H\u00e4ggas torp och l\u00e4genheten S\u00f6derholm s\u00e5lde de Stoas torp \u00e5t bonden Egil Norrvik \u00e5r 1960.<\/p>\n<p><strong>\u00c5r 1938<\/strong> s\u00e5lde Ivar och Mina S\u00f6derholm ett skogsskifte i Kvarn\u00e5 \u00e5t bonden Karl Forslund. Samtidigt s\u00e5lde ocks\u00e5 \u00e4nkan Ellida Prunnila och hennes son Hemming sin andel \u00e5t samma Karl Forslund. Karl slog ihop dessa delar p\u00e5 n\u00e4rmare 4 ha under namnet Forshaga 9:33, som ligger nordost om Lillsj\u00f6v\u00e4gen i Kvarn\u00e5.<\/p>\n<p><strong>\u00c5r 1957<\/strong> d\u00e5 Karl och Maria Forslund s\u00e5lde sitt hemman \u00e5t sonen Sigvald, s\u00e5 gav de skogsskiftet Forshaga 9:33 \u00e5t dottern Elvi Hammarberg fr\u00e5n Lang\u00e5sen.<\/p>\n<p><strong>\u00c5r 1960<\/strong> s\u00e5lde Ivar och Mina l\u00e4genheten S\u00f6derholm och deras \u00e4gande H\u00e4ggas torp \u00e5t bonden Egil Norrvik. I dag \u00e4gs Forshaga av familjen Norrvik.<\/p>\n<p><strong>Den andra delen<\/strong> av torpet \u00f6vertogs 1922 av Anders och Ellida Prunnila och de bildade l\u00e4genheten K\u00e4rr 9:20.<\/p>\n<p><strong>\u00c5r 1931, den 24 juni<\/strong> avled Anders Prunnila och l\u00e4genheten K\u00e4rr \u00f6vertogs d\u00e5 av \u00e4nkan Ellida och de tv\u00e5 barnen Anna och Hemming. Anders hade l\u00e4nge varit s\u00e4ngliggande och f\u00f6rlamad.<\/p>\n<p><strong>\u00c5r 1939, den 21<\/strong> <strong>september<\/strong> s\u00e5ldes Ellida sin halva l\u00e4genhet och hennes dotter Anna s\u00e5lde sin \u00e4gande fj\u00e4rdedel \u00e5t Annas bror Hemming f\u00f6r totalt 5 000 mark.\u00a0 Hemming hade n\u00e5gra veckor tidigare gift sig med Julia Lindroos fr\u00e5n Kvarn\u00e5.<\/p>\n<p><strong>\u00c5r 1940 i september<\/strong> \u00f6vertogs l\u00e4genheten K\u00e4rr av bonden Selim Sigfrid Dahlroos, som stupade 1941. Fastigheten K\u00e4rr, med numret 9:36:som numera best\u00e5r av skog \u00f6vertogs d\u00e5 av fadern Josef Dahlroos och l\u00e4genheten \u00e4r fortfarande i den sl\u00e4ktens \u00e4go.<\/p>\n","protected":false},"excerpt":{"rendered":"<p>Uppgjort av Lasse Backlund \u00e5r 2016, med hj\u00e4lp av Inga-Lill Sandstr\u00f6m fr\u00e5n Vasa. H\u00e4r p\u00e5 den \u00f6ver 100 \u00e5r gamla storskifteskartan s\u00e5 ser vi att Stoas torp fanns i skogsbrynet i Lillsj\u00f6, bakom Berg\u00e5sen. Tomten d\u00e4r torpet stod \u00e4gs i <a class=\"more-link\" href=\"https:\/\/www.lassebacklund.fi\/?page_id=1299\">Forts\u00e4tt l\u00e4sa <span class=\"screen-reader-text\">  Stoas torp i Lillsj\u00f6<\/span><span class=\"meta-nav\">&rarr;<\/span><\/a><\/p>\n","protected":false},"author":1,"featured_media":0,"parent":1236,"menu_order":19,"comment_status":"closed","ping_status":"closed","template":"","meta":{"footnotes":""},"class_list":["post-1299","page","type-page","status-publish","hentry"],"_links":{"self":[{"href":"https:\/\/www.lassebacklund.fi\/index.php?rest_route=\/wp\/v2\/pages\/1299","targetHints":{"allow":["GET"]}}],"collection":[{"href":"https:\/\/www.lassebacklund.fi\/index.php?rest_route=\/wp\/v2\/pages"}],"about":[{"href":"https:\/\/www.lassebacklund.fi\/index.php?rest_route=\/wp\/v2\/types\/page"}],"author":[{"embeddable":true,"href":"https:\/\/www.lassebacklund.fi\/index.php?rest_route=\/wp\/v2\/users\/1"}],"replies":[{"embeddable":true,"href":"https:\/\/www.lassebacklund.fi\/index.php?rest_route=%2Fwp%2Fv2%2Fcomments&post=1299"}],"version-history":[{"count":21,"href":"https:\/\/www.lassebacklund.fi\/index.php?rest_route=\/wp\/v2\/pages\/1299\/revisions"}],"predecessor-version":[{"id":25175,"href":"https:\/\/www.lassebacklund.fi\/index.php?rest_route=\/wp\/v2\/pages\/1299\/revisions\/25175"}],"up":[{"embeddable":true,"href":"https:\/\/www.lassebacklund.fi\/index.php?rest_route=\/wp\/v2\/pages\/1236"}],"wp:attachment":[{"href":"https:\/\/www.lassebacklund.fi\/index.php?rest_route=%2Fwp%2Fv2%2Fmedia&parent=1299"}],"curies":[{"name":"wp","href":"https:\/\/api.w.org\/{rel}","templated":true}]}}