{"id":12982,"date":"2019-07-09T19:18:14","date_gmt":"2019-07-09T16:18:14","guid":{"rendered":"http:\/\/www.lassebacklund.fi\/?page_id=12982"},"modified":"2019-07-10T21:51:25","modified_gmt":"2019-07-10T18:51:25","slug":"adventsdikt","status":"publish","type":"page","link":"https:\/\/www.lassebacklund.fi\/?page_id=12982","title":{"rendered":"Adventsdikt."},"content":{"rendered":"<p><span style=\"margin: 0px; color: #000080; font-family: 'Helvetica','sans-serif';\">Evas dikt skriven 29.11. 2015:\u00a0<\/span><\/p>\n<h5><span style=\"margin: 0px; font-family: 'Helvetica','sans-serif';\"><span style=\"color: #000000;\">En doft av skinka sprids i v\u00e5rt hus<\/span><\/span><\/h5>\n<h5><span style=\"margin: 0px; font-family: 'Helvetica','sans-serif';\"><span style=\"color: #000000;\">och i morgon vi t\u00e4nder Advents f\u00f6rsta ljus<\/span><\/span><\/h5>\n<h5><span style=\"margin: 0px; font-family: 'Helvetica','sans-serif';\"><span style=\"color: #000000;\">julst\u00e4mning \u00e4r \u00e4nd\u00e5 ett minne blott<\/span><\/span><\/h5>\n<h5><span style=\"margin: 0px; font-family: 'Helvetica','sans-serif';\"><span style=\"color: #000000;\">f\u00f6r d\u00e4r ute \u00e4r det m\u00f6rkt, bl\u00e5sigt och v\u00e5tt.<\/span><\/span><\/h5>\n<h5><span style=\"margin: 0px; font-family: 'Helvetica','sans-serif';\"><span style=\"color: #000000;\">\u00a0<\/span><\/span><\/h5>\n<h5><span style=\"margin: 0px; font-family: 'Helvetica','sans-serif';\"><span style=\"color: #000000;\">Jag \u00f6nskar att alla en lillajulklapp skall f\u00e5<\/span><\/span><\/h5>\n<h5><span style=\"margin: 0px; font-family: 'Helvetica','sans-serif';\"><span style=\"color: #000000;\">sj\u00e4lv blir jag nog utan, s\u00e5 kan det g\u00e5<\/span><\/span><\/h5>\n<h5><span style=\"margin: 0px; font-family: 'Helvetica','sans-serif';\"><span style=\"color: #000000;\">ty ingen liten tomte har synts smyga omkring<\/span><\/span><\/h5>\n<h5><span style=\"margin: 0px; font-family: 'Helvetica','sans-serif';\"><span style=\"color: #000000;\">och inget jag \u00f6nskat f\u00f6r jag saknar ingenting!<\/span><\/span><\/h5>\n<p><img loading=\"lazy\" decoding=\"async\" class=\"alignnone size-full wp-image-12981\" src=\"http:\/\/www.lassebacklund.fi\/wp-content\/uploads\/2019\/07\/Adventsljusen.jpg\" alt=\"\" width=\"1387\" height=\"1857\" srcset=\"https:\/\/www.lassebacklund.fi\/wp-content\/uploads\/2019\/07\/Adventsljusen.jpg 1387w, https:\/\/www.lassebacklund.fi\/wp-content\/uploads\/2019\/07\/Adventsljusen-224x300.jpg 224w, https:\/\/www.lassebacklund.fi\/wp-content\/uploads\/2019\/07\/Adventsljusen-768x1028.jpg 768w, https:\/\/www.lassebacklund.fi\/wp-content\/uploads\/2019\/07\/Adventsljusen-765x1024.jpg 765w\" sizes=\"auto, (max-width: 1387px) 100vw, 1387px\" \/><\/p>\n","protected":false},"excerpt":{"rendered":"<p>Evas dikt skriven 29.11. 2015:\u00a0 En doft av skinka sprids i v\u00e5rt hus och i morgon vi t\u00e4nder Advents f\u00f6rsta ljus julst\u00e4mning \u00e4r \u00e4nd\u00e5 ett minne blott f\u00f6r d\u00e4r ute \u00e4r det m\u00f6rkt, bl\u00e5sigt och v\u00e5tt. \u00a0 Jag \u00f6nskar att <a class=\"more-link\" href=\"https:\/\/www.lassebacklund.fi\/?page_id=12982\">Forts\u00e4tt l\u00e4sa <span class=\"screen-reader-text\">  Adventsdikt.<\/span><span class=\"meta-nav\">&rarr;<\/span><\/a><\/p>\n","protected":false},"author":1,"featured_media":0,"parent":12953,"menu_order":0,"comment_status":"closed","ping_status":"closed","template":"","meta":{"footnotes":""},"class_list":["post-12982","page","type-page","status-publish","hentry"],"_links":{"self":[{"href":"https:\/\/www.lassebacklund.fi\/index.php?rest_route=\/wp\/v2\/pages\/12982","targetHints":{"allow":["GET"]}}],"collection":[{"href":"https:\/\/www.lassebacklund.fi\/index.php?rest_route=\/wp\/v2\/pages"}],"about":[{"href":"https:\/\/www.lassebacklund.fi\/index.php?rest_route=\/wp\/v2\/types\/page"}],"author":[{"embeddable":true,"href":"https:\/\/www.lassebacklund.fi\/index.php?rest_route=\/wp\/v2\/users\/1"}],"replies":[{"embeddable":true,"href":"https:\/\/www.lassebacklund.fi\/index.php?rest_route=%2Fwp%2Fv2%2Fcomments&post=12982"}],"version-history":[{"count":3,"href":"https:\/\/www.lassebacklund.fi\/index.php?rest_route=\/wp\/v2\/pages\/12982\/revisions"}],"predecessor-version":[{"id":13035,"href":"https:\/\/www.lassebacklund.fi\/index.php?rest_route=\/wp\/v2\/pages\/12982\/revisions\/13035"}],"up":[{"embeddable":true,"href":"https:\/\/www.lassebacklund.fi\/index.php?rest_route=\/wp\/v2\/pages\/12953"}],"wp:attachment":[{"href":"https:\/\/www.lassebacklund.fi\/index.php?rest_route=%2Fwp%2Fv2%2Fmedia&parent=12982"}],"curies":[{"name":"wp","href":"https:\/\/api.w.org\/{rel}","templated":true}]}}