{"id":12977,"date":"2019-07-09T19:08:55","date_gmt":"2019-07-09T16:08:55","guid":{"rendered":"http:\/\/www.lassebacklund.fi\/?page_id=12977"},"modified":"2019-07-10T21:56:54","modified_gmt":"2019-07-10T18:56:54","slug":"hyllning-till-kristinestad","status":"publish","type":"page","link":"https:\/\/www.lassebacklund.fi\/?page_id=12977","title":{"rendered":"Hyllning till Kristinestad."},"content":{"rendered":"<p><span style=\"color: #000080; font-family: 'Helvetica','sans-serif';\">Skrivet av Eva 2010:<\/span><\/p>\n<h5><span style=\"margin: 0px; font-family: 'Helvetica','sans-serif';\"><span style=\"color: #000000;\">Min egen hemort i dag jag vill hylla<\/span><\/span><\/h5>\n<h5><span style=\"margin: 0px; font-family: 'Helvetica','sans-serif';\"><span style=\"color: #000000;\">kanske \u00e5x\u00e5 lite dess slitna yta f\u00f6rgylla.<\/span><\/span><\/h5>\n<h5><span style=\"margin: 0px; font-family: 'Helvetica','sans-serif';\"><span style=\"color: #000000;\">H\u00e4r br\u00e5kar vi svenskar och finnar med varann<\/span><\/span><\/h5>\n<h5><span style=\"margin: 0px; font-family: 'Helvetica','sans-serif';\"><span style=\"color: #000000;\">om skolor, sjukv\u00e5rd och flyktingar lite grann.<\/span><\/span><\/h5>\n<h5><span style=\"margin: 0px; font-family: 'Helvetica','sans-serif';\"><span style=\"color: #000000;\">\u00a0<\/span><\/span><\/h5>\n<h5><span style=\"margin: 0px; font-family: 'Helvetica','sans-serif';\"><span style=\"color: #000000;\">Man borde se det fina, gamla och retro<\/span><\/span><\/h5>\n<h5><span style=\"margin: 0px; font-family: 'Helvetica','sans-serif';\"><span style=\"color: #000000;\">i en ort som saknar b\u00e5de j\u00e4rnv\u00e4g och metro.<\/span><\/span><\/h5>\n<h5><span style=\"margin: 0px; font-family: 'Helvetica','sans-serif';\"><span style=\"color: #000000;\">H\u00e4r kan man ta det lugnt, leva och m\u00e5 gott<\/span><\/span><\/h5>\n<h5><span style=\"margin: 0px; font-family: 'Helvetica','sans-serif';\"><span style=\"color: #000000;\">Snart vi &#8221;Chittar slow&#8221; och stressen \u00e4r ett minne blott.<\/span><\/span><\/h5>\n<h5><span style=\"margin: 0px; font-family: 'Helvetica','sans-serif';\"><span style=\"color: #000000;\">\u00a0<\/span><\/span><\/h5>\n<h5><span style=\"margin: 0px; font-family: 'Helvetica','sans-serif';\"><span style=\"color: #000000;\">H\u00e4r pratar vi det vi kan, finska eller svenska<\/span><\/span><\/h5>\n<h5><span style=\"margin: 0px; font-family: 'Helvetica','sans-serif';\"><span style=\"color: #000000;\">man beh\u00f6ver inte ens f\u00f6rs\u00f6ka &#8221;benska&#8221;.<\/span><\/span><\/h5>\n<h5><span style=\"margin: 0px; font-family: 'Helvetica','sans-serif';\"><span style=\"color: #000000;\">M\u00e5nga talar sin egen dialekt<\/span><\/span><\/h5>\n<h5><span style=\"margin: 0px; font-family: 'Helvetica','sans-serif';\"><span style=\"color: #000000;\">och n\u00e4stan alla med varandra \u00e4r sl\u00e4kt.<\/span><\/span><\/h5>\n<h5><span style=\"margin: 0px; font-family: 'Helvetica','sans-serif';\"><span style=\"color: #000000;\">\u00a0<\/span><\/span><\/h5>\n<h5><span style=\"margin: 0px; font-family: 'Helvetica','sans-serif';\"><span style=\"color: #000000;\">Var finns denna plats, denna min hemort<\/span><\/span><\/h5>\n<h5><span style=\"margin: 0px; font-family: 'Helvetica','sans-serif';\"><span style=\"color: #000000;\">d\u00e4r allting \u00e4r sm\u00e5skaligt och ingenting stort.<\/span><\/span><\/h5>\n<h5><span style=\"margin: 0px; font-family: 'Helvetica','sans-serif';\"><span style=\"color: #000000;\">Bottenhavets p\u00e4rla med inre och yttre hamn<\/span><\/span><\/h5>\n<h5><span style=\"margin: 0px; font-family: 'Helvetica','sans-serif';\"><span style=\"color: #000000;\">Kristinestad \u00e4r dess st\u00e5tliga namn!<\/span><\/span><\/h5>\n<p><img loading=\"lazy\" decoding=\"async\" class=\"alignnone size-full wp-image-12976\" src=\"http:\/\/www.lassebacklund.fi\/wp-content\/uploads\/2019\/07\/Hyllningen.jpg\" alt=\"\" width=\"1386\" height=\"1040\" srcset=\"https:\/\/www.lassebacklund.fi\/wp-content\/uploads\/2019\/07\/Hyllningen.jpg 1386w, https:\/\/www.lassebacklund.fi\/wp-content\/uploads\/2019\/07\/Hyllningen-300x225.jpg 300w, https:\/\/www.lassebacklund.fi\/wp-content\/uploads\/2019\/07\/Hyllningen-768x576.jpg 768w, https:\/\/www.lassebacklund.fi\/wp-content\/uploads\/2019\/07\/Hyllningen-1024x768.jpg 1024w\" sizes=\"auto, (max-width: 1386px) 100vw, 1386px\" \/><\/p>\n<p><span style=\"color: #000000; font-family: Calibri;\">\u00a0<\/span><\/p>\n","protected":false},"excerpt":{"rendered":"<p>Skrivet av Eva 2010: Min egen hemort i dag jag vill hylla kanske \u00e5x\u00e5 lite dess slitna yta f\u00f6rgylla. H\u00e4r br\u00e5kar vi svenskar och finnar med varann om skolor, sjukv\u00e5rd och flyktingar lite grann. \u00a0 Man borde se det fina, <a class=\"more-link\" href=\"https:\/\/www.lassebacklund.fi\/?page_id=12977\">Forts\u00e4tt l\u00e4sa <span class=\"screen-reader-text\">  Hyllning till Kristinestad.<\/span><span class=\"meta-nav\">&rarr;<\/span><\/a><\/p>\n","protected":false},"author":1,"featured_media":0,"parent":12953,"menu_order":0,"comment_status":"closed","ping_status":"closed","template":"","meta":{"footnotes":""},"class_list":["post-12977","page","type-page","status-publish","hentry"],"_links":{"self":[{"href":"https:\/\/www.lassebacklund.fi\/index.php?rest_route=\/wp\/v2\/pages\/12977","targetHints":{"allow":["GET"]}}],"collection":[{"href":"https:\/\/www.lassebacklund.fi\/index.php?rest_route=\/wp\/v2\/pages"}],"about":[{"href":"https:\/\/www.lassebacklund.fi\/index.php?rest_route=\/wp\/v2\/types\/page"}],"author":[{"embeddable":true,"href":"https:\/\/www.lassebacklund.fi\/index.php?rest_route=\/wp\/v2\/users\/1"}],"replies":[{"embeddable":true,"href":"https:\/\/www.lassebacklund.fi\/index.php?rest_route=%2Fwp%2Fv2%2Fcomments&post=12977"}],"version-history":[{"count":4,"href":"https:\/\/www.lassebacklund.fi\/index.php?rest_route=\/wp\/v2\/pages\/12977\/revisions"}],"predecessor-version":[{"id":13041,"href":"https:\/\/www.lassebacklund.fi\/index.php?rest_route=\/wp\/v2\/pages\/12977\/revisions\/13041"}],"up":[{"embeddable":true,"href":"https:\/\/www.lassebacklund.fi\/index.php?rest_route=\/wp\/v2\/pages\/12953"}],"wp:attachment":[{"href":"https:\/\/www.lassebacklund.fi\/index.php?rest_route=%2Fwp%2Fv2%2Fmedia&parent=12977"}],"curies":[{"name":"wp","href":"https:\/\/api.w.org\/{rel}","templated":true}]}}