{"id":12971,"date":"2019-07-09T19:00:09","date_gmt":"2019-07-09T16:00:09","guid":{"rendered":"http:\/\/www.lassebacklund.fi\/?page_id=12971"},"modified":"2019-07-10T21:52:41","modified_gmt":"2019-07-10T18:52:41","slug":"barndomsminnen","status":"publish","type":"page","link":"https:\/\/www.lassebacklund.fi\/?page_id=12971","title":{"rendered":"Barndomsminnen."},"content":{"rendered":"<p><span lang=\"SV\" style=\"margin: 0px; color: #000080; font-family: 'Helvetica','sans-serif';\">Skrivet av Eva under en cykelf\u00e4rd i juni 2019:<\/span><\/p>\n<h5><span lang=\"SV\" style=\"margin: 0px; font-family: 'Helvetica','sans-serif';\"><span style=\"color: #000000;\">Till min plats p\u00e5 cykeln kom en doft s\u00e5 bekant<\/span><\/span><\/h5>\n<h5><span lang=\"SV\" style=\"margin: 0px; font-family: 'Helvetica','sans-serif';\"><span style=\"color: #000000;\">av nyslaget gr\u00e4s vid v\u00e4gdikets kant.<\/span><\/span><\/h5>\n<h5><span lang=\"SV\" style=\"margin: 0px; font-family: 'Helvetica','sans-serif';\"><span style=\"color: #000000;\">Det \u00f6ppnade en d\u00f6rr till hj\u00e4rnans flera sinnen<\/span><\/span><\/h5>\n<h5><span lang=\"SV\" style=\"margin: 0px; font-family: 'Helvetica','sans-serif';\"><span style=\"color: #000000;\">och fick mig att t\u00e4nka p\u00e5 barndomsminnen.<\/span><\/span><\/h5>\n<p><span lang=\"SV\" style=\"margin: 0px; font-family: 'Helvetica','sans-serif';\"><span style=\"color: #000000;\">\u00a0<\/span><\/span><\/p>\n<h5><span lang=\"SV\" style=\"margin: 0px; font-family: 'Helvetica','sans-serif';\"><span style=\"color: #000000;\">Med r\u00e4fsan i handen, h\u00f6 som skulle b\u00e4rgas,<\/span><\/span><\/h5>\n<h5><span lang=\"SV\" style=\"margin: 0px; font-family: 'Helvetica','sans-serif';\"><span style=\"color: #000000;\">en gryta p\u00e5 g\u00e5rden, garn som skulle f\u00e4rgas.<\/span><\/span><\/h5>\n<h5><span lang=\"SV\" style=\"margin: 0px; font-family: 'Helvetica','sans-serif';\"><span style=\"color: #000000;\">I morotslandet kr\u00f6p vi p\u00e5 bara kn\u00e4n<\/span><\/span><\/h5>\n<h5><span lang=\"SV\" style=\"margin: 0px; font-family: 'Helvetica','sans-serif';\"><span style=\"color: #000000;\">och myggbett och bl\u00e5nader vi hade p\u00e5 v\u00e5ra ben.<\/span><\/span><\/h5>\n<p><span lang=\"SV\" style=\"margin: 0px; font-family: 'Helvetica','sans-serif';\"><span style=\"color: #000000;\">\u00a0<\/span><\/span><\/p>\n<h5><span lang=\"SV\" style=\"margin: 0px; font-family: 'Helvetica','sans-serif';\"><span style=\"color: #000000;\">Vi simmade i \u00e5n, oftast var vi m\u00e5nga<\/span><\/span><\/h5>\n<h5><span lang=\"SV\" style=\"margin: 0px; font-family: 'Helvetica','sans-serif';\"><span style=\"color: #000000;\">som ibland f\u00f6rs\u00f6kte sm\u00e5fiskar f\u00e5nga.<\/span><\/span><\/h5>\n<h5><span lang=\"SV\" style=\"margin: 0px; font-family: 'Helvetica','sans-serif';\"><span style=\"color: #000000;\">Ibland var det kallt men \u00e4nd\u00e5 vi nj\u00f6t<\/span><\/span><\/h5>\n<h5><span lang=\"SV\" style=\"margin: 0px; font-family: 'Helvetica','sans-serif';\"><span style=\"color: #000000;\">och viktigt var att hela kroppen blev bl\u00f6t.<\/span><\/span><\/h5>\n<p><span lang=\"SV\" style=\"margin: 0px; font-family: 'Helvetica','sans-serif';\"><span style=\"color: #000000;\">\u00a0<\/span><\/span><\/p>\n<h5><span lang=\"SV\" style=\"margin: 0px; font-family: 'Helvetica','sans-serif';\"><span style=\"color: #000000;\">I lekstugan sov vi, min syster och jag,<\/span><\/span><\/h5>\n<h5><span lang=\"SV\" style=\"margin: 0px; font-family: 'Helvetica','sans-serif';\"><span style=\"color: #000000;\">lyssnade p\u00e5 ljud och v\u00e4ntade p\u00e5 att det blev dag<\/span><\/span><\/h5>\n<h5><span lang=\"SV\" style=\"margin: 0px; font-family: 'Helvetica','sans-serif';\"><span style=\"color: #000000;\">En sk\u00e4llande r\u00e4v och hoande ugglor,<\/span><\/span><\/h5>\n<h5><span lang=\"SV\" style=\"margin: 0px; font-family: 'Helvetica','sans-serif';\"><span style=\"color: #000000;\">s\u00e5g allt m\u00f6jligt konstigt i nattens skuggor.<\/span><\/span><\/h5>\n<p><span lang=\"SV\" style=\"margin: 0px; font-family: 'Helvetica','sans-serif';\"><span style=\"color: #000000;\">\u00a0<\/span><\/span><\/p>\n<h5><span lang=\"SV\" style=\"margin: 0px; font-family: 'Helvetica','sans-serif';\"><span style=\"color: #000000;\">Vi traskade i skogen och lekte med kottar,<\/span><\/span><\/h5>\n<h5><span lang=\"SV\" style=\"margin: 0px; font-family: 'Helvetica','sans-serif';\"><span style=\"color: #000000;\">\u00e5t bl\u00e5lera och hoppade i vattenpottar.<\/span><\/span><\/h5>\n<h5><span lang=\"SV\" style=\"margin: 0px; font-family: 'Helvetica','sans-serif';\"><span style=\"color: #000000;\">I st\u00e4llet f\u00f6r tuggummi tog vi grank\u00e5da<\/span><\/span><\/h5>\n<h5><span lang=\"SV\" style=\"margin: 0px; font-family: 'Helvetica','sans-serif';\"><span style=\"color: #000000;\">som jag sparade i en t\u00e4ndsticksl\u00e5da.<\/span><\/span><\/h5>\n<p><span lang=\"SV\" style=\"margin: 0px; font-family: 'Helvetica','sans-serif';\"><span style=\"color: #000000;\">\u00a0<\/span><\/span><\/p>\n<h5><span lang=\"SV\" style=\"margin: 0px; font-family: 'Helvetica','sans-serif';\"><span style=\"color: #000000;\">T\u00e4nk att vi blev till folk, vi som levde med naturen<\/span><\/span><\/h5>\n<h5><span lang=\"SV\" style=\"margin: 0px; font-family: 'Helvetica','sans-serif';\"><span style=\"color: #000000;\">\u00e5t syron och bl\u00e5b\u00e4r och rovor menade \u00e5t djuren.<\/span><\/span><\/h5>\n<h5><span lang=\"SV\" style=\"margin: 0px; font-family: 'Helvetica','sans-serif';\"><span style=\"color: #000000;\">Man skulle vara duktig, \u00e4rlig och helst sn\u00e4ll<\/span><\/span><\/h5>\n<h5><span lang=\"SV\" style=\"margin: 0px; font-family: 'Helvetica','sans-serif';\"><span style=\"color: #000000;\">och se till att va hemma innan det blev kv\u00e4ll.<\/span><\/span><\/h5>\n<p><span lang=\"SV\" style=\"margin: 0px; font-family: 'Helvetica','sans-serif';\"><span style=\"color: #000000;\">\u00a0<\/span><\/span><\/p>\n<h5><span lang=\"SV\" style=\"margin: 0px; font-family: 'Helvetica','sans-serif';\"><span style=\"color: #000000;\">\u00c5ren har g\u00e5tt men minnena finns kvar<\/span><\/span><\/h5>\n<h5><span lang=\"SV\" style=\"margin: 0px; font-family: 'Helvetica','sans-serif';\"><span style=\"color: #000000;\">n\u00e5gonstans i hj\u00e4rnbarken d\u00e4r data vi spar.<\/span><\/span><\/h5>\n<h5><span lang=\"SV\" style=\"margin: 0px; font-family: 'Helvetica','sans-serif';\"><span style=\"color: #000000;\">Sedan tar man fram dem lite i taget<\/span><\/span><\/h5>\n<h5><span lang=\"SV\" style=\"margin: 0px; font-family: 'Helvetica','sans-serif';\"><span style=\"color: #000000;\">medan man njuter av sommarvinddraget. <\/span><\/span><\/h5>\n<p><img loading=\"lazy\" decoding=\"async\" class=\"alignnone size-full wp-image-12970\" src=\"http:\/\/www.lassebacklund.fi\/wp-content\/uploads\/2019\/07\/Barndomsminnen.jpg\" alt=\"\" width=\"994\" height=\"620\" srcset=\"https:\/\/www.lassebacklund.fi\/wp-content\/uploads\/2019\/07\/Barndomsminnen.jpg 994w, https:\/\/www.lassebacklund.fi\/wp-content\/uploads\/2019\/07\/Barndomsminnen-300x187.jpg 300w, https:\/\/www.lassebacklund.fi\/wp-content\/uploads\/2019\/07\/Barndomsminnen-768x479.jpg 768w\" sizes=\"auto, (max-width: 994px) 100vw, 994px\" \/><\/p>\n","protected":false},"excerpt":{"rendered":"<p>Skrivet av Eva under en cykelf\u00e4rd i juni 2019: Till min plats p\u00e5 cykeln kom en doft s\u00e5 bekant av nyslaget gr\u00e4s vid v\u00e4gdikets kant. Det \u00f6ppnade en d\u00f6rr till hj\u00e4rnans flera sinnen och fick mig att t\u00e4nka p\u00e5 barndomsminnen. <a class=\"more-link\" href=\"https:\/\/www.lassebacklund.fi\/?page_id=12971\">Forts\u00e4tt l\u00e4sa <span class=\"screen-reader-text\">  Barndomsminnen.<\/span><span class=\"meta-nav\">&rarr;<\/span><\/a><\/p>\n","protected":false},"author":1,"featured_media":0,"parent":12953,"menu_order":0,"comment_status":"closed","ping_status":"closed","template":"","meta":{"footnotes":""},"class_list":["post-12971","page","type-page","status-publish","hentry"],"_links":{"self":[{"href":"https:\/\/www.lassebacklund.fi\/index.php?rest_route=\/wp\/v2\/pages\/12971","targetHints":{"allow":["GET"]}}],"collection":[{"href":"https:\/\/www.lassebacklund.fi\/index.php?rest_route=\/wp\/v2\/pages"}],"about":[{"href":"https:\/\/www.lassebacklund.fi\/index.php?rest_route=\/wp\/v2\/types\/page"}],"author":[{"embeddable":true,"href":"https:\/\/www.lassebacklund.fi\/index.php?rest_route=\/wp\/v2\/users\/1"}],"replies":[{"embeddable":true,"href":"https:\/\/www.lassebacklund.fi\/index.php?rest_route=%2Fwp%2Fv2%2Fcomments&post=12971"}],"version-history":[{"count":4,"href":"https:\/\/www.lassebacklund.fi\/index.php?rest_route=\/wp\/v2\/pages\/12971\/revisions"}],"predecessor-version":[{"id":13036,"href":"https:\/\/www.lassebacklund.fi\/index.php?rest_route=\/wp\/v2\/pages\/12971\/revisions\/13036"}],"up":[{"embeddable":true,"href":"https:\/\/www.lassebacklund.fi\/index.php?rest_route=\/wp\/v2\/pages\/12953"}],"wp:attachment":[{"href":"https:\/\/www.lassebacklund.fi\/index.php?rest_route=%2Fwp%2Fv2%2Fmedia&parent=12971"}],"curies":[{"name":"wp","href":"https:\/\/api.w.org\/{rel}","templated":true}]}}