{"id":1296,"date":"2016-10-18T21:05:11","date_gmt":"2016-10-18T19:05:11","guid":{"rendered":"http:\/\/www.lassebacklund.fi\/?page_id=1296"},"modified":"2026-03-24T08:32:31","modified_gmt":"2026-03-24T06:32:31","slug":"haggas-torp-i-lillsjo","status":"publish","type":"page","link":"https:\/\/www.lassebacklund.fi\/?page_id=1296","title":{"rendered":"H\u00e4ggas torp i Lillsj\u00f6"},"content":{"rendered":"<p><strong><span style=\"color: #000080;\">Uppgjort av Lasse Backlund \u00e5r 2016, med hj\u00e4lp av Inga-Lill Sandstr\u00f6m fr\u00e5n Vasa.<\/span><\/strong><\/p>\n<figure id=\"attachment_1238\" aria-describedby=\"caption-attachment-1238\" style=\"width: 1386px\" class=\"wp-caption aligncenter\"><img loading=\"lazy\" decoding=\"async\" class=\"size-full wp-image-1238\" src=\"http:\/\/www.lassebacklund.fi\/wp-content\/uploads\/2016\/10\/Torp-i-Lillsj\u00f6.png\" alt=\"H\u00e4r p\u00e5 storskifteskartan s\u00e5 ser vi var Stoas och H\u00e4ggas torp l\u00e5g i Lillsj\u00f6.\" width=\"1386\" height=\"768\" srcset=\"https:\/\/www.lassebacklund.fi\/wp-content\/uploads\/2016\/10\/Torp-i-Lillsj\u00f6.png 1386w, https:\/\/www.lassebacklund.fi\/wp-content\/uploads\/2016\/10\/Torp-i-Lillsj\u00f6-300x166.png 300w, https:\/\/www.lassebacklund.fi\/wp-content\/uploads\/2016\/10\/Torp-i-Lillsj\u00f6-768x426.png 768w, https:\/\/www.lassebacklund.fi\/wp-content\/uploads\/2016\/10\/Torp-i-Lillsj\u00f6-1024x567.png 1024w\" sizes=\"auto, (max-width: 1386px) 100vw, 1386px\" \/><figcaption id=\"caption-attachment-1238\" class=\"wp-caption-text\">P\u00e5 storskifteskartan s\u00e5 ser vi var Stoas och H\u00e4ggas torp l\u00e5g i Lillsj\u00f6.<\/figcaption><\/figure>\n<p>H\u00e4r p\u00e5 den \u00f6ver 100 \u00e5r gamla storskifteskartan s\u00e5 ser vi att H\u00e4ggas torp fanns i skogsbrynet bakom Berg\u00e5sen. Omr\u00e5det \u00e4gs i dag av familjen Norrvik och det kallas f\u00f6r \u201dKionas\u201d efter torparen Malakias som bodde p\u00e5 granntorpet \u201dStoas\u201d. V\u00e4garna som \u00e4r utritade p\u00e5 denna karta byggdes aldrig.<\/p>\n<p>Det var <strong>Karl Henrik H\u00e4gg<\/strong> (f. 1834 i Kalax i N\u00e4rpes) som \u00e5r 1863 flyttade till Lillsj\u00f6 tillsammans med sin hustru Anna Lisa Karlsdotter (f. 1829 i Kalax i N\u00e4rpes) som \u00e5r 1865 blev torpare p\u00e5 detta st\u00e4lle i Lillsj\u00f6 p\u00e5 Berg\u00e5ssidan. St\u00e4llet var sv\u00e5rtillg\u00e4ngligt eftersom det den tiden inte fanns n\u00e5gra riktiga v\u00e4gar hit. Karl Henrik hade varit statdr\u00e4ng eller soldat f\u00f6re han flyttade till Lillsj\u00f6.<\/p>\n<h4><strong>Oskar och Mari H\u00e4gg tar \u00f6ver torpet<\/strong><\/h4>\n<p><strong>Karl Henrik<\/strong> H\u00e4gg var torpare fram till 1907 d\u00e5 torpet \u00f6vertogs av hans son Karl <u>Oskar<\/u> H\u00e4gg (1859-1915) och han var torpare fram till 1915. Oskar, som kallades &#8221;H\u00e4ggas Oskar&#8221; hann ocks\u00e5 vara i Amerika fr\u00e5n 1899-1905. Oskar var gift med <span style=\"text-decoration: underline;\">Maria<\/span> &#8221;H\u00e4ggas Mari&#8221; Kristina Sj\u00f6holm (1867-1957) som var dotter till Henrik Sj\u00f6holm (f.1840-1923) och Eva Kristina (f.1844-1921), som bodde p\u00e5 Lillg\u00e4ls hemman i Tr\u00e4skvik. \u00c5r 1883 skulle Henrik ha varit skolm\u00e4stare i Vikb\u00e4cken.<\/p>\n<p>&#8221;H\u00e4ggas Oskar och Mari&#8221; fick sex barn, bland annat <a href=\"http:\/\/www.lassebacklund.fi\/?page_id=2098\">Emilia \u201dUlla-Miili\u201d H\u00e4gg <\/a>(1895-1972) som sedan gifte sig med Edvard \u00c5n\u00e4s. De fick ocks\u00e5 dottern Hilma (1899-1983) som gifte sig med Otto Nordstr\u00f6m (f. 1893) i Kristinestad och de har flera \u00e4ttlingar d\u00e4r.<\/p>\n<p>Oskar och Mari fick ocks\u00e5 sonen Frans <span style=\"text-decoration: underline;\">Viktor<\/span> (1891-1934) som \u00e5r 1911 gifte sig med Maria Josefina B\u00e5sk (f.1888). Josefina bodde i en stuga Korsb\u00e4ckv\u00e4gen n\u00e4ra Erik Nyg\u00e5rds g\u00e5rd. Viktor dog i lunginflammation under en arbetsf\u00f6rtj\u00e4nst p\u00e5 Kronvik s\u00e5g. \u00c4nkan Josefina, som kallades &#8221;B\u00e5sk Fina&#8221; flyttade med tv\u00e5 barn till Tenala, d\u00e5 hon blev \u00e4nka men hennes son Selim Valdemar (1917-1980) gifte sig sedan med Elsa Ahlberg och flyttade till Tr\u00e4skvik. Finas dotter Signe gifte sig i Nyland och stannade d\u00e4r.<\/p>\n<p>Oskar och Mari fick ocks\u00e5 dottern Vivi (1906-1965), som kallades &#8221;H\u00e4ggas Viivi&#8221;. Hon gifte sig \u00e5r 1929 med lagerf\u00f6rmannen Axel Rudolf Bruun fr\u00e5n Korsholm och de bodde i Vasa, d\u00e4r Vivi sedan dog. De fick d\u00f6ttrarna Gudrun (f.1930) och Gunvor (f.1931).<\/p>\n<p>Oskar H\u00e4gg hade en bror Josef Henrik H\u00e4gg (f. 1871) som var smed och han var gift med Anna <span style=\"text-decoration: underline;\">Kajsa<\/span> Storkull (f. 1863). De var torpare p\u00e5 det Lillkull hemman som Karl Erik Lillkull, senare Sj\u00f6holm tog \u00f6ver \u00e5r 1901.Torparkontraktet hade de gjort i mars 1901 med hemmanets tidigare \u00e4gare Maria Maja Gretasdotter och det g\u00e4llde ett omr\u00e5de &#8221;den s\u00e5 kalladi lill m\u00e5ssan vid lansvegen om tv\u00e5 kappland eller den plats d\u00e4r boningshusena nu st\u00e5r&#8221;.\u00a0 Ett \u00e5rligt arrende om fem mark skulle i 50 \u00e5rs tid betalas till hemmans\u00e4garen. <a href=\"https:\/\/www.lassebacklund.fi\/?page_id=3303\">Selma Huhtala<\/a> bekr\u00e4ftar i sin ber\u00e4ttelse att Anna Kajsa bodde i Kiaskroken i \u201dH\u00e4ggas Kajsas stugon\u201d.<\/p>\n<p><strong>\u00c5r 1921<\/strong> fick Maria H\u00e4gg lagfart p\u00e5 H\u00e4ggas torpl\u00e4genhet.<\/p>\n<p><strong>\u00c5r 1927, den 14 juli<\/strong> s\u00e5lde Maria H\u00e4gg detta H\u00e4ggas torp \u00e5t handlanden Erik Anders och Alvina Roseng\u00e5rd f\u00f6r 10 000 mark. K\u00f6parna flyttade inte dit utan de bodde p\u00e5 Korsb\u00e4ckv\u00e4gen 4.<\/p>\n<p><strong>\u00c5r 1928 i februar<\/strong>i s\u00e5lde Alvina och Erik Anders Roseng\u00e5rd detta H\u00e4ggas torp \u00e5t Ivar och Mina S\u00f6derholm, inneh\u00e5llande \u00e5krar, skog och bostadsbyggnad.<\/p>\n<p><strong>\u00c5r 1960, den 1 juli<\/strong> s\u00e5lde \u00e4nkan Mina S\u00f6derholm och de tv\u00e5 barnen Arne och Hj\u00f6rdis detta H\u00e4ggas torp, tillsammans med Stoas torp och l\u00e4genheten S\u00f6derholm f\u00f6r tillsammans 475 000 gamlamark \u00e5t bonden Egil Norrvik och de h\u00e4r omr\u00e5dena p\u00e5 totalt 7,5 ha \u00e4r fortfarande i den familjens \u00e4go.<\/p>\n<h4><strong>Karl Henriks kusin och omr\u00e5det Kalax.<\/strong><\/h4>\n<p>Karl Henrik H\u00e4gg hade en kusin i Kalax i N\u00e4rpes som hette Erik Johansson Mattfolk (f. 1835) och denne var gift med Johanna Kajsa Haga eller Karp (f.1845) och de fick en son som hette <span style=\"text-decoration: underline;\">Josef<\/span> Wilhelm Eriksson Mattfolk (1878-1944). Den h\u00e4r Josef Mattfolk gifte sig \u00e5r 1903 med Anna Cecilia Dahlstr\u00f6m (f. 1875 i Lappfj\u00e4rd-1957) och \u00e5r 1904 flyttade de till Lappfj\u00e4rd. \u00c5r 1918 deltog Josef Mattfolk i r\u00f6dgardisternas uppror i Lappfj\u00e4rd, d\u00e5 de bland annat avv\u00e4pnade och f\u00e4ngslade kronol\u00e4nsmannen V\u00e4in\u00f6 Nordlund och poliskonstapeln Gustav \u00c5djers. F\u00f6r detta tilltag d\u00f6mdes Josef Mattfolk av hovr\u00e4tten i Vasa till ett \u00e5rs tukthus.<\/p>\n<p>\u00c5r 1926 k\u00f6pte Josef Mattfolk ett omr\u00e5de i n\u00e4rheten av H\u00e4ggas torp och s\u00e4ljare var \u201dSanderas Mina\u201d, allts\u00e5 <a href=\"https:\/\/www.lassebacklund.fi\/?page_id=14982\">Vilhelmina Viiala<\/a>. Det var ju hennes man Alexander Viiala som \u00e5r 1911 hade k\u00f6pt detta omr\u00e5de av Axel Lilltr\u00e4sk. Redan i maj 1926 yrkade kronofogden att denna &#8221;Viiala&#8221; parcell med \u00e5byggnader skulle s\u00e4ljas p\u00e5 exekutiv auktion f\u00f6r att t\u00e4cka handlande Otto Hannus fordran p\u00e5 400 mark. Troligen var det s\u00e5 att br\u00f6derna Frans Andersson och Erik Anders Roseng\u00e5rd r\u00e4ddade Mattfolk denna g\u00e5ng.<\/p>\n<p>Josef Mattfolk som i folkmun bara kallades f\u00f6r \u201dKalaxin\u201d hade en stampkvarn f\u00f6r vadmal nere i Lill\u00e5n och tillsammans med Konstantin &#8221;Konston&#8221; Vidberg s\u00e5 \u00e5kte de omkring i byarna och k\u00f6pte upp lump.<\/p>\n<p>Josef \u201dKalaxin\u201d Mattfolk fick 3 barn: Hulda Irene (f. 1904 sjuklig), Elin Amanda (f. 1914) och Eskil Sigvald (f. 1918). G\u00e5rden som de bodde i var \u201dPelas Viktoras\u201d gamla mejeribyggnad som hade flyttats till denna plats n\u00e5gon g\u00e5ng efter 1911.<\/p>\n<p>Men redan \u00e5r 1931 s\u00e5 s\u00e5ldes Kalaxinas g\u00e5rd och hemman p\u00e5 cirka 4 hektar p\u00e5 exekutiv auktion f\u00f6r att t\u00e4cka en skuld p\u00e5 2 400 mark som Josef Mattfolk hade till Axel Lilltr\u00e4sk och som br\u00f6derna Roseng\u00e5rd hade varit i borgen f\u00f6r. Josef Mattfolk var mycket f\u00f6rbittrad p\u00e5 Lilltr\u00e4sk och hade till och med hotat honom, vilket ledde till att han en kort tid var misst\u00e4nkt f\u00f6r mordet p\u00e5 Lilltr\u00e4sk i december 1932. Br\u00f6derna Roseng\u00e5rd tvingades nu att l\u00f6sa in det och \u00e5r 1934 s\u00e5 s\u00e5lde Roseng\u00e5rds konkursbo hemmanet Viiala med den gamla mejeribyggnaden \u00e5t bonden Emil Backlund och det \u00e4r fortfarande i den sl\u00e4ktens \u00e4go. Omr\u00e5det kallas helt naturligt \u00e4nnu f\u00f6r Kalax.<\/p>\n","protected":false},"excerpt":{"rendered":"<p>Uppgjort av Lasse Backlund \u00e5r 2016, med hj\u00e4lp av Inga-Lill Sandstr\u00f6m fr\u00e5n Vasa. H\u00e4r p\u00e5 den \u00f6ver 100 \u00e5r gamla storskifteskartan s\u00e5 ser vi att H\u00e4ggas torp fanns i skogsbrynet bakom Berg\u00e5sen. Omr\u00e5det \u00e4gs i dag av familjen Norrvik och <a class=\"more-link\" href=\"https:\/\/www.lassebacklund.fi\/?page_id=1296\">Forts\u00e4tt l\u00e4sa <span class=\"screen-reader-text\">  H\u00e4ggas torp i Lillsj\u00f6<\/span><span class=\"meta-nav\">&rarr;<\/span><\/a><\/p>\n","protected":false},"author":1,"featured_media":0,"parent":1236,"menu_order":18,"comment_status":"closed","ping_status":"closed","template":"","meta":{"footnotes":""},"class_list":["post-1296","page","type-page","status-publish","hentry"],"_links":{"self":[{"href":"https:\/\/www.lassebacklund.fi\/index.php?rest_route=\/wp\/v2\/pages\/1296","targetHints":{"allow":["GET"]}}],"collection":[{"href":"https:\/\/www.lassebacklund.fi\/index.php?rest_route=\/wp\/v2\/pages"}],"about":[{"href":"https:\/\/www.lassebacklund.fi\/index.php?rest_route=\/wp\/v2\/types\/page"}],"author":[{"embeddable":true,"href":"https:\/\/www.lassebacklund.fi\/index.php?rest_route=\/wp\/v2\/users\/1"}],"replies":[{"embeddable":true,"href":"https:\/\/www.lassebacklund.fi\/index.php?rest_route=%2Fwp%2Fv2%2Fcomments&post=1296"}],"version-history":[{"count":29,"href":"https:\/\/www.lassebacklund.fi\/index.php?rest_route=\/wp\/v2\/pages\/1296\/revisions"}],"predecessor-version":[{"id":25732,"href":"https:\/\/www.lassebacklund.fi\/index.php?rest_route=\/wp\/v2\/pages\/1296\/revisions\/25732"}],"up":[{"embeddable":true,"href":"https:\/\/www.lassebacklund.fi\/index.php?rest_route=\/wp\/v2\/pages\/1236"}],"wp:attachment":[{"href":"https:\/\/www.lassebacklund.fi\/index.php?rest_route=%2Fwp%2Fv2%2Fmedia&parent=1296"}],"curies":[{"name":"wp","href":"https:\/\/api.w.org\/{rel}","templated":true}]}}