{"id":12945,"date":"2019-07-08T22:45:02","date_gmt":"2019-07-08T19:45:02","guid":{"rendered":"http:\/\/www.lassebacklund.fi\/?page_id=12945"},"modified":"2021-05-31T21:33:10","modified_gmt":"2021-05-31T18:33:10","slug":"tidningsurklipp-fran-ar-1910","status":"publish","type":"page","link":"https:\/\/www.lassebacklund.fi\/?page_id=12945","title":{"rendered":"Tidningsurklipp fr\u00e5n \u00e5r 1910."},"content":{"rendered":"<p><span style=\"color: #000080;\">Syd-\u00d6sterbotten 4.1. 1910:<\/span><\/p>\n<h4><strong><span style=\"margin: 0px; font-family: 'Helvetica','sans-serif';\"><span style=\"color: #000000;\">Folkm\u00e4ngderna i s\u00f6dra \u00d6sterbotten.<\/span><\/span><\/strong><\/h4>\n<p><span style=\"margin: 0px; font-family: 'Helvetica','sans-serif';\"><span style=\"color: #000000;\"><strong>I Lappfj\u00e4rds f\u00f6rsamling<\/strong> f\u00f6ddes det 192 barn under \u00e5r 1909, av dessa var 13 f\u00f6dda utom \u00e4ktenskapet. 158 personer hade avlidit, av dessa 16 p\u00e5 utrikes ort. Tv\u00e5 av m\u00e4nnen som avled var \u00f6ver 90 \u00e5r och 4 m\u00e4n och 8 kvinnor var \u00f6ver 80 \u00e5r. 110 personer hade flyttat till f\u00f6rsamlingen medan 101 flyttade bort. 48 par hade gift sig. Folkm\u00e4ngden hade \u00f6kat med 43 personer till 6\u00a0997 personer.<\/span><\/span><\/p>\n<p><span style=\"margin: 0px; font-family: 'Helvetica','sans-serif';\"><span style=\"color: #000000;\"><strong>I Kristinestads stadsf\u00f6rsamling<\/strong> f\u00f6ddes det under \u00e5r 1909 55 barn och 50 personer hade avlidit. Den \u00e4ldsta avlidna mannen var 83 \u00e5r, liksom den \u00e4ldsta avlidna kvinnan. 6 par hade ing\u00e5tt \u00e4ktenskap. 121 personer hade flyttat till Kristinestad och 69 hade flyttat bort. Folkm\u00e4ngden \u00f6kade med 57 personer till 3\u00a0132.<\/span><\/span><\/p>\n<p><span style=\"margin: 0px; font-family: 'Helvetica','sans-serif';\"><span style=\"color: #000000;\"><strong>I landsf\u00f6rsamlingen i Tj\u00f6ck<\/strong> f\u00f6ddes det 36 barn, varav 3 utom \u00e4ktenskapet. 26 personer hade d\u00f6tt och den \u00e4ldsta avlidna var en man p\u00e5 94 och 10 m\u00e5nader. 8 par hade vigts under det g\u00e5ngna \u00e5ret. Folkm\u00e4ngden hade \u00f6kats med 7 personer till 1\u00a0490.<\/span><\/span><\/p>\n<p><span style=\"margin: 0px; font-family: 'Helvetica','sans-serif';\"><span style=\"color: #000000;\"><strong>I Sideby f\u00f6rsamling<\/strong> hade det f\u00f6tts 81 barn och 34 personer hade d\u00f6tt. Folkm\u00e4ngden hade \u00f6kat med 52 personer till 3\u00a0223.<\/span><\/span><\/p>\n<p><span style=\"margin: 0px; font-family: 'Helvetica','sans-serif';\"><span style=\"color: #000000;\"><strong>I N\u00e4rpes socken<\/strong> bodde det vid \u00e5rsskiftet 10\u00a0737 personer.<\/span><\/span><\/p>\n<p><span style=\"color: #000080;\">Syd-\u00d6sterbotten januari 1910:<\/span><\/p>\n<h3><strong>Lappfj\u00e4rds kommunalfullm\u00e4ktige.<\/strong><\/h3>\n<p>Vid kommunalst\u00e4mma den 30 sistlidna december best\u00e4mdes antalet ledam\u00f6ter i kommunalfullm\u00e4ktige till 36. Av dessa v\u00e4ljas fr\u00e5n:<\/p>\n<h6>-Lappfj\u00e4rds bys norra sida\u00a0\u00a0\u00a0\u00a0\u00a0\u00a0\u00a0\u00a0 8 ledam\u00f6ter<\/h6>\n<h6>-Lappfj\u00e4rds bys s\u00f6dra sida\u00a0 \u00a0 \u00a0 \u00a0 13 \u201d<\/h6>\n<h6>-Dagsmark by\u00a0 \u00a0 \u00a0 \u00a0 \u00a0 \u00a0 \u00a0 \u00a0 \u00a0 \u00a0 \u00a0 \u00a0 \u00a0 \u00a04 \u201d<\/h6>\n<h6>-H\u00e4rkmeri\u00a0 \u00a0 \u00a0 \u00a0 \u00a0 \u00a0 \u00a0 \u00a0 \u00a0 \u00a0 \u00a0 \u00a0 \u00a0 \u00a0 \u00a0 \u00a0 \u00a0 5 \u201d<\/h6>\n<h6>-M\u00f6rtmark och \u00c5back\u00a0 \u00a0 \u00a0 \u00a0 \u00a0 \u00a0 \u00a0 \u00a0 \u00a04 \u201d<\/h6>\n<h6>-Uttermossa by\u00a0 \u00a0 \u00a0 \u00a0 \u00a0 \u00a0 \u00a0 \u00a0 \u00a0 \u00a0 \u00a0 \u00a0 \u00a01 \u201d<\/h6>\n<h6>-L\u00e5hlby\u00a0 \u00a0 \u00a0 \u00a0 \u00a0 \u00a0 \u00a0 \u00a0 \u00a0 \u00a0 \u00a0 \u00a0 \u00a0 \u00a0 \u00a0 \u00a0 \u00a0 \u00a0 \u00a0 1 \u201d<\/h6>\n<p>&nbsp;<\/p>\n<p><strong>Fr\u00e5n Dagsmark valdes: <\/strong>Viktor B\u00e5sk, Viktor Nylund, Henrik Agn\u00e4s och Erik Anders Andersson Klemets. <span style=\"color: #000080;\">(Det h\u00e4r var allts\u00e5 kommunens f\u00f6rsta kommunalfullm\u00e4ktige).<\/span><\/p>\n<p><span style=\"color: #000080;\"><strong>Syd-\u00d6sterbotten 11.1.1910:<\/strong><\/span><\/p>\n<p>\u00c5r 1910 efter Kristi f\u00f6delse \u00e4r det 15:e i solcirkeln. S\u00f6ndagsbokstaven \u00e4r B. P\u00e5skterminen intr\u00e4ffar den 25 mars och pingstdagen den 15 maj.<\/p>\n<p>\u00c5r 1910 motsvarar:<\/p>\n<p>-2:a \u00e5ret i 672:a Olympiaden.<\/p>\n<p>-\u00e5r 2663 efter Roms grundl\u00e4ggning.<\/p>\n<p>-judarnas \u00e5r 5670, som b\u00f6rjade den 16 september 1909 och slutar 3 oktober 1910.<\/p>\n<p>-muhammedaneras \u00e5r 1328, som b\u00f6rjar den 13 januari 1910 och slutar den 1 januari 1911.<\/p>\n<p>-total solf\u00f6rm\u00f6rkelse den 9 maj i Australien och partiell s\u00e5dan den 2 november i Japan.<\/p>\n<p>-total m\u00e5nf\u00f6rm\u00f6rkelse den 16-17 november i hela Europa. Den b\u00f6rjar kl.11.44 p\u00e5 kv\u00e4llen och slutar 2.58 p\u00e5 morgonnatten.<\/p>\n<p><strong><span style=\"color: #000080;\">Syd-\u00d6sterbotten 29.1 1910:<\/span><\/strong><\/p>\n<h3><strong>Nya kommunalfullm\u00e4ktige i Lappfj\u00e4rd.<\/strong><\/h3>\n<p>Kommunalfullm\u00e4ktige i Lappfj\u00e4rd sammantr\u00e4dde till sitt f\u00f6rsta m\u00f6te senaste m\u00e5ndag den 24 januari 1910. Sammantr\u00e4det \u00f6ppnades av kommunalst\u00e4mmans ordf\u00f6rande J. V. Ingves med f\u00f6ljande andragande:<\/p>\n<p>\u201dD\u00e5 Lappfj\u00e4rds kommuns medlemmar i dag f\u00f6r f\u00f6rsta g\u00e5ngen l\u00e5ta sig f\u00f6retr\u00e4das genom valda kommunalfullm\u00e4ktige, ber jag med anledning h\u00e4rav att f\u00e5 yttra n\u00e5gra ord.<\/p>\n<p>Inf\u00f6randet av kommunalfullm\u00e4ktigeinstitutionen i en landskommun m\u00e5ste ju sj\u00e4lvfallet betecknas s\u00e5som ett stort framsteg p\u00e5 den kommunala sj\u00e4lvstyrelsens omr\u00e5de.<\/p>\n<p>D\u00e5 Lappfj\u00e4rds kommun p\u00e5 st\u00e4mmorna den 13 september och den 1 december i \u00e5r besl\u00f6t tills\u00e4ttande av kommunalfullm\u00e4ktige, m\u00e5 vi hoppas, att kommunen tog ett stort steg fram\u00e5t p\u00e5 utvecklingens v\u00e4g. Veterligen torde v\u00e4l Lappfj\u00e4rd vara den f\u00f6rsta av \u00d6sterbottens sydliga kommuner, som inf\u00f6rt kommunalfullm\u00e4ktige. V\u00e5r kommun \u00e4r s\u00e5ledes en f\u00f6reg\u00e5ngskommun i detta avseende. Men m\u00e5 kommunalfullm\u00e4ktiges arbete bliva av en s\u00e5dan art, att det kan tj\u00e4na som ett exempel f\u00f6r andra kommuner och till st\u00f6rsta gagn f\u00f6r v\u00e5r egen. D\u00e4rf\u00f6r tarvas vissa f\u00f6ruts\u00e4ttningar, som jag i korthet vill ber\u00f6ra. Det \u00e4r kommunalfullm\u00e4ktigemedlemmarna var f\u00f6r sig som efter b\u00e4sta f\u00f6rm\u00e5ga kan g\u00f6ra det arbete, som nu skall p\u00e5b\u00f6rjas, till ett gott, samh\u00e4lligt och p\u00e5 samma g\u00e5ng fosterl\u00e4ndskt arbete.<\/p>\n<p>Allvar och ett redligt upps\u00e5t av oss alla \u00e4r den f\u00f6rsta f\u00f6ruts\u00e4ttningen. Ingen m\u00e5 komma till v\u00e5ra sammantr\u00e4den med annat upps\u00e5t \u00e4n kommunens sanna b\u00e4sta, det m\u00e5l till vilket vi alla skall str\u00e4va. H\u00e4tskhet och tillm\u00e4len f\u00f6ranledda av personligt agg m\u00e5 vara fj\u00e4rran fr\u00e5n v\u00e5rt arbete. Vi f\u00e5r ej f\u00f6rbinda sak vid person. Om olika meningar g\u00f6ra sig g\u00e4llande, m\u00e5 de ej f\u00e5 f\u00f6ranleda personlig h\u00e4tskhet och of\u00f6rdragsamhet. Vi kunna vara f\u00f6rvissade d\u00e4rom att allt v\u00e5rt arbete icke kommer att behaga kommunens alla medlemmar. Om d\u00e4rf\u00f6r besluten p\u00e5 v\u00e5ra sammantr\u00e4den n\u00e5gon g\u00e5ng m\u00e5ste fattas genom omr\u00f6stning, b\u00f6r vi dock alla som en man st\u00e5 bakom dem, ty vi b\u00e4r alla lika stort ansvar f\u00f6r desamma.<\/p>\n<p>M\u00e5 alla hj\u00e4lpa till att god ordning uppr\u00e4tt h\u00e5lles vid v\u00e5ra sammantr\u00e4den och m\u00e5 ingen undandraga sig att fritt och of\u00f6rf\u00e4rat yttra sin allvarliga uppfattning i f\u00f6r handen varande fr\u00e5gor! Utan laga orsak b\u00f6r ingen vara borta fr\u00e5n v\u00e5ra sammantr\u00e4den! Alla b\u00f6r bilda sig en egen uppfattning i de fr\u00e5gor som skall behandlas, ty h\u00e4rigenom skapas och st\u00e4rkes sj\u00e4lvarbete hos oss alla.<\/p>\n<p>Med dessa ord f\u00e5r jag f\u00f6rklara dagens sammantr\u00e4de \u00f6ppnat.\u201d<\/p>\n<p>Till ordf\u00f6rande f\u00f6r sammantr\u00e4det uts\u00e5gs d\u00e4rp\u00e5 J. V. Ingves.<\/p>\n<p>F\u00f6ljde s\u00e5 att best\u00e4mma arbetss\u00e4ttet f\u00f6r fullm\u00e4ktige, varvid man efter en l\u00e4ngre diskussion besl\u00f6t att v\u00e4lja skild ordf\u00f6rande och skild sekreterare. Ett annat f\u00f6rslag gick ut p\u00e5 att ordf\u00f6randen, d\u00e4rest han ej tillika ville vara sekreterare, skulle sj\u00e4lv anst\u00e4lla s\u00e5dan.<\/p>\n<p>D\u00e4rp\u00e5 skreds till val av dessa funktion\u00e4rer f\u00f6r innevarande \u00e5r. Till ordf\u00f6rande valdes n\u00e4mndeman Johan Viktor Ingves och till viceordf\u00f6rande bonden Viktor Rosenstedt. Till sekreterare uts\u00e5ga folkskoll\u00e4raren Frans Teir.<\/p>\n<p>H\u00e4refter upptogs till diskussion fr\u00e5gan om huru protokollen borde f\u00f6ras vid fullm\u00e4ktiges sammantr\u00e4den, varvid man enades om att protokollen skulle uppta endast de olika f\u00f6rslag och meningsinriktningar som under diskussionen framkommit samt sist och slutligen fullm\u00e4ktiges beslut, d\u00e5 d\u00e4remot ett fullst\u00e4ndigt referat av olika talares yttranden ans\u00e5gs \u00f6verfl\u00f6digt.<\/p>\n<p>F\u00f6r att underl\u00e4tta fullm\u00e4ktiges arbete i sin helhet tillsattes ett allm\u00e4nt beredningsutskott best\u00e5ende av h\u00e4radsskrivare Lev\u00e1n, agronom Starcke, bost\u00e4llsarrendator Isak \u00d6ist, fattigv\u00e5rdsstyrelsens ordf\u00f6rande Ingves och kommunaln\u00e4mndens ordf\u00f6rande P\u00e4rus.<\/p>\n<p>Till justeringsm\u00e4n f\u00f6r fullm\u00e4ktiges protokoll under \u00e5ret valdes Otto P\u00e4rus och J. V. Lillg\u00e4ls. Ang\u00e5ende s\u00e4ttet att sammankalla fullm\u00e4ktige besl\u00f6ts att en kort annons skulle inf\u00f6ras i tidningarna \u201dSyd-\u00d6sterbotten\u201d och \u201dSuupohjan Kaiku\u201d samt att f\u00f6redragningslistan skulle ansl\u00e5s p\u00e5 kommunalstugans v\u00e4gg.<\/p>\n<p>Sedan s\u00e5lunda fr\u00e5gorna om fullm\u00e4ktiges arbetss\u00e4tt voro underst\u00f6kade vidtog fullm\u00e4ktige med anledning av f\u00f6ljande fr\u00e5gor:<\/p>\n<p>F\u00f6redrogs gjorda anbud vid h\u00e5llen entreprenadauktion \u00f6ver g\u00e4stgiveri- och skjutsh\u00e5llningen inom kommunen f\u00f6r fem \u00e5r fram\u00e5t fr\u00e5n 1911 \u00e5rs b\u00f6rjan, \u00f6ver vilka anbud fullm\u00e4ktige \u00e4gde att avgiva yttrande. Till g\u00e4stgivare i Lappfj\u00e4rd f\u00f6rordade fullm\u00e4ktige Josef Ingves, som enligt fullm\u00e4ktiges vetskap till allas bel\u00e5tenhet omh\u00e4nderhaft denna befattning. Till g\u00e4stgivare i M\u00f6rtmark f\u00f6rordade fullm\u00e4ktige bonden Viktor Norrback.<\/p>\n<p>Ritning till br\u00e4dfordring av Lappfj\u00e4rds norra folkskola f\u00f6redrogs f\u00f6r fullm\u00e4ktige, som godk\u00e4nde ritningen samt f\u00f6rslaget till arbetets utf\u00f6rande, vilket av ekonomiutskottet f\u00f6r folkskol\u00e4rendet uppgjort. Kommunalst\u00e4mman har tidigare fattat beslut om arbetet samt tiden f\u00f6r dess vidtagande, 1910. Ritningen som avser att med enkla listverk h\u00f6ja skolbyggnadens utseende till det yttre, har uppgjorts av byggm\u00e4stare Holmstr\u00f6m, samt agronomen Johan Starcke.<\/p>\n<p>Av guvern\u00f6rs\u00e4mbetet avfordrat yttrande om f\u00f6rslag till v\u00e5rden av sinnessjuka h\u00e4nsk\u00f6ts till allm\u00e4nna beredningsutskottet.<\/p>\n<p>Till fattigv\u00e5rdsinspektris uts\u00e5gs fru Molander.<\/p>\n<p><span style=\"color: #000080;\"><strong>Syd-\u00d6sterbotten 6.4.1910:<\/strong><\/span><\/p>\n<h5><strong>Flerhundra\u00e5rig ria.<\/strong><\/h5>\n<p>En gammal ria, vars \u00e5lder s\u00e4kert uppg\u00e5r till flera hundra \u00e5r finns i Dagsmark by i Lappfj\u00e4rd. Man vet med s\u00e4kerhet att den \u00e5ldriga byggnaden, vilken f\u00f6r n\u00e4rvarande \u00e4gs av bonden Ivar Westerback, anv\u00e4nts i 5:te mans led och att dess f\u00f6reg\u00e5ende \u00e4gare avlidit vid h\u00f6g \u00e5lder. Rian \u00e4r f\u00f6r n\u00e4rvarande under flyttning men \u00e5tminstone i 100 \u00e5r har den st\u00e5tt p\u00e5 samma plats sedan den f\u00f6rra g\u00e5ngen flyttades. P\u00e5 en av rians v\u00e4ggar finns \u00e5rtalet 1205, p\u00e5 en d\u00f6rr 1231 men troligtvis har dock dessa tal tillkommit senare \u00e4n den tid de ange. Rian \u00e4r uppf\u00f6rd av h\u00e5rd k\u00e4rnfrisk furustock, vilken i topp\u00e4ndan uppn\u00e5r en tjocklek av en halv meter.<\/p>\n<p><span style=\"color: #000080;\">Syd-\u00d6sterbotten 10.9.1910:<\/span><\/p>\n<h3><strong>Stor eldsv\u00e5da i Lappfj\u00e4rd.<\/strong><\/h3>\n<p><strong>Lappfj\u00e4rd \u00d6stra folkskola nedbrunnen<\/strong>.<\/p>\n<p>Vid halv 6-tiden i g\u00e5r p\u00e5 aftonen utbr\u00f6t i Lappfj\u00e4rd by en eldsv\u00e5da, som inom ett par timmar lade byns \u00d6stra folkskola i aska. Elden utbr\u00f6t i sl\u00f6jdsalen och spred sig d\u00e4rifr\u00e5n inom kort till de angr\u00e4nsande rummen. D\u00e5 branden observerades, hade elden n\u00e4stan helt och h\u00e5llet f\u00e5tt \u00f6verhand i byggnadens inre. Brist p\u00e5 vatten och n\u00f6diga brandredskap f\u00f6rsv\u00e5rade \u00e4ven det f\u00f6rsta sl\u00e4ckningsarbetet. Inom kort anl\u00e4nde likv\u00e4l byns Frivilliga Brandk\u00e5r till platsen med sprutor och andra redskap. Dessutom uppb\u00e5dades annat sl\u00e4ckningsmanskap och talrika h\u00e4star f\u00f6r vattenh\u00e4mtningen. Att r\u00e4dda byggnaden var emellertid redan ot\u00e4nkbart. Stora flammande l\u00e5gor slogo ut genom f\u00f6nster och tak. Arbetet m\u00e5ste d\u00e4rf\u00f6r koncentreras p\u00e5 r\u00e4ddande av n\u00e4rliggande byggnader. En i n\u00e4rheten varande byggnad, vilken anv\u00e4nts som lokal f\u00f6r en sm\u00e5barnsskola samt skolans uthus voro synnerligen starkt hotade, men lyckades man likv\u00e4l skydda dem f\u00f6r eldens framfart.<\/p>\n<p>Hela byggnaden med undervisningsmaterial och m\u00f6bler samt st\u00f6rsta delen av l\u00e4rare Rosenbacks l\u00f6segendom blevo d\u00e4remot l\u00e5gornas rov. Endast en obetydlig del d\u00e4rav lyckades man r\u00e4dda. \u00c4nnu vid halv 9-tiden i g\u00e5r kv\u00e4ll var branden icke fullt sl\u00e4ckt. \u00c5 den del av byggnaden dit elden sist spred sig och som inneh\u00f6ll ett lektionsrum, vilket \u00e4nnu icke tagits i begagnande, st\u00e5 v\u00e4ggarna uppr\u00e4tt, men \u00e4r taket och inredningen helt och h\u00e5llet f\u00f6rst\u00f6rda, varf\u00f6rutom stockarna sv\u00e5rt skadats av branden, s\u00e5 att man torde bli tvungen att riva \u00e4ven denna del.<\/p>\n<p>Orsaken till eldens l\u00f6skomst \u00e4r obekant, men antar man att branden f\u00f6rorsakats av att eleverna i sl\u00f6jdsalen handskats ovarsamt med elden. Skolans l\u00e4rare var vid brandens utbrott bortrest till Dagsmark.<\/p>\n<p>Lappfj\u00e4rd \u00d6stra folkskola uppf\u00f6rdes f\u00f6r blott n\u00e5gra \u00e5r sedan och har blott i tv\u00e5 \u00e5rs tid anv\u00e4nts f\u00f6r sitt \u00e4ndam\u00e5l. Den var egentligen avsedd till dubbelskola, ehuru det ena klassrummet \u00e4nnu icke var f\u00e4rdigt inrett. Den nedbrunna skolan var f\u00f6rs\u00e4krad i Allm\u00e4nna brandstodsbolaget f\u00f6r landet till ett belopp av 22\u00a0000 mark. \u00c4ven l\u00e4rare Rosenbacks l\u00f6segendom torde hava varit f\u00f6rs\u00e4krad.<\/p>\n<p><span style=\"color: #000080;\"><strong>Forts\u00e4ttning i Syd-\u00d6sterbotten 13 sept 1910:<\/strong><\/span><\/p>\n<p><strong>Eldsv\u00e5dan i Lappfj\u00e4rd<\/strong>. Polisunders\u00f6kningen i anledning av branden i Lappfj\u00e4rd \u00d6stra folkskola h\u00f6lls senaste l\u00f6rdag och konstaterades h\u00e4rvid att elden l\u00f6skommit s\u00e5lunda att n\u00e5gra minder\u00e5riga gossar i sl\u00f6jdsalen handskats ovarsamt med densamma. L\u00e4raren Henrik Rosenbacks l\u00f6segendom var f\u00f6r ett obetydligt belopp f\u00f6rs\u00e4krat i kommunens brandstodsbolag.<\/p>\n<p><span style=\"color: #000080;\"><strong>L\u00e4rarens tackannons i Syd-\u00d6sterbotten 13 sept 1910:<\/strong><\/span><\/p>\n<p>F\u00f6r den snara och v\u00e4lvilliga hj\u00e4lp flera personer l\u00e4mnat mig i anledning av den timade olyckan vid Lappfj\u00e4rd \u00d6stra folkskolas brand f\u00e5r p\u00e5 detta s\u00e4tt till alla och envar jag framb\u00e4ra en \u00f6dmjuk tacks\u00e4gelse.<\/p>\n<p>Lappfj\u00e4rd den 12 september 1910. Henrik Rosenback.<\/p>\n<p><span style=\"color: #000080;\">Artikel i Syd-\u00d6sterbotten 8. 11 1910 om kommunfullm\u00e4ktiges beslut:<\/span><\/p>\n<p>Kommunalfullm\u00e4ktige i Lappfj\u00e4rd sammantr\u00e4dde till m\u00f6te \u00e5 Ungdomshemmet i g\u00e5r och behandlade d\u00e4rvid fr\u00e5gan om uppf\u00f6rande av en ny byggnad i st\u00e4llet f\u00f6r den nedbrunna Kyrkobyns \u00d6stra folkskola. Det besl\u00f6ts att den nya skolan skulle uppf\u00f6ras i tvenne v\u00e5ningar, varvid i nedre v\u00e5ningen tvenne l\u00e4rosalar skulle f\u00f6rl\u00e4ggas och i den \u00f6vre bostadslokaler f\u00f6r l\u00e4rarpersonalen. En byggnadskommitt\u00e9 tillsattes som fick i uppdrag att anskaffa ritningar och kostnadsf\u00f6rslag f\u00f6r det nya skolhuset.<\/p>\n<p><span style=\"color: #000080;\">Syd-\u00d6sterbotten 6.12.1910<\/span><\/p>\n<p>Lappfj\u00e4rd.<\/p>\n<p>Till h\u00e4radsdomare utn\u00e4mnde h\u00e4radsr\u00e4tten i Lappfj\u00e4rd och Sideby socknars samt Kristinestads landskommuns tingslag senaste l\u00f6rdag n\u00e4mndemannen Johan Viktor B\u00e5sk fr\u00e5n Dagsmark, vilken i 18 \u00e5rs tid tj\u00e4nstgjort som n\u00e4mndeman vid sagda h\u00e4radsr\u00e4tt.<\/p>\n<p>Lagtima h\u00f6stetinget i samma tingslag avslutades samma dag.<\/p>\n","protected":false},"excerpt":{"rendered":"<p>Syd-\u00d6sterbotten 4.1. 1910: Folkm\u00e4ngderna i s\u00f6dra \u00d6sterbotten. I Lappfj\u00e4rds f\u00f6rsamling f\u00f6ddes det 192 barn under \u00e5r 1909, av dessa var 13 f\u00f6dda utom \u00e4ktenskapet. 158 personer hade avlidit, av dessa 16 p\u00e5 utrikes ort. Tv\u00e5 av m\u00e4nnen som avled var <a class=\"more-link\" href=\"https:\/\/www.lassebacklund.fi\/?page_id=12945\">Forts\u00e4tt l\u00e4sa <span class=\"screen-reader-text\">  Tidningsurklipp fr\u00e5n \u00e5r 1910.<\/span><span class=\"meta-nav\">&rarr;<\/span><\/a><\/p>\n","protected":false},"author":1,"featured_media":0,"parent":3732,"menu_order":1910,"comment_status":"closed","ping_status":"closed","template":"","meta":{"footnotes":""},"class_list":["post-12945","page","type-page","status-publish","hentry"],"_links":{"self":[{"href":"https:\/\/www.lassebacklund.fi\/index.php?rest_route=\/wp\/v2\/pages\/12945","targetHints":{"allow":["GET"]}}],"collection":[{"href":"https:\/\/www.lassebacklund.fi\/index.php?rest_route=\/wp\/v2\/pages"}],"about":[{"href":"https:\/\/www.lassebacklund.fi\/index.php?rest_route=\/wp\/v2\/types\/page"}],"author":[{"embeddable":true,"href":"https:\/\/www.lassebacklund.fi\/index.php?rest_route=\/wp\/v2\/users\/1"}],"replies":[{"embeddable":true,"href":"https:\/\/www.lassebacklund.fi\/index.php?rest_route=%2Fwp%2Fv2%2Fcomments&post=12945"}],"version-history":[{"count":6,"href":"https:\/\/www.lassebacklund.fi\/index.php?rest_route=\/wp\/v2\/pages\/12945\/revisions"}],"predecessor-version":[{"id":20053,"href":"https:\/\/www.lassebacklund.fi\/index.php?rest_route=\/wp\/v2\/pages\/12945\/revisions\/20053"}],"up":[{"embeddable":true,"href":"https:\/\/www.lassebacklund.fi\/index.php?rest_route=\/wp\/v2\/pages\/3732"}],"wp:attachment":[{"href":"https:\/\/www.lassebacklund.fi\/index.php?rest_route=%2Fwp%2Fv2%2Fmedia&parent=12945"}],"curies":[{"name":"wp","href":"https:\/\/api.w.org\/{rel}","templated":true}]}}