{"id":12905,"date":"2019-07-07T10:53:48","date_gmt":"2019-07-07T07:53:48","guid":{"rendered":"http:\/\/www.lassebacklund.fi\/?page_id=12905"},"modified":"2024-08-02T14:50:12","modified_gmt":"2024-08-02T11:50:12","slug":"slaktnamn-som-borjar-pa-t","status":"publish","type":"page","link":"https:\/\/www.lassebacklund.fi\/?page_id=12905","title":{"rendered":"Sl\u00e4ktnamn som b\u00f6rjar p\u00e5 T."},"content":{"rendered":"<p><img loading=\"lazy\" decoding=\"async\" class=\"alignnone size-full wp-image-12900\" src=\"http:\/\/www.lassebacklund.fi\/wp-content\/uploads\/2019\/07\/Tasanko-Kauko.jpg\" alt=\"\" width=\"2186\" height=\"1231\" srcset=\"https:\/\/www.lassebacklund.fi\/wp-content\/uploads\/2019\/07\/Tasanko-Kauko.jpg 2186w, https:\/\/www.lassebacklund.fi\/wp-content\/uploads\/2019\/07\/Tasanko-Kauko-300x169.jpg 300w, https:\/\/www.lassebacklund.fi\/wp-content\/uploads\/2019\/07\/Tasanko-Kauko-768x432.jpg 768w, https:\/\/www.lassebacklund.fi\/wp-content\/uploads\/2019\/07\/Tasanko-Kauko-1024x577.jpg 1024w\" sizes=\"auto, (max-width: 2186px) 100vw, 2186px\" \/> <img loading=\"lazy\" decoding=\"async\" class=\"alignnone size-full wp-image-12901\" src=\"http:\/\/www.lassebacklund.fi\/wp-content\/uploads\/2019\/07\/Teir-Alice.jpg\" alt=\"\" width=\"1633\" height=\"1495\" srcset=\"https:\/\/www.lassebacklund.fi\/wp-content\/uploads\/2019\/07\/Teir-Alice.jpg 1633w, https:\/\/www.lassebacklund.fi\/wp-content\/uploads\/2019\/07\/Teir-Alice-300x275.jpg 300w, https:\/\/www.lassebacklund.fi\/wp-content\/uploads\/2019\/07\/Teir-Alice-768x703.jpg 768w, https:\/\/www.lassebacklund.fi\/wp-content\/uploads\/2019\/07\/Teir-Alice-1024x937.jpg 1024w\" sizes=\"auto, (max-width: 1633px) 100vw, 1633px\" \/><\/p>\n<p><img loading=\"lazy\" decoding=\"async\" class=\"alignnone size-full wp-image-12902\" src=\"http:\/\/www.lassebacklund.fi\/wp-content\/uploads\/2019\/07\/Teir-Maria-Karolina.jpg\" alt=\"\" width=\"1494\" height=\"1137\" srcset=\"https:\/\/www.lassebacklund.fi\/wp-content\/uploads\/2019\/07\/Teir-Maria-Karolina.jpg 1494w, https:\/\/www.lassebacklund.fi\/wp-content\/uploads\/2019\/07\/Teir-Maria-Karolina-300x228.jpg 300w, https:\/\/www.lassebacklund.fi\/wp-content\/uploads\/2019\/07\/Teir-Maria-Karolina-768x584.jpg 768w, https:\/\/www.lassebacklund.fi\/wp-content\/uploads\/2019\/07\/Teir-Maria-Karolina-1024x779.jpg 1024w\" sizes=\"auto, (max-width: 1494px) 100vw, 1494px\" \/><\/p>\n<p><img loading=\"lazy\" decoding=\"async\" class=\"alignnone size-full wp-image-21999\" src=\"https:\/\/www.lassebacklund.fi\/wp-content\/uploads\/2023\/01\/Thomasfolk-Carita-f.-Storkull.jpg\" alt=\"\" width=\"686\" height=\"520\" srcset=\"https:\/\/www.lassebacklund.fi\/wp-content\/uploads\/2023\/01\/Thomasfolk-Carita-f.-Storkull.jpg 686w, https:\/\/www.lassebacklund.fi\/wp-content\/uploads\/2023\/01\/Thomasfolk-Carita-f.-Storkull-300x227.jpg 300w\" sizes=\"auto, (max-width: 686px) 100vw, 686px\" \/><\/p>\n<p><img loading=\"lazy\" decoding=\"async\" class=\"alignnone size-full wp-image-12903\" src=\"http:\/\/www.lassebacklund.fi\/wp-content\/uploads\/2019\/07\/Toivonen-Elma-Irene.jpg\" alt=\"\" width=\"2302\" height=\"1489\" srcset=\"https:\/\/www.lassebacklund.fi\/wp-content\/uploads\/2019\/07\/Toivonen-Elma-Irene.jpg 2302w, https:\/\/www.lassebacklund.fi\/wp-content\/uploads\/2019\/07\/Toivonen-Elma-Irene-300x194.jpg 300w, https:\/\/www.lassebacklund.fi\/wp-content\/uploads\/2019\/07\/Toivonen-Elma-Irene-768x497.jpg 768w, https:\/\/www.lassebacklund.fi\/wp-content\/uploads\/2019\/07\/Toivonen-Elma-Irene-1024x662.jpg 1024w\" sizes=\"auto, (max-width: 2302px) 100vw, 2302px\" \/><\/p>\n<p><img loading=\"lazy\" decoding=\"async\" class=\"alignnone size-full wp-image-23038\" src=\"https:\/\/www.lassebacklund.fi\/wp-content\/uploads\/2024\/08\/Toivonen-Mauno.jpg\" alt=\"\" width=\"980\" height=\"1200\" srcset=\"https:\/\/www.lassebacklund.fi\/wp-content\/uploads\/2024\/08\/Toivonen-Mauno.jpg 980w, https:\/\/www.lassebacklund.fi\/wp-content\/uploads\/2024\/08\/Toivonen-Mauno-245x300.jpg 245w, https:\/\/www.lassebacklund.fi\/wp-content\/uploads\/2024\/08\/Toivonen-Mauno-836x1024.jpg 836w, https:\/\/www.lassebacklund.fi\/wp-content\/uploads\/2024\/08\/Toivonen-Mauno-768x940.jpg 768w\" sizes=\"auto, (max-width: 980px) 100vw, 980px\" \/> <img loading=\"lazy\" decoding=\"async\" class=\"alignnone size-full wp-image-12904\" src=\"http:\/\/www.lassebacklund.fi\/wp-content\/uploads\/2019\/07\/Toivonen-Vilho-svensk.jpg\" alt=\"\" width=\"2368\" height=\"1500\" srcset=\"https:\/\/www.lassebacklund.fi\/wp-content\/uploads\/2019\/07\/Toivonen-Vilho-svensk.jpg 2368w, https:\/\/www.lassebacklund.fi\/wp-content\/uploads\/2019\/07\/Toivonen-Vilho-svensk-300x190.jpg 300w, https:\/\/www.lassebacklund.fi\/wp-content\/uploads\/2019\/07\/Toivonen-Vilho-svensk-768x486.jpg 768w, https:\/\/www.lassebacklund.fi\/wp-content\/uploads\/2019\/07\/Toivonen-Vilho-svensk-1024x649.jpg 1024w\" sizes=\"auto, (max-width: 2368px) 100vw, 2368px\" \/><\/p>\n<p><img loading=\"lazy\" decoding=\"async\" class=\"alignnone size-full wp-image-22795\" src=\"https:\/\/www.lassebacklund.fi\/wp-content\/uploads\/2024\/04\/Torning-Margareta.jpg\" alt=\"\" width=\"803\" height=\"798\" srcset=\"https:\/\/www.lassebacklund.fi\/wp-content\/uploads\/2024\/04\/Torning-Margareta.jpg 803w, https:\/\/www.lassebacklund.fi\/wp-content\/uploads\/2024\/04\/Torning-Margareta-300x298.jpg 300w, https:\/\/www.lassebacklund.fi\/wp-content\/uploads\/2024\/04\/Torning-Margareta-150x150.jpg 150w, https:\/\/www.lassebacklund.fi\/wp-content\/uploads\/2024\/04\/Torning-Margareta-768x763.jpg 768w\" sizes=\"auto, (max-width: 803px) 100vw, 803px\" \/><\/p>\n","protected":false},"excerpt":{"rendered":"","protected":false},"author":1,"featured_media":0,"parent":27,"menu_order":20,"comment_status":"closed","ping_status":"closed","template":"","meta":{"footnotes":""},"class_list":["post-12905","page","type-page","status-publish","hentry"],"_links":{"self":[{"href":"https:\/\/www.lassebacklund.fi\/index.php?rest_route=\/wp\/v2\/pages\/12905","targetHints":{"allow":["GET"]}}],"collection":[{"href":"https:\/\/www.lassebacklund.fi\/index.php?rest_route=\/wp\/v2\/pages"}],"about":[{"href":"https:\/\/www.lassebacklund.fi\/index.php?rest_route=\/wp\/v2\/types\/page"}],"author":[{"embeddable":true,"href":"https:\/\/www.lassebacklund.fi\/index.php?rest_route=\/wp\/v2\/users\/1"}],"replies":[{"embeddable":true,"href":"https:\/\/www.lassebacklund.fi\/index.php?rest_route=%2Fwp%2Fv2%2Fcomments&post=12905"}],"version-history":[{"count":6,"href":"https:\/\/www.lassebacklund.fi\/index.php?rest_route=\/wp\/v2\/pages\/12905\/revisions"}],"predecessor-version":[{"id":23039,"href":"https:\/\/www.lassebacklund.fi\/index.php?rest_route=\/wp\/v2\/pages\/12905\/revisions\/23039"}],"up":[{"embeddable":true,"href":"https:\/\/www.lassebacklund.fi\/index.php?rest_route=\/wp\/v2\/pages\/27"}],"wp:attachment":[{"href":"https:\/\/www.lassebacklund.fi\/index.php?rest_route=%2Fwp%2Fv2%2Fmedia&parent=12905"}],"curies":[{"name":"wp","href":"https:\/\/api.w.org\/{rel}","templated":true}]}}