{"id":1290,"date":"2016-10-18T20:56:52","date_gmt":"2016-10-18T18:56:52","guid":{"rendered":"http:\/\/www.lassebacklund.fi\/?page_id=1290"},"modified":"2016-10-18T20:56:52","modified_gmt":"2016-10-18T18:56:52","slug":"johan-johansson-langs-kontrakt","status":"publish","type":"page","link":"https:\/\/www.lassebacklund.fi\/?page_id=1290","title":{"rendered":"Johan Johansson L\u00e5ngs kontrakt."},"content":{"rendered":"<p><strong>Torpare-Contragt<\/strong><\/p>\n<p>H\u00e4rmedelst uppl\u00e5ter och afst\u00e5r jag Johan Johansson L\u00e5ng med min hustrus ja och samtycke en torpl\u00e4genhet undan mit \u00e4gande L\u00e5ngs skattehemman N:o 4 5\/48 dels mantal bel\u00e4git i Dagsmark by och Lappfierd socken till min yngsta dotter Cajsa Johansdotter och hennes Blefvande man s\u00e5som L\u00f6sen ur fasteheten med f\u00f6ljande hvilkor och f\u00f6rm\u00e5ner:<\/p>\n<ol>\n<li>till Tomt Rum f\u00e5r Torparen p\u00e5 v\u00e4stra sidan om g\u00e5rden s\u00e5 mycket som f\u00f6r n\u00f6diga hur erfordras.<\/li>\n<li>till \u00e5cker norra \u00e4ndan af den s\u00e5kallade Lerbacken ett tunnlandt f\u00e4rdi brukad \u00e5cker samt all den odlingsmark som fins emellan Klemets och finne R\u00e5an samt ett tunnland \u00e5ckermark i skitviken hvaraf h\u00e4lften \u00e4r \u00e5dlad och andra h\u00e4lften o\u00e5dlad ifr\u00e5n Klemets r\u00e5 l\u00e4ngs med allm\u00e4nna Landdsv\u00e4gen samt Stor\u00e5kers t\u00e4gen eller Brog\u00e4rden som jag genom \u00e4gobyte tillhandlat mig af Johan Henriksson Lillkull f\u00f6r bem\u00e4lte Stor\u00e5kers t\u00e4g samt ditt \u00e5ckerstycket som \u00e4r bel\u00e4get L\u00e4ngs vid Johan fr\u00f6bergs \u00e5kergerda.<\/li>\n<li>till \u00e4ng f\u00e5r Torparen p\u00e5 \u00f6stra \u00e4ndan af den s\u00e5kallade holmsmyran all den mark som \u00e4r bel\u00e4gen emellan Lillkull samt Carl L\u00e5ngs R\u00e5ar 16 famnar som b\u00f6rjande tagande ifr\u00e5n Klemets R\u00e5 samt min andel av den s\u00e5kallade Lill\u00e5en \u00e4ng som Torparen G\u00f6ran L\u00e5ng i Lefstiden innehaft \u00e4fven f\u00f6r Torparen p\u00e5 samma st\u00e4lle ett Laduland eller vid Kl\u00e4ppan\u00e4ng, samt tvenne Laduland i skittviken som \u00e4r bel\u00e4gen i millan Carl L\u00e5ngs och Torparen Anders L\u00e5ng och Klemets R\u00e5ar-<\/li>\n<li>f\u00e5r Torparen hugga en famn bland ved \u00e5 hemmanets skog \u00e5rligen-<\/li>\n<li>skall Torparen underh\u00e5ll h\u00e4lften af allm\u00e4nna Landsv\u00e4gen som h\u00f6r under hemmanet-<\/li>\n<li>Denna Torpl\u00e4genhet varar i verdeliga tider barn efter barn-<\/li>\n<li>skull n\u00e5gon efter femtio \u00e5rs f\u00f6rlopp velja till\u00e4gna sig sagda torp L\u00e4genhet s\u00e5 skall den betala till Torparen 300 Rubel selfver det Contragt \u00e4r i tillkallade vittnens n\u00e4rvaro och med v\u00e5ra namn och underskrefter Bestyrkt.<\/li>\n<li>\u00e5fvan till\u00e4ggs att Torparen f\u00e5r ett halft tunnland \u00f6ppen \u00e5cker i holmsmyran L\u00e4ngs vid Klemets r\u00e5, ett halft tunnland o\u00e5dlad mark L\u00e4ngs med Carl L\u00e5ngs r\u00e5 i h\u00e5lmsmyrhagen.<\/li>\n<\/ol>\n<p>&nbsp;<\/p>\n<p>Dagsmark den 6 november 1854.<\/p>\n<p>&nbsp;<\/p>\n<p>Johan Johansson L\u00e5ng \u00a0\u00a0\u00a0\u00a0\u00a0maria andersd\u00e5tter hustru<\/p>\n<p>&nbsp;<\/p>\n<p>Cajsa Johansdotter<\/p>\n","protected":false},"excerpt":{"rendered":"<p>Torpare-Contragt H\u00e4rmedelst uppl\u00e5ter och afst\u00e5r jag Johan Johansson L\u00e5ng med min hustrus ja och samtycke en torpl\u00e4genhet undan mit \u00e4gande L\u00e5ngs skattehemman N:o 4 5\/48 dels mantal bel\u00e4git i Dagsmark by och Lappfierd socken till min yngsta dotter Cajsa Johansdotter <a class=\"more-link\" href=\"https:\/\/www.lassebacklund.fi\/?page_id=1290\">Forts\u00e4tt l\u00e4sa <span class=\"screen-reader-text\">  Johan Johansson L\u00e5ngs kontrakt.<\/span><span class=\"meta-nav\">&rarr;<\/span><\/a><\/p>\n","protected":false},"author":1,"featured_media":0,"parent":1236,"menu_order":16,"comment_status":"closed","ping_status":"closed","template":"","meta":{"footnotes":""},"class_list":["post-1290","page","type-page","status-publish","hentry"],"_links":{"self":[{"href":"https:\/\/www.lassebacklund.fi\/index.php?rest_route=\/wp\/v2\/pages\/1290","targetHints":{"allow":["GET"]}}],"collection":[{"href":"https:\/\/www.lassebacklund.fi\/index.php?rest_route=\/wp\/v2\/pages"}],"about":[{"href":"https:\/\/www.lassebacklund.fi\/index.php?rest_route=\/wp\/v2\/types\/page"}],"author":[{"embeddable":true,"href":"https:\/\/www.lassebacklund.fi\/index.php?rest_route=\/wp\/v2\/users\/1"}],"replies":[{"embeddable":true,"href":"https:\/\/www.lassebacklund.fi\/index.php?rest_route=%2Fwp%2Fv2%2Fcomments&post=1290"}],"version-history":[{"count":1,"href":"https:\/\/www.lassebacklund.fi\/index.php?rest_route=\/wp\/v2\/pages\/1290\/revisions"}],"predecessor-version":[{"id":1291,"href":"https:\/\/www.lassebacklund.fi\/index.php?rest_route=\/wp\/v2\/pages\/1290\/revisions\/1291"}],"up":[{"embeddable":true,"href":"https:\/\/www.lassebacklund.fi\/index.php?rest_route=\/wp\/v2\/pages\/1236"}],"wp:attachment":[{"href":"https:\/\/www.lassebacklund.fi\/index.php?rest_route=%2Fwp%2Fv2%2Fmedia&parent=1290"}],"curies":[{"name":"wp","href":"https:\/\/api.w.org\/{rel}","templated":true}]}}