{"id":1287,"date":"2016-10-18T20:51:48","date_gmt":"2016-10-18T18:51:48","guid":{"rendered":"http:\/\/www.lassebacklund.fi\/?page_id=1287"},"modified":"2024-11-21T22:51:57","modified_gmt":"2024-11-21T20:51:57","slug":"carl-carlsson-langs-kontrakt-med-sin-son","status":"publish","type":"page","link":"https:\/\/www.lassebacklund.fi\/?page_id=1287","title":{"rendered":"Carl Carlsson L\u00e5ngs kontrakt med sin son"},"content":{"rendered":"<p class=\"Wp-Normal-P\"><span class=\"Normal-C\"><strong><span style=\"font-family: Verdana; font-size: x-large;\">Torpare Contrackt<\/span><\/strong><\/span><\/p>\n<p class=\"Wp-Normal-P\"><span class=\"Normal-C-C0\"><span style=\"font-family: Verdana;\">H\u00e4rmedelst uppl\u00e5ter jag Bonden Carl Carlsson L\u00e5ng, till Lika med min k\u00e4ra hustru Gretha mattsd\u00e5tters ja och samtycke, ett Torpst\u00e4lle till v\u00e5r \u00e4ldste son Karl Carlsson och dess hustru Britta Rebecka Carlsdotter, n\u00e4mmeligen-<\/span><\/span><\/p>\n<p class=\"Wp-Normal-P\"><span class=\"Normal-C-C0\"><span style=\"font-family: Verdana;\">1. Till \u00e5cker f\u00e5r Torparen vid den s\u00e5 kallade Storsottg\u00e4rden alt hvad som h\u00f6r till hemmanet till, up odlingsmark f\u00e5r Torparen utti Suttm\u00e5ssan tv\u00e5 \/2\/ Tunnland, vid Henric Rosenqvists r\u00e5<\/span><\/span><\/p>\n<p class=\"Wp-Normal-P\"><span class=\"Normal-C-C0\"><span style=\"font-family: Verdana;\">2. Till \u00e4ng f\u00e5r Torparen min andel vid Lillsj\u00f6 Tr\u00e4sk, till h\u00e4gnad om kring n\u00e4mnde Torp f\u00e5r tagas af hemmanets skog, vedbrand f\u00e5r Torparen hugga p\u00e5 v\u00e4stra sidan om Torparens Carl Mattsson Finnes \u00e5kerg\u00e4rda, alt hvad som finns d\u00e4r, men ej p\u00e5 n\u00e5got annatt st\u00e4lle.<\/span><\/span><\/p>\n<p class=\"Wp-Normal-P\"><span class=\"Normal-C-C0\"><span style=\"font-family: Verdana;\">Emot de villkor att efter Tv\u00e5 \u00e5rs f\u00f6rlopp skall Torparen g\u00f6ra \u00e5tta \/8\/ dagsv\u00e4rke \u00e5rligen med g\u00e5rdens kost n\u00e4mmeligen fyra sommartid och fyra vintertid, ofvan skrifne Torp f\u00e5r bibeh\u00e5llas barn efter barn i V\u00e4rdliga tider. Men detta Torp f\u00e5r icke bortbytas eller s\u00e4lljas, om s\u00e5 skulle henda s\u00e5 \u00e4ger hemmans\u00e4garen rettighet att igen s\u00e4lje dett emot Tjugo \/20\/ Rubel \/57\/ kopek Silfver.<\/span><\/span><\/p>\n<p class=\"Wp-Normal-P\"><span class=\"Normal-C-C0\"><span style=\"font-family: Verdana;\">Detta Kontrackt \u00e4r i nedan skrifne Vittnes n\u00e4rvaro bestyrkt med \u00e4genhendiga bom\u00e4rken underristadt, af Dagsmark by den 13 november 1843.<\/span><a name=\"_GoBack\"><\/a><\/span><\/p>\n<p class=\"Wp-Normal-P\"><span class=\"Normal-C-C0\"><span style=\"font-family: Verdana;\">Carl Carlsson L\u00e5ng \u00a0\u00a0\u00a0\u00a0\u00a0\u00a0\u00a0Gretha Mattsd\u00e5tter<\/span><\/span><\/p>\n<p class=\"Wp-Normal-P\"><span class=\"Normal-C-C0\"><span style=\"font-family: Verdana;\">Ovanst\u00e5ende Contrackt finder jag mig till alla dellar n\u00f6jd, tid och ort som ofvan.<\/span><\/span><\/p>\n<p class=\"Wp-Normal-P\"><span class=\"Normal-C-C0\"><span style=\"font-family: Verdana;\">Carl Carlsson L\u00e5ng, Torparen<\/span><\/span><\/p>\n<p class=\"Wp-Normal-P\"><span class=\"Normal-C-C0\"><span style=\"font-family: Verdana;\">Wittnar Eric och Anders Johans S\u00f6ner L\u00e5ng<\/span><\/span><\/p>\n","protected":false},"excerpt":{"rendered":"<p>Torpare Contrackt H\u00e4rmedelst uppl\u00e5ter jag Bonden Carl Carlsson L\u00e5ng, till Lika med min k\u00e4ra hustru Gretha mattsd\u00e5tters ja och samtycke, ett Torpst\u00e4lle till v\u00e5r \u00e4ldste son Karl Carlsson och dess hustru Britta Rebecka Carlsdotter, n\u00e4mmeligen- 1. Till \u00e5cker f\u00e5r Torparen <a class=\"more-link\" href=\"https:\/\/www.lassebacklund.fi\/?page_id=1287\">Forts\u00e4tt l\u00e4sa <span class=\"screen-reader-text\">  Carl Carlsson L\u00e5ngs kontrakt med sin son<\/span><span class=\"meta-nav\">&rarr;<\/span><\/a><\/p>\n","protected":false},"author":1,"featured_media":0,"parent":1236,"menu_order":15,"comment_status":"closed","ping_status":"closed","template":"","meta":{"footnotes":""},"class_list":["post-1287","page","type-page","status-publish","hentry"],"_links":{"self":[{"href":"https:\/\/www.lassebacklund.fi\/index.php?rest_route=\/wp\/v2\/pages\/1287","targetHints":{"allow":["GET"]}}],"collection":[{"href":"https:\/\/www.lassebacklund.fi\/index.php?rest_route=\/wp\/v2\/pages"}],"about":[{"href":"https:\/\/www.lassebacklund.fi\/index.php?rest_route=\/wp\/v2\/types\/page"}],"author":[{"embeddable":true,"href":"https:\/\/www.lassebacklund.fi\/index.php?rest_route=\/wp\/v2\/users\/1"}],"replies":[{"embeddable":true,"href":"https:\/\/www.lassebacklund.fi\/index.php?rest_route=%2Fwp%2Fv2%2Fcomments&post=1287"}],"version-history":[{"count":3,"href":"https:\/\/www.lassebacklund.fi\/index.php?rest_route=\/wp\/v2\/pages\/1287\/revisions"}],"predecessor-version":[{"id":23357,"href":"https:\/\/www.lassebacklund.fi\/index.php?rest_route=\/wp\/v2\/pages\/1287\/revisions\/23357"}],"up":[{"embeddable":true,"href":"https:\/\/www.lassebacklund.fi\/index.php?rest_route=\/wp\/v2\/pages\/1236"}],"wp:attachment":[{"href":"https:\/\/www.lassebacklund.fi\/index.php?rest_route=%2Fwp%2Fv2%2Fmedia&parent=1287"}],"curies":[{"name":"wp","href":"https:\/\/api.w.org\/{rel}","templated":true}]}}