{"id":12816,"date":"2019-06-30T22:58:29","date_gmt":"2019-06-30T19:58:29","guid":{"rendered":"http:\/\/www.lassebacklund.fi\/?page_id=12816"},"modified":"2021-05-31T21:33:46","modified_gmt":"2021-05-31T18:33:46","slug":"tidningsurklipp-fran-ar-1919","status":"publish","type":"page","link":"https:\/\/www.lassebacklund.fi\/?page_id=12816","title":{"rendered":"Tidningsurklipp fr\u00e5n \u00e5r 1919."},"content":{"rendered":"<p><span style=\"color: #000080;\"><strong>Syd-\u00d6sterbotten 25.1.1919:<\/strong><\/span><\/p>\n<p><strong>St\u00f6ld i ungdomslokal<\/strong>. Natten mot senaste m\u00e5ndag f\u00f6r\u00f6vades inbrott och st\u00f6ld i Dagsmark ungdomsf\u00f6renings lokal, varvid bortf\u00f6rdes \u00e5tta elektriska lampor j\u00e4mte lamph\u00e5llare och snodd, en st\u00f6rre kaffepanna, en kaffebr\u00e4nnare och rosten fr\u00e5n k\u00f6ksh\u00e4llen. Ett stort sk\u00e5p med allehanda k\u00f6ksattiraljer hade tjuvarna lyft ned och unders\u00f6kt men ej brutit upp. Av allt att d\u00f6ma hade de fr\u00e4cka banditerna praktiserat sig in i lokalen genom paradd\u00f6rren, som man antager med f\u00f6reningens egen nyckel, vilken n\u00e5gon tid f\u00f6rut blivit bortstulen. Efter utf\u00f6rt verk hade tjuvarna l\u00e4mnat lokalen genom k\u00f6ksd\u00f6rren, som de l\u00e4mnade ol\u00e5st efter sig.<\/p>\n<p>St\u00f6lden uppt\u00e4cktes p\u00e5 tisdagskv\u00e4llen av n\u00e5gra flickor, som kommo f\u00f6r att st\u00e4da lokalen.<\/p>\n<p>Misstankarna \u00e4ro p\u00e5 s\u00e4rskilda grunder riktade mot n\u00e5gra \u00e4ldre individer, som under senare tid \u00e4ven st\u00f6rt ungdomsf\u00f6reningens m\u00f6ten. Dessa tr\u00e5kiga personer ha taga f\u00f6r vana att infinna sig p\u00e5 s\u00e5 gott som varje m\u00f6te, d\u00e4r de s\u00f6ka f\u00e5 ungdomen att k\u00f6pa av deras hembryggda varor. D\u00e5 ungdomsf\u00f6reningens medlemmar utg\u00f6res f\u00f6r det mesta av helt unga personer, \u00e4r det f\u00f6r dessa sv\u00e5rt att under dylika f\u00f6rh\u00e5llanden f\u00f6rm\u00e5 uppr\u00e4tth\u00e5lla god ordning, ifall ej \u00e4ldre redbara m\u00e4n vilja infinna sig till m\u00f6tena och bist\u00e5 dem.<\/p>\n<p><span style=\"color: #000080;\"><strong>Syd-\u00d6sterbotten 29.1.1919:<\/strong><\/span><\/p>\n<p><strong>Dagsmark lantmannagille<\/strong> hade m\u00f6te s\u00f6ndagen den 25 januari i ungdomshemmet. F\u00f6rst uppl\u00e4stes n\u00e5gra cirkul\u00e4r fr\u00e5n lantbrukss\u00e4llskapet. Sedan besl\u00f6t man prenumerera p\u00e5 s\u00e4rskilda jordbrukstidningar f\u00f6r \u00e5ret.<\/p>\n<p>Hembr\u00e4nningsfr\u00e5gan och d\u00e4rmed f\u00f6ljande ofog diskuterades, den fr\u00e5gan har f\u00f6rut behandlats vid s\u00e4rskilda m\u00f6ten, men nu efter den fula h\u00e4ndelsen i ungdomshemmet tycktes alla vara eniga om ett motarbetanden av den fula hanteringen. Samtliga talare beklagade, att v\u00e5r by nu st\u00e5r vid en farlig brant och \u00e4r p\u00e5 v\u00e4g att g\u00e5 bak\u00e5t. Detta faktum \u00e4r det sorgligaste. Allting har varit s\u00e5 lovande. Ungdomen har uppf\u00f6rt sig v\u00e4l. Nuvarande ungdom ej heller att klandra, men s\u00e5dant som br\u00e4nnvinsbr\u00e4nningen b\u00f6r ej h\u00f6ra till v\u00e5r tid.<\/p>\n<p>En del talare fr\u00e5gade ocks\u00e5 om vi mera ha n\u00e5gra br\u00e4nnvinspoliser. Andra betonade att det vore sv\u00e5rt f\u00f6r n\u00e5gra f\u00e5 poliser att uppr\u00e4tth\u00e5lla ordningen. En f\u00f6rening eller n\u00e5gon slags kommitt\u00e9 f\u00f6r motarbetandet av ofoget b\u00f6r taga sig an saken.<\/p>\n<p>Sedan diskussionen l\u00e4nge r\u00f6rt sig kring \u00e4mnet, stannade man vid beslutet att en ordningskommitt\u00e9 b\u00f6r bildas, som b\u00f6r vara poliserna till hj\u00e4lp och uttalade man \u00e4ven f\u00f6rhoppningen att alla, som \u00e4lska ordning, b\u00f6ra snluta sig till kommitt\u00e9n. F\u00f6ljande personer antecknade sig genast: H\u00e4radsdomar Viktor B\u00e5sk, n\u00e4mndeman Viktor Eklund, s\u00e5gegar Viktor Nylund, b\u00f6nderna Viktor Nyros, Erland Faherros, Erik Englund, Erik Br\u00e4nn, Alfred Nordberg, Emil B\u00e5sk, Axel Hummelg\u00e5rd, Niklas Nystr\u00f6m, Ivar Westerback och Viktor Bj\u00f6rklund.<\/p>\n<p><span style=\"color: #000080;\"><strong>Syd-\u00d6sterbotten 1.2.1919:<\/strong><\/span><\/p>\n<p><strong>Dagsmark lantmannagille<\/strong> sammantr\u00e4dde till \u00e5rsm\u00f6te senaste onsdagsafton, varvid f\u00f6rhandlingarna leddes av ordf\u00f6randen Emil B\u00e5sk. Efter det kassast\u00e4llningen klargjorts, beviljades styrelsen ansvarsfrihet. Sedan verkst\u00e4llde man val av styrelse f\u00f6r 1919 och \u00e5tervaldes ordf\u00f6randen och sekreteraren Emil B\u00e5sk, till viceordf\u00f6rande Erland Fagerros, till kass\u00f6r Emil Eklund och till \u00f6vriga medlemmar i styrelsen Erik Englund, Frans Nybond, Emil Backlund; suppl. blevo Johan Lillkull, Viktor L\u00e5ngkvist, revisorer E. A. Roseng\u00e5rd, Viktor Eklund och suppleant Alfred Nordberg.<\/p>\n<p>Att handhava gillets maskiner \u00e5tervaldes Viktor L\u00e5ngkvist. Avgiften f\u00f6r kl\u00f6vt\u00e5ngen, h\u00e4sthackan och turnipsmaskinen till 1 mk samt f\u00f6r s\u00e4dessorteraren till 25 pni tunnan och f\u00f6r g\u00f6dselspridaren till 50 penni s\u00e4cken. Till bibliotekarie \u00e5tervaldes Erik Anders Br\u00e4nn. Erik Anders Englund \u00e5tervaldes till \u00e5rsv\u00e4xtrapport\u00f6r. M\u00f6tet var f\u00e5taligt bes\u00f6kt.<\/p>\n<p><span style=\"color: #000080;\"><strong>Syd-\u00d6sterbotten 2.4.1919:<\/strong><\/span><\/p>\n<p>Fr\u00e5n Korsb\u00e4ck skrives:<\/p>\n<p>F\u00f6rra m\u00e5ndagsmorgonen, d\u00e5 en v\u00e4rdinna sedvanligt kom ut till ladug\u00e5rden f\u00f6r att ge sina kreatur mat p\u00e5tr\u00e4ffade hon i porten i halmen liggande en drucken mansperson i halvfruset och medvetsl\u00f6st tillst\u00e5nd. Mannen f\u00f6rdes in och st\u00e4lldes framf\u00f6r den flammande brasan, varvid han sm\u00e5ningom b\u00f6rjade komma till sans.<\/p>\n<p>Samma dag p\u00e5 e.m. p\u00e5tr\u00e4ffades p\u00e5 tr\u00e4sket n\u00e5got liknande. En yngling hade p\u00e5 morgonen farit till Uttermossa skogar efter ved. Vid hemkomsten hade h\u00e4sten stannat med sin f\u00f6rare insomnad i drucket tillst\u00e5nd ovanp\u00e5 lasset. Den som varseblev det rara fyndet, tog och f\u00f6rde hem det, varvid f\u00f6r\u00e4ldrarna fingo h\u00e4rb\u00e4rgera sin egen son.<\/p>\n<p>Skam och n\u00e4sa \u00e5t de som varit och f\u00f6rfogat sig in i den \u00e4rev\u00f6rdige \u00e5ldringens n\u00e4ste, f\u00f6r att tillgripa sig n\u00e5gra t\u00e4ndsticksaskar. \u00c4ven roa sig pojkbytingarna med att p\u00e5 \u00e5ldringens arbetsplatser sl\u00e5 s\u00f6nder hans arbetsredskap.<\/p>\n<p>Vore det icke sk\u00e4l f\u00f6r f\u00f6r\u00e4ldrarna och m\u00e5lsm\u00e4n att h\u00e5lla sina barn inomhus, sen det b\u00f6rjar skymma om kv\u00e4llarna, f\u00f6r att de icke beg\u00e5 alla fr\u00e4cka ofog, n\u00e4r de \u00e4ro undan f\u00f6r\u00e4ldrarnas \u00f6gon.<\/p>\n<p><span style=\"margin: 0px; color: #000080; font-family: 'Helvetica','sans-serif';\">Syd-\u00d6sterbotten 23.4.1919:<\/span><\/p>\n<p><span style=\"margin: 0px; color: black; font-family: 'Helvetica','sans-serif';\"><strong>Stor \u00f6versv\u00e4mning, som f\u00f6rorsakat stora skador.<\/strong> <\/span><\/p>\n<p><span style=\"margin: 0px; color: black; font-family: 'Helvetica','sans-serif';\">L\u00e5ngfredagen den 18 april avkastade Lappfj\u00e4rd \u00e5 sitt ist\u00e4cke med en h\u00e4ftighet, som medel\u00e5lders m\u00e4nniskor i Lappfj\u00e4rd aldrig sk\u00e5dat. Islossningen skedde p\u00e5 en g\u00e5ng \u00e4nda upp fr\u00e5n \u00e5ns k\u00e4llfl\u00f6den \u00e4nda ned till Lappfj\u00e4rds kyrkby. H\u00e4r gjorde ismassorna front, f\u00f6rst vid gamla bron och d\u00e4mde upp vattnet s\u00e5 att stora omr\u00e5den av den del av byn, som l\u00e5g ovanom, lades inom kort under vattnet, vilket nu s\u00f6kte sig nya v\u00e4gar, \u00e5stadkommande stora skador. Efter n\u00e5gra timmars f\u00f6rlopp brast isbandet mellan b\u00e4gge broarna och d\u00e4mde d\u00e5 vid Stora bron samt f\u00f6rlade nu v\u00e4stra delen av byn under vatten. Allt skedde med en hastighet, som gjorde att m\u00e4nniskor och djur endast med allra st\u00f6rsta hast hann r\u00e4ddas. Denna g\u00e5ng hade ber\u00e4ttelsen om simmande laxar i bakugnar v\u00e4l kunnat fullbordas. Man h\u00f6rde r\u00e5mande kor och gn\u00e4ggande h\u00e4star som drevs undan floden och d\u00e4rtill \u00e4nnu j\u00e4mrande kvinnor. Det hela var ett storartat sk\u00e5despel. Tillf\u00e4lliga ismassor v\u00e4ltrade fram \u00f6ver g\u00e5rdar och \u00e5krar medf\u00f6rande allt i sin v\u00e4g. S\u00e5 observerade man p\u00e5 natten, hur ett lider eller magasin st\u00e5tligt dansade ned med is- och vattenmassorna. \u00c4nnu f\u00f6ljande dag stakade man sig fram i b\u00e5tar och ekstockar mellan g\u00e5rdarna. En b\u00e5t med 6 mans r\u00e4ddningsmanskap kantrade vid gamla kyrkog\u00e5rden. M\u00e4nnen r\u00e4ddade sig dels genom simning, dels genom andrab\u00e5tar, som kom dem till hj\u00e4lp. De \u00f6verallt upptornade isstackarna, s\u00f6ndergr\u00e4vda \u00e5krar och v\u00e4gar b\u00e4r vittne om \u00f6del\u00e4ggelsen. Skadorna \u00e4r betydande. Det hela manar till kraftiga \u00e5tg\u00e4rder fr\u00e5n kommunalmyndigheternas sida, att den f\u00f6reslagna rensningen av Lappfj\u00e4rd \u00e5 m\u00e5ste n\u00f6dv\u00e4ndigtvis b\u00f6rja fr\u00e5n \u00e5ns mynning och icke fr\u00e5n dess \u00f6vre lopp, s\u00e5som vederb\u00f6rande myndigheter f\u00f6reslagit. F\u00e5r detta ske och ismassorna \u00e5rligen d\u00e4rigenom s\u00e5 som nu skedde \u00e4r i tillf\u00e4lle komma allt p\u00e5 en g\u00e5ng, kommer \u00f6ver Lappfj\u00e4rd kyrkby det \u00f6del\u00e4ggande sk\u00e5despelet \u00e5rligen att upprepas. Lappfj\u00e4rd \u00e5s lopp nedanom Nya bron i Lappfj\u00e4rd har en s\u00e5 olika bredlek och g\u00e5r i ganska tv\u00e4ra slingrande bukter, som g\u00f6r att ist\u00e4cket d\u00e4rigenom kan h\u00e5lla sig mot ett ganska stort tryck och n\u00e4stan alla v\u00e5rar \u00e5stadkomma skadliga f\u00f6rd\u00e4mningar. Vill man undvika genom den f\u00f6reslagna upprensningen stora olyckor under islossningen, b\u00f6r rensningen h\u00e4r vidtas fr\u00e5n \u00e5ns mynning. S\u00e5som ett ov\u00e4ders\u00e4gligt bevis h\u00e4rf\u00f6r har vi den nu timade islossningen.<\/span><\/p>\n<p><span style=\"margin: 0px; color: black; font-family: 'Helvetica','sans-serif';\"><span style=\"color: #000080;\">Syd-\u00d6sterbotten skrev den 30.4.1919<\/span> att J. V. Lillg\u00e4ls har valts till ordf\u00f6rande i Lappfj\u00e4rds och Kristinestads landskommuns brandstodsf\u00f6rening. I styrelsen invaldes Josef Backlund fr\u00e5n Dagsmark, medan Viktor L\u00e5ngkvist valdes till distriktombudsman.<\/span><\/p>\n<p><span style=\"color: #000080;\"><strong>Syd-\u00d6sterbotten 25.5.1919:<\/strong><\/span><\/p>\n<h3>En \u00f6k\u00e4nd finsk knivjunkare knivhugger en svensk.<\/h3>\n<p>I torsdags p\u00e5 aftonen mellan 8 och 9 infann sig bondsonen Viktor Luoma hos inhyses Erland Storkull i Dagsmark. Denne var vid tillf\u00e4llet sysselsatt med jordbruksarbete i n\u00e4rheten av sin bostad.<\/p>\n<p>Efter en kortare ordv\u00e4xling, som torde ha g\u00e4llt vissa br\u00e4nnvinsaff\u00e4rer, vilka de b\u00e5da m\u00e4nnen haft f\u00f6r sig, tillgrep Luoma pl\u00f6tsligen och omotiverat det f\u00f6r finnar av den typen s\u00e5 vanliga argument \u2013 kniven. Storkull hann emellertid gripa till flykten och begav sig springande till en uthusbyggnad f\u00f6r att s\u00f6ka skydd. H\u00e4r upphanns han emellertid av Luoma, vilken tilldelade honom tvenne knivhugg. Det ena tr\u00e4ffade br\u00f6stet och torde skadat de inre organen, emedan blod str\u00f6mmade ut genom munnen.<\/p>\n<p>Det andra hugget tr\u00e4ffade handen. Den b\u00e5lde knivhj\u00e4lten avl\u00e4gsnade sig snart fr\u00e5n f\u00e4ltet. Under tiden v\u00e5gade ingen nalkas platsen f\u00f6r upptr\u00e4det, varf\u00f6r det h\u00f6ll p\u00e5 att g\u00e5 den knivhuggne ganska illa, ity att han var p\u00e5 v\u00e4g att f\u00f6rbl\u00f6da. N\u00e4r folk kom tillst\u00e4des och omh\u00e4ndertog honom, hade han redan f\u00f6rlorat medvetandet.<\/p>\n<p>L\u00e4karen i Lappfj\u00e4rd, som samma dag anl\u00e4nt till kommunen, fick genast en liten f\u00f6rest\u00e4llning om finnarnas aggressiva kampmetoder, n\u00e4r han skulle sy ihop s\u00e5ren p\u00e5 den slagne. Luoma \u00e4r en k\u00e4nd slagsk\u00e4mpe. Han har \u00e4ven pl\u00e4gat behedra ungdomsf\u00f6reningens soar\u00e9er och h\u00e4rvid regelbundet hotat festbes\u00f6karna med kniven.<\/p>\n<p>H\u00e4ndelsen har sj\u00e4lvfallet hos ortens befolkning v\u00e4ckt stor f\u00f6rbittring och hoppas man att knivhk\u00e4lten av r\u00e4ttvisan skall f\u00e5 sitt v\u00e4lf\u00f6rtj\u00e4nta straff.<\/p>\n<p><span style=\"color: #000080;\"><strong>Syd-\u00d6sterbotten 25.5.1919:<\/strong><\/span><\/p>\n<h3>Storsj\u00f6- och Lillsj\u00f6tr\u00e4ff.<\/h3>\n<p>Med del\u00e4garna i Storsj\u00f6- och Lillsj\u00f6tr\u00e4sk h\u00f6lls n\u00e4st f\u00f6rlidna fredag samarbete. Ett kostnadsf\u00f6rslag ang\u00e5ende uttorkningen av dessa vattendrag f\u00f6redrogs och slutade detta p\u00e5 235,000 mk. St\u00f6rsta delen av del\u00e4garna ans\u00e5go dock att realiseringen av det planerade torrl\u00e4ggningsf\u00f6retaget under nuvarande f\u00f6rh\u00e5llanden t.v. m\u00e5ste l\u00e4mnas d\u00e4rh\u00e4n. En del menade likv\u00e4l att man borde s\u00f6ka f\u00e5 statsbidrag i antytt syfte och redan nu under instundande sommar s\u00f6ka f\u00e5 torrl\u00e4ggningsf\u00f6retaget i g\u00e5ng.<\/p>\n<p>N\u00e5got avg\u00f6rande beslut i fr\u00e5gan fattades icke utan skulle hela f\u00f6retaget t.v. f\u00e5 bero. Om dessa uppgrundade tr\u00e4sk skulle torrl\u00e4ggas, skulle av dem utvinnas 411 ha odlingsbar jord. Fr\u00e5gan har s\u00e5lunda f\u00f6r orten en stor betydelse och m\u00e5 man hoppas att den n\u00e5r en l\u00f6sning, ty s\u00e5som det nu \u00e4r ge dessa tr\u00e4skmarker d\u00e5lig avkastning.<\/p>\n<p><span style=\"color: #000080;\">Syd-\u00d6sterbotten 28.5.1919:<\/span><\/p>\n<h3>Hyllad l\u00e4rare.<\/h3>\n<p>F\u00f6r att hylla sin avh\u00e5llne l\u00e4rare hr. J. J. Wadstr\u00f6m, som efter 37 \u00e5rigt, plikttroget och fruktbringande arbete vid Dagsmark folkskola st\u00e5r i ber\u00e5d att l\u00e4mna sin tj\u00e4nst, hade byssborna senaste s\u00f6ndag, den 25 dennes anordnat en enkel kollation \u00e5 ungdomshemmet, vars festsal dagen till \u00e4ra prytts med flaggor, girlander och blommor.<\/p>\n<p>Omkring det festligt dukade kaffebordet hade placerats en m\u00e4ngd sm\u00e5bord, kring vilka de till flera hundra personer uppg\u00e5ende deltagare under d\u00e4mpat men livligt samspr\u00e5k grupperat sig.<\/p>\n<p>N\u00e4r hedersg\u00e4sten med fru intr\u00e4dde, reste sig alla och h\u00e4lsade dem med s\u00e5ngen \u201dVar v\u00e4lkommen envar\u201d, varvid fr\u00f6ken Ahlskog med n\u00e5gra ord h\u00e4lsade dem v\u00e4lkomna till samkv\u00e4met, samt riktade s\u00e4rskilt n\u00e5gra vackra ord till fru Wadstr\u00f6m, som ytterligare av alla n\u00e4rvarande hyllades med s\u00e5ngen \u201dTill Nordens kvinna\u201d, 148 i Sjung.<\/p>\n<p>Nu f\u00f6ljde en gemytlig kaffe- och pratstund, varunder byns v\u00e4rdinnor undf\u00e4gnade alla med gott kaffe och ordentligt kaffebr\u00f6d i riklig m\u00e4ngd. Under tiden klingade den ena s\u00e5ngen efter den andra.<\/p>\n<p>H\u00e4radsdomare Viktor B\u00e5sk framf\u00f6rde \u00e5 egna och byns v\u00e4gnar ord av varm tacksamhet f\u00f6r all den hj\u00e4lp och alla de goda r\u00e5d, med vilka herr Wadstr\u00f6m under de m\u00e5nga g\u00e5ngna \u00e5ren st\u00e5tt dem till tj\u00e4nst med. L\u00e4rare Henrik Rosenback tackade f\u00f6r hans v\u00e4rdefulla och grundl\u00e4ggande arbete inom ungdomsf\u00f6reningen och bland de unga i allm\u00e4nhet. Bonden Emil B\u00e5sk tackade \u00e5 lantmannagillets v\u00e4gnar, vars f\u00f6rsta, energiska ordf\u00f6rande herr Wadstr\u00f6m varit. S\u00e5g\u00e4gare Viktor Nylund talade \u00e5 byssborna och alla hans f\u00f6rra elevers v\u00e4gnar, samt \u00f6verr\u00e4ckte \u00e5t den v\u00f6rdade l\u00e4raren s\u00e5som ett minne fr\u00e5n alla samtliga, ett dyrbart guldur med ked och med mottagarens monogram graverat \u00e5 yttre boetten, samt \u00e5 inre boetten: Fr\u00e5n Dagsmark 1882-1919.<\/p>\n<p>Herr Wadstr\u00f6m tackade r\u00f6rd f\u00f6r hyllningen och f\u00f6r g\u00e5van, vilken beredde honom stor \u00f6verraskning. Till sist riktade herr Wadstr\u00f6m n\u00e5gra tacksamma avskedsord till sin kollega, fr\u00f6ken Ahlskog. Efter ytterligare en angen\u00e4m s\u00e5ng- och kaffestund skildes man \u00e5t i den h\u00e4rliga majkv\u00e4llen i en vemodig men varm st\u00e4mning.<\/p>\n<p>Herr Wadstr\u00f6ms f\u00f6rtj\u00e4nster och hans arbete i detta samh\u00e4lle kunna aldrig \u00f6verskattas och de vackra sympatiyttringar som under samkv\u00e4met kommo honom till del, voro de uppriktigaste uttryck av byssbornas djupt k\u00e4nda tacksamhet mot sin \u00e4lskade och v\u00f6rdade l\u00e4rare.<\/p>\n","protected":false},"excerpt":{"rendered":"<p>Syd-\u00d6sterbotten 25.1.1919: St\u00f6ld i ungdomslokal. Natten mot senaste m\u00e5ndag f\u00f6r\u00f6vades inbrott och st\u00f6ld i Dagsmark ungdomsf\u00f6renings lokal, varvid bortf\u00f6rdes \u00e5tta elektriska lampor j\u00e4mte lamph\u00e5llare och snodd, en st\u00f6rre kaffepanna, en kaffebr\u00e4nnare och rosten fr\u00e5n k\u00f6ksh\u00e4llen. Ett stort sk\u00e5p med allehanda <a class=\"more-link\" href=\"https:\/\/www.lassebacklund.fi\/?page_id=12816\">Forts\u00e4tt l\u00e4sa <span class=\"screen-reader-text\">  Tidningsurklipp fr\u00e5n \u00e5r 1919.<\/span><span class=\"meta-nav\">&rarr;<\/span><\/a><\/p>\n","protected":false},"author":1,"featured_media":0,"parent":3732,"menu_order":1919,"comment_status":"closed","ping_status":"closed","template":"","meta":{"footnotes":""},"class_list":["post-12816","page","type-page","status-publish","hentry"],"_links":{"self":[{"href":"https:\/\/www.lassebacklund.fi\/index.php?rest_route=\/wp\/v2\/pages\/12816","targetHints":{"allow":["GET"]}}],"collection":[{"href":"https:\/\/www.lassebacklund.fi\/index.php?rest_route=\/wp\/v2\/pages"}],"about":[{"href":"https:\/\/www.lassebacklund.fi\/index.php?rest_route=\/wp\/v2\/types\/page"}],"author":[{"embeddable":true,"href":"https:\/\/www.lassebacklund.fi\/index.php?rest_route=\/wp\/v2\/users\/1"}],"replies":[{"embeddable":true,"href":"https:\/\/www.lassebacklund.fi\/index.php?rest_route=%2Fwp%2Fv2%2Fcomments&post=12816"}],"version-history":[{"count":6,"href":"https:\/\/www.lassebacklund.fi\/index.php?rest_route=\/wp\/v2\/pages\/12816\/revisions"}],"predecessor-version":[{"id":12825,"href":"https:\/\/www.lassebacklund.fi\/index.php?rest_route=\/wp\/v2\/pages\/12816\/revisions\/12825"}],"up":[{"embeddable":true,"href":"https:\/\/www.lassebacklund.fi\/index.php?rest_route=\/wp\/v2\/pages\/3732"}],"wp:attachment":[{"href":"https:\/\/www.lassebacklund.fi\/index.php?rest_route=%2Fwp%2Fv2%2Fmedia&parent=12816"}],"curies":[{"name":"wp","href":"https:\/\/api.w.org\/{rel}","templated":true}]}}