{"id":12798,"date":"2019-06-27T22:44:18","date_gmt":"2019-06-27T19:44:18","guid":{"rendered":"http:\/\/www.lassebacklund.fi\/?page_id=12798"},"modified":"2019-07-11T00:01:32","modified_gmt":"2019-07-10T21:01:32","slug":"tidningsurklipp-fran-ar-1927","status":"publish","type":"page","link":"https:\/\/www.lassebacklund.fi\/?page_id=12798","title":{"rendered":"Tidningsurklipp fr\u00e5n \u00e5r 1927."},"content":{"rendered":"<p><span style=\"margin: 0px; font-family: 'Helvetica','sans-serif';\"><span style=\"color: #000000;\">Vid \u00e5rsskiftet bodde det i Kristinestad 3\u00a0474 personer, i landsf\u00f6rsamlingen Tj\u00f6ck 1\u00a0639, Kask\u00f6 1\u00a0695, Sideby 3\u00a0775, Korsn\u00e4s 5\u00a0525, \u00d6vermark 3 654 och N\u00e4rpes 11\u00a0683 personer. Lappfj\u00e4rds f\u00f6rsamling visade denna g\u00e5ng upp en rej\u00e4l minskning, eftersom M\u00f6rtmark by har blivit \u00f6verf\u00f6rd till B\u00f6tom. 876 personer bodde det i M\u00f6rtmark vid denna tid, s\u00e5 i Lappfj\u00e4rd fanns det vid \u00e5rsskiftet 3\u00a0492 m\u00e4n och 3\u00a0309 kvinnor, totalt 6\u00a0801 personer.<\/span><\/span><\/p>\n<p><span style=\"color: #000080;\">Syd-\u00d6sterbotten 5.1.1927:<\/span><\/p>\n<p>Julfesten, som Dagsmark U. F. firade fj\u00e4rdedag jul, var ovanligt talrikt bes\u00f6kt och pr\u00e4glades hela tiden av god festst\u00e4mning.<\/p>\n<p>Programmet inleddes med \u201dDu gamla du fria\u201d, sjungen unisont. H\u00e4lsningstalet h\u00f6lls av f\u00f6reningens ordf., vilken talade om julen som gl\u00e4djens h\u00f6gtid. D\u00e4refter utf\u00f6rdes av \u00c5bygg str\u00e5kkvartett musik, prestationerna voro riktigt ansl\u00e5ende och bel\u00f6nades med ih\u00e5llande kraftiga appl\u00e5der. P\u00e5 sitt v\u00e4l k\u00e4nda s\u00e4tt sj\u00f6ng kantor O. Storfors n\u00e5gra solos\u00e5ngnummer till piano ackompanjemang. Efter pausen utf\u00f6rdes ett st\u00f6rre folksk\u00e5despel i tre akter, som fick ett erk\u00e4nnansv\u00e4rt utf\u00f6rande. Musiken till dansen sk\u00f6ttes av n\u00e4mnda orkester. Dansen p\u00e5gick med liv och lust tills in p\u00e5 sm\u00e5timmarna.<\/p>\n<p><span style=\"color: #000080;\">Syd-\u00d6sterbotten 5.2.1927:<\/span><\/p>\n<p><span style=\"margin: 0px; color: black; font-family: 'Helvetica','sans-serif';\">Lappfj\u00e4rd Folkh\u00f6gskolas l\u00e4rare och elever hade anordnat fest p\u00e5 Dagsmark ungdomshem den 30 jan. Programmet upptog f\u00f6redrag av f\u00f6rest\u00e5ndare J. Nyquist om folkh\u00f6gskolans utveckling i norden. Konsulent Arvid Westerberg ordade om ungdomsr\u00f6relsen och dess arbete. Skolans elever upptr\u00e4dde med k\u00f6rs\u00e5ng, som leddes av l\u00e4raren Selim Knus. De manliga eleverna hade en gymnastikuppvisning. Ledare f\u00f6r denna var l\u00e4raren Selim Bj\u00f6rses. Dessutom f\u00f6rekom deklamation av tvenne elever. Teaterstycket: Utvandrarne spelades likas\u00e5 av skolans elever. Sk\u00e4mtber\u00e4ttelser ber\u00e4ttades av herr Westerberg. Den lyckade festligheten avslutades med en timmes dans. Lokalen uppl\u00e5ts gratis av f\u00f6reningen, varf\u00f6r beh\u00e5llningen blev r\u00e4tt stor, i synnerhet som en r\u00e4tt talrik publik infunnit sig. F\u00f6r det varma intresse och den g\u00e4stv\u00e4nlighet som visades Lappfj\u00e4rd Folkh\u00f6gskola, dess l\u00e4rare och elever, framb\u00e4res h\u00e4rmed ett hj\u00e4rtligt tack till Dagsmark ungdomsf\u00f6reningsmedlemmar och \u00f6vriga festbes\u00f6kare i n\u00e4mnda by.<\/span><\/p>\n<p><span style=\"color: #000080;\">Syd-\u00d6sterbotten 12.2.1927:<\/span><\/p>\n<p><strong>ELDSV\u00c5DA I DAGSMARK.<\/strong><\/p>\n<p>I onsdags p\u00e5 aftonen kl. 9\u201410 tiden nedbrann hr Emil Nyholms bageri och limonadfabrik i Dagsmark. Man hade tidigare bakat och \u00e4r det troligt, att elden f\u00f6rorsakats av bakugnens eldning. Byggnaden var uppf\u00f6rd av br\u00e4der, varf\u00f6r sl\u00e4ckning av elden f\u00f6rsv\u00e5rades, ehuru man hade tv\u00e5 sprutor och mycket folk inom kort samlades till st\u00e4llet. Flere brunnar t\u00f6mdes varf\u00f6r man m\u00e5ste slutligen h\u00e4mta vatten fr\u00e5n \u00e5n. Tack vare det energiska sl\u00e4ckningsarbetet och vindens riktning, kunde elden begr\u00e4nsas. Hade vinden varit fr\u00e5n motsatt h\u00e5ll, skulle sannolikt handlanden E. A, Roseng\u00e5rds butik, som ligger j\u00e4mte andra byggnader invid, \u00e4ven blivit l\u00e5gornas rov.<\/p>\n<p>Obetydligt av l\u00f6s\u00f6ret och lagret f\u00f6rm\u00e5dde man r\u00e4dda. Tillsammans med hr Nyholms boningshus torde de brunna byggnaderna ha varit f\u00f6rs\u00e4krade i National f\u00f6r 44,000 mk och i kommunens brandstodsf\u00f6rening f\u00f6r 22,000 mk.<\/p>\n<p><span style=\"color: #000080;\">Syd-\u00d6sterbotten 26.2.1927:<\/span><\/p>\n<p>\u00c5RSM\u00d6TE HADE DAGSMARK UNGDOMSF\u00d6RENING<\/p>\n<p>den 20 febr. M\u00f6tet var f\u00e5taligt bes\u00f6kt. Det \u00f6ppnades med avsjungandet av \u201dVar v\u00e4lkommen envar\u201d. F\u00f6reningens ordf. Frans Storkull inledde m\u00f6tet med att kasta en \u00e5terblick \u00f6ver det g\u00e5ngna \u00e5ret, riktande maningsord till medlemmarna att str\u00e4va och arbeta f\u00f6r de goda id\u00e9erna. Att leda m\u00f6tesf\u00f6rhandlingarna uts\u00e5gs direkt\u00f6r Viktor Nylund. Till att f\u00f6ra protokollet uts\u00e5gs studeranden Rurik Nylund. \u00c5rsber\u00e4ttelsen f\u00f6redrogs av sekr. Hulda Lillkull och framgick av denna, att f\u00f6reningsverksamheten under \u00e5ret varit livlig samt att god anda varit r\u00e5dande. Inalles har f\u00f6reningen under \u00e5ret anordnat 9 fester d\u00e4ribland tre utflykter till \u00d6mossa den 16 maj, till Tj\u00f6ck den 11 sept. och till Kalaks den 18 sept. Kassast\u00e4llningen och revisionsber\u00e4ttelsen genomgingos och beviljades kass\u00f6ren och styrelsen full och tacksam ansvarsfrihet. Till ordf. f\u00f6r innevarande \u00e5r valdes Anselm Lillkull. F\u00f6rutvarande ordf. Frans Storkull, som innehaft ordf\u00f6randeposten i tre \u00e5r, avsade sig best\u00e4mt \u00e5terval. Viceordf. blev F. Storkull. F\u00f6rutvarande sekreteraren Hulda Lillkull \u00e5tervaldes, likas\u00e5 kass\u00f6ren Emil Nyholm. I styrelsen valdes: Valdemar Rosengren, Viktor Nylund, Selim Blomkvist, Valter Lindell, Evert Nyholm, Alfred Storkull, Hilma Agn\u00e4s, Elin Lillkull, Jenny Sundblom, Aina Lillkull, Julia Nor\u00e9n, Elna L\u00f6vdahl, Amanda Rosengren, Hulda Nyholm och Fanny Klemets. En s\u00e4rskild buffetsektion p\u00e5 16 flickor valdes med Aina Lillkull som f\u00f6rest\u00e5ndarinna.<\/p>\n<p>F\u00f6r biljettf\u00f6rs\u00e4ljningen valdes 6 gossar med Selim Blomkvist som kontrollant eller skattm\u00e4stare. Till kvinnlig \u00f6verdejour valdes Jenny Sundblom och till manlig Frans Storkull. Redakt\u00f6ren f\u00f6r f\u00f6reningens handskrivna tidning \u201dF\u00f6rs\u00f6ka Duger\u201d skulle v\u00e4ljas kvartalsvis. F\u00f6r f\u00f6rsta kvartalet valdes Jenny Sundblom. Till att handhava Emil Storkulls sjukhj\u00e4lpsfond uts\u00e5gos E. Englund, E. A. Klemets och Axel Forslin.<\/p>\n<p>Revisorer blevo Frans Agn\u00e4s, Viktor Bj\u00f6rklund och till revisorssuppleant Otto Bj\u00f6rklund.<\/p>\n<p>Ordningsm\u00e4n blev Emil Agn\u00e4s, Erik Englund, Axel Forslin, Evert Gr\u00f6ndahl, Frans Agn\u00e4s, Viktor Bj\u00f6rklund, E. A. Klemets och Emil Nyholm.<\/p>\n<p>F\u00f6reningen besl\u00f6t att anordna kvartalsm\u00f6ten i st\u00e4llet f\u00f6r m\u00e5nadsm\u00f6ten. Medlemmarna har fritt tilltr\u00e4de till dessa m\u00f6ten.<\/p>\n<p>Medlemsavgiften h\u00f6jdes fr\u00e5n 2 mk till 3 mk.<\/p>\n<p><span style=\"color: #000080;\">Syd-\u00d6sterbotten 19.3.1927:<\/span><\/p>\n<p>Sedan under detta \u00e5r till Dagsmark h\u00f6gre folkskola anskaffats en ny orgel, besl\u00f6ts att skolans gamla orgel, efter n\u00f6dig remont, \u00f6verl\u00e4mnas till ortens l\u00e4gre folkskola.<\/p>\n<p><span style=\"color: #000080;\">Svenska Pressen den 23.3.1927<\/span> skriver att Finlands svenska Marthaf\u00f6rbund meddelat\u00a0att det har bildats en ny Marthaf\u00f6rening och denna g\u00e5ng i Dagsmark.<\/p>\n<p><span style=\"color: #000080;\">Syd-\u00d6sterbotten 9.4.1927:<\/span><\/p>\n<p>Vi p\u00e5minner ytterligare om \u00c5byggarnas S\u00e5ng- och musikafton i Dagsmark i morgon kv\u00e4ll. F\u00f6ret \u00e4r ju inte s\u00e5 synnerligt gott, men den, som v\u00e5gar sig ut, torde f\u00e5 en angen\u00e4m kv\u00e4ll, ty programmet upptar b\u00e5de orkestermusik, k\u00f6r- och kvartetts\u00e5ng, deklamation samt f\u00f6redrag av v\u00e5r uppskattade talare rektor Nyquist. Det vore gott om allm\u00e4nheten genom att mangrant deltaga ville visa, att den uppskattar arbetet f\u00f6r s\u00e5ngens och musikens h\u00f6jande p\u00e5 orten.<\/p>\n<p><span style=\"color: #000080;\">Syd-\u00d6sterbotten 13.4.1927:<\/span><\/p>\n<p>S\u00e5ng- och musikafton hade \u00c5bygg ungdomarna i s\u00f6ndags den 10 april p\u00e5 ungdomshemmet i Dagsmark. Festen, ehuru ej allt f\u00f6r talrikt bes\u00f6kt, pr\u00e4glades av god festanda. Programmet inleddes med Vasa marsch unisont. H\u00e4lsningstal h\u00f6lls av l\u00e4raren Henrik Rosenback. S\u00e5 upptr\u00e4dde s\u00e5v\u00e4l blandade som mansk\u00f6ren och str\u00e5kkvartetten flera g\u00e5nger. Prestationerna var goda och bel\u00f6nades med rungande appl\u00e5der. Vidare upptog programmet f\u00f6redrag av rektor J. Nyquist, som f\u00e4ngslande och medryckande talade om Sveriges nuvarande kungahus. Deklamation utf\u00f6rdes av S. Lillg\u00e4ls. Sist fick ungdomen en sv\u00e4ngom till fin orkestermusik. \u00c5bygg ungdomarna kan k\u00e4nna sig stolta \u00f6ver att i sin lilla by ha b\u00e5de str\u00e5kkvartett, blandad k\u00f6r och manskvartett, n\u00e5got enast\u00e5ende h\u00e4r i s\u00f6dra \u00d6sterbotten.<\/p>\n<p><span style=\"color: #000080;\">Syd-\u00d6sterbotten 30.4.1927:<\/span><\/p>\n<p>V\u00e5rfesten, som Dagsmark ungdomsf\u00f6rening hade i s\u00f6ndags den 24 dennes, var alltf\u00f6r talrika bes\u00f6kt.<\/p>\n<p>Festen inleddes med s\u00e5ngen \u201dVintern rasat ut\u201d. Ordf. Anselm Lillkull h\u00e4lsade med ett kortare andragande festbes\u00f6karna v\u00e4lkomna. Under l\u00e4rare Henrik Rosenbacks ledning sj\u00f6ng s\u00e5ngk\u00f6ren. Handskrivna tidningen \u201dF\u00f6rs\u00f6ka Duger\u201d uppl\u00e4stes av Jenny Sundblom, vilken \u00e4ven skrivit den, inneh\u00e5llet var gott. D\u00e4refter f\u00f6redrog S. Kronman p\u00e5 violin gamla menuetter, polskor och valser, vilka v\u00e4ckte munterhet bland publiken, bel\u00f6nades med ih\u00e5llande appl\u00e5der. Efter en kaffepaus, spelades teaterstycket \u201dArgsinta Hans och Sm\u00e5sinta Anna\u201d. Stycket var humoristiskt och fick \u00e4ven ett erk\u00e4nnansv\u00e4rt utf\u00f6rande. Sist dansades till god fiolmusik. Festen pr\u00e4glades av god ordning.<\/p>\n<p><span style=\"color: #000080;\">Wasa-Posten 10.5.1927:<\/span><\/p>\n<p>\u00c5rsavslutning hade Evangeliska folkh\u00f6gskolan i Dagsmark i l\u00f6rdags. Vid festligheten h\u00f6lls tal av kyrkoherden B\u00e4ck, skolans l\u00e4rare och pred. Sundstr\u00f6m och L\u00e5ngbacka. En elev upptr\u00e4dde \u00e4ven med tal och tackade l\u00e4rarna. Elevk\u00f6ren sj\u00f6ng flera vackra s\u00e5nger. \u00c4ven str\u00e4ngbandsmusik f\u00f6rekom. Avslutningsfesten var r\u00e4tt talrikt bes\u00f6kt. M\u00e5nga var l\u00e5ngv\u00e4ga ifr\u00e5n.<\/p>\n<p><span style=\"color: #000080;\">Syd-\u00d6sterbotten 18.5.1927:<\/span><\/p>\n<p>Postforslingen emellan Kristinestad och Stor\u00e5 f\u00f6rsigg\u00e5r h\u00e4refter med automobil varje s\u00f6ckendag (s\u00f6ckendag = alla vardagar) p\u00e5 f\u00f6ljande tider; Avg\u00e5r fr\u00e5n Kristinestad kl. 1 e. m., fr. Lappfj\u00e4rd kl. 2, fr\u00e5n Dagsmark kl. 3,35, fr\u00e5n Vanhakyl\u00e4 kl, 3,05, fr\u00e5n Villamo kl . 3,30 e, m. och anl\u00e4nder till Stor\u00e5 3,45 e. m., varifr\u00e5n posten om m\u00e5ndagarna forslas med h\u00e4st till Honkajoki kl. 4,15 e. m, Avg\u00e5r fr\u00e5n Stor\u00e5 kl. 8,30 f. m., fr\u00e5n Villamo kl. 8,50, fr\u00e5n Vanhakyl\u00e4 kl. 9,15, fr\u00e5n Dagsmark kl. 9,45, fr\u00e5n Lappfj\u00e4rd kl. 10,50 och anl\u00e4nder till Kristinestad kl. 11,10 f. m,<\/p>\n<p>Under automobiltrafiken avg\u00e5r posten fr\u00e5n Lappfj\u00e4rd till Sideby kl. 2,30 e, m.<\/p>\n<p><span style=\"color: #000080;\">Syd-\u00d6sterbotten 18.5.1927:<\/span><\/p>\n<p>Festen, som Dagsmark ungdomsf\u00f6rening hade senaste l\u00f6rdag kv\u00e4ll, var f\u00e5taligt bes\u00f6kt. Festen inleddes med s\u00e5ngen \u201dJag \u00e4lskar min hembygd\u2019 . Rektor J. Nyquist h\u00f6ll s\u00e5 ett intressant f\u00f6redrag om s\u00e5ngens och musikens storm\u00e4n i tiden. F\u00f6ljde s\u00e5 k\u00f6rs\u00e5ng, ledd av l\u00e4raren Henrik Rosenback. Pianomusik utf\u00f6rdes av fr\u00f6ken Daga Kjellberg och sk\u00f6rdade kraftiga appl\u00e5der Efter kafferasten l\u00e4ste Elna Storkull en ber\u00e4ttelse. Sist utf\u00f6rdes ett teaterstycke, som hette \u201dK\u00e4rlekens pl\u00e5goris\u201d . Dansen till fin musik vidtog d\u00e4refter och tr\u00e5ddes till n\u00e5got \u00f6ver midnatt. Festst\u00e4mningen, som annars var god, st\u00f6rdes av n\u00e5gra berusade ynglingar. Huruvida dessa oansvariga element skall f\u00e5 kvarst\u00e5 i f\u00f6reningen som medlemmar, dryftas p\u00e5 f\u00f6rsta kvartalsm\u00f6te. H\u00e4danefter kommer dylikt att f\u00e5 r\u00e4ttsligt efterspel.<\/p>\n<p>G\u00f6ken h\u00f6rdes i H\u00e4rkmeri i m\u00e5ndags.<\/p>\n<p><span style=\"color: #000080;\">Syd-\u00d6sterbotten 15.6.1927.<\/span><\/p>\n<p>Kommunalfullm\u00e4ktige i Lappfj\u00e4rd konstaterar att \u00e5bron p\u00e5 statens v\u00e4g\u00a0 i Dagsmark \u00e4r i uruselt skick och att den b\u00f6r med det snaraste repareras.<\/p>\n<p><span style=\"color: #000080;\">\u00a0Syd-\u00d6sterbotten 20.7.1927, kopierat ur F\u00f6rsamlingsbladet:<\/span><\/p>\n<p>Vid evangeliska folkh\u00f6gskolans \u00e5rsm\u00f6te i Helsingfors den 11 juli, behandlades fr\u00e5gan om skolans placering f\u00f6r n\u00e4sta l\u00e4s\u00e5r. \u00c5rsm\u00f6tet var av den \u00e5sikten, att folkh\u00f6gskolan borde bliva station\u00e4r och f\u00e5 sitt hem i centrum av det svenska \u00d6sterbotten. F\u00f6r kommande l\u00e4s\u00e5r kunde det dock knappast vara m\u00f6jligt att finna ett \u00e4ndam\u00e5lsenligt eget hem f\u00f6r en stadigvarande skola. \u00c5rsm\u00f6tet hade helst sett att skolan s\u00e5som ambulerande i h\u00f6st f\u00f6rflyttas mera norrut, men l\u00e4mnade dock styrelsen frihet, att om den finner det n\u00f6dv\u00e4ndigt \u00e4nnu ett \u00e5r arbeta i Dagsmark i Lappfj\u00e4rd, d\u00e5 det visar sig att evangeliska folkh\u00f6gskolan samlar evangelisk ungdom fr\u00e5n hela svenska bos\u00e4ttningsomr\u00e5det och inte \u00e5stadkommer en minskning i Lappfj\u00e4rds lokala folkh\u00f6gskolas elevantal, vilket tv\u00e4rtom senaste \u00e4r betydligt \u00f6kades.<\/p>\n<p>Styrelsen f\u00f6r folkh\u00f6gskolan besl\u00f6t vid m\u00f6te omedelbart efter \u00e5rsm\u00f6tet att \u00e4nnu n\u00e4sta l\u00e4s\u00e5r kvarh\u00e5lla skolan i Dagsmark, emedan ekonomiska h\u00e4nsyn och sv\u00e5righeter att annorst\u00e4des f\u00e5 l\u00e4rarkrafter och lokaliteter ans\u00e5gs, s\u00e5 l\u00e4nge skolan \u00e4nnu inte har n\u00e5got statsunderst\u00f6d, vara n\u00f6dgande sk\u00e4l f\u00f6r fasth\u00e5llandet vid Dagsmark.<\/p>\n<p><span style=\"color: #000080;\">Syd-\u00d6sterbotten 17.8.1927:<\/span><\/p>\n<p>Senaste onsdag, d\u00e5 parcell\u00e4garen Johannes Jossandt fr\u00e5n Korsb\u00e4ck med h\u00e4st och k\u00e4rra befann sig p\u00e5 hemv\u00e4g fr\u00e5n staden, r\u00e5kade han mellan n\u00e4mnda by och Dagsmark k\u00f6ra i diket, varvid k\u00e4rran v\u00e4lte. Personer, som passerade st\u00e4llet, fann Jossandt d\u00f6d i diket. Obduktion har \u00e4nnu inte \u00e4gt rum, men av vissa blodviten att d\u00f6ma, br\u00f6t den f\u00f6rolyckade i fallet nacken s\u00e5 att d\u00f6den torde varit \u00f6gonblicklig. Jossandt var 27 \u00e5r gammal och ogift.<\/p>\n<p><span style=\"color: #000080;\">Syd-\u00d6sterbotten 3.9.1927:<\/span><\/p>\n<p>Vi b\u00f6r komma ih\u00e5g att \u00c5bygg Str\u00e5korkester h\u00e5ller sin sommarfest i Dagsmark i dag l\u00f6rdag kl. 8 e. m. Programmet \u00e4r rikt och omv\u00e4xlande, bl.a. f\u00f6redrag av stud. Ellen Nyg\u00e5rd, deklamation, s\u00e5ng och musik och \u2026ja mera s\u00e4ga vi inte. I hopp om att alla, som \u00e4lska s\u00e5ng och musik inte f\u00f6rsumma ett tillf\u00e4lle som detta motser man ett mycket talrikt deltagande. Musikanterna har lovat att g\u00f6ra sitt b\u00e4sta f\u00f6r kv\u00e4llens trevnad. Allts\u00e5 den, som vill ha en trevlig kv\u00e4ll, upp till Dagsmark!<\/p>\n<p><span style=\"color: #000080;\">Syd-\u00d6sterbotten 24.9.1927:<\/span><\/p>\n<p>Arbetet f\u00f6r Marthaf\u00f6reningsverksamheten. I m\u00e5ndags h\u00f6ll ordf. i distriktet doktorinnan E. Runeberg f\u00f6redrag i \u00d6vermark och i torsdags i Dagsmark, varest en ny Marthaf\u00f6rening bildades.<\/p>\n<p><span style=\"color: #000080;\">Syd-\u00d6sterbotten 12.10.1927:<\/span><\/p>\n<p>Fest firar Dagsmark Lantmannagille \u00e4 ungdomslokalen i l\u00f6rdag. F\u00f6redrag h\u00e5lls av konsulenterna B\u00e4ckman och Weegar. M\u00f6tet b\u00f6rjar kl. 4 e. m. och festprogrammet kl. 7 e. m. \u00d6nskligt \u00e4r att \u00e4ven kvinnor och ungdom ville infinna sig. Det blir \u00e4ven servering och sist dans.<\/p>\n<p><span style=\"color: #000080;\">Den 19.10.1927 skrev Syd-\u00f6sterbotten s\u00e5 h\u00e4r om festen:<\/span><\/p>\n<p>Dagsmark Lantmannagille hade senaste torsdag anordnat en lantmannadag p\u00e5 ungdomslokalen med fest p\u00e5 kv\u00e4llen. Allm\u00e4nheten hade ocks\u00e5 ganska talrikt infunnit sig, b\u00e5de gamla och unga, och beh\u00e5llningen av festen blev \u00f6ver all f\u00f6rv\u00e4ntan god. D\u00e4rf\u00f6r ett tack till alla, som p\u00e5 ett eller annat l\u00e4tt bidrog till det goda resultatet. F\u00f6redrag h\u00f6lls av konsulenterna Weegar och B\u00e4ckman. Diskussionerna var \u00e4ven r\u00e4tt livliga. Av de utst\u00e4llda lantmannaprodukterna erh\u00f6ll f\u00f6ljande personer pris.<\/p>\n<p>R\u00e5g I pris och diplom; E. A. Klemets och Frans Agn\u00e4s. II pris: Viktor Bj\u00f6rklund, Josef Granlund, Viktor Nyroos och Johannes H\u00e4llback. III pris Adelina Lillkull, Josef Str\u00f6mberg, Frans Holmudd och Axel Forslin.<\/p>\n<p>Korn I pris och diplom: Frans Agn\u00e4s och Emil Nybond. II pris: Josef Granlund och J. H. Storkull. III pris: Erik Englund.<\/p>\n<p>Havre I pris: Erik Englund, II pris: J. H. Storkull, III pris: Frans Agn\u00e4s.<\/p>\n<p>Blands\u00e4d II pris: E. A. Rosengren.<\/p>\n<p>\u00c4rter I pris: Josef Granlund. Potatis I pris. E. A. Rosengren.<\/p>\n<p>Rovor I pris: Johannes H\u00e4llback.<\/p>\n<p>Turnips II pris: Erik Englund och Josef Granlund.<\/p>\n<p>K\u00f6ksv\u00e4xter II pris: Hulda Krook.<\/p>\n<p>Under festen p\u00e5 kv\u00e4llen r\u00e5dde \u00e4ven ganska god ordning, varf\u00f6r lantmannagillet k\u00e4nner sig mycket n\u00f6jd och bel\u00e5ten med sin \u201ddag\u201d.<\/p>\n<p><span style=\"color: #000080;\">Syd-\u00d6sterbotten 19.11.1927:<\/span><\/p>\n<p>Drunkningsolycka intr\u00e4ffade i Dagsmark, Kvarn\u00e5 i onsdags kl. 1-tiden p\u00e5 dagen. Bonden Karl Henrik Vesterbacks 2 barn, Alfons 6 \u00e5r och Elmer 4 \u00e5r, hade begett sig omkring ett par hundra meter fr\u00e5n hemmet till \u00e5n och d\u00e4r gott ner p\u00e5 den svaga isen. Modern hade saknat dem, men f\u00f6rmodade, att de var i n\u00e5gon granng\u00e5rd. Slutligen gick hon ned till \u00e5stranden och d\u00e4r fanns de saknades m\u00f6ssor p\u00e5 isen. Hon tillkallade hj\u00e4lp och man fick upp de f\u00f6rolyckade, f\u00f6r vattnet var blott 1\u00bd meter djupt, men kl. var d\u00e5 redan 5 p\u00e5 e. m., varf\u00f6r n\u00e5gon \u00e5terupplivning inte var m\u00f6jlig. S\u00e5lunda \u00e5ter en dyrk\u00f6pt varning, att inte betr\u00e4da svag is. H\u00e4ndelsen har sj\u00e4lvfallet gjort ett bekl\u00e4mmande intryck p\u00e5 orten och framkallat hos f\u00f6r\u00e4ldrar och sl\u00e4ktingar bitter sorg.<\/p>\n<p><span style=\"color: #000080;\">Syd-\u00d6sterbotten\u00a010.12.1927:<\/span><\/p>\n<p><strong>I fr\u00e4mmande h\u00e4nder<\/strong>. Bonden Erik Johan L\u00e5ng i Dagsmark s\u00e5lde i fredags i f\u00f6rra veckan \u00bd av sitt hemman till en Peltomaa fr\u00e5n Stor\u00e5 f\u00f6r obekant k\u00f6pesumma. Hemmanet 1\/12 mantal har under hundratals \u00e5r varit i sl\u00e4kten L\u00e5ngs \u00e4go. Tilltaget att nu s\u00e4lja en del fr\u00e5n hemmanet till finnar har v\u00e4ckt stort uppseende i byn. M\u00e5nga svenska k\u00f6pare, bl. a. Svenska sm\u00e5bruk och egna hem, stod till buds, men dessa fick beskedet, att n\u00e5gon del av hemmanet inte st\u00e5r till salu.\u00a0(I Dagsmark kallades han \u201dK\u00e5rk-Erk-J\u00e5han\u201d och var bonde p\u00e5 ett av de st\u00f6rre L\u00e5ng-hemmanen, som l\u00e5g i Palon nedanf\u00f6r Drag\u00e5sen. Erik Johan var gift med Mokkela-Tilda L\u00e5ngfors och i december 1927 s\u00e5lde han halva sitt hemman \u00e5t en Peltomaa fr\u00e5n Stor\u00e5. Detta irriterade den helsvenska byn och tidningarna f\u00f6ljde hela tiden med dessa hemmansk\u00f6p. Flera andra \u00f6sterbottniska kommenterade detta k\u00f6p med ett ogillande).<\/p>\n<p>Vasabladet som skrev om detta k\u00f6p, kommenterade saken \u00e4nnu en g\u00e5ng, den 15.12.1927 s\u00e5 h\u00e4r: Svensk jord i finska h\u00e4nder. Med anledning av en notis \u201dSvensk jord i finska h\u00e4nder\u201d, som ingick i fredagens nummer av Vasabladet, m\u00e5 meddelas, att A.B. Svenska Sm\u00e5bruks representant den 1 innevarande december bes\u00f6kte bonden Erik Johan L\u00e5ng i Dagsmark i avsikt att av honom f\u00e5 ink\u00f6pa hela eller en del av hans hemman. L\u00e5ng och hans hustru meddelade emellertid, att de inte \u00e4nnu \u00e4mnade s\u00e4lja n\u00e5gon del av sin l\u00e4genhet, f\u00f6rr\u00e4n m\u00f6jligen efter n\u00e5got \u00e5r. D\u00e5 det inte ligger i bolagets intresse att truga n\u00e5gon svensk att s\u00e4lja sin jord, s\u00e5 l\u00e4mnades saken tillsvidare.<\/p>\n<p>Emellertid meddelade tidningarna \u00e5tta dagar d\u00e4refter, att n\u00e4mnda bonde f\u00f6rs\u00e5lt h\u00e4lften av sitt hemman till en finne, vilket p\u00e5 det h\u00f6gsta m\u00e5ste f\u00f6rv\u00e5na. L\u00e4genheten \u00e4r i ytterst f\u00f6rfallet skick, men \u00e4r synnerligen v\u00e4rdefull genom att den har en vid areal god sparad skog, varf\u00f6r man p\u00e5 goda grunder kan anta, att s\u00e4ljaren blivit ordentligt lurad vad priset vidkommer, d\u00e5 han s\u00e5 hastigt utan n\u00e5gon n\u00e4rmare utredande v\u00e4rdering bortslumpat densamma.<\/p>\n<p>Enligt notisen skulle Dagsmark by vara rent svensk, men i verkligheten finnas d\u00e4r utom n\u00e5gra sj\u00e4lvst\u00e4ndiga backstuguomr\u00e5den 14 finska hemmansdelar, varav dock 5 stycken \u00e4r kallr\u00f6kar. Emellertid \u00e4r Dagsmark den mest svenska byn i Lappfj\u00e4rd.<\/p>\n<p><span style=\"color: #000080;\">Syd-\u00d6sterbotten\u00a010.12.1927:<\/span><\/p>\n<p>Festen i Dagsmark ungdomsf\u00f6rening i s\u00f6ndags var lyckad och talrikt bes\u00f6kt av s\u00e5v\u00e4l \u00e4ldre som ungdom. Festprogrammet inleddes med modersm\u00e5lets s\u00e5ng. Rektor J. N y q u i s t h\u00f6ll ett intressant f\u00f6redrag om de stora trusterna i v\u00e4rlden, solos\u00e5ng till pianoackompanjemang sj\u00f6ngs k\u00e4nsligt och vackert av l\u00e4rarinnan fr\u00f6ken Daga Kjellberg, p\u00e5 violin f\u00f6redrog herr S. Kronman n\u00e5gra gamla menuetter, vilka senterades livligt av publiken.<\/p>\n<p>Efter en kafferast sj\u00f6ngs \u00d6sterbotten, varp\u00e5 programmet bj\u00f6d p\u00e5 deklamation av fr\u00f6ken D. Kjellberg, f\u00f6redrag av agronom, magister K. Lundgre n, som talade i ett f\u00f6r landsbygden viktigt \u00e4mne: boskapssk\u00f6tseln. Som sista nummer p\u00e5 programmet utf\u00f6rdes teaterstycket \u201dDoktor Bloms f\u00f6rsta mottagning\u201d. Festen avsl\u00f6ts med en sv\u00e4ngom till god musik.<\/p>\n<p><span style=\"color: #000080;\">Syd-\u00d6sterbotten\u00a014.12.1927:<\/span><\/p>\n<p>Flera Dagsmarkbor vistades i Canada och via Syd-\u00d6sterbotten skickade de h\u00e4lsningar till bekanta i Dagsmark. Notis ur Syd-\u00d6sterbotten 14.12.1927:<\/p>\n<p><strong>JULH\u00c4LSNING FR\u00c5N CANADA, VANCOUVER B. C.<\/strong><\/p>\n<p>En god jul och ett lyckobringande gott nytt \u00e5r 1928 till\u00f6nskas alla sl\u00e4ktingar och v\u00e4nner i Dagsmark samt redaktionen och alla tidningens l\u00e4sare. E. Nyberg, Viktor Grans, A. Lillsj\u00f6, Art. Lillsj\u00f6 F. Lillsj\u00f6, Anselm Viklund och Frans Viklund.<\/p>\n","protected":false},"excerpt":{"rendered":"<p>Vid \u00e5rsskiftet bodde det i Kristinestad 3\u00a0474 personer, i landsf\u00f6rsamlingen Tj\u00f6ck 1\u00a0639, Kask\u00f6 1\u00a0695, Sideby 3\u00a0775, Korsn\u00e4s 5\u00a0525, \u00d6vermark 3 654 och N\u00e4rpes 11\u00a0683 personer. Lappfj\u00e4rds f\u00f6rsamling visade denna g\u00e5ng upp en rej\u00e4l minskning, eftersom M\u00f6rtmark by har blivit \u00f6verf\u00f6rd <a class=\"more-link\" href=\"https:\/\/www.lassebacklund.fi\/?page_id=12798\">Forts\u00e4tt l\u00e4sa <span class=\"screen-reader-text\">  Tidningsurklipp fr\u00e5n \u00e5r 1927.<\/span><span class=\"meta-nav\">&rarr;<\/span><\/a><\/p>\n","protected":false},"author":1,"featured_media":0,"parent":7430,"menu_order":1927,"comment_status":"closed","ping_status":"closed","template":"","meta":{"footnotes":""},"class_list":["post-12798","page","type-page","status-publish","hentry"],"_links":{"self":[{"href":"https:\/\/www.lassebacklund.fi\/index.php?rest_route=\/wp\/v2\/pages\/12798","targetHints":{"allow":["GET"]}}],"collection":[{"href":"https:\/\/www.lassebacklund.fi\/index.php?rest_route=\/wp\/v2\/pages"}],"about":[{"href":"https:\/\/www.lassebacklund.fi\/index.php?rest_route=\/wp\/v2\/types\/page"}],"author":[{"embeddable":true,"href":"https:\/\/www.lassebacklund.fi\/index.php?rest_route=\/wp\/v2\/users\/1"}],"replies":[{"embeddable":true,"href":"https:\/\/www.lassebacklund.fi\/index.php?rest_route=%2Fwp%2Fv2%2Fcomments&post=12798"}],"version-history":[{"count":5,"href":"https:\/\/www.lassebacklund.fi\/index.php?rest_route=\/wp\/v2\/pages\/12798\/revisions"}],"predecessor-version":[{"id":13057,"href":"https:\/\/www.lassebacklund.fi\/index.php?rest_route=\/wp\/v2\/pages\/12798\/revisions\/13057"}],"up":[{"embeddable":true,"href":"https:\/\/www.lassebacklund.fi\/index.php?rest_route=\/wp\/v2\/pages\/7430"}],"wp:attachment":[{"href":"https:\/\/www.lassebacklund.fi\/index.php?rest_route=%2Fwp%2Fv2%2Fmedia&parent=12798"}],"curies":[{"name":"wp","href":"https:\/\/api.w.org\/{rel}","templated":true}]}}