{"id":12786,"date":"2019-06-27T22:25:33","date_gmt":"2019-06-27T19:25:33","guid":{"rendered":"http:\/\/www.lassebacklund.fi\/?page_id=12786"},"modified":"2022-10-05T09:34:05","modified_gmt":"2022-10-05T06:34:05","slug":"tidningsartiklar-fran-ar-1925","status":"publish","type":"page","link":"https:\/\/www.lassebacklund.fi\/?page_id=12786","title":{"rendered":"Tidningsartiklar fr\u00e5n \u00e5r 1925."},"content":{"rendered":"<p><strong><span style=\"color: #000080;\">Syd-\u00d6sterbotten 10.1.1925:<\/span><\/strong><\/p>\n<h5><strong>SV\u00c5R OLYCKA I DAGSMARK I G\u00c5R.<\/strong><\/h5>\n<p>En ung man f\u00f6rlorade synen p\u00e5 b\u00e5da \u00f6gonen och fyra fingrar fr\u00e5n ena handen.<\/p>\n<p>Bondesonen Anselm Sandlund i Dagsmark handterade i g\u00e5r p\u00e5 eftermiddagen en gammal dynamitknall, som han trodde vara ofarlig, s\u00e5 of\u00f6rsiktigt, att knallen exploderade och f\u00f6rst\u00f6rde hans b\u00e5da \u00f6gon och avslet fyra fingrar fr\u00e5n ena handen, Den s\u00e5 sv\u00e5rt f\u00f6rolyckade, som \u00e4r 23 \u00e5r gammal, f\u00f6rdes fortast m\u00f6jligt till sjukhuset i Kristinestad, men kunde hans synf\u00f6rm\u00e5ga icke r\u00e4ddas.<\/p>\n<p><img loading=\"lazy\" decoding=\"async\" class=\"alignnone wp-image-5958\" src=\"http:\/\/www.lassebacklund.fi\/wp-content\/uploads\/2017\/09\/Sandlund-Anselm.jpg\" alt=\"\" width=\"482\" height=\"293\" \/><\/p>\n<div class=\"ocr-block ng-binding ng-scope\"><strong><span style=\"color: #000080;\">Syd-\u00d6sterbotten 17.1.1925:<\/span><\/strong><\/div>\n<div class=\"ocr-block ng-binding ng-scope\"><\/div>\n<div class=\"ocr-block ng-binding ng-scope\">\n<p><strong>Folkh\u00e4lsan ordnar Barnav\u00e5rdskurs i Dagsmark.<\/strong><\/p>\n<p>M\u00e5ndagen den 19 januari kl. 7 e. m. begynner syster Helga sin kurs i sp\u00e4dbarnsv\u00e5rd \u00e5 folkskolan i Dagsmark. Vid sidan av arbetet f\u00f6r tuberkulosens bek\u00e4mpande \u00e4r upplysningsarbetet p\u00e5 barnav\u00e5rdens omr\u00e5de det f\u00f6r n\u00e4rvarande viktigaste i v\u00e5r lands\u00e4nda, och f\u00f6reningen hoppas under det nya \u00e5ret kunna anordna s\u00e5 m\u00e5nga kurser att i alla fall ingen av de mera betydande byarna eller bos\u00e4ttningsomr\u00e5dena inom Lappfj\u00e4rd och Sideby skola beh\u00f6va bli gl\u00f6mda.<\/p>\n<p><strong><span style=\"color: #000080;\">Syd-\u00d6sterbotten 24.1.1925:<\/span><\/strong><\/p>\n<h5><strong>NYA ANDELSKASSOR BILDADE.<\/strong><\/h5>\n<p>Senaste s\u00f6ndag bildades Sideby kyrkobys andelskassa. Till medlemmar i kassans f\u00f6rsta styrelse valdes bonden Einar Storsj\u00f6, ordf., William L\u00e5ngvik, viceordf., samt Ivar Berglund, Aug. Teir och Hilding Nordgren. Till bokf\u00f6rare uts\u00e5gs bondesonen Uno Hanses.<\/p>\n<p>Tisdagen den 20 dennes bildades en liknande kassa i Dagsmark. Till medlemmar i styrelsen valdes Erik Englund, ordf., Josef Granlund, viceordf., Viktor Bj\u00f6rklund, bokf\u00f6rare, Frans Agn\u00e4s och Johan Lillkull. P\u00e5 onsdagen den 21 dennes bildades \u00e4ven i Tj\u00f6ck en andelskassa. I styrelsen invaldes l\u00e4raren E. A, Hummelg\u00e5rd, ordf.,handl. Henrik Erlander, viceordf., kommunaln\u00e4mndsordf\u00f6randen K, V. Hintz, bokf\u00f6rare, samt b\u00f6nderna Axel Erlands och Erland \u00c5back.<\/p>\n<p><strong><span style=\"color: #000080;\">Syd-\u00d6sterbotten 31.1.1925:<\/span><\/strong><\/p>\n<p>I Dagsmark by har h\u00e5llits en kurs i sp\u00e4dbarnsv\u00e5rd, ledd av h\u00e4lsosyster Helga. F\u00f6redrag har h\u00e5llits om kv\u00e4llarna, och om dagarna har hon bes\u00f6kt hemmen. Av allt att d\u00f6ma har kursen omfattats med stort intresse av ortsborna. Kursen avsl\u00f6ts med fest p\u00e5 folkskolan den 28 dennes, varvid doktor E. Runeberg h\u00f6ll ett intressant och l\u00e4rorikt f\u00f6redrag om de vanligaste folksjukdomarna. Syster Helga talade om betydelsen av f\u00f6reningen Folkh\u00e4lsans arbete i v\u00e5ra svenskbygder. Till festprogrammet medverkade \u00e4ven Dagsmark str\u00e4ngband. Sedan ortsbefolkningens tack till kursens ledarinna och doktor Runeberg framburits f\u00f6r deras v\u00e4lvilliga arbete till bygdens fromma, \u00f6verr\u00e4cktes en kaffeservis som minnesg\u00e5va \u00e5t syster Helga. Den st\u00e4mningsfulla och l\u00e4rorika festen var ganska talrikt bes\u00f6kt.<\/p>\n<p><strong><span style=\"color: #000080;\">Syd-\u00d6sterbotten 7.2.1925:<\/span><\/strong><\/p>\n<p>\u00c5rsm\u00f6te h\u00f6ll Dagsmark ungdomsf\u00f6rening sista s\u00f6ndags. Sedan \u00e5rsber\u00e4ttelsen, kassast\u00e4llningen och revisorernas utl\u00e5tanden blivit uppl\u00e4sta, beviljades styrelsen och kass\u00f6ren full ansvarsfrihet. Till ordf. f\u00f6r inkommande \u00e5r \u00e5tervaldes Frans Storkull, till viceordf\u00f6rande \u00e5tervaldes Artur Rosengren likas\u00e5 valdes till sekr. Hulda Lillkull, till kass\u00f6r valdes Emil Nyholm. I styrelsen invaldes Viktor Nylund, Valdemar Rosengren, Selim Lillkull, Anselm Lillkull, Selim Blomkvist, Hilma Agn\u00e4s, Elin Lillkull, Amanda Rosengren, Hulda Storkull, Aina Lillkull, Sandra Forsg\u00e5rd, Selma Gr\u00f6ndahl och Ellen Nor\u00e9n, Suppleant blev Julanda Nyros. Till revisorer valdes b\u00f6nderna Erik Englund och E. A. Br\u00e4nn med Viktor Bj\u00f6rklund som suppleant.<\/p>\n<p><strong><span style=\"color: #000080;\">Syd-\u00d6sterbotten 7.3.1925:<\/span><\/strong><\/p>\n<p><strong>Fest<\/strong> h\u00f6ll ungdomsf\u00f6reningen i Dagsmark i s\u00f6ndags den 1 mars. Programmet inleddes med \u201dModersm\u00e5lets s\u00e5ng\u201d, varefter f\u00f6reningens ordf. h\u00e4lsade festbes\u00f6karna v\u00e4lkomna. Sandra Forsg\u00e5rd uppl\u00e4ste f\u00f6reningens handskrivna tidning, \u201dF\u00f6rs\u00f6ka Duger\u201d. Hulda Lillkull l\u00e4ste ur \u201dGulnade blad\u201d av Jacob Tegengren om \u201dS\u00e5ngens makt.\u201d S\u00e5 spelades teaterstycket \u201dAnders \u00e4\u2019 herre han\u201d, vilket utf\u00f6rdes till allm\u00e4n bel\u00e5tenhet. Sist sj\u00f6ngs \u00e5 scen en kuplett av H. Hemberg och H. Storkull. D\u00e4rp\u00e5 vidtog dans till god musik. Ordningen var god, inga berusade m\u00e4rktes. Festen var ej s\u00e5 talrikt bes\u00f6kt som \u00f6nskligt varit.<\/p>\n<p><strong><span style=\"color: #000080;\">Syd-\u00d6sterbotten 7.3.1925:<\/span><\/strong><\/p>\n<h5><strong>Brev fr\u00e5n Korsb\u00e4ck.<\/strong><\/h5>\n<p>Inom v\u00e5rt lilla bysamh\u00e4lle r\u00e5der liv och r\u00f6relse. Det m\u00e5ste man s\u00e4ga vid tanke p\u00e5 alla de m\u00f6ten, f\u00f6redrag, kurser m.m., vilka h\u00e5llits h\u00e4r under de senaste tiderna. Fr\u00e5n h\u00f6sten allt intill julen hade vi h\u00e4r predikningar, f\u00f6redrag av prof. Sucksdorff, kurs i sp\u00e4dbarnsv\u00e5rd av h\u00e4lsosyster Helga, talrika biblioteksm\u00f6ten o. s. v. Biblioteksf\u00f6reningen Myran, som bildades den 1 okt. har regelbundet samlats till m\u00f6ten varje onsdagskv\u00e4ll. Det m\u00e5l denna sammanslutning uppst\u00e4llt f\u00f6r sig, ett allm\u00e4nt l\u00e5nebibliotek, har till en del redan uppn\u00e5tts, i det att vi f.n. \u00e4ga ett litet s\u00e5dant, omfattande 220 band svenskspr\u00e5kig litteratur. N\u00e5got underst\u00f6d fr\u00e5n kommunen har biblioteket tills dato inte f\u00e5tt, men det hoppas i st\u00e4llet f\u00e5 underst\u00f6d av staten f\u00f6r detta \u00e5r. Biblioteket har \u00e4ven flitigt anlitats av b\u00e5de unga och gamla, som med intresse studerat b\u00f6ckerna.<\/p>\n<p>Som exempel p\u00e5 den stora l\u00e4slusten m\u00e5 h\u00e4r omn\u00e4mnas, att en \u00e4ldre man, som fr\u00e5n biblioteket l\u00e5nat en intressant bok, satt uppe vid densamma till kl. 2 p\u00e5 natten, innan han kunde l\u00e4mna den. Fastlagstisdagen p\u00e5 kv\u00e4llen hade biblioteksf\u00f6reningen en talrikt bes\u00f6kt fest. Det rikhaltiga programmet upptog f\u00f6redrag om Gammal-Svenskby, dialog, teaterstycke, musik m.m. St\u00e4mningen var den b\u00e4sta, och allt gick st\u00e4dat o. ordentligt till, s\u00e5som det anst\u00e5r svensk ungdom. Det \u00e4r ett n\u00f6je att vara med om fester, d\u00e4r man iakttager m\u00f6nstergill ordning och d\u00e4r inga spritf\u00f6rbrukande individer st\u00f6ra. Folket i Korsb\u00e4ck vill, ser man, f\u00f6lja med sin tid, det arbetar m\u00e5lmedvetet och med levande intresse f\u00f6r det allm\u00e4nna fram\u00e5tskridandet.<\/p>\n<p><span style=\"color: #000080;\"><strong>Syd-\u00d6sterbotten 23.5.1925:<\/strong><\/span><\/p>\n<h5><strong>Brev fr\u00e5n Korsb\u00e4ck.<\/strong><\/h5>\n<p>V\u00e5ren har gjort sitt intr\u00e4de h\u00e4r liksom annorst\u00e4des, och den spirande gr\u00f6nskan sticker fram. Stockfl\u00f6tningen, som vidtog redan den 18 april och d\u00e4r mycket manfolk har varit sysselsatt, har f\u00f6r l\u00e4nge sedan undanst\u00f6kats. V\u00e5rfloden var i \u00e5r n\u00e5got svagare \u00e4n under tidigare v\u00e5rar beroende p\u00e5, att vintern var s\u00e5 fattig p\u00e5 sn\u00f6. Storsj\u00f6tr\u00e4skets vida vatten krymper som b\u00e4st ihop, allt vad det hinner. Den m\u00e5ng\u00e5riga planen p\u00e5 tr\u00e4skets konstgjorda torrl\u00e4ggande, en r\u00e4tt s\u00e5 kostsam och sv\u00e5rl\u00f6st historia, torde \u00e4nnu l\u00e4nge f\u00e5 v\u00e4nta p\u00e5 f\u00f6rverkligande.<\/p>\n<p>V\u00e5rs\u00e5dden har vidtagit p\u00e5 en del st\u00e4llen h\u00e4r, och somliga har redan hunnit s\u00e4tta \u201dp\u00e4ronen\u201d i jorden. Jordbrukarens latmansdagar, om man nu alls kan tala om s\u00e5dana, \u00e4r numera f\u00f6rbi, och det tr\u00e4gna, anstr\u00e4ngande arbetets tid \u00e4r inne. Jordbrukaren i dessa nejder vet ju egentligen inte alls av n\u00e5got s\u00e5 modernt som 8 timmars arbetsdag. Nej, nog f\u00e5r han gno p\u00e5 b\u00e5de bitti och sent, f\u00f6r att folket skall f\u00e5 br\u00f6d.<\/p>\n<p>Biblioteksf\u00f6reningen Myrans verksamhet har under \u00e5ret fortg\u00e5tt utan avbrott och med synbar framg\u00e5ng. Biblioteket har just nu att anteckna ett betydande plus med ett statsunderst\u00f6d f\u00f6r innevarande \u00e5r. Den 2 maj hade biblioteksf\u00f6reningen auktion p\u00e5 sina under \u00e5ret f\u00f6rf\u00e4rdigade handarbeten, vilka hade god \u00e5tg\u00e5ng. Den 17 hade samma f\u00f6rening en ganska v\u00e4lbes\u00f6kt fest, som l\u00e4mnade god ekonomisk beh\u00e5llning. Festprogrammet inleddes med \u201dDen blomstertid nu kommer&#8221; och avslutades med \u201dV\u00e5rt land.&#8221;<\/p>\n<p>Programmet upptog bland annat tv\u00e5 tal, det ena av l\u00e4raren Henrik Rosenback om f\u00f6rf\u00e4dernas arbete och dess f\u00f6rpliktelser, det andra av l\u00e4raren Byman om konsten att leva, samt ett av n\u00e5gra ungdomar v\u00e4l framf\u00f6rt stycke \u201dFosterland&#8221; av Parus Ater. Festen fick av s\u00e4rskilda anledningar en allvarlig pr\u00e4gel.<\/p>\n<p>Folkskolans arbete fortg\u00e5r \u00e4nnu hela denna m\u00e5nad. Folkskolor med s\u00e5 kallad f\u00f6rkortad l\u00e4rokurs har n\u00e4mligen l\u00e4ngre l\u00e4s\u00e5r \u00e4n vanliga folkskolor.<\/p>\n<p>Floradagen, skogens dag, planterade folkskolbarnen 10 bj\u00f6rkar p\u00e5 skolg\u00e5rden. Det \u00e4r meningen att sm\u00e5ningom f\u00e5 g\u00e5rden litet f\u00f6rsk\u00f6nad. Kv\u00e4llen f\u00f6rut hade ortens driftigaste och f\u00f6r skolan mest nit\u00e4lskande m\u00e4n ist\u00e5ndsatt det fallf\u00e4rdiga planket kring skolg\u00e5rden. Intresserade f\u00f6r skolhusets uppsnyggande, s\u00e5 har de ocks\u00e5 beslutat att strax efter v\u00e5rs\u00e5dden br\u00e4dfodra och m\u00e5la detsamma. Biblioteksf\u00f6reningen Myran, som med beredvillighet f\u00e5tt anv\u00e4nda skolan s\u00e5som m\u00f6teslokal, har ocks\u00e5 dragit sitt str\u00e5 till stacken. Det \u00e4r n\u00e4mligen s\u00e5 h\u00e4r i Korsb\u00e4ck, att alla b\u00e5de unga och gamla med beundransv\u00e4rt intresse och s\u00e4llsynt enighet samarbetar. Och d\u00e4rf\u00f6r g\u00e5r det fram\u00e5t steg f\u00f6r steg.<\/p>\n<p><strong><span style=\"color: #000080;\">Syd-\u00d6sterbotten 22.7.1925:<\/span><\/strong><\/p>\n<p>Sommarfesten i Dagsmark i l\u00f6rdags gynnades av en utm\u00e4rkt v\u00e4derlek, varf\u00f6r densamma var ovanligt talrikt bes\u00f6kt, s\u00e5 att festsalen var till tr\u00e4ngsel fylld. Ordningen var hela tiden den b\u00e4sta, och ordningsm\u00e4nnen beh\u00f6vde inte en enda g\u00e5ng ingripa. Programmet inleddes med s\u00e5ngen \u201dJag \u00e4lskar min hembygd\u201d, varefter f\u00f6reningens ordf\u00f6rande Frans Storkull i ett kortare andragande h\u00e4lsade festbes\u00f6karna v\u00e4lkomna. D\u00e4rp\u00e5 f\u00f6ljde deklamation av Ellen Nor\u00e9n och muntra och skrattretande kupletter av Otto Storfors, som publiken bel\u00f6nade med kraftiga appl\u00e5der. L\u00e4rarinnan Sandra Forsg\u00e5rd uppl\u00e4ste f\u00f6reningens handskrivna tidning, vilken hon \u00e4ven redigerat och inneh\u00f6ll den b\u00e5de sk\u00e4mtsamma och l\u00e4rorika uppsatser. S\u00e5 f\u00f6ljde en paus, varunder f\u00f6rfriskningar intogs i den v\u00e4lf\u00f6rsedda buffeten.<\/p>\n<p>Efter pausen sj\u00f6ng man \u201dSlumrande toner\u201d. Gunnar Gr\u00f6ndahl uppl\u00e4ste tydligt och klart en sk\u00e4mtsam och intressant ber\u00e4ttelse. Otto Storfors f\u00f6redrog p\u00e5 violin n\u00e5gra gamla menuetter och polskor fr\u00e5n Lappfj\u00e4rd, vilka senterades livligt av publiken. Som sista nummer p\u00e5 programmet f\u00f6ljde tv\u00e5 akters pj\u00e4sen \u201dEn riktig kanalje\u201d. Vidtog s\u00e5 dansen, som tr\u00e4ddes med liv och lust till inp\u00e5 sm\u00e5timmarna. Den ekonomiska beh\u00e5llningen av festen blev god.<\/p>\n<p><strong><span style=\"color: #000080;\">Syd-\u00d6sterbotten 19.8.1925:<\/span><\/strong><\/p>\n<p>EN ORM I BYXFICKAN fick en bonde i Dagsmark senaste vecka, d\u00e5 han var sysselsatt med att skyla korn. Ormen var omkring en halv meter l\u00e5ng. Den hade uppeh\u00e5llit sig i fickan flera timmar, bl. a. under det mannen vilat middag, och uppt\u00e4cktes, f\u00f6rst d\u00e5 han skulle s\u00e4tta handen i fickan. Ormen fick naturligtvis plikta med livet f\u00f6r sin n\u00e4rg\u00e5ngenhet.<\/p>\n<p><strong><span style=\"color: #000080;\">Syd-\u00d6sterbotten 7.11.1925:<\/span><\/strong><\/p>\n<p>H\u00f6stfest hade Dagsmark ungdomsf\u00f6rening Allhelgonadagen, Festen b\u00f6rjade kl. 8 p\u00e5 kv\u00e4llen. Programmet inleddes med s\u00e5ngen \u201dJag \u00e4lskar min hembygd\u201d, varefter f\u00f6rest\u00e5ndare J. Nyqvist h\u00f6ll ett v\u00e4rmande f\u00f6redrag om v\u00e5ra nutida skalder och deras arbeten, \u00e4ven riktade han till ungdomen maningsord mot den f\u00f6rd\u00e4rvbringande spritflodens h\u00e4rjningar i v\u00e5ra bygder. Vackert och k\u00e4nsligt sj\u00f6ng l\u00e4rarinnan fr\u00f6ken Daga Kjellberg solo med ackompanjemang p\u00e5 piano av kanter Otto Storfors. Ellen Nor\u00e9n l\u00e4ste f\u00f6reningens handskrivna tidning \u201dF\u00f6rs\u00f6ka Duger\u201d, som inneh\u00f6ll sk\u00e4mtsamma och skrattretande bitar. Efter en kortare paus sj\u00f6ngs \u201dH\u00f6sten \u00e4r kommen\u201d varefter fr\u00f6ken Daga Kjellberg, deklamerade \u201dD\u00f6beln vid Jutas\u201d. Teaterstycket \u201dHund och katt\u201d utf\u00f6rdes till allm\u00e4n bel\u00e5tenhet och bel\u00f6nades det med skallande skrattsalvor. Sist p\u00e5 programmet dansades en folkdans, som \u00e4ven v\u00e4ckte munterhet bland publiken. S\u00e5 vidtog dansen till god musik. Dansen fortgick till in p\u00e5 sm\u00e5timmarna. Ordningen var \u00f6verhuvudtaget god. Mot slutet f\u00f6rm\u00e4rktes till allm\u00e4n f\u00f6rtrytelse dock ett par ynglingar med oklara hj\u00e4rnor. Festen var ganska talrikt bes\u00f6kt.<\/p>\n<\/div>\n<p><strong><span style=\"color: #000080;\">Syd-\u00d6sterbotten 11.11.1925:<\/span><\/strong><\/p>\n<p>Svenska dagen firades den 6 nov. kl. 8 e. m. i Dagsmark p\u00e5 ungdomshemmet med en medborgerlig fest, d\u00e4r allm\u00e4nheten hade fritt intr\u00e4de. Festen hade kunnat vara talrikare bes\u00f6kt p\u00e5 denna v\u00e5r stora samlingsdag. Programmet upptog; S\u00e5ng (Du gamla du fria), tal av l\u00e4rare J. Sj\u00f6blad, pianomusik av l\u00e4rarinnan fr\u00f6ken Daga Kjellberg, M. Hanemanns tal uppl\u00e4ste l\u00e4rarinnan fr\u00f6ken Sandra Forsg\u00e5rd, varp\u00e5 sj\u00f6ngs Modersm\u00e5lets s\u00e5ng, d\u00e4rp\u00e5 deklamerade fr\u00f6ken Kjellberg \u201dTorpflickan\u201d, vilken tillika f\u00f6revisades som tabl\u00e5. Festen avsl\u00f6ts med \u201dV\u00e5rt land\u201d.<\/p>\n<div class=\"ocr-block ng-binding ng-scope\">\n<p><strong><span style=\"color: #000080;\">Syd-\u00d6sterbotten 25.11.1925, ins\u00e4ndare skriven av en ok\u00e4nd skyddsk\u00e5rist fr\u00e5n Lappfj\u00e4rd:<\/span><\/strong><\/p>\n<p>S\u00f6ndagen den 22 november blev en m\u00e4rkesdag f\u00f6r Lappfj\u00e4rds skyddsk\u00e5r. Gamla och unga Dagsmarksbor hade d\u00e5 st\u00e4mt m\u00f6te p\u00e5 ungdomslokalen f\u00f6r att dryfta fr\u00e5gan om \u00e5terintr\u00e4dande i skyddsk\u00e5ren. Jag m\u00e5ste bek\u00e4nna, att jag for ned till Dagsmark med en k\u00e4nsla av misstr\u00f6stan, men d\u00e5 jag tr\u00e4dde in i ungdomslokalens festsal och s\u00e5g den talrika menighet, som d\u00e4r samlats, blev jag \u00e5ter glad och f\u00f6rhoppningsfull, och jag t\u00e4nkte, att icke hava dessa kvinnor, m\u00e4n och ynglingar f\u00f6r ro skull lystrat till uppmaningen att komma samman om ej f\u00f6r att sluta sig enigt kring skyddsk\u00e5rens fana. Och mina f\u00f6rhoppningar kom icke p\u00e5 skam. I Eder fann jag genast den goda \u00f6sterbottningen, som st\u00e4ller frihet och oberoende framom allt annat. Men alla intriger, allt sm\u00e5sinne m\u00e5ste utm\u00f6nstras ur det \u00f6sterbottniska kynnet. \u201dEnighet \u00e4r styrkans b\u00e4lte, br\u00f6drahat \u00e4r gift som t\u00e4r\u201d heter det, inom skyddsk\u00e5ren f\u00e5r inte finnas oenighet, ty den f\u00f6ranleder splittring inom v\u00e5ra led och den kommer de r\u00f6da elementen i v\u00e5rt land att jubla h\u00f6gt av skadegl\u00e4dje. Nej, l\u00e5tom oss sv\u00e4rja ett fosterbr\u00f6dralag, som enigt, sj\u00e4lvf\u00f6rg\u00e4tet sl\u00e5r vakt kring allas v\u00e5r moder, fosterjorden.<\/p>\n<p><span style=\"color: #000080;\"><strong>Syd-\u00d6sterbotten 2.12.1925.<\/strong><\/span><\/p>\n<p><strong>BREV FR\u00c5N KORSB\u00c4CK.\u00a0<\/strong><\/p>\n<p>Pa v\u00e5r ort har man under den g\u00e5ngna h\u00f6sten levt i stillhet och ro. Det m\u00e5ste man erk\u00e4nnas att Korsb\u00e4ckborna \u00e4r ett synnerligen fridsamt folk, som varken vid allm\u00e4nna m\u00f6ten eller andra tillst\u00e4llningar st\u00f6r en god st\u00e4mning.<\/p>\n<p>Vi hade h\u00e4r i september en av ungdomen, n\u00e4rmare best\u00e4mt biblioteksf\u00f6reningen Myran, anordnad fest, d\u00e4r den m\u00f6nstergillaste ordning r\u00e5dde. Denna fest, som bj\u00f6d p\u00e5 ett trevligt program, var ganska talrikt bes\u00f6kt och l\u00e4mnade god ekonomisk beh\u00e5llning. \u00a0Svenska dagen h\u00f6gtidligh\u00f6lls med en liten kv\u00e4llstillst\u00e4llning, d\u00e4r den redan n\u00e4mnda f\u00f6reningen Myrans flagga invigdes. Betecknande f\u00f6r den gemytliga grundlighet, som utm\u00e4rker v\u00e5ra goda korsb\u00e4ckbor, m\u00e5 n\u00e4mnas, att uppbrottet skedde f\u00f6rst p\u00e5 slaget 12. Jag vill minnas att det var n\u00e5gon bland de n\u00e4rvarande, som sk\u00e4mtsamt men tr\u00e4ffande anm\u00e4rkte, att man ju inte kunde bryta upp f\u00f6rr \u00e4n svenska dagen var slut.<\/p>\n<p>Den 8 nov. h\u00f6lls h\u00e4r ett nykterhetsm\u00f6te, anordnat av nykterhetsf\u00f6reningen Wiktoria, som g\u00e4stade v\u00e5r ort. Prosten Laur\u00e9n h\u00f6ll ett intressant och l\u00e4rorikt andragande, vari han ur religi\u00f6s och biblisk synpunkt belyste nykterhetsfr\u00e5gan. F\u00f6reningens ordf\u00f6rande herr Nyholm l\u00e4ste en trevlig ber\u00e4ttelse och l\u00e4raren Rosenback f\u00f6redrog f\u00f6reningens handskrivna tidning, som inneh\u00f6ll mycket gott och l\u00e4sv\u00e4rt. Till\u00e4ggas b\u00f6r \u00e4nnu att en s\u00e5ngk\u00f6r under l\u00e4raren Rosenbacks ledning sj\u00f6ng flera ansl\u00e5ende s\u00e5nger.<\/p>\n<p>Det har ocks\u00e5 bjudits p\u00e5 riklig andlig spis h\u00e4r under h\u00f6stens f\u00f6rlopp. Flera andaktsstunder med tal av predikanterna Sundstr\u00f6m och L\u00e5ngbacka har n\u00e4mligen h\u00e5llits. Ocks\u00e5 dessa sammankomster har varit synnerligen talrikt bes\u00f6kta. Att korb\u00e4cksborna med vaket intresse f\u00f6ljer med kommunala angel\u00e4genheter d\u00e4rom vittnar ett par valm\u00f6ten, d\u00e4r f\u00f6r det stundande kommunala valet uppst\u00e4llts en egen kandidatlista med bankdirekt\u00f6r J. J. Wadstr\u00f6m i f\u00f6rsta rummet och bonden Johannes Stenlund i det andra. Det \u00e4r att hoppas, att alla r\u00f6stber\u00e4ttigade ortsbor f\u00f6rsl\u00e5r sin plikt att infinna sig till valet och r\u00f6sta p\u00e5 n\u00e4mnda lista.<\/p>\n<p>Biblioteksf\u00f6reningens verksamhet har fortg\u00e5tt s\u00e5som f\u00f6rut med m\u00f6ten varje onsdag kv\u00e4ll. Genom flitiga kvinnoh\u00e4nder har \u00e5stadkommits vackra handarbeten, som till f\u00f6rm\u00e5n f\u00f6r biblioteket kommer att s\u00e4ljas p\u00e5 auktion den 16 dec. p\u00e5 kv\u00e4llen. D\u00e4r kan alla bli i tillf\u00e4lle att f\u00e5 en passande julklapp och kanske ocks\u00e5 en kopp gott kaffe. Missa allts\u00e5 inte tillf\u00e4llet, goda korsb\u00e4ckare!<\/p>\n<p>&nbsp;<\/p>\n<\/div>\n","protected":false},"excerpt":{"rendered":"<p>Syd-\u00d6sterbotten 10.1.1925: SV\u00c5R OLYCKA I DAGSMARK I G\u00c5R. En ung man f\u00f6rlorade synen p\u00e5 b\u00e5da \u00f6gonen och fyra fingrar fr\u00e5n ena handen. Bondesonen Anselm Sandlund i Dagsmark handterade i g\u00e5r p\u00e5 eftermiddagen en gammal dynamitknall, som han trodde vara ofarlig, <a class=\"more-link\" href=\"https:\/\/www.lassebacklund.fi\/?page_id=12786\">Forts\u00e4tt l\u00e4sa <span class=\"screen-reader-text\">  Tidningsartiklar fr\u00e5n \u00e5r 1925.<\/span><span class=\"meta-nav\">&rarr;<\/span><\/a><\/p>\n","protected":false},"author":1,"featured_media":0,"parent":7430,"menu_order":1925,"comment_status":"closed","ping_status":"closed","template":"","meta":{"footnotes":""},"class_list":["post-12786","page","type-page","status-publish","hentry"],"_links":{"self":[{"href":"https:\/\/www.lassebacklund.fi\/index.php?rest_route=\/wp\/v2\/pages\/12786","targetHints":{"allow":["GET"]}}],"collection":[{"href":"https:\/\/www.lassebacklund.fi\/index.php?rest_route=\/wp\/v2\/pages"}],"about":[{"href":"https:\/\/www.lassebacklund.fi\/index.php?rest_route=\/wp\/v2\/types\/page"}],"author":[{"embeddable":true,"href":"https:\/\/www.lassebacklund.fi\/index.php?rest_route=\/wp\/v2\/users\/1"}],"replies":[{"embeddable":true,"href":"https:\/\/www.lassebacklund.fi\/index.php?rest_route=%2Fwp%2Fv2%2Fcomments&post=12786"}],"version-history":[{"count":5,"href":"https:\/\/www.lassebacklund.fi\/index.php?rest_route=\/wp\/v2\/pages\/12786\/revisions"}],"predecessor-version":[{"id":21909,"href":"https:\/\/www.lassebacklund.fi\/index.php?rest_route=\/wp\/v2\/pages\/12786\/revisions\/21909"}],"up":[{"embeddable":true,"href":"https:\/\/www.lassebacklund.fi\/index.php?rest_route=\/wp\/v2\/pages\/7430"}],"wp:attachment":[{"href":"https:\/\/www.lassebacklund.fi\/index.php?rest_route=%2Fwp%2Fv2%2Fmedia&parent=12786"}],"curies":[{"name":"wp","href":"https:\/\/api.w.org\/{rel}","templated":true}]}}