{"id":1278,"date":"2016-10-18T20:42:32","date_gmt":"2016-10-18T18:42:32","guid":{"rendered":"http:\/\/www.lassebacklund.fi\/?page_id=1278"},"modified":"2016-10-18T20:48:42","modified_gmt":"2016-10-18T18:48:42","slug":"pelas-viktors-kontrakt","status":"publish","type":"page","link":"https:\/\/www.lassebacklund.fi\/?page_id=1278","title":{"rendered":"Pelas-Viktors kontrakt."},"content":{"rendered":"<p><strong>Torpare Kontrakt<\/strong><\/p>\n<p>H\u00e4rmed uppl\u00e5ter jag undertecknad af mitt egande 5\/48 dels mantal af Lillkulls skattehemman N:o 5 i Dagsmark by, \u00e5t torparedottern Anna Kajsa Eriksdotter Lillkull, Cirka ett tunnland i det s.k. Sandviks\u00e4nget till torpjord emot fyra dagsverk \u00e5rligen med g\u00e5rdens kost, h\u00e4lften vinter och helften sommartid. Kontraktet g\u00e4ller i 50 \u00e5rs tid.<\/p>\n<p>Dagsmark den 17 Maj 1896.<\/p>\n<p>J. V. Lillkull bonde<\/p>\n<p>Med ofvanst\u00e5ende kontrakt \u00e4r jag n\u00f6jd dag som ofvan.<\/p>\n<p>Anna Kajsa Eriksdotter Lillkull<\/p>\n<p>Om n\u00e5gon af en eller annan h\u00e4ndelse skulle komma i besittning af ofvann\u00e4mnda torp jord skall den eller de utgifva 15 mark i odlingskostnad f\u00f6r kapplandet \u00e5t nuvarande egaren. Anna Kajsa Lillkull, dag som ofvan.<\/p>\n<p>J. V. Lillkull<\/p>\n<p>Bevittna Karl Josefsson Korsb\u00e4ck, bonde och Josef H\u00e4ggblom, torpare.<\/p>\n<p><img loading=\"lazy\" decoding=\"async\" class=\"size-full wp-image-1282 aligncenter\" src=\"http:\/\/www.lassebacklund.fi\/wp-content\/uploads\/2016\/10\/Pelas-Viktor-1.jpg\" alt=\"Pelas-Viktor 1\" width=\"1384\" height=\"1846\" srcset=\"https:\/\/www.lassebacklund.fi\/wp-content\/uploads\/2016\/10\/Pelas-Viktor-1.jpg 1384w, https:\/\/www.lassebacklund.fi\/wp-content\/uploads\/2016\/10\/Pelas-Viktor-1-225x300.jpg 225w, https:\/\/www.lassebacklund.fi\/wp-content\/uploads\/2016\/10\/Pelas-Viktor-1-768x1024.jpg 768w\" sizes=\"auto, (max-width: 1384px) 100vw, 1384px\" \/><\/p>\n<p>H\u00e4rmed beviljas Torparedottern Annakaisi Eriksdotter Lillkull att utan v\u00e5rt vidare h\u00f6rande s\u00f6ka och vinna inteckning i v\u00e5rt egande (5\/48) mantals Lillkull skattehemman N:o 5 i Dagsmark by till s\u00e4kerhet f\u00f6r henne tillkommande nyttjorett till jord.<\/p>\n<p>Dagsmark den 22 mars 1907.<\/p>\n<p>Viktor Lillkull\u00a0\u00a0 Katarina Lillkull<\/p>\n<p><img loading=\"lazy\" decoding=\"async\" class=\"size-full wp-image-1283 aligncenter\" src=\"http:\/\/www.lassebacklund.fi\/wp-content\/uploads\/2016\/10\/Pelas-Viktor-2.jpg\" alt=\"Pelas-Viktor 2\" width=\"1384\" height=\"1846\" srcset=\"https:\/\/www.lassebacklund.fi\/wp-content\/uploads\/2016\/10\/Pelas-Viktor-2.jpg 1384w, https:\/\/www.lassebacklund.fi\/wp-content\/uploads\/2016\/10\/Pelas-Viktor-2-225x300.jpg 225w, https:\/\/www.lassebacklund.fi\/wp-content\/uploads\/2016\/10\/Pelas-Viktor-2-768x1024.jpg 768w\" sizes=\"auto, (max-width: 1384px) 100vw, 1384px\" \/><\/p>\n<p>\u00d6dmjukast anh\u00e5lla att inteckning m\u00e5tte beviljas uti Bonden Viktor Reinholdsson Lillkull och hans hustru Katarina Johansdotters egande 5\/48 dels mlt Lillkull skatte hemman N:o 5 i Dagsmark by af Lappfj\u00e4rds socken till s\u00e4kerhet f\u00f6r nytjor\u00e4tt af jord enligt bylagda Kontrakt af den 17 maj 1896.<\/p>\n<p>Dagsmark den 25 April 1907.<\/p>\n<p>Anna Kaisa Eriksdotter Lillkull<\/p>\n<p><img loading=\"lazy\" decoding=\"async\" class=\"size-full wp-image-1284 aligncenter\" src=\"http:\/\/www.lassebacklund.fi\/wp-content\/uploads\/2016\/10\/Pelas-Viktor-3.jpg\" alt=\"Pelas-Viktor 3\" width=\"1384\" height=\"1846\" srcset=\"https:\/\/www.lassebacklund.fi\/wp-content\/uploads\/2016\/10\/Pelas-Viktor-3.jpg 1384w, https:\/\/www.lassebacklund.fi\/wp-content\/uploads\/2016\/10\/Pelas-Viktor-3-225x300.jpg 225w, https:\/\/www.lassebacklund.fi\/wp-content\/uploads\/2016\/10\/Pelas-Viktor-3-768x1024.jpg 768w\" sizes=\"auto, (max-width: 1384px) 100vw, 1384px\" \/><\/p>\n<p>&nbsp;<\/p>\n","protected":false},"excerpt":{"rendered":"<p>Torpare Kontrakt H\u00e4rmed uppl\u00e5ter jag undertecknad af mitt egande 5\/48 dels mantal af Lillkulls skattehemman N:o 5 i Dagsmark by, \u00e5t torparedottern Anna Kajsa Eriksdotter Lillkull, Cirka ett tunnland i det s.k. Sandviks\u00e4nget till torpjord emot fyra dagsverk \u00e5rligen med <a class=\"more-link\" href=\"https:\/\/www.lassebacklund.fi\/?page_id=1278\">Forts\u00e4tt l\u00e4sa <span class=\"screen-reader-text\">  Pelas-Viktors kontrakt.<\/span><span class=\"meta-nav\">&rarr;<\/span><\/a><\/p>\n","protected":false},"author":1,"featured_media":0,"parent":1236,"menu_order":14,"comment_status":"closed","ping_status":"closed","template":"","meta":{"footnotes":""},"class_list":["post-1278","page","type-page","status-publish","hentry"],"_links":{"self":[{"href":"https:\/\/www.lassebacklund.fi\/index.php?rest_route=\/wp\/v2\/pages\/1278","targetHints":{"allow":["GET"]}}],"collection":[{"href":"https:\/\/www.lassebacklund.fi\/index.php?rest_route=\/wp\/v2\/pages"}],"about":[{"href":"https:\/\/www.lassebacklund.fi\/index.php?rest_route=\/wp\/v2\/types\/page"}],"author":[{"embeddable":true,"href":"https:\/\/www.lassebacklund.fi\/index.php?rest_route=\/wp\/v2\/users\/1"}],"replies":[{"embeddable":true,"href":"https:\/\/www.lassebacklund.fi\/index.php?rest_route=%2Fwp%2Fv2%2Fcomments&post=1278"}],"version-history":[{"count":4,"href":"https:\/\/www.lassebacklund.fi\/index.php?rest_route=\/wp\/v2\/pages\/1278\/revisions"}],"predecessor-version":[{"id":1286,"href":"https:\/\/www.lassebacklund.fi\/index.php?rest_route=\/wp\/v2\/pages\/1278\/revisions\/1286"}],"up":[{"embeddable":true,"href":"https:\/\/www.lassebacklund.fi\/index.php?rest_route=\/wp\/v2\/pages\/1236"}],"wp:attachment":[{"href":"https:\/\/www.lassebacklund.fi\/index.php?rest_route=%2Fwp%2Fv2%2Fmedia&parent=1278"}],"curies":[{"name":"wp","href":"https:\/\/api.w.org\/{rel}","templated":true}]}}