{"id":1275,"date":"2016-10-18T20:35:26","date_gmt":"2016-10-18T18:35:26","guid":{"rendered":"http:\/\/www.lassebacklund.fi\/?page_id=1275"},"modified":"2016-10-18T20:35:26","modified_gmt":"2016-10-18T18:35:26","slug":"anna-hansdatter-klemets-avtal-med-drangen","status":"publish","type":"page","link":"https:\/\/www.lassebacklund.fi\/?page_id=1275","title":{"rendered":"anna Hansd\u00e5tter klemets avtal  med dr\u00e4ngen."},"content":{"rendered":"<p>Torpare Kontrackt<\/p>\n<p>H\u00e4rmedelst antager jag Bonde Enckan anna Hansd\u00e5tter klemets Dr\u00e4ngen Johan Gustaf H\u00e4ggblom ifr\u00e5n Dagsmark by, till torpare under mitt innehafvande klemets skattehemman, b\u00e4l\u00e4get i Dagsmark by emot villkor, n\u00e4mligen<\/p>\n<ol>\n<li>till \u00e5cker f\u00e5r Torparen upodla p\u00e5 s\u00f6dra sidan om \u00e5n, p\u00e5 hemskiftet i den s\u00e5 kallade Kellm\u00e5ssan fyra \/4\/ t\u00e4gar etthundradetjugo\/120\/ famnar l\u00e5ng och fem \/5\/ famnar breda begynnande ifr\u00e5n Lappfierds skogs r\u00e5, och L\u00e4ngs med Eric Ericsson Klemets r\u00e5, &#8211;<\/li>\n<li>Tomtrum f\u00e5r Torparen p\u00e5 s\u00f6dra sidan om \u00e5n, p\u00e5 den sandkullan som \u00e4r fast vid hemmanets \u00e5ckers g\u00e5rd emot villkor att Torparen skall uttg\u00f6ra \u00e5rligen efter fyra \/4\/ \u00e5rs f\u00f6rlopp ett dagsv\u00e4rke i varje m\u00e5nad med g\u00e5rdens kost, denna torpjord f\u00e5r Torparen bibeh\u00e5lla i sin och sin hustrus lifstid men sedan efter b\u00e5das d\u00f6d skall dett till falla hemmanet igen, i dett st\u00e5nd dett d\u00e5 befinnes uttan vidare bekostnad, detta Kontrackt hafver vij med v\u00e5ra egenhendiga bom\u00e4rken i till kallade Vittnes n\u00e4rvaro bestyrckt af Dagsmark by den 14 de November 1846.<\/li>\n<\/ol>\n<p>Anna Hansdotter Klemets<\/p>\n<p>Bonde Enckan i Dagsmark by (bom\u00e4rke)<\/p>\n<p>Med f\u00f6reg\u00e5ende Villkor \u00e4r jag alldeles n\u00f6jd.<\/p>\n<p>Johan Gustaf H\u00e4ggblom<\/p>\n<p>Ifr\u00e5n Dagsmark by (bom\u00e4rke)<\/p>\n<p>Bevittnar Johan Henricson B\u00e5sk \u00a0\u00a0\u00a0\u00a0Matts B\u00e5sk<\/p>\n<p>2 \u00e4ld. Bonden (bom\u00e4rke) \u00a0\u00a0\u00a0\u00a0\u00a0\u00a0\u00a0\u00a0\u00a0\u00a0\u00a0\u00a0\u00a0\u00a0\u00a0\u00a0\u00a0Torpare (bom\u00e4rke)<\/p>\n","protected":false},"excerpt":{"rendered":"<p>Torpare Kontrackt H\u00e4rmedelst antager jag Bonde Enckan anna Hansd\u00e5tter klemets Dr\u00e4ngen Johan Gustaf H\u00e4ggblom ifr\u00e5n Dagsmark by, till torpare under mitt innehafvande klemets skattehemman, b\u00e4l\u00e4get i Dagsmark by emot villkor, n\u00e4mligen till \u00e5cker f\u00e5r Torparen upodla p\u00e5 s\u00f6dra sidan om <a class=\"more-link\" href=\"https:\/\/www.lassebacklund.fi\/?page_id=1275\">Forts\u00e4tt l\u00e4sa <span class=\"screen-reader-text\">  anna Hansd\u00e5tter klemets avtal  med dr\u00e4ngen.<\/span><span class=\"meta-nav\">&rarr;<\/span><\/a><\/p>\n","protected":false},"author":1,"featured_media":0,"parent":1236,"menu_order":13,"comment_status":"closed","ping_status":"closed","template":"","meta":{"footnotes":""},"class_list":["post-1275","page","type-page","status-publish","hentry"],"_links":{"self":[{"href":"https:\/\/www.lassebacklund.fi\/index.php?rest_route=\/wp\/v2\/pages\/1275","targetHints":{"allow":["GET"]}}],"collection":[{"href":"https:\/\/www.lassebacklund.fi\/index.php?rest_route=\/wp\/v2\/pages"}],"about":[{"href":"https:\/\/www.lassebacklund.fi\/index.php?rest_route=\/wp\/v2\/types\/page"}],"author":[{"embeddable":true,"href":"https:\/\/www.lassebacklund.fi\/index.php?rest_route=\/wp\/v2\/users\/1"}],"replies":[{"embeddable":true,"href":"https:\/\/www.lassebacklund.fi\/index.php?rest_route=%2Fwp%2Fv2%2Fcomments&post=1275"}],"version-history":[{"count":1,"href":"https:\/\/www.lassebacklund.fi\/index.php?rest_route=\/wp\/v2\/pages\/1275\/revisions"}],"predecessor-version":[{"id":1276,"href":"https:\/\/www.lassebacklund.fi\/index.php?rest_route=\/wp\/v2\/pages\/1275\/revisions\/1276"}],"up":[{"embeddable":true,"href":"https:\/\/www.lassebacklund.fi\/index.php?rest_route=\/wp\/v2\/pages\/1236"}],"wp:attachment":[{"href":"https:\/\/www.lassebacklund.fi\/index.php?rest_route=%2Fwp%2Fv2%2Fmedia&parent=1275"}],"curies":[{"name":"wp","href":"https:\/\/api.w.org\/{rel}","templated":true}]}}