{"id":1272,"date":"2016-10-18T20:31:13","date_gmt":"2016-10-18T18:31:13","guid":{"rendered":"http:\/\/www.lassebacklund.fi\/?page_id=1272"},"modified":"2016-10-18T20:31:13","modified_gmt":"2016-10-18T18:31:13","slug":"pelas-josipas-torparkontrakt-med-mokkelin","status":"publish","type":"page","link":"https:\/\/www.lassebacklund.fi\/?page_id=1272","title":{"rendered":"Pelas-Josipas torparkontrakt med Mokkelin."},"content":{"rendered":"<p>H\u00e4rmed uppl\u00e5ter jag under teknad en uppodlingsmark sirka tolf \/12\/ kappland \u00e5 sand kullan i bym\u00e5ssan p\u00e5 Norra sidan om vegen som leder till sunnantill \u00e5ker Mellan vegen och Long hemmans r\u00e5 till Inhyses Gustaf Eriksson L\u00e5ngfors p\u00e5 tjugofem \/25\/ \u00e5rs tid fr\u00e5n nedanst\u00e5ende \u00e5r och dag emot dett att han g\u00f6r till hemmansinnehavaren 1 dagsv\u00e4rk \u00e5rligen sommartid med g\u00e5rdens kost men sedan ofvan nemda tjugofem \u00e4ro till enda g\u00e5t skall ofvan nemda g\u00e5rd tillfalla hemmansinnehafvaren utan vidare kostnad.<\/p>\n<p>Dagsmark den 12 mai 1894.<\/p>\n<p>Josef mattsson Lillkull<\/p>\n<p>H\u00e4rmed n\u00f6id ort och tid som ofvan<\/p>\n<p>Gustaf Eriksson Longfors (bom\u00e4rke)<\/p>\n<p>Bevitnare Karl Erik Johanson Lillkull torpari (bom\u00e4rke)<\/p>\n<p>&nbsp;<\/p>\n<p><span style=\"color: #000080;\">(det h\u00e4r omr\u00e5det torde ha legat mellan \u00e5n och Sunnantillv\u00e4gen bakom Pelas, n\u00e4ra Nylundas s\u00e5gbacken. Rurik Nylund kallade detta st\u00e4lle f\u00f6r \u201dMokkela-d\u00e4ldin\u201d och den nuvarande \u00e4garen minns bra att d\u00e4r har funnits en brunn i tiderna, eftersom han en g\u00e5ng k\u00f6rt ner sin traktor i den)<\/span><\/p>\n","protected":false},"excerpt":{"rendered":"<p>H\u00e4rmed uppl\u00e5ter jag under teknad en uppodlingsmark sirka tolf \/12\/ kappland \u00e5 sand kullan i bym\u00e5ssan p\u00e5 Norra sidan om vegen som leder till sunnantill \u00e5ker Mellan vegen och Long hemmans r\u00e5 till Inhyses Gustaf Eriksson L\u00e5ngfors p\u00e5 tjugofem \/25\/ <a class=\"more-link\" href=\"https:\/\/www.lassebacklund.fi\/?page_id=1272\">Forts\u00e4tt l\u00e4sa <span class=\"screen-reader-text\">  Pelas-Josipas torparkontrakt med Mokkelin.<\/span><span class=\"meta-nav\">&rarr;<\/span><\/a><\/p>\n","protected":false},"author":1,"featured_media":0,"parent":1236,"menu_order":12,"comment_status":"closed","ping_status":"closed","template":"","meta":{"footnotes":""},"class_list":["post-1272","page","type-page","status-publish","hentry"],"_links":{"self":[{"href":"https:\/\/www.lassebacklund.fi\/index.php?rest_route=\/wp\/v2\/pages\/1272","targetHints":{"allow":["GET"]}}],"collection":[{"href":"https:\/\/www.lassebacklund.fi\/index.php?rest_route=\/wp\/v2\/pages"}],"about":[{"href":"https:\/\/www.lassebacklund.fi\/index.php?rest_route=\/wp\/v2\/types\/page"}],"author":[{"embeddable":true,"href":"https:\/\/www.lassebacklund.fi\/index.php?rest_route=\/wp\/v2\/users\/1"}],"replies":[{"embeddable":true,"href":"https:\/\/www.lassebacklund.fi\/index.php?rest_route=%2Fwp%2Fv2%2Fcomments&post=1272"}],"version-history":[{"count":1,"href":"https:\/\/www.lassebacklund.fi\/index.php?rest_route=\/wp\/v2\/pages\/1272\/revisions"}],"predecessor-version":[{"id":1273,"href":"https:\/\/www.lassebacklund.fi\/index.php?rest_route=\/wp\/v2\/pages\/1272\/revisions\/1273"}],"up":[{"embeddable":true,"href":"https:\/\/www.lassebacklund.fi\/index.php?rest_route=\/wp\/v2\/pages\/1236"}],"wp:attachment":[{"href":"https:\/\/www.lassebacklund.fi\/index.php?rest_route=%2Fwp%2Fv2%2Fmedia&parent=1272"}],"curies":[{"name":"wp","href":"https:\/\/api.w.org\/{rel}","templated":true}]}}