{"id":12711,"date":"2019-06-18T23:10:28","date_gmt":"2019-06-18T20:10:28","guid":{"rendered":"http:\/\/www.lassebacklund.fi\/?page_id=12711"},"modified":"2026-01-12T18:46:27","modified_gmt":"2026-01-12T16:46:27","slug":"storsocknen-lappfjard","status":"publish","type":"page","link":"https:\/\/www.lassebacklund.fi\/?page_id=12711","title":{"rendered":"Storsocknen Lappfj\u00e4rd"},"content":{"rendered":"<p><strong><span style=\"margin: 0px; color: #000080; font-family: 'Helvetica','sans-serif';\">Sammanst\u00e4llt av Lasse Backlund i juni 2019.<\/span><\/strong><\/p>\n<p><span style=\"margin: 0px; font-family: 'Helvetica','sans-serif';\"><span style=\"color: #000000;\">D\u00e5 Lappfj\u00e4rds socken bildades \u00e5r 1607 genom att den avskiljdes fr\u00e5n N\u00e4rpes socken, s\u00e5 var den betydligt st\u00f6rre \u00e4n vad den var, d\u00e5 kommunen uppgick i Kristinestad 1973.<\/span><\/span><\/p>\n<p><span style=\"color: #000000;\"><span style=\"margin: 0px; font-family: 'Helvetica','sans-serif';\">Ytan var fr\u00e5n b\u00f6rjan n\u00e4rmare 1\u00a0500 km<\/span><span style=\"margin: 0px; font-family: 'Helvetica','sans-serif';\">\u00b2. B\u00e5de l\u00e4ngd och bredd var 46 km och relativt glest befolkat. N\u00e5gra s\u00e4kra uppgifter om folkm\u00e4ngden i b\u00f6rjan av 1600-talet finns inte men den har uppskattats till mellan 500 och 700. Befolkningsutvecklingen var stor \u00e4nda fram till stora ofreden 1714-1721, d\u00e5 en stor del av befolkningen antingen d\u00f6dades av ryssarna eller flydde, antingen till Sverige eller norrut undan den framrusande fienden. Efter att ryssarna dragit sig tillbaka fr\u00e5n Finland \u00e5r 1721, s\u00e5 \u00f6kade inflyttningen och befolkningen v\u00e4xte s\u00e5 gott som varje \u00e5r. Under hunger\u00e5ren p\u00e5 1860-talet f\u00f6rekom en minskning men i \u00f6vrigt var det \u00f6kning.<\/span><\/span><\/p>\n<p><span style=\"margin: 0px; font-family: 'Helvetica','sans-serif';\"><span style=\"color: #000000;\">Eftersom vi var en del av det svenska riket, s\u00e5 var det svenska spr\u00e5ket som var det r\u00e5dande. Ocks\u00e5 i B\u00f6tom och i Stor\u00e5, som i dag \u00e4r helt finskspr\u00e5kiga kommuner, fanns det m\u00e5nga svenska hemman och det officiella spr\u00e5ket var svenska. Flera nybyggare i Dagsmark har till exempel kommit fr\u00e5n Forsby eller Gammelby, allts\u00e5 dagens Vanhakyl\u00e4.<\/span><\/span><\/p>\n<p><span style=\"margin: 0px; font-family: 'Helvetica','sans-serif';\"><span style=\"color: #000000;\">Den nuvarande kyrkan i Lappfj\u00e4rd, som uppf\u00f6rdes i b\u00f6rjan av 1850-talet, byggdes s\u00e5 stor att hela befolkningen i storsocknen skulle rymmas dit. Men redan \u00e5r 1855 avskiljdes Stor\u00e5 fr\u00e5n Lappfj\u00e4rd och blev d\u00e5 en egen socken. Och redan inom n\u00e5gra \u00e5r, n\u00e4rmare best\u00e4mt \u00e5r 1862 skiljdes ocks\u00e5 B\u00f6tom fr\u00e5n Lappfj\u00e4rd. Till ytan var dessa tv\u00e5 socknar mer \u00e4n h\u00e4lften av Lappfj\u00e4rds socken, som efter avskiljningen var 696 km\u00b2. Kopp\u00f6 som var 20 km\u00b2 avskiljdes till Kristinestad. Sideby skiljdes fr\u00e5n Lappfj\u00e4rds socken \u00e5r 1860 och blev d\u00e5 eget pastorat och socken. Sideby hade redan fr\u00e5n 1785 varit en kapellf\u00f6rsamling under Lappfj\u00e4rds f\u00f6rsamling och n\u00e4r den avskiljdes s\u00e5 minskade Lappfj\u00e4rd med 203 km\u00b2. F\u00f6ljande i tur var Tj\u00f6ck, som minskade Lappfj\u00e4rds socken med 90 km\u00b2.<\/span><\/span><\/p>\n<p><span style=\"margin: 0px; font-family: 'Helvetica','sans-serif';\"><span style=\"color: #000000;\">Ocks\u00e5 mindre justeringar har skett, till exempel \u00e5r 1824 s\u00e5 b\u00f6rjade b\u00e5de \u00d6mossa och Skaftung h\u00f6ra till Sideby kapellf\u00f6rsamling. \u00c5r 1841 \u00f6verf\u00f6rdes alla hemman i nuvarande K\u00e4rjenkoski och n\u00e5gra hemman i Dagsmark till Stor\u00e5 och Sahakoski hemman i Dagsmark \u00f6verf\u00f6rdes till B\u00f6tom. Ett par hemman i Uttermossa blev \u00f6verf\u00f6rda till Stor\u00e5 \u00e5r 1863 och den sista avskiljningen var M\u00f6rtmark by, som \u00e5r 1927 \u00f6verf\u00f6rdes till B\u00f6tom.<\/span><\/span><\/p>\n<p><span style=\"margin: 0px; font-family: 'Helvetica','sans-serif';\"><span style=\"color: #000000;\">D\u00e5 Lappfj\u00e4rd \u00e5r 1973 uppgick i Kristinestad, s\u00e5 var dess yta 380 km\u00b2.<\/span><\/span><\/p>\n","protected":false},"excerpt":{"rendered":"<p>Sammanst\u00e4llt av Lasse Backlund i juni 2019. D\u00e5 Lappfj\u00e4rds socken bildades \u00e5r 1607 genom att den avskiljdes fr\u00e5n N\u00e4rpes socken, s\u00e5 var den betydligt st\u00f6rre \u00e4n vad den var, d\u00e5 kommunen uppgick i Kristinestad 1973. Ytan var fr\u00e5n b\u00f6rjan n\u00e4rmare <a class=\"more-link\" href=\"https:\/\/www.lassebacklund.fi\/?page_id=12711\">Forts\u00e4tt l\u00e4sa <span class=\"screen-reader-text\">  Storsocknen Lappfj\u00e4rd<\/span><span class=\"meta-nav\">&rarr;<\/span><\/a><\/p>\n","protected":false},"author":1,"featured_media":0,"parent":12699,"menu_order":0,"comment_status":"closed","ping_status":"closed","template":"","meta":{"footnotes":""},"class_list":["post-12711","page","type-page","status-publish","hentry"],"_links":{"self":[{"href":"https:\/\/www.lassebacklund.fi\/index.php?rest_route=\/wp\/v2\/pages\/12711","targetHints":{"allow":["GET"]}}],"collection":[{"href":"https:\/\/www.lassebacklund.fi\/index.php?rest_route=\/wp\/v2\/pages"}],"about":[{"href":"https:\/\/www.lassebacklund.fi\/index.php?rest_route=\/wp\/v2\/types\/page"}],"author":[{"embeddable":true,"href":"https:\/\/www.lassebacklund.fi\/index.php?rest_route=\/wp\/v2\/users\/1"}],"replies":[{"embeddable":true,"href":"https:\/\/www.lassebacklund.fi\/index.php?rest_route=%2Fwp%2Fv2%2Fcomments&post=12711"}],"version-history":[{"count":4,"href":"https:\/\/www.lassebacklund.fi\/index.php?rest_route=\/wp\/v2\/pages\/12711\/revisions"}],"predecessor-version":[{"id":25419,"href":"https:\/\/www.lassebacklund.fi\/index.php?rest_route=\/wp\/v2\/pages\/12711\/revisions\/25419"}],"up":[{"embeddable":true,"href":"https:\/\/www.lassebacklund.fi\/index.php?rest_route=\/wp\/v2\/pages\/12699"}],"wp:attachment":[{"href":"https:\/\/www.lassebacklund.fi\/index.php?rest_route=%2Fwp%2Fv2%2Fmedia&parent=12711"}],"curies":[{"name":"wp","href":"https:\/\/api.w.org\/{rel}","templated":true}]}}