{"id":12699,"date":"2019-06-18T00:07:57","date_gmt":"2019-06-17T21:07:57","guid":{"rendered":"http:\/\/www.lassebacklund.fi\/?page_id=12699"},"modified":"2026-01-11T15:18:10","modified_gmt":"2026-01-11T13:18:10","slug":"lappfjards-socken-grundades-1607","status":"publish","type":"page","link":"https:\/\/www.lassebacklund.fi\/?page_id=12699","title":{"rendered":"Lappfj\u00e4rds socken grundades 1607"},"content":{"rendered":"<p><strong><span style=\"color: #000080; font-family: 'Helvetica','sans-serif';\">Sammanst\u00e4llt av Lasse Backlund i juni 2019.<\/span><\/strong><\/p>\n<p><span style=\"margin: 0px; font-family: 'Helvetica','sans-serif';\"><span style=\"color: #000000;\">Hertig Karl i Sverige, som var son till Gustaf Wasa f\u00f6rde under en l\u00e5ng tid en maktkamp mot kung Sigismund, som var hans egen brorson. D\u00e5 hertig Karl sammankallade det stora kyrkom\u00f6tet i Uppsala 1593, s\u00e5 var hans avsikt att m\u00f6tet skulle bef\u00e4sta hans st\u00e4llning som ledare i Sverige.<\/span><\/span><\/p>\n<p><span style=\"margin: 0px; font-family: 'Helvetica','sans-serif';\"><span style=\"color: #000000;\">Konflikten ledde till krig mellan hertig Karl och Sigismund och i slaget vid St\u00e5ngebro 1598 utgick Karl med segern. Han kr\u00f6ntes till kung f\u00f6rst 1604 med namnet Karl IX. Han hade redan tidigare insett att kyrkan kunde vara en viktig l\u00e4nk mellan honom och folket. F\u00f6r att f\u00e5 ut sina kung\u00f6relser till folkets k\u00e4nnedom, s\u00e5 s\u00e5g han nu till att stora f\u00f6rsamlingar skulle delas, s\u00e5 att ett st\u00f6rre antal personer kunde delta i gudstj\u00e4nsterna och samtidigt h\u00f6ra hans kung\u00f6relser.<\/span><\/span><\/p>\n<p><span style=\"margin: 0px; font-family: 'Helvetica','sans-serif';\"><span style=\"color: #000000;\">N\u00e4rpes socken var stor och det var en orsak varf\u00f6r f\u00f6rsamlingen d\u00e4r kunde delas. I augusti 1607 skickade kung Karl IX 3 herrar till \u00d6sterbotten, f\u00f6r att uppg\u00f6ra f\u00f6rteckningar p\u00e5 antalet hemman som fanns i de olika socknarna. I fall det i n\u00e5gon socken fanns \u00f6dehemman utan \u00e4gare, s\u00e5 skulle de ges \u00e5t n\u00e5gon annan som ville uppta hemmanet p\u00e5 nytt. Det fanns ocks\u00e5 exempel d\u00e4r tv\u00e5 hemman har slagits ihop till ett och dessa skulle nu separeras igen, s\u00e5 att flera personer kunde bli b\u00f6nder. De tre herrarna fr\u00e5n Sverige kom till N\u00e4rpes den 29 september 1607 och under fyra dagar gick de igenom hemmanen i socknen.<\/span><\/span><\/p>\n<p><span style=\"margin: 0px; font-family: 'Helvetica','sans-serif';\"><span style=\"color: #000000;\">I fall det i en socken fanns fler \u00e4n 200 hemmans\u00e4gare, s\u00e5 skulle socknen delas. S\u00e5 var fallet med N\u00e4rpes och p\u00e5 en sockenst\u00e4mma i l\u00e4nsmansg\u00e5rden i N\u00e4rpes den 29 september 1607, s\u00e5 besl\u00f6ts det att Lappfj\u00e4rd skulle avskiljas till ett eget pastorat och socken. Det kunde ju ske ganska enkelt eftersom det sedan 1594 funnits en kapellf\u00f6rsamling i Lappfj\u00e4rd, med en egen kaplan och s\u00e4kerligen ocks\u00e5 n\u00e5gon typ av kapellkyrka.\u00a0 Man kan anta att kaplanen i Lappfj\u00e4rd, Mattheus Laurentii var ivrig att f\u00e5 Lappfj\u00e4rd skild fr\u00e5n N\u00e4rpes, precis som de andra st\u00e4mmodeltagarna fr\u00e5n byarna runt Lappfj\u00e4rd. Som kyrkoherde skulle han kunna f\u00e5 b\u00e4ttre villkor \u00e4n som kaplan underst\u00e4lld N\u00e4rpes kyrka. (Om du vill l\u00e4sa mera om hur stor Lappfj\u00e4rds socken var och hur den sedan krympt, s\u00e5 klicka <a href=\"http:\/\/www.lassebacklund.fi\/?page_id=12711\"><span style=\"text-decoration: underline;\"><span style=\"color: #000080;\"><strong>H\u00c4R!)<\/strong><\/span><\/span><\/a><\/span><\/span><\/p>\n<p><span style=\"margin: 0px; font-family: 'Helvetica','sans-serif';\"><span style=\"color: #000000;\">De tre herrarna fr\u00e5n Sverige hade dock andra planer, f\u00f6r de godk\u00e4nde varken kaplan Mattheus Laurentii eller kaplanen i N\u00e4rpes till kyrkoherde i Lappfj\u00e4rd. De uts\u00e5g i st\u00e4llet Petrus Thomasson Korppenius fr\u00e5n s\u00f6dra Finland till kyrkoherde. Herrarna fr\u00e5n Sverige ans\u00e5g att pr\u00e4stg\u00e5rden och pr\u00e4stbolet redan var ordnat. Det tyckte inte kyrkoherden som redan f\u00f6ljande \u00e5r fick pr\u00e4stbolet ut\u00f6kat med mera \u00e5krar och \u00e4ngar. <\/span><\/span><\/p>\n<p><span style=\"margin: 0px; font-family: 'Helvetica','sans-serif';\"><span style=\"color: #000000;\">Kaplanen Mattheus Laurentii, som inte valdes till kyrkoherde blev i st\u00e4llet f\u00e4ltpredikant, till \u00e5r 1612 d\u00e5 han blev vald till kyrkoherde efter Korppenius.<\/span><\/span><\/p>\n<p><span style=\"margin: 0px; font-family: 'Helvetica','sans-serif';\"><span style=\"color: #000000;\">Men nu var Lappfj\u00e4rds socken grundad och den skulle forts\u00e4tta som socken och kommun i 366 \u00e5r f\u00f6re kommunen uppgick i Kristinestad \u00e5r 1973.<\/span><\/span><\/p>\n<figure id=\"attachment_16884\" aria-describedby=\"caption-attachment-16884\" style=\"width: 2560px\" class=\"wp-caption alignnone\"><img loading=\"lazy\" decoding=\"async\" class=\"size-full wp-image-16884\" src=\"http:\/\/www.lassebacklund.fi\/wp-content\/uploads\/2020\/06\/N\u00e4rpes-kyrka-2-scaled.jpg\" alt=\"\" width=\"2560\" height=\"1920\" srcset=\"https:\/\/www.lassebacklund.fi\/wp-content\/uploads\/2020\/06\/N\u00e4rpes-kyrka-2-scaled.jpg 2560w, https:\/\/www.lassebacklund.fi\/wp-content\/uploads\/2020\/06\/N\u00e4rpes-kyrka-2-300x225.jpg 300w, https:\/\/www.lassebacklund.fi\/wp-content\/uploads\/2020\/06\/N\u00e4rpes-kyrka-2-1024x768.jpg 1024w, https:\/\/www.lassebacklund.fi\/wp-content\/uploads\/2020\/06\/N\u00e4rpes-kyrka-2-768x576.jpg 768w, https:\/\/www.lassebacklund.fi\/wp-content\/uploads\/2020\/06\/N\u00e4rpes-kyrka-2-1536x1152.jpg 1536w, https:\/\/www.lassebacklund.fi\/wp-content\/uploads\/2020\/06\/N\u00e4rpes-kyrka-2-2048x1536.jpg 2048w\" sizes=\"auto, (max-width: 2560px) 100vw, 2560px\" \/><figcaption id=\"caption-attachment-16884\" class=\"wp-caption-text\">Kyrkan i N\u00e4rpes, foto fr\u00e5n \u00e5r 2007. P\u00e5 1700-talet skrev prosten Henrik Johan Carlborg att den f\u00f6rsta delen av N\u00e4rpes kyrka skulle vara byggd 1435. Professor Pettersson har dock kommit fram till att N\u00e4rpes gamla tr\u00e4kyrka hade brunnit ner och att en ny stenkyrka kunde invigas \u00e5r 1555. Hur det \u00e4n \u00e4r med den saken s\u00e5 byggdes den f\u00f6rsta delen av kyrkan under den tid d\u00e5 Lappfj\u00e4rd var en del av N\u00e4rpes socken. Lappfj\u00e4rd fick en egen kapellkyrka \u00e5r 1594 och blev en egen socken \u00e5r 1607.<\/figcaption><\/figure>\n","protected":false},"excerpt":{"rendered":"<p>Sammanst\u00e4llt av Lasse Backlund i juni 2019. Hertig Karl i Sverige, som var son till Gustaf Wasa f\u00f6rde under en l\u00e5ng tid en maktkamp mot kung Sigismund, som var hans egen brorson. D\u00e5 hertig Karl sammankallade det stora kyrkom\u00f6tet i <a class=\"more-link\" href=\"https:\/\/www.lassebacklund.fi\/?page_id=12699\">Forts\u00e4tt l\u00e4sa <span class=\"screen-reader-text\">  Lappfj\u00e4rds socken grundades 1607<\/span><span class=\"meta-nav\">&rarr;<\/span><\/a><\/p>\n","protected":false},"author":1,"featured_media":0,"parent":7821,"menu_order":1,"comment_status":"closed","ping_status":"closed","template":"","meta":{"footnotes":""},"class_list":["post-12699","page","type-page","status-publish","hentry"],"_links":{"self":[{"href":"https:\/\/www.lassebacklund.fi\/index.php?rest_route=\/wp\/v2\/pages\/12699","targetHints":{"allow":["GET"]}}],"collection":[{"href":"https:\/\/www.lassebacklund.fi\/index.php?rest_route=\/wp\/v2\/pages"}],"about":[{"href":"https:\/\/www.lassebacklund.fi\/index.php?rest_route=\/wp\/v2\/types\/page"}],"author":[{"embeddable":true,"href":"https:\/\/www.lassebacklund.fi\/index.php?rest_route=\/wp\/v2\/users\/1"}],"replies":[{"embeddable":true,"href":"https:\/\/www.lassebacklund.fi\/index.php?rest_route=%2Fwp%2Fv2%2Fcomments&post=12699"}],"version-history":[{"count":8,"href":"https:\/\/www.lassebacklund.fi\/index.php?rest_route=\/wp\/v2\/pages\/12699\/revisions"}],"predecessor-version":[{"id":25420,"href":"https:\/\/www.lassebacklund.fi\/index.php?rest_route=\/wp\/v2\/pages\/12699\/revisions\/25420"}],"up":[{"embeddable":true,"href":"https:\/\/www.lassebacklund.fi\/index.php?rest_route=\/wp\/v2\/pages\/7821"}],"wp:attachment":[{"href":"https:\/\/www.lassebacklund.fi\/index.php?rest_route=%2Fwp%2Fv2%2Fmedia&parent=12699"}],"curies":[{"name":"wp","href":"https:\/\/api.w.org\/{rel}","templated":true}]}}