{"id":12651,"date":"2019-06-10T22:51:32","date_gmt":"2019-06-10T19:51:32","guid":{"rendered":"http:\/\/www.lassebacklund.fi\/?page_id=12651"},"modified":"2020-09-04T20:45:36","modified_gmt":"2020-09-04T17:45:36","slug":"lantmateriforrattningen-1931","status":"publish","type":"page","link":"https:\/\/www.lassebacklund.fi\/?page_id=12651","title":{"rendered":"Lantm\u00e4terif\u00f6rr\u00e4ttningen 1931."},"content":{"rendered":"<p><span style=\"margin: 0px; font-family: 'Helvetica','sans-serif';\"><span style=\"color: #000000;\">De 80 lotterna i Dagsmark Storsj\u00f6tr\u00e4sk bytte ofta \u00e4gare och en del gick ocks\u00e5 i arv vid generationsskifte. Vid den f\u00f6rsta stora \u00e5rensningen i b\u00f6rjan av 1930-talet s\u00e5 skiftades lotterna och markerna delades enligt ett f\u00f6rslag av lantm\u00e4tare I. Hannelius. De var fr\u00e4mst de som hade varit med om upprensningen som fick lotter, d\u00e4rav kommer att flera fattiga och obesuttna Stor\u00e5bor nu blev del\u00e4gare i tr\u00e4sket. I juli 1931 p\u00e5 ett m\u00f6te lade tr\u00e4skf\u00f6rmannen Evert Lindqvist fram den lista som borde g\u00e4lla. Det hade inte varit l\u00e4tt att att f\u00e5 fram denna lista eftersom lotterna bytte \u00e4gare utan k\u00f6pebrev. En del tr\u00e4sklotter hade blivit s\u00e5lda som h\u00e4star helt utan k\u00f6pehandlingar.<\/span><\/span><\/p>\n<p><span style=\"margin: 0px; font-family: 'Helvetica','sans-serif';\"><span style=\"color: #000000;\">Intressenterna eller del\u00e4garna fick nu lagfart p\u00e5 marken och b\u00f6rjade efter f\u00f6rr\u00e4ttningen betala skatt f\u00f6r den. De flesta del\u00e4garna fick sina \u00e4gor i ett skifte men Johan Erland Lindqvist, Viktor Sten och Johannes Stenlund fick marker p\u00e5 tv\u00e5 st\u00e4llen. Lotterna hade ju f\u00f6rr varit skattefria, eftersom de hade v\u00e4rderats som l\u00f6segendom. Kartorna har Bo-G\u00f6ran Lindh l\u00e5nat ut.<\/span><\/span><\/p>\n<figure id=\"attachment_12647\" aria-describedby=\"caption-attachment-12647\" style=\"width: 1325px\" class=\"wp-caption alignnone\"><img loading=\"lazy\" decoding=\"async\" class=\"size-full wp-image-12647\" src=\"http:\/\/www.lassebacklund.fi\/wp-content\/uploads\/2019\/06\/Karthuvud.jpg\" alt=\"\" width=\"1325\" height=\"610\" srcset=\"https:\/\/www.lassebacklund.fi\/wp-content\/uploads\/2019\/06\/Karthuvud.jpg 1325w, https:\/\/www.lassebacklund.fi\/wp-content\/uploads\/2019\/06\/Karthuvud-300x138.jpg 300w, https:\/\/www.lassebacklund.fi\/wp-content\/uploads\/2019\/06\/Karthuvud-768x354.jpg 768w, https:\/\/www.lassebacklund.fi\/wp-content\/uploads\/2019\/06\/Karthuvud-1024x471.jpg 1024w\" sizes=\"auto, (max-width: 1325px) 100vw, 1325px\" \/><figcaption id=\"caption-attachment-12647\" class=\"wp-caption-text\">Lantm\u00e4taren I. Hannelius f\u00f6rdelade tillandningar i Dagsmark Storsj\u00f6tr\u00e4sk \u00e5r 1931.<\/figcaption><\/figure>\n<figure id=\"attachment_12644\" aria-describedby=\"caption-attachment-12644\" style=\"width: 1923px\" class=\"wp-caption alignnone\"><img loading=\"lazy\" decoding=\"async\" class=\"size-full wp-image-12644\" src=\"http:\/\/www.lassebacklund.fi\/wp-content\/uploads\/2019\/06\/Kart-del-1.jpg\" alt=\"\" width=\"1923\" height=\"1344\" srcset=\"https:\/\/www.lassebacklund.fi\/wp-content\/uploads\/2019\/06\/Kart-del-1.jpg 1923w, https:\/\/www.lassebacklund.fi\/wp-content\/uploads\/2019\/06\/Kart-del-1-300x210.jpg 300w, https:\/\/www.lassebacklund.fi\/wp-content\/uploads\/2019\/06\/Kart-del-1-768x537.jpg 768w, https:\/\/www.lassebacklund.fi\/wp-content\/uploads\/2019\/06\/Kart-del-1-1024x716.jpg 1024w\" sizes=\"auto, (max-width: 1923px) 100vw, 1923px\" \/><figcaption id=\"caption-attachment-12644\" class=\"wp-caption-text\">I den norra delen av tr\u00e4sket drogs r\u00e5arna p\u00e5 detta s\u00e4tt.<\/figcaption><\/figure>\n<figure id=\"attachment_12645\" aria-describedby=\"caption-attachment-12645\" style=\"width: 1652px\" class=\"wp-caption alignnone\"><img loading=\"lazy\" decoding=\"async\" class=\"size-full wp-image-12645\" src=\"http:\/\/www.lassebacklund.fi\/wp-content\/uploads\/2019\/06\/Karta-mitt.jpg\" alt=\"\" width=\"1652\" height=\"1512\" srcset=\"https:\/\/www.lassebacklund.fi\/wp-content\/uploads\/2019\/06\/Karta-mitt.jpg 1652w, https:\/\/www.lassebacklund.fi\/wp-content\/uploads\/2019\/06\/Karta-mitt-300x275.jpg 300w, https:\/\/www.lassebacklund.fi\/wp-content\/uploads\/2019\/06\/Karta-mitt-768x703.jpg 768w, https:\/\/www.lassebacklund.fi\/wp-content\/uploads\/2019\/06\/Karta-mitt-1024x937.jpg 1024w\" sizes=\"auto, (max-width: 1652px) 100vw, 1652px\" \/><figcaption id=\"caption-attachment-12645\" class=\"wp-caption-text\">I mitten p\u00e5 tr\u00e4sket kunde de nya \u00e4gorna se ut s\u00e5 h\u00e4r.<\/figcaption><\/figure>\n<figure id=\"attachment_12646\" aria-describedby=\"caption-attachment-12646\" style=\"width: 1407px\" class=\"wp-caption alignnone\"><img loading=\"lazy\" decoding=\"async\" class=\"size-full wp-image-12646\" src=\"http:\/\/www.lassebacklund.fi\/wp-content\/uploads\/2019\/06\/Karta-nere.jpg\" alt=\"\" width=\"1407\" height=\"1934\" srcset=\"https:\/\/www.lassebacklund.fi\/wp-content\/uploads\/2019\/06\/Karta-nere.jpg 1407w, https:\/\/www.lassebacklund.fi\/wp-content\/uploads\/2019\/06\/Karta-nere-218x300.jpg 218w, https:\/\/www.lassebacklund.fi\/wp-content\/uploads\/2019\/06\/Karta-nere-768x1056.jpg 768w, https:\/\/www.lassebacklund.fi\/wp-content\/uploads\/2019\/06\/Karta-nere-745x1024.jpg 745w\" sizes=\"auto, (max-width: 1407px) 100vw, 1407px\" \/><figcaption id=\"caption-attachment-12646\" class=\"wp-caption-text\">I den s\u00f6dra \u00e4ndan mot K\u00e4rjenkoski f\u00f6rdelades \u00e4gorna p\u00e5 detta vis.<\/figcaption><\/figure>\n<h6><span style=\"margin: 0px; font-family: 'Helvetica','sans-serif';\"><span style=\"color: #000000;\">1. Johan Erland Lindqvist 3 \u00bd lott, 15,59 ha varav skog 1,88 ha<\/span><\/span><\/h6>\n<h6><span style=\"margin: 0px; font-family: 'Helvetica','sans-serif';\"><span style=\"color: #000000;\">2. Karl Henrik Liljeblad 1 \u00bd lott, 5,38 ha varav skog 0,08 ha<\/span><\/span><\/h6>\n<h6><span style=\"margin: 0px; font-family: 'Helvetica','sans-serif';\"><span style=\"color: #000000;\">3. Viktor Sten 2 lotter, 8, 24 ha varav skog 0,11 ha<\/span><\/span><\/h6>\n<h6><span style=\"margin: 0px; font-family: 'Helvetica','sans-serif';\"><span style=\"color: #000000;\">4. Johannes Stenlund 2 \u00bd lott, 10,39 ha varav skog 0,17 ha<\/span><\/span><\/h6>\n<h6><span style=\"margin: 0px; font-family: 'Helvetica','sans-serif';\"><span style=\"color: #000000;\">5. Erland R\u00f6nngren 1 \u00bd lott 5,10 ha\u00a0<\/span><\/span><\/h6>\n<h6><span style=\"margin: 0px; font-family: 'Helvetica','sans-serif';\"><span style=\"color: #000000;\">6. Viktor Vidberg \u00bd lott, 2,45 ha varav skog 0,10 ha<\/span><\/span><\/h6>\n<h6><span style=\"margin: 0px; font-family: 'Helvetica','sans-serif';\"><span style=\"color: #000000;\">7. Sigfrid Liljedahl 1 \u00bd lott, 5,47 ha varav skog 0,10 ha<\/span><\/span><\/h6>\n<h6><span style=\"margin: 0px; font-family: 'Helvetica','sans-serif';\"><span style=\"color: #000000;\">8. Erland Lindfors 1 lott, 4,05 ha varav skog 0,15 ha<\/span><\/span><\/h6>\n<h6><span style=\"margin: 0px; font-family: 'Helvetica','sans-serif';\"><span style=\"color: #000000;\">9. Selim Norrvik 2 lotter, 7,59 ha varav skog 0,15 ha<\/span><\/span><\/h6>\n<h6><span style=\"margin: 0px; font-family: 'Helvetica','sans-serif';\"><span style=\"color: #000000;\">10. Josef Hammarberg 3\/4 lott, 2,69 ha\u00a0<\/span><\/span><\/h6>\n<h6><span style=\"margin: 0px; font-family: 'Helvetica','sans-serif';\"><span style=\"color: #000000;\">11. Emil Jossandt 1 + 23\/24 dels lott, 10,96 ha, varav skog 1,45 ha<\/span><\/span><\/h6>\n<h6><span style=\"margin: 0px; font-family: 'Helvetica','sans-serif';\"><span style=\"color: #000000;\">12. Johannes Norrgrann 1 + 5\/6 dels lott, 7,13 ha varav skog 0,06 ha<\/span><\/span><\/h6>\n<h6><span style=\"margin: 0px; font-family: 'Helvetica','sans-serif';\"><span style=\"color: #000000;\">13. Erland Granberg 1\/3 lott, 1,47 ha varav skog 0,13 ha<\/span><\/span><\/h6>\n<h6><span style=\"margin: 0px; font-family: 'Helvetica','sans-serif';\"><span style=\"color: #000000;\">14. Erland Lind 3 lotter, 10,22 ha\u00a0<\/span><\/span><\/h6>\n<h6><span style=\"margin: 0px; font-family: 'Helvetica','sans-serif';\"><span style=\"color: #000000;\">15. Viktor Bergkvist 1 + 5\/6 dels lott, 8,41 ha varav skog 0,71 ha<\/span><\/span><\/h6>\n<h6><span style=\"margin: 0px; font-family: 'Helvetica','sans-serif';\"><span style=\"color: #000000;\">16. Josef Henrik Liljedahl 1 +1\/3 delslott, 4,76 ha varav skog 0,04 ha<\/span><\/span><\/h6>\n<h6><span style=\"margin: 0px; font-family: 'Helvetica','sans-serif';\"><span style=\"color: #000000;\">17. Erik Anders Korsb\u00e4ck 1 + 5\/6 dels lott, 7,53 ha varav skog 0,41 ha<\/span><\/span><\/h6>\n<h6><span style=\"margin: 0px; font-family: 'Helvetica','sans-serif';\"><span style=\"color: #000000;\">18. Maria Jossandt 1 lott, 5,91 ha varav skog 0,88 ha<\/span><\/span><\/h6>\n<h6><span style=\"margin: 0px; font-family: 'Helvetica','sans-serif';\"><span style=\"color: #000000;\">19. Erik Korsb\u00e4ck 2 lotter, 9,11 ha varav skog 1,28 ha<\/span><\/span><\/h6>\n<h6><span style=\"margin: 0px; font-family: 'Helvetica','sans-serif';\"><span style=\"color: #000000;\">20. Erland Hammarberg 1 lott, 3,47 ha\u00a0<\/span><\/span><\/h6>\n<h6><span style=\"margin: 0px; font-family: 'Helvetica','sans-serif';\"><span style=\"color: #000000;\">21. Erland Korsb\u00e4ck 1 \u00bd lott, 6,55 ha varav skog 0,76 ha<\/span><\/span><\/h6>\n<h6><span style=\"margin: 0px; font-family: 'Helvetica','sans-serif';\"><span style=\"color: #000000;\">22. Erland M\u00e4kel\u00e4\u00a0 \u00bd lott, 2,57 ha varav skog 0,01 ha<\/span><\/span><\/h6>\n<h6><span style=\"margin: 0px; font-family: 'Helvetica','sans-serif';\"><span style=\"color: #000000;\">23. Leander Jossandt 1 + 1\/8 dels lott, 5,6 ha varav skog 0,25 ha<\/span><\/span><\/h6>\n<h6><span style=\"margin: 0px; font-family: 'Helvetica','sans-serif';\"><span style=\"color: #000000;\">24. Erik Eskelin \u00bd lott, 2,09 ha varav skog 0,13 ha<\/span><\/span><\/h6>\n<h6><span style=\"margin: 0px; font-family: 'Helvetica','sans-serif';\"><span style=\"color: #000000;\">25. Emil Karlsson Korsb\u00e4ck 1 lott, 4,24 ha varav skog 0,12 ha<\/span><\/span><\/h6>\n<h6><span style=\"margin: 0px; font-family: 'Helvetica','sans-serif';\"><span style=\"color: #000000;\">26. Josef Bergstr\u00f6m\u00a0 1 + 5\/6 dels lott, 7,81 ha varav skog 0,44 ha<\/span><\/span><\/h6>\n<h6><span style=\"margin: 0px; font-family: 'Helvetica','sans-serif';\"><span style=\"color: #000000;\">27. Josef Henrik Andersson Korsb\u00e4ck \u00bd lott, 1,84 ha\u00a0<\/span><\/span><\/h6>\n<h6><span style=\"margin: 0px; font-family: 'Helvetica','sans-serif';\"><span style=\"color: #000000;\">28. Artur Berg \u00bd lott, 1,86 ha<\/span><\/span><\/h6>\n<h6><span style=\"margin: 0px; font-family: 'Helvetica','sans-serif';\"><span style=\"color: #000000;\">29. Viktor \u00d6ist 1 lott, 3,15 ha<\/span><\/span><\/h6>\n<h6><span style=\"margin: 0px; font-family: 'Helvetica','sans-serif';\"><span style=\"color: #000000;\">30. Selma J\u00e4rvel\u00e4-Jansson \u00bd lott, 2,77 ha varav skog 0,38 ha<\/span><\/span><\/h6>\n<h6><span style=\"margin: 0px; font-family: 'Helvetica','sans-serif';\"><span style=\"color: #000000;\">31. Evert Liljeblad \u00bd lott, 2,43 ha varav skog 0,13 ha<\/span><\/span><\/h6>\n<h6><span style=\"margin: 0px; font-family: 'Helvetica','sans-serif';\"><span style=\"color: #000000;\">32. Henrik R\u00f6nnblad 2 lotter, 8,6 ha varav 0,32 ha skog<\/span><\/span><\/h6>\n<h6><span style=\"margin: 0px; font-family: 'Helvetica','sans-serif';\"><span style=\"color: #000000;\">33. Nestor Liljedahl <\/span><\/span><span style=\"margin: 0px; font-family: 'Helvetica','sans-serif';\"><span style=\"color: #000000;\">\u00bd lott, 1,82 ha varav skog 0,04 ha<\/span><\/span><\/h6>\n<h6><span style=\"margin: 0px; font-family: 'Helvetica','sans-serif';\"><span style=\"color: #000000;\">34. Johannes Blomstedt 1\/4 dels lott, 1,23 ha varav skog 0,01 ha<\/span><\/span><\/h6>\n<h6><span style=\"margin: 0px; font-family: 'Helvetica','sans-serif';\"><span style=\"color: #000000;\">35. Viktor Nylund\u00a0 1\/4 del och Anna Greta Englund \u00bd lott, 2,86 ha varav skog 0,04 ha<\/span><\/span><\/h6>\n<h6><span style=\"margin: 0px; font-family: 'Helvetica','sans-serif';\"><span style=\"color: #000000;\">36. Viktor Storkull \u00bd lott, 1,91 ha<\/span><\/span><\/h6>\n<h6><span style=\"margin: 0px; font-family: 'Helvetica','sans-serif';\"><span style=\"color: #000000;\">37. Frans Luoma 2\/3 dels lott, 2,4 ha\u00a0<\/span><\/span><\/h6>\n<h6><span style=\"margin: 0px; font-family: 'Helvetica','sans-serif';\"><span style=\"color: #000000;\">38. Henrik Lindroos \u00bd lott, 1,9 ha<\/span><\/span><\/h6>\n<h6><span style=\"margin: 0px; font-family: 'Helvetica','sans-serif';\"><span style=\"color: #000000;\">39. Artur Mitts \u00bd lott, 1,88 ha<\/span><\/span><\/h6>\n<h6><span style=\"margin: 0px; font-family: 'Helvetica','sans-serif';\"><span style=\"color: #000000;\">40. Otto Hietaoja \u00bd lott, 1,87 ha<\/span><\/span><\/h6>\n<h6><span style=\"margin: 0px; font-family: 'Helvetica','sans-serif';\"><span style=\"color: #000000;\">41. Viktor Nyberg \u00bd lott, 1,83 ha<\/span><\/span><\/h6>\n<h6><span style=\"margin: 0px; font-family: 'Helvetica','sans-serif';\"><span style=\"color: #000000;\">42. Hilda Kaskim\u00e4ki 1\/4 lott, 0,84 ha<\/span><\/span><\/h6>\n<h6><span style=\"margin: 0px; font-family: 'Helvetica','sans-serif';\"><span style=\"color: #000000;\">43. Emil Nybond \u00bd lott, 1,69 ha<\/span><\/span><\/h6>\n<h6><span style=\"margin: 0px; font-family: 'Helvetica','sans-serif';\"><span style=\"color: #000000;\">44. Viktor Gr\u00f6ndahl \u00bd lott, 1,69 ha<\/span><\/span><\/h6>\n<h6><span style=\"margin: 0px; font-family: 'Helvetica','sans-serif';\"><span style=\"color: #000000;\">45. Emil Nyholm 1\/4 lott, 0,85 ha<\/span><\/span><\/h6>\n<h6><span style=\"margin: 0px; font-family: 'Helvetica','sans-serif';\"><span style=\"color: #000000;\">46. Henrik Lindberg \u00bd lott, 1,73 ha<\/span><\/span><\/h6>\n<h6><span style=\"margin: 0px; font-family: 'Helvetica','sans-serif';\"><span style=\"color: #000000;\">47. Viktor S\u00f6derkvist 1 lott, 4,07 ha varav skog 0,05 ha<\/span><\/span><\/h6>\n<h6><span style=\"margin: 0px; font-family: 'Helvetica','sans-serif';\"><span style=\"color: #000000;\">48. Viktor Eklund \u00bd lott, 1,74 ha<\/span><\/span><\/h6>\n<h6><span style=\"margin: 0px; font-family: 'Helvetica','sans-serif';\"><span style=\"color: #000000;\">49. Frans Gr\u00f6nlund \u00bd lott, 1,73 ha<\/span><\/span><\/h6>\n<h6><span style=\"margin: 0px; font-family: 'Helvetica','sans-serif';\"><span style=\"color: #000000;\">50. Karl Henrik Mitts 1 \u00bd lott, 6,41 ha varav skog 0,08 ha<\/span><\/span><\/h6>\n<h6><span style=\"margin: 0px; font-family: 'Helvetica','sans-serif';\"><span style=\"color: #000000;\">51. Adelina Lillkull \u00bd lott, 1,71 ha<\/span><\/span><\/h6>\n<h6><span style=\"margin: 0px; font-family: 'Helvetica','sans-serif';\"><span style=\"color: #000000;\">52. Henrik Agn\u00e4s \u00bd lott, 1,69 ha<\/span><\/span><\/h6>\n<h6><span style=\"margin: 0px; font-family: 'Helvetica','sans-serif';\"><span style=\"color: #000000;\">53. Karl Erik Nyholm 1 lott, 3,4 ha<\/span><\/span><\/h6>\n<h6><span style=\"margin: 0px; font-family: 'Helvetica','sans-serif';\"><span style=\"color: #000000;\">54. Niklas Perus 1 lott, 3,6 ha<\/span><\/span><\/h6>\n<h6><span style=\"margin: 0px; font-family: 'Helvetica','sans-serif';\"><span style=\"color: #000000;\">55. Niklas Nyg\u00e5rd 1 lott, 3,6 ha<\/span><\/span><\/h6>\n<h6><span style=\"margin: 0px; font-family: 'Helvetica','sans-serif';\"><span style=\"color: #000000;\">56. Henrik Holmberg \u00bd lott, 1,89 ha varav skog 0,02 ha<\/span><\/span><\/h6>\n<h6><span style=\"margin: 0px; font-family: 'Helvetica','sans-serif';\"><span style=\"color: #000000;\">57. Vilhelm Bj\u00f6rses \u00bd lott, 1,81 ha<\/span><\/span><\/h6>\n<h6><span style=\"margin: 0px; font-family: 'Helvetica','sans-serif';\"><span style=\"color: #000000;\">58. Erik Anders \u00c5djers 1 lott, 3,73 ha<\/span><\/span><\/h6>\n<h6><span style=\"margin: 0px; font-family: 'Helvetica','sans-serif';\"><span style=\"color: #000000;\">59. Viktor Henriksson Lillg\u00e4ls 1 lott, 3,41 ha<\/span><\/span><\/h6>\n<h6><span style=\"margin: 0px; font-family: 'Helvetica','sans-serif';\"><span style=\"color: #000000;\">60. Emil Malm 1 lott, 3,80 ha<\/span><\/span><\/h6>\n<h6><span style=\"margin: 0px; font-family: 'Helvetica','sans-serif';\"><span style=\"color: #000000;\">61. Sigfrid Bergkulla \u00bd lott, 1,92 ha<\/span><\/span><\/h6>\n<h6><span style=\"margin: 0px; font-family: 'Helvetica','sans-serif';\"><span style=\"color: #000000;\">62. Greta Sofia Ulfves \u00bd lott, 1,84 ha<\/span><\/span><\/h6>\n<h6><span style=\"margin: 0px; font-family: 'Helvetica','sans-serif';\"><span style=\"color: #000000;\">63. Tilda Kl\u00e5vus 2\/3 dels lott, 3,54 ha varav skog 0,14 ha<\/span><\/span><\/h6>\n<h6><span style=\"margin: 0px; font-family: 'Helvetica','sans-serif';\"><span style=\"color: #000000;\">64. Johan Viktor Lillg\u00e4ls \u00bd lott, 1,8 ha<\/span><\/span><\/h6>\n<h6><span style=\"margin: 0px; font-family: 'Helvetica','sans-serif';\"><span style=\"color: #000000;\">65. Johannes Ylikoski 1 lott, 5,99 ha varav skog 1,22 ha<\/span><\/span><\/h6>\n<h6><span style=\"margin: 0px; font-family: 'Helvetica','sans-serif';\"><span style=\"color: #000000;\">66. Erkki Pitk\u00e4koski \u00bd lott, 2,93 ha varav skog 0,43 ha<\/span><\/span><\/h6>\n<h6><span style=\"margin: 0px; font-family: 'Helvetica','sans-serif';\"><span style=\"color: #000000;\">67. Leander Pitk\u00e4koski 1\/3 dels lott, 1,58 ha<\/span><\/span><\/h6>\n<h6><span style=\"margin: 0px; font-family: 'Helvetica','sans-serif';\"><span style=\"color: #000000;\">68. Jalmar Forsman \u00bd lott, 2,7 ha varav skog 0,34 ha<\/span><\/span><\/h6>\n<h6><span style=\"margin: 0px; font-family: 'Helvetica','sans-serif';\"><span style=\"color: #000000;\">69. Johannes K\u00e4rki \u00bd dels lott, 2,53 ha<\/span><\/span><\/h6>\n<h6><span style=\"margin: 0px; font-family: 'Helvetica','sans-serif';\"><span style=\"color: #000000;\">70. Nestor Alinen 1\/4 dels lott, 1,18 ha<\/span><\/span><\/h6>\n<h6><span style=\"margin: 0px; font-family: 'Helvetica','sans-serif';\"><span style=\"color: #000000;\">71. Aleksi M\u00e4kel\u00e4\u00a0 \u00bd lott, 2,60 ha varav skog 0,21 ha<\/span><\/span><\/h6>\n<h6><span style=\"margin: 0px; font-family: 'Helvetica','sans-serif';\"><span style=\"color: #000000;\">72. Maria Korvenkangas 1\/4 dels lott, 1,34 ha varav skog 0,16 ha<\/span><\/span><\/h6>\n<h6><span style=\"margin: 0px; font-family: 'Helvetica','sans-serif';\"><span style=\"color: #000000;\">73. Johannes Lauhaluoma \u00bd lott, 2,35 ha varav skog 0,16 ha<\/span><\/span><\/h6>\n<h6><span style=\"margin: 0px; font-family: 'Helvetica','sans-serif';\"><span style=\"color: #000000;\">74. Viljam Pentil\u00e4\u00a0 \u00bd lott, 2,42 ha varav skog 0,16 ha<\/span><\/span><\/h6>\n<h6><span style=\"margin: 0px; font-family: 'Helvetica','sans-serif';\"><span style=\"color: #000000;\">75. Nestor Koski \u00bd lott, 1,84 ha<\/span><\/span><\/h6>\n<h6><span style=\"margin: 0px; font-family: 'Helvetica','sans-serif';\"><span style=\"color: #000000;\">76. Paulus Kaivo-oja \u00bd lott, 1,88 ha\u00a0<\/span><\/span><\/h6>\n<h6><span style=\"margin: 0px; font-family: 'Helvetica','sans-serif';\"><span style=\"color: #000000;\">77. Viktor Luoma \u00bd lott, 1,94 ha varav skog 0,06 ha<\/span><\/span><\/h6>\n<h6><span style=\"margin: 0px; font-family: 'Helvetica','sans-serif';\"><span style=\"color: #000000;\">78. Oskar Korpi \u00bd lott, 2,01 ha varav skog 0,2 ha<\/span><\/span><\/h6>\n<h6><span style=\"margin: 0px; font-family: 'Helvetica','sans-serif';\"><span style=\"color: #000000;\">79. Frans Ojanper\u00e4\u00a0 \u00bd lott, 2,02 ha varav skog 0,21 ha<\/span><\/span><\/h6>\n<h6><span style=\"margin: 0px; font-family: 'Helvetica','sans-serif';\"><span style=\"color: #000000;\">80. Juho Saikka \u00bd lott, 2,16 ha varav skog 0,38 ha<\/span><\/span><\/h6>\n<h6><span style=\"margin: 0px; font-family: 'Helvetica','sans-serif';\"><span style=\"color: #000000;\">81. Juho Ylihietala \u00bd lott, 2,12 ha varav skog 2,12 ha<\/span><\/span><\/h6>\n<h6><span style=\"margin: 0px; font-family: 'Helvetica','sans-serif';\"><span style=\"color: #000000;\">82. Mauritz Ojanper\u00e4\u00a0 \u00bd lott, 2,11 ha varav skog 0,31 ha<\/span><\/span><\/h6>\n<h6><span style=\"margin: 0px; font-family: 'Helvetica','sans-serif';\"><span style=\"color: #000000;\">83. Juho M\u00e4nnist\u00f6 \u00bd lott, 2,06 ha varav skog 0,24 ha<\/span><\/span><\/h6>\n<h6><span style=\"margin: 0px; font-family: 'Helvetica','sans-serif';\"><span style=\"color: #000000;\">84. Emil Ylihietala \u00bd lott, 2,04 ha varav skog 0,19 ha<\/span><\/span><\/h6>\n<h6><span style=\"margin: 0px; font-family: 'Helvetica','sans-serif';\"><span style=\"color: #000000;\">85. Heikki Korpi \u00bd lott, 2,56 ha varav skog 0,25 ha<\/span><\/span><\/h6>\n<h6><span style=\"margin: 0px; font-family: 'Helvetica','sans-serif';\"><span style=\"color: #000000;\">86. Milja Hernesharju \u00bd lott, 2,61 ha varav skog 0,27 ha<\/span><\/span><\/h6>\n<h6><span style=\"margin: 0px; font-family: 'Helvetica','sans-serif';\"><span style=\"color: #000000;\">87. V\u00e4in\u00f6 Koskiranta \u00bd lott, 2,83 ha varav skog 0,68 ha<\/span><\/span><\/h6>\n<h6><span style=\"margin: 0px; font-family: 'Helvetica','sans-serif';\"><span style=\"color: #000000;\">88. Kristian Nevala \u00bd lott, 2.67 ha varav skog 0,49 ha<\/span><\/span><\/h6>\n<h6><span style=\"margin: 0px; font-family: 'Helvetica','sans-serif';\"><span style=\"color: #000000;\">89. Erkki Rantanen \u00bd lott, 2,49 ha varav skog 0,39 ha<\/span><\/span><\/h6>\n<h6><span style=\"margin: 0px; font-family: 'Helvetica','sans-serif';\"><span style=\"color: #000000;\">90. Leander Hietala \u00bd lott, 2,59 ha varav skog 0,60 ha<\/span><\/span><\/h6>\n<h6><span style=\"margin: 0px; font-family: 'Helvetica','sans-serif';\"><span style=\"color: #000000;\">91. David Aalto \u00bd lott, 2,74 ha varav skog 0,4 ha<\/span><\/span><\/h6>\n<h6><span style=\"margin: 0px; font-family: 'Helvetica','sans-serif';\"><span style=\"color: #000000;\">92. Viktor Utfolk \u00bd lott, 2,21 ha varav skog 0,33 ha<\/span><\/span><\/h6>\n<h6><span style=\"margin: 0px; font-family: 'Helvetica','sans-serif';\"><span style=\"color: #000000;\">93. Jenny Irene Uddfolk \u00bd lott, 2,5 ha varav skog 0,31 ha<\/span><\/span><\/h6>\n<h6><span style=\"margin: 0px; font-family: 'Helvetica','sans-serif';\"><span style=\"color: #000000;\">94. Samf\u00e4llda bolagslotten<\/span><\/span><span style=\"margin: 0px; font-family: 'Helvetica','sans-serif';\"><span style=\"color: #000000;\"> 1 lott, 6,02 ha varav skog 1,25 ha<\/span><\/span><\/h6>\n","protected":false},"excerpt":{"rendered":"<p>De 80 lotterna i Dagsmark Storsj\u00f6tr\u00e4sk bytte ofta \u00e4gare och en del gick ocks\u00e5 i arv vid generationsskifte. Vid den f\u00f6rsta stora \u00e5rensningen i b\u00f6rjan av 1930-talet s\u00e5 skiftades lotterna och markerna delades enligt ett f\u00f6rslag av lantm\u00e4tare I. Hannelius. <a class=\"more-link\" href=\"https:\/\/www.lassebacklund.fi\/?page_id=12651\">Forts\u00e4tt l\u00e4sa <span class=\"screen-reader-text\">  Lantm\u00e4terif\u00f6rr\u00e4ttningen 1931.<\/span><span class=\"meta-nav\">&rarr;<\/span><\/a><\/p>\n","protected":false},"author":1,"featured_media":0,"parent":3704,"menu_order":1,"comment_status":"closed","ping_status":"closed","template":"","meta":{"footnotes":""},"class_list":["post-12651","page","type-page","status-publish","hentry"],"_links":{"self":[{"href":"https:\/\/www.lassebacklund.fi\/index.php?rest_route=\/wp\/v2\/pages\/12651","targetHints":{"allow":["GET"]}}],"collection":[{"href":"https:\/\/www.lassebacklund.fi\/index.php?rest_route=\/wp\/v2\/pages"}],"about":[{"href":"https:\/\/www.lassebacklund.fi\/index.php?rest_route=\/wp\/v2\/types\/page"}],"author":[{"embeddable":true,"href":"https:\/\/www.lassebacklund.fi\/index.php?rest_route=\/wp\/v2\/users\/1"}],"replies":[{"embeddable":true,"href":"https:\/\/www.lassebacklund.fi\/index.php?rest_route=%2Fwp%2Fv2%2Fcomments&post=12651"}],"version-history":[{"count":8,"href":"https:\/\/www.lassebacklund.fi\/index.php?rest_route=\/wp\/v2\/pages\/12651\/revisions"}],"predecessor-version":[{"id":17517,"href":"https:\/\/www.lassebacklund.fi\/index.php?rest_route=\/wp\/v2\/pages\/12651\/revisions\/17517"}],"up":[{"embeddable":true,"href":"https:\/\/www.lassebacklund.fi\/index.php?rest_route=\/wp\/v2\/pages\/3704"}],"wp:attachment":[{"href":"https:\/\/www.lassebacklund.fi\/index.php?rest_route=%2Fwp%2Fv2%2Fmedia&parent=12651"}],"curies":[{"name":"wp","href":"https:\/\/api.w.org\/{rel}","templated":true}]}}