{"id":1264,"date":"2016-10-18T20:12:28","date_gmt":"2016-10-18T18:12:28","guid":{"rendered":"http:\/\/www.lassebacklund.fi\/?page_id=1264"},"modified":"2025-05-10T22:53:32","modified_gmt":"2025-05-10T19:53:32","slug":"torpare-pa-lillsjo-nr-10","status":"publish","type":"page","link":"https:\/\/www.lassebacklund.fi\/?page_id=1264","title":{"rendered":"Torpare p\u00e5 Lillsj\u00f6 nr 10."},"content":{"rendered":"<p>&nbsp;<\/p>\n<ol>\n<li>Johan Mattsson Lillsj\u00f6 och hustrun Kajsa Mattsdotter (f.1749), skrivna som torpare \u00e5r 1780.<\/li>\n<li>Erik Henriksson Lillsj\u00f6 och hustrun Anna Mattsdotter, skrivna som torpare \u00e5r 1800.<\/li>\n<li>Skogsvaktaren Isak Pehrsson Lillsj\u00f6 och hustrun Maria, skrivna som torpare \u00e5r 1813.<\/li>\n<li>Matts Mattson Skrifvars (1805-1848) torpare under \u00e5ren 1830-1848 och hustrun Anna Eriksdotter Lillsj\u00f6 (f.1804) torpare under \u00e5ren 1849-1861.<\/li>\n<li>Johan Erik, Eriksson Lillsj\u00f6 (1805-1833) torpare under \u00e5ren 1830-1833.<\/li>\n<li>Erik Henrik, Eriksson Lillsj\u00f6 (f.1803) och hustrun Brita (f.1800) torpare under \u00e5ren 1830-1835.<\/li>\n<li>Johan Henrik Mattsson Skrifvars (1798-1850) torpare under \u00e5ren 1840-1850.<\/li>\n<li>Josef Eriksson Storkull (f.1804) torpare under \u00e5ren 1845-1850 och hustrun Maria Johansdotter fr\u00e5n Stor\u00e5 (f.1813) torpare under \u00e5ren 1851-1858.<\/li>\n<li>Johan Johansson Kej fr\u00e5n Bj\u00f6rneborg \u00a0(f.1822) och hustrun Maria Lena Mickelsdotter Korsb\u00e4ck (f.1816) torpare under \u00e5ren 1850-1865. De flyttade till Stor\u00e5 \u00e5r 1866.<\/li>\n<li>Mickel Johansson Korsb\u00e4ck (f.1828) och f\u00f6rsta hustrun Kajsa Erik Henriksdotter Finne (1833-1861) och andra hustrun Maria Greta Johan Henriksdotter Bj\u00f6rs (f.1828) torpare under \u00e5ren 1860-1867.<\/li>\n<li>Erik, Erik Henriksson Storsj\u00f6 eller Lillsj\u00f6 (f.1829) och hustrun Anna Kajsa Gustavsdotter Lillsj\u00f6 (f.1823) torpare under \u00e5ren 1860-1870.<\/li>\n<li>Malakias \u201dKion\u201d Josefsson B\u00e5sk eller Ingves (1836-1868) torpare under \u00e5ren1861-1866 och hustrun Anna Greta Eriksdotter B\u00e5sk (1840-1920) torpare under \u00e5ren 1867-1875. Anna Greta andra man Johan Prunnila fr\u00e5n Honkajoki (1843-1923) torpare under \u00e5ren 1876-1914.<\/li>\n<li>Matts H\u00e5rd eller Lundell fr\u00e5n Korsn\u00e4s (f.1823) och hustrun Alexandra Jakoleff (f. 1830) torpare under \u00e5ren1861-1864.<\/li>\n<li>Karl Viktor Mattsson Lillsj\u00f6 (f.1840) och hustrun Albertina Johan Henriksdotter Sjuls (f. 1841) torpare under \u00e5ren 1865-1907.<\/li>\n<li>Karl Henrik H\u00e4gg fr\u00e5n Kalax i N\u00e4rpes (f.1834) och hustrun Anna Lisa Karlsdotter fr\u00e5n N\u00e4rpes (f.1829) torpare under \u00e5ren1865-1907.<\/li>\n<li>Josef Mattsson Klemets (f.1826) och hustrun Johanna, torpare under \u00e5ren 1864-1865.<\/li>\n<li>Johan Johansson Lillsj\u00f6 d.\u00e4. och hustrun Anna, torpare under \u00e5ren 1868-1877.<\/li>\n<li>Johan Johansson Lillsj\u00f6 d.y. (1847-1905) och hustrun Karolina (1851-1934) torpare under \u00e5ren 1874-1882. Johan och Karolina blev sedan torpare p\u00e5 L\u00e5ng hemman, du hittar dom under nummer 22.<\/li>\n<li>Matts Mattsson Haaranoja (f.1833) och hustrun Kajsa (f.1833) torpare under \u00e5ren1878-1912.<\/li>\n<li>Isak Johansson Hemmil\u00e4 (f.1851) och hustrun Anna (f.1858) torpare under \u00e5ren 1880-1902. (Vill du l\u00e4sa mera om dessa torpare, klicka <strong><a href=\"http:\/\/www.lassebacklund.fi\/?page_id=1266\"><u>h\u00e4r)<\/u><\/a><\/strong><\/li>\n<li>Malakias <span style=\"text-decoration: underline;\">Konstantin<\/span> Lindell (1848-1905) torpare under \u00e5ren 1883-1904 och hustrun Anna Kajsa (1843-1918) torpare under \u00e5ren 1905-1910, senare inhysing.<\/li>\n<li>Isak Johansson Sj\u00f6blom (f.1851) och hustrun Maria (f.1864) torpare under \u00e5ren 1902-1918. (Vill du l\u00e4sa mera om dessa torpare, klicka <strong><a href=\"http:\/\/www.lassebacklund.fi\/?page_id=1266\"><u>h\u00e4r)<\/u><\/a><\/strong><\/li>\n<li>Oskar H\u00e4gg (f.1859, son till torpare p\u00e5 nr 15) torpare under \u00e5ren 1908-1916 och hustrun Maria Sj\u00f6holm (f.1867) torpare under \u00e5ren 1917-1920.<\/li>\n<li>Frans Ivar S\u00f6derholm (1888-1965) och hustrun Vilhelmina \u201dKionas-Mina\u201d (1886-1965, dotter till torpare nr 12) torpare under \u00e5ren 1916-1920. (Vill du l\u00e4sa mera om Kionas-Mina, s\u00e5 klicka <a href=\"http:\/\/www.lassebacklund.fi\/?page_id=1309\">h\u00e4r<\/a>!)<\/li>\n<li>Anders, Johansson Prunnila (1879-1941, son till torpare nr 12) och hustrun Ellida \u201dUttera-Lida\u201d Lillkull (1884-1978) torpare under \u00e5ren 1916-1920.<\/li>\n<\/ol>\n","protected":false},"excerpt":{"rendered":"<p>&nbsp; Johan Mattsson Lillsj\u00f6 och hustrun Kajsa Mattsdotter (f.1749), skrivna som torpare \u00e5r 1780. Erik Henriksson Lillsj\u00f6 och hustrun Anna Mattsdotter, skrivna som torpare \u00e5r 1800. Skogsvaktaren Isak Pehrsson Lillsj\u00f6 och hustrun Maria, skrivna som torpare \u00e5r 1813. Matts Mattson <a class=\"more-link\" href=\"https:\/\/www.lassebacklund.fi\/?page_id=1264\">Forts\u00e4tt l\u00e4sa <span class=\"screen-reader-text\">  Torpare p\u00e5 Lillsj\u00f6 nr 10.<\/span><span class=\"meta-nav\">&rarr;<\/span><\/a><\/p>\n","protected":false},"author":1,"featured_media":0,"parent":1236,"menu_order":10,"comment_status":"closed","ping_status":"closed","template":"","meta":{"footnotes":""},"class_list":["post-1264","page","type-page","status-publish","hentry"],"_links":{"self":[{"href":"https:\/\/www.lassebacklund.fi\/index.php?rest_route=\/wp\/v2\/pages\/1264","targetHints":{"allow":["GET"]}}],"collection":[{"href":"https:\/\/www.lassebacklund.fi\/index.php?rest_route=\/wp\/v2\/pages"}],"about":[{"href":"https:\/\/www.lassebacklund.fi\/index.php?rest_route=\/wp\/v2\/types\/page"}],"author":[{"embeddable":true,"href":"https:\/\/www.lassebacklund.fi\/index.php?rest_route=\/wp\/v2\/users\/1"}],"replies":[{"embeddable":true,"href":"https:\/\/www.lassebacklund.fi\/index.php?rest_route=%2Fwp%2Fv2%2Fcomments&post=1264"}],"version-history":[{"count":6,"href":"https:\/\/www.lassebacklund.fi\/index.php?rest_route=\/wp\/v2\/pages\/1264\/revisions"}],"predecessor-version":[{"id":24033,"href":"https:\/\/www.lassebacklund.fi\/index.php?rest_route=\/wp\/v2\/pages\/1264\/revisions\/24033"}],"up":[{"embeddable":true,"href":"https:\/\/www.lassebacklund.fi\/index.php?rest_route=\/wp\/v2\/pages\/1236"}],"wp:attachment":[{"href":"https:\/\/www.lassebacklund.fi\/index.php?rest_route=%2Fwp%2Fv2%2Fmedia&parent=1264"}],"curies":[{"name":"wp","href":"https:\/\/api.w.org\/{rel}","templated":true}]}}