{"id":1262,"date":"2016-10-18T20:08:11","date_gmt":"2016-10-18T18:08:11","guid":{"rendered":"http:\/\/www.lassebacklund.fi\/?page_id=1262"},"modified":"2016-10-18T20:08:11","modified_gmt":"2016-10-18T18:08:11","slug":"torpare-pa-riarback-nr-9","status":"publish","type":"page","link":"https:\/\/www.lassebacklund.fi\/?page_id=1262","title":{"rendered":"Torpare p\u00e5 Riarb\u00e4ck nr 9."},"content":{"rendered":"<p>&nbsp;<\/p>\n<ol>\n<li>Johan Mattson Rib\u00e4ck, skriven som torpare \u00e5r 1777.<\/li>\n<li>Carl Nyman och hustrun Maria, skrivna som torpare \u00e5r 1811.<\/li>\n<li>Jakob Nyman, skriven som torpare \u00e5r 1810.<\/li>\n<li>Henrik Gabrielsson Rib\u00e4ck \u00a0(f.1783) torpare under \u00e5ren 1810-1820 och hustrun Kajsa Larsdotter Klemets (f.1778) torpare under \u00e5ren 1821-1835.<\/li>\n<li>5.Mickel J\u00f6ransson Trygg eller Huhtala fr\u00e5n B\u00f6tom (f.1771) torpare under \u00e5ren 1815-1820 och hustrun Susanna Henriksdotter fr\u00e5n Kauhajoki (f.1788) skriven som torpare 1830.<\/li>\n<li>Johan Eriksson Bruun (1804-1842) torpare under \u00e5ren1840-1842 och hustrun Kajsa Henriksdotter Rib\u00e4ck (f.1805) torpare under \u00e5ren 1843-1845, senare inhysing.<\/li>\n<li>Johan Jakob, Mariasson Rib\u00e4ck (f.1812) och f\u00f6rsta hustrun Maria Lena, Johan Henriksdotter Lillsj\u00f6 (f.1826) och andra hustrun Greta (f.1846) torpare under \u00e5ren 1855-1898.<\/li>\n<li>Isak Eliasson Storfilpula fr\u00e5n Stor\u00e5 (f.1825) och hustrun Kajsa Mickelsdotter Pellas fr\u00e5n N\u00e4rpes (f.1816) torpare under \u00e5ren 1855-1877.<\/li>\n<li>Anders Henrik, Andersson Rib\u00e4ck (f.1838) och hustrun Anna Kajsa Jakobsdotter Yrj\u00e4m\u00e4ki fr\u00e5n \u00d6stermark (f.1835) torpare under \u00e5ren 1860-1863.<\/li>\n<li>Augustinus Johansson Ekblom fr\u00e5n K\u00e4rjenkoski (f.1836) och hustrun Maria Isaksdotter V\u00e4h\u00e4haava fr\u00e5n Stor\u00e5 (f.1825) skrivna som torpare \u00e5r 1861.<\/li>\n<li>Erik Henriksson Fr\u00f6berg och hustrun Kajsa, skrivna som torpare \u00e5r 1861.<\/li>\n<li>Malakias Mukkala och hustrun Maria, torpare under \u00e5ren 1864-1865.<\/li>\n<li>Johan Erik Anders Henriksson Rib\u00e4ck (f.1839) och hustrun Vilhelmina Enoksdotter fr\u00e5n B\u00f6tom (f.1842) torpare under \u00e5ren 1865-1875.<\/li>\n<li>Viktor Johansson Svarti (f.1853) och hustrun Amanda (f. 1851) torpare under \u00e5ren 1878-1903.<\/li>\n<li>Paulus Isaksson Haramo (f.1866) torpare under \u00e5ren 1887-1895.<\/li>\n<li>Anna H\u00f6gfors (f.1878) torpare under \u00e5ren 1910-1918.<\/li>\n<\/ol>\n","protected":false},"excerpt":{"rendered":"<p>&nbsp; Johan Mattson Rib\u00e4ck, skriven som torpare \u00e5r 1777. Carl Nyman och hustrun Maria, skrivna som torpare \u00e5r 1811. Jakob Nyman, skriven som torpare \u00e5r 1810. Henrik Gabrielsson Rib\u00e4ck \u00a0(f.1783) torpare under \u00e5ren 1810-1820 och hustrun Kajsa Larsdotter Klemets (f.1778) <a class=\"more-link\" href=\"https:\/\/www.lassebacklund.fi\/?page_id=1262\">Forts\u00e4tt l\u00e4sa <span class=\"screen-reader-text\">  Torpare p\u00e5 Riarb\u00e4ck nr 9.<\/span><span class=\"meta-nav\">&rarr;<\/span><\/a><\/p>\n","protected":false},"author":1,"featured_media":0,"parent":1236,"menu_order":9,"comment_status":"closed","ping_status":"closed","template":"","meta":{"footnotes":""},"class_list":["post-1262","page","type-page","status-publish","hentry"],"_links":{"self":[{"href":"https:\/\/www.lassebacklund.fi\/index.php?rest_route=\/wp\/v2\/pages\/1262","targetHints":{"allow":["GET"]}}],"collection":[{"href":"https:\/\/www.lassebacklund.fi\/index.php?rest_route=\/wp\/v2\/pages"}],"about":[{"href":"https:\/\/www.lassebacklund.fi\/index.php?rest_route=\/wp\/v2\/types\/page"}],"author":[{"embeddable":true,"href":"https:\/\/www.lassebacklund.fi\/index.php?rest_route=\/wp\/v2\/users\/1"}],"replies":[{"embeddable":true,"href":"https:\/\/www.lassebacklund.fi\/index.php?rest_route=%2Fwp%2Fv2%2Fcomments&post=1262"}],"version-history":[{"count":1,"href":"https:\/\/www.lassebacklund.fi\/index.php?rest_route=\/wp\/v2\/pages\/1262\/revisions"}],"predecessor-version":[{"id":1263,"href":"https:\/\/www.lassebacklund.fi\/index.php?rest_route=\/wp\/v2\/pages\/1262\/revisions\/1263"}],"up":[{"embeddable":true,"href":"https:\/\/www.lassebacklund.fi\/index.php?rest_route=\/wp\/v2\/pages\/1236"}],"wp:attachment":[{"href":"https:\/\/www.lassebacklund.fi\/index.php?rest_route=%2Fwp%2Fv2%2Fmedia&parent=1262"}],"curies":[{"name":"wp","href":"https:\/\/api.w.org\/{rel}","templated":true}]}}