{"id":1260,"date":"2016-10-18T20:04:23","date_gmt":"2016-10-18T18:04:23","guid":{"rendered":"http:\/\/www.lassebacklund.fi\/?page_id=1260"},"modified":"2016-10-18T20:04:23","modified_gmt":"2016-10-18T18:04:23","slug":"torpare-pa-korsback-nr-7","status":"publish","type":"page","link":"https:\/\/www.lassebacklund.fi\/?page_id=1260","title":{"rendered":"Torpare p\u00e5 Korsb\u00e4ck nr 7."},"content":{"rendered":"<p>&nbsp;<\/p>\n<ol>\n<li>Henrik Pehrsson Korsb\u00e4ck och hustrun Maria (f.1752) skriven som torpare \u00e5r 1780.<\/li>\n<li>Johan Hansson Korsb\u00e4ck (f.1768) torpare under \u00e5ren 1798-1825 och hustrun Greta Gustavsdotter Grannas fr\u00e5n Tj\u00f6ck (f.1770) torpare under \u00e5ren 1826-1830.<\/li>\n<li>Johan Henrik Johansson Holmberg (1772-1840) och hustrun Lisa Johansdotter fr\u00e5n Hvittisbofj\u00e4rd, allts\u00e5 Ahlainen (1764-1849) torpare under \u00e5ren 1799-1849.<\/li>\n<li>Gabriel Henriksson Korsb\u00e4ck, torpare under \u00e5ren 1803-1810, hustrun Maria Eriksdotter fortsatte \u00e5ren 1811-1820.<\/li>\n<li>Henrik Mickelsson Korsb\u00e4ck (f.1790) och hustrun Maria Eriksdotter L\u00e5ng (f.1794) torpare under \u00e5ren 1825-1850.<\/li>\n<li>Johan Henriksson fr\u00e5n Eura\u00e5minne (f.1789) och hustrun Maria Eriksdotter Hinders (f.1773) torpare under \u00e5ren1825-1845.<\/li>\n<li>Henrik Johansson Korsb\u00e4ck, \u00a0torpare under \u00e5ren 1835-1839, hustrun Maria Henriksdotter fortsatte som torpare 1840-1850.<\/li>\n<li>Esaias Josefsson fr\u00e5n Stor\u00e5 (f.1799) och hustrun Maria Greta Mattsdotter Korsb\u00e4ck (f.1811) torpare under \u00e5ren1845-1872.<\/li>\n<li>Anders Henrik, Andersson Riarb\u00e4ck (f.1817) och hustrun Anna Kajsa Johansdotter Korsb\u00e4ck (f.1817) torpare under \u00e5ren 1850-1867.<\/li>\n<li>Rudolf Josef Jakobsson (f.1811) och hustrun Maria Lena Gabrielsdotter Korsb\u00e4ck (f.1812) torpare under \u00e5ren 1850-1858.<\/li>\n<li>Elias Mickelsson F\u00e4rm, fr\u00e5n Korsn\u00e4s (f. 1820) och hustrun Kajsa Mattsdotter Korsb\u00e4ck (1826-1867) torpare under \u00e5ren 1850-1880.<\/li>\n<li>Anders Mickelsson Korsb\u00e4ck (f.1827) och hustrun Serafia Gustavsson fr\u00e5n Karvia (f.1828) torpare under \u00e5ren 1855-1889.<\/li>\n<li>Erik Henrik, Henriksson Korsb\u00e4ck (f.1817) och hustrun Fredrika, Erik Henriksdotter Mitts (f.1824) torpare under \u00e5ren 1855-1866.<\/li>\n<li>Anders Mickelsson Korsb\u00e4ck (1804-1863) torpare under \u00e5ren 1858-1862 och hans andra hustru Maria Lena Henriksdotter Utter (f.1804) torpare under \u00e5ren 1863-1866.<\/li>\n<li>Anders Henrik Mattsson Korsb\u00e4ck (f.1828) och hustrun Greta, Gustav Henriksdotter Isuls (f.1833) torpare under \u00e5ren 1858-1869.<\/li>\n<li>Karl Mattsson Korsb\u00e4ck (f.1832) och hustrun Greta Sofia, Eriksdotter Str\u00f6mb\u00e4ck fr\u00e5n Sideby (f.1830) torpare under \u00e5ren 1864-1881.<\/li>\n<li>Karl Henriksson Korsb\u00e4ck och hustrun Lena, torpare under \u00e5ren 1863-1865.<\/li>\n<li>Matts Mattsson Korsb\u00e4ck (f.1835) och hustrun Fredrika Gustavsdotter Isuls (f.1835) torpare under \u00e5ren 1864-1881.<\/li>\n<li>Johan Anders, Henriksson Korsb\u00e4ck (f.1838) och hustrun Anna Kajsa, Johan Henriksdotter Klemets (f.1834) torpare under \u00e5ren 1868-1881.<\/li>\n<li>Reinhold Esaiasson Rosenback (f.1840) och hustrun Maria (f.1841) torpare under \u00e5ren 1873-1904.<\/li>\n<li>Johan Andersson Korsb\u00e4ck (f.1853) och hustrun Maria (f.1848) torpare under \u00e5ren1878-1886.<\/li>\n<li>Anders Filipsson Sarviluoma eller Korsb\u00e4ck (f.1850) och hustrun Vilhelmina (f.1846) torpare under \u00e5ren 1878-1910.<\/li>\n<li>Isak Korsb\u00e4ck (f.1843) och hustrun Maria (f.1845) torpare under \u00e5ren 1890-1902.<\/li>\n<li>Axel Karlsson Korsb\u00e4ck (f.1857) och hustrun Maria (f.1858) torpare under \u00e5ren 1892-1894.<\/li>\n<\/ol>\n","protected":false},"excerpt":{"rendered":"<p>&nbsp; Henrik Pehrsson Korsb\u00e4ck och hustrun Maria (f.1752) skriven som torpare \u00e5r 1780. Johan Hansson Korsb\u00e4ck (f.1768) torpare under \u00e5ren 1798-1825 och hustrun Greta Gustavsdotter Grannas fr\u00e5n Tj\u00f6ck (f.1770) torpare under \u00e5ren 1826-1830. Johan Henrik Johansson Holmberg (1772-1840) och hustrun <a class=\"more-link\" href=\"https:\/\/www.lassebacklund.fi\/?page_id=1260\">Forts\u00e4tt l\u00e4sa <span class=\"screen-reader-text\">  Torpare p\u00e5 Korsb\u00e4ck nr 7.<\/span><span class=\"meta-nav\">&rarr;<\/span><\/a><\/p>\n","protected":false},"author":1,"featured_media":0,"parent":1236,"menu_order":7,"comment_status":"closed","ping_status":"closed","template":"","meta":{"footnotes":""},"class_list":["post-1260","page","type-page","status-publish","hentry"],"_links":{"self":[{"href":"https:\/\/www.lassebacklund.fi\/index.php?rest_route=\/wp\/v2\/pages\/1260","targetHints":{"allow":["GET"]}}],"collection":[{"href":"https:\/\/www.lassebacklund.fi\/index.php?rest_route=\/wp\/v2\/pages"}],"about":[{"href":"https:\/\/www.lassebacklund.fi\/index.php?rest_route=\/wp\/v2\/types\/page"}],"author":[{"embeddable":true,"href":"https:\/\/www.lassebacklund.fi\/index.php?rest_route=\/wp\/v2\/users\/1"}],"replies":[{"embeddable":true,"href":"https:\/\/www.lassebacklund.fi\/index.php?rest_route=%2Fwp%2Fv2%2Fcomments&post=1260"}],"version-history":[{"count":1,"href":"https:\/\/www.lassebacklund.fi\/index.php?rest_route=\/wp\/v2\/pages\/1260\/revisions"}],"predecessor-version":[{"id":1261,"href":"https:\/\/www.lassebacklund.fi\/index.php?rest_route=\/wp\/v2\/pages\/1260\/revisions\/1261"}],"up":[{"embeddable":true,"href":"https:\/\/www.lassebacklund.fi\/index.php?rest_route=\/wp\/v2\/pages\/1236"}],"wp:attachment":[{"href":"https:\/\/www.lassebacklund.fi\/index.php?rest_route=%2Fwp%2Fv2%2Fmedia&parent=1260"}],"curies":[{"name":"wp","href":"https:\/\/api.w.org\/{rel}","templated":true}]}}