{"id":12583,"date":"2019-05-31T23:51:28","date_gmt":"2019-05-31T20:51:28","guid":{"rendered":"http:\/\/www.lassebacklund.fi\/?page_id=12583"},"modified":"2019-05-31T23:52:20","modified_gmt":"2019-05-31T20:52:20","slug":"friidrottstavlingar-i-dagsmark","status":"publish","type":"page","link":"https:\/\/www.lassebacklund.fi\/?page_id=12583","title":{"rendered":"Friidrottst\u00e4vlingar i Dagsmark."},"content":{"rendered":"<p><span style=\"color: #000080;\">Referat i Syd-\u00d6sterbotten efter de f\u00f6rsta t\u00e4vlingarna p\u00e5 den nya planen i augusti 1950:<\/span><\/p>\n<p><span style=\"margin: 0px; font-family: 'Helvetica','sans-serif';\"><span style=\"color: #000000;\">P\u00e5 s\u00f6ndagen den 20 augusti f\u00f6rsiggick idrottst\u00e4vlingar p\u00e5 den \u00e4nnu inte f\u00e4rdiga idrottsplatsen i Dagsmark. L\u00f6pningarna f\u00f6rsiggick p\u00e5 landsv\u00e4gen. Lagt\u00e4vlingen f\u00f6r juniorer vanns av Dagsmark f\u00f6r tredje g\u00e5nger och kunde beh\u00e5lla pokalen.<\/span><\/span><\/p>\n<p><span style=\"margin: 0px; font-family: 'Helvetica','sans-serif';\"><span style=\"color: #000000;\">De b\u00e4sta individuella resultaten f\u00f6r juniorer:<\/span><\/span><\/p>\n<p><span style=\"margin: 0px; font-family: 'Helvetica','sans-serif';\"><span style=\"color: #000000;\">H\u00f6jdhopp: 1) Pertti Santam\u00e4ki 165 cm, 3) Bengt Gr\u00f6ndahl 160 cm och Rainar Gr\u00f6ndahl var sexa med resultatet 145 cm.<\/span><\/span><\/p>\n<p><span style=\"margin: 0px; font-family: 'Helvetica','sans-serif';\"><span style=\"color: #000000;\">L\u00e4nghoppet vanns av en \u00a0Lindedahl fr\u00e5n H\u00e4rkmeri medan Pertti Santam\u00e4ki var tv\u00e5a med resultatet 5,42, 3) Bengt Gr\u00f6ndahl, 5,04, 4) Rainer Gr\u00f6ndahl \u00a04,89 cm.<\/span><\/span><\/p>\n<p><span style=\"margin: 0px; font-family: 'Helvetica','sans-serif';\"><span style=\"color: #000000;\">Diskus: 1) Levi Norrvik 37,65 m, 2) Pertti Santam\u00e4ki 34,50 m, 4) Bengt Gr\u00f6ndahl 31,67 m.<\/span><\/span><\/p>\n<p><span style=\"margin: 0px; font-family: 'Helvetica','sans-serif';\"><span style=\"color: #000000;\">Kula: 1) Levi Norrvik 12,68 m, 2) Bengt Gr\u00f6ndahl 12,63 m, 5) Pertti Santam\u00e4ki 11,16 m.<\/span><\/span><\/p>\n<p><span style=\"margin: 0px; font-family: 'Helvetica','sans-serif';\"><span style=\"color: #000000;\">1000 m l\u00f6pning: 1) Herbert Evars 2,53 min, 3) Levi Norrvik 3,00 min.<\/span><\/span><\/p>\n<p><span style=\"margin: 0px; font-family: 'Helvetica','sans-serif';\"><span style=\"color: #000000;\">De b\u00e4sta individuella resultaten f\u00f6r seniorer:<\/span><\/span><\/p>\n<p><span style=\"margin: 0px; font-family: 'Helvetica','sans-serif';\"><span style=\"color: #000000;\">H\u00f6jdhopp: 2) \u00c5ke Backlund 155 cm, 4) \u00c5ke Grans 150 cm, 5) Alvar Granlund 150 cm.<\/span><\/span><\/p>\n<p><span style=\"margin: 0px; font-family: 'Helvetica','sans-serif';\"><span style=\"color: #000000;\">L\u00e4ngdhopp: 1) Elgot Norrvik 5,53, 2) Rainer Gr\u00f6ndahl \u00a05,43 cm, 3) Alvar Granlund 5,28 .<\/span><\/span><\/p>\n<p><span style=\"margin: 0px; font-family: 'Helvetica','sans-serif';\"><span style=\"color: #000000;\">Kula: 2) Elgot Norrvik 11,26 m, 3) Egil Norrvik 10,88 m.<\/span><\/span><\/p>\n<p><span style=\"margin: 0px; font-family: 'Helvetica','sans-serif';\"><span style=\"color: #000000;\">Diskus: 1) Egil Norrvik 33,13 m, 2) Elgot Norrvik 32,75 m, 3) \u00c5ke Grans 32,45 m.<\/span><\/span><\/p>\n<p><span style=\"margin: 0px; font-family: 'Helvetica','sans-serif';\"><span style=\"color: #000000;\">Dagsmark vann stafetten 4 x 100 m p\u00e5 tiden 50,7 sekunder.<\/span><\/span><\/p>\n<p><span style=\"margin: 0px; font-family: 'Helvetica','sans-serif';\"><span style=\"color: #000000;\">\u00a0<\/span><\/span><\/p>\n","protected":false},"excerpt":{"rendered":"<p>Referat i Syd-\u00d6sterbotten efter de f\u00f6rsta t\u00e4vlingarna p\u00e5 den nya planen i augusti 1950: P\u00e5 s\u00f6ndagen den 20 augusti f\u00f6rsiggick idrottst\u00e4vlingar p\u00e5 den \u00e4nnu inte f\u00e4rdiga idrottsplatsen i Dagsmark. L\u00f6pningarna f\u00f6rsiggick p\u00e5 landsv\u00e4gen. Lagt\u00e4vlingen f\u00f6r juniorer vanns av Dagsmark f\u00f6r <a class=\"more-link\" href=\"https:\/\/www.lassebacklund.fi\/?page_id=12583\">Forts\u00e4tt l\u00e4sa <span class=\"screen-reader-text\">  Friidrottst\u00e4vlingar i Dagsmark.<\/span><span class=\"meta-nav\">&rarr;<\/span><\/a><\/p>\n","protected":false},"author":1,"featured_media":0,"parent":12575,"menu_order":0,"comment_status":"closed","ping_status":"closed","template":"","meta":{"footnotes":""},"class_list":["post-12583","page","type-page","status-publish","hentry"],"_links":{"self":[{"href":"https:\/\/www.lassebacklund.fi\/index.php?rest_route=\/wp\/v2\/pages\/12583","targetHints":{"allow":["GET"]}}],"collection":[{"href":"https:\/\/www.lassebacklund.fi\/index.php?rest_route=\/wp\/v2\/pages"}],"about":[{"href":"https:\/\/www.lassebacklund.fi\/index.php?rest_route=\/wp\/v2\/types\/page"}],"author":[{"embeddable":true,"href":"https:\/\/www.lassebacklund.fi\/index.php?rest_route=\/wp\/v2\/users\/1"}],"replies":[{"embeddable":true,"href":"https:\/\/www.lassebacklund.fi\/index.php?rest_route=%2Fwp%2Fv2%2Fcomments&post=12583"}],"version-history":[{"count":2,"href":"https:\/\/www.lassebacklund.fi\/index.php?rest_route=\/wp\/v2\/pages\/12583\/revisions"}],"predecessor-version":[{"id":12585,"href":"https:\/\/www.lassebacklund.fi\/index.php?rest_route=\/wp\/v2\/pages\/12583\/revisions\/12585"}],"up":[{"embeddable":true,"href":"https:\/\/www.lassebacklund.fi\/index.php?rest_route=\/wp\/v2\/pages\/12575"}],"wp:attachment":[{"href":"https:\/\/www.lassebacklund.fi\/index.php?rest_route=%2Fwp%2Fv2%2Fmedia&parent=12583"}],"curies":[{"name":"wp","href":"https:\/\/api.w.org\/{rel}","templated":true}]}}