{"id":12579,"date":"2019-05-31T23:22:14","date_gmt":"2019-05-31T20:22:14","guid":{"rendered":"http:\/\/www.lassebacklund.fi\/?page_id=12579"},"modified":"2019-05-31T23:22:14","modified_gmt":"2019-05-31T20:22:14","slug":"anhallan-till-kommunen-1954","status":"publish","type":"page","link":"https:\/\/www.lassebacklund.fi\/?page_id=12579","title":{"rendered":"Anh\u00e5llan till kommunen 1954."},"content":{"rendered":"<p><strong>Till kommunalfullm\u00e4ktige i Lappfj\u00e4rd.<\/strong><\/p>\n<p>Idrottsf\u00f6reningen L\u00e4nkens Dagsmark avdelning har sedan 1949 arbetat f\u00f6r att f\u00e5 en egen idrottsplan i byn. Markomr\u00e5det k\u00f6ptes f\u00f6r 112\u00a0000:-, Oy Pellonraivaus har f\u00f6r en kostnad av 41\u00a0000 j\u00e4mnat planen och avdelningen har f\u00f6r \u00f6vrigt p\u00e5 planens ist\u00e5ndst\u00e4llande betalt 60\u00a0000 :-. Avdelningen har s\u00e5lunda hittills nedlagt p\u00e5 sin idrottsplan mycket \u00f6ver 200\u00a0000 mark. Tre s\u00e4rskilda ans\u00f6kningar om tipsbidrag har gjorts men utan resultat.<\/p>\n<p>Avdelningen har p\u00e5 sitt planbygge ett bankl\u00e5n p\u00e5 90\u00a0000 mark och kan inte i \u00e5r ens betala r\u00e4ntan d\u00e4rp\u00e5. D\u00e5 f\u00f6reningen saknar medel, kan icke heller sportplanen iordningst\u00e4llas utan hj\u00e4lp av kommunen och med tipsmedel.<\/p>\n<p>F\u00f6r att tipsmedel skall erh\u00e5llas m\u00e5ste ocks\u00e5 kommunen ge en del f\u00f6r planbygget.<\/p>\n<p>D\u00e5 kommunalfullm\u00e4ktige f\u00f6r par \u00e5r sedan beviljade 200\u00a0000 mark p\u00e5 planink\u00f6p i kyrkobyn och kommunala idrottsn\u00e4mnden f\u00f6r samma plan utvecklat bra mycket \u00f6ver 1 miljon i tipsmedel, s\u00e5 kan det icke vara riktigt att samtidigt f\u00f6reningen och enskilda skall st\u00e5 f\u00f6r idrottsplanbyggen i utbyarna.<\/p>\n<p>IF L\u00e4nkens Dagsmark avdelning anh\u00e5ller d\u00e4rf\u00f6r att kommunalfullm\u00e4ktige besluter att ink\u00f6pa idrottsplanen i Dagsmark och f\u00f6r \u00e4ndam\u00e5let i 1955 \u00e5rs budget upptager 200\u00a0000 mark samt ger kommunala idrottsn\u00e4mnden i uppdrag att anh\u00e5lla om tipsmedel.<\/p>\n<p>IF L\u00e4nkens Dagsmark avdelning f\u00f6rbinder sig att f\u00e4rdigbygga idrottsplanen och svara f\u00f6r dess framtida underh\u00e5ll.<\/p>\n<p>IF L\u00e4nkens Dagsmark avdelning<\/p>\n<p>A.R. ordf\u00f6rande<\/p>\n","protected":false},"excerpt":{"rendered":"<p>Till kommunalfullm\u00e4ktige i Lappfj\u00e4rd. Idrottsf\u00f6reningen L\u00e4nkens Dagsmark avdelning har sedan 1949 arbetat f\u00f6r att f\u00e5 en egen idrottsplan i byn. Markomr\u00e5det k\u00f6ptes f\u00f6r 112\u00a0000:-, Oy Pellonraivaus har f\u00f6r en kostnad av 41\u00a0000 j\u00e4mnat planen och avdelningen har f\u00f6r \u00f6vrigt p\u00e5 <a class=\"more-link\" href=\"https:\/\/www.lassebacklund.fi\/?page_id=12579\">Forts\u00e4tt l\u00e4sa <span class=\"screen-reader-text\">  Anh\u00e5llan till kommunen 1954.<\/span><span class=\"meta-nav\">&rarr;<\/span><\/a><\/p>\n","protected":false},"author":1,"featured_media":0,"parent":12575,"menu_order":0,"comment_status":"closed","ping_status":"closed","template":"","meta":{"footnotes":""},"class_list":["post-12579","page","type-page","status-publish","hentry"],"_links":{"self":[{"href":"https:\/\/www.lassebacklund.fi\/index.php?rest_route=\/wp\/v2\/pages\/12579","targetHints":{"allow":["GET"]}}],"collection":[{"href":"https:\/\/www.lassebacklund.fi\/index.php?rest_route=\/wp\/v2\/pages"}],"about":[{"href":"https:\/\/www.lassebacklund.fi\/index.php?rest_route=\/wp\/v2\/types\/page"}],"author":[{"embeddable":true,"href":"https:\/\/www.lassebacklund.fi\/index.php?rest_route=\/wp\/v2\/users\/1"}],"replies":[{"embeddable":true,"href":"https:\/\/www.lassebacklund.fi\/index.php?rest_route=%2Fwp%2Fv2%2Fcomments&post=12579"}],"version-history":[{"count":1,"href":"https:\/\/www.lassebacklund.fi\/index.php?rest_route=\/wp\/v2\/pages\/12579\/revisions"}],"predecessor-version":[{"id":12580,"href":"https:\/\/www.lassebacklund.fi\/index.php?rest_route=\/wp\/v2\/pages\/12579\/revisions\/12580"}],"up":[{"embeddable":true,"href":"https:\/\/www.lassebacklund.fi\/index.php?rest_route=\/wp\/v2\/pages\/12575"}],"wp:attachment":[{"href":"https:\/\/www.lassebacklund.fi\/index.php?rest_route=%2Fwp%2Fv2%2Fmedia&parent=12579"}],"curies":[{"name":"wp","href":"https:\/\/api.w.org\/{rel}","templated":true}]}}