{"id":1257,"date":"2016-10-18T19:59:47","date_gmt":"2016-10-18T17:59:47","guid":{"rendered":"http:\/\/www.lassebacklund.fi\/?page_id=1257"},"modified":"2025-05-09T23:25:27","modified_gmt":"2025-05-09T20:25:27","slug":"torpare-pa-storkull-nr-6","status":"publish","type":"page","link":"https:\/\/www.lassebacklund.fi\/?page_id=1257","title":{"rendered":"Torpare p\u00e5 Storkull nr 6."},"content":{"rendered":"<p>&nbsp;<\/p>\n<ol>\n<li>Erik Kull och hustrun Anna Johansdotter (f.1747) skriven som torpare \u00e5r 1780.<\/li>\n<li>Erik Mattson Storkull och hustrun Maria Henriksdotter, skriven som torpare 1787.<\/li>\n<li>Erik Andersson Stenberg (1765-1826) och hustrun Anna Larsdotter Klemets (f.1760) torpare under \u00e5ren 1792-1826.<\/li>\n<li>Anders Mattsson Storkull skriven som torpare \u00e5r 1810.<\/li>\n<li>Johan Eriksson Storkull och hustrun Lena, skrivna som torpare \u00e5r 1820, senare b\u00f6nder.<\/li>\n<li>Matts Erik Kullman och hustrun Eva skrivna som torpare \u00e5r 1815.<\/li>\n<li>Skomakaren Johan Petter Fr\u00f6berg fr\u00e5n Lappfj\u00e4rd (1763-1829) och hustrun Maria Mattsdotter Storkull (1764-1825) torpare under \u00e5ren 1820-1829.<\/li>\n<li>Henrik, Johan Pettersson Fr\u00f6berg eller Storkull (1799-1867) och hustrun Greta Johansson Guss fr\u00e5n Tj\u00f6ck (f.1802) torpare under \u00e5ren1830-1867.<\/li>\n<li>Johan Rosenlund och hustrun Maria, torpare under \u00e5ren 1830-1865.<\/li>\n<li>Anders Andersson Klemets (f.1805) och hustrun Kajsa Greta Karlsdotter Mangs (f.1806) torpare under \u00e5ren 1840-1866.<\/li>\n<li>Mickel Kajsasson B\u00e5sk (f.1813) och hustrun Brita Lena Andersson Klemets (f.1812) torpare under \u00e5ren 1840-1860.<\/li>\n<li>Erik Eriksson Storkull (f.1801) och hustrun Brita Lena Eriksdotter L\u00e5ng (1804-1848) torpare under \u00e5ren 1845-1850.<\/li>\n<li>Erik Henriksson Kullman, torpare under \u00e5ren 1845-1854.<\/li>\n<li>Matts Mattsson B\u00e5sk och hustrun Maria, skrivna som torpare 1855.<\/li>\n<li>Josef Sofiasson Hammarberg eller L\u00e5ng (f.1830) och hustrun Maria Greta Mickelsdotter fr\u00e5n Stor\u00e5, torpare under \u00e5ren 1855-1873.<\/li>\n<li>Johan Erik Eriksson Storkull (1825-1884) och hustrun Lena Henriksson Fr\u00f6berg (f.1835) torpare under \u00e5ren 1866-1867. (Lena dotter till torpare nr 8).<\/li>\n<li>Anders Henrik, Eriksson B\u00e5sk (f.1814) och hustrun Brita Lena Andersson Lillkull (f.1812) torpare under \u00e5ren 1855-1875, senare inhysing.<\/li>\n<li>Enok Filipsson Saviluoma fr\u00e5n Stor\u00e5 (f.1834) och hustrun Maria Mattsdotter B\u00e5sk (f.1835) torpare under \u00e5ren 1861-1866.<\/li>\n<li>Erik Josefsson Storkull och hustrun Maria, torpare under \u00e5ren 1861-1866<\/li>\n<li>Johan Henriksson Storkull (f.1842) och hustrun Anna Kajsa Johansdotter Nyholm (f.1841) torpare under \u00e5ren 1865-1869.<\/li>\n<li>F\u00f6rra bonden Josef Mattsson Storkull (1807-1874) och hustrun Greta Johansdotter Sm\u00e5tr\u00e4sk (1814-1861) torpare under \u00e5ren 1868-1873.<\/li>\n<li>Karl Henriksson Fr\u00f6berg (f.1832) torpare under \u00e5ren 1868-1892 och hustrun Maria Lena Andersdotter B\u00e5sk (f.1834) torpare under \u00e5ren 1893-1904.<\/li>\n<li>Josef Eriksson Klemets (f.1842) och hustrun Anna (f.1843) torpare under \u00e5ren 1870-1914.<\/li>\n<li>Kajsa Karlsdotter, torpare under \u00e5ren 1870-1880.<\/li>\n<li>Karl Henriksson Storkull (f.1837) och hustrun Lena (f.1846) torpare under \u00e5ren 1872-1916.<\/li>\n<li>&#8221;Kiias-Kalle&#8221;, allts\u00e5 Karl Malakiasson Lindell (1846-1924) och hustrun Karolina (1848-1897) torpare under \u00e5ren 1878-1910.<\/li>\n<li>Johan Henrik, Eriksson Storkull (f.1861) och hustrun Maria (f.1860) torpare under \u00e5ren 1887-1889.<\/li>\n<li>Vilhelmina, Karl Henriksdotter Fr\u00f6berg (f.1870) torpare under \u00e5ren 1905-1914.<\/li>\n<li>Johan Santaniemi fr\u00e5n Honkajoki (f. 1881) och hustrun Adelina Fr\u00f6berg (f.1872) torpare under \u00e5ren 1905-1914.<\/li>\n<\/ol>\n","protected":false},"excerpt":{"rendered":"<p>&nbsp; Erik Kull och hustrun Anna Johansdotter (f.1747) skriven som torpare \u00e5r 1780. Erik Mattson Storkull och hustrun Maria Henriksdotter, skriven som torpare 1787. Erik Andersson Stenberg (1765-1826) och hustrun Anna Larsdotter Klemets (f.1760) torpare under \u00e5ren 1792-1826. Anders Mattsson <a class=\"more-link\" href=\"https:\/\/www.lassebacklund.fi\/?page_id=1257\">Forts\u00e4tt l\u00e4sa <span class=\"screen-reader-text\">  Torpare p\u00e5 Storkull nr 6.<\/span><span class=\"meta-nav\">&rarr;<\/span><\/a><\/p>\n","protected":false},"author":1,"featured_media":0,"parent":1236,"menu_order":6,"comment_status":"closed","ping_status":"closed","template":"","meta":{"footnotes":""},"class_list":["post-1257","page","type-page","status-publish","hentry"],"_links":{"self":[{"href":"https:\/\/www.lassebacklund.fi\/index.php?rest_route=\/wp\/v2\/pages\/1257","targetHints":{"allow":["GET"]}}],"collection":[{"href":"https:\/\/www.lassebacklund.fi\/index.php?rest_route=\/wp\/v2\/pages"}],"about":[{"href":"https:\/\/www.lassebacklund.fi\/index.php?rest_route=\/wp\/v2\/types\/page"}],"author":[{"embeddable":true,"href":"https:\/\/www.lassebacklund.fi\/index.php?rest_route=\/wp\/v2\/users\/1"}],"replies":[{"embeddable":true,"href":"https:\/\/www.lassebacklund.fi\/index.php?rest_route=%2Fwp%2Fv2%2Fcomments&post=1257"}],"version-history":[{"count":5,"href":"https:\/\/www.lassebacklund.fi\/index.php?rest_route=\/wp\/v2\/pages\/1257\/revisions"}],"predecessor-version":[{"id":24031,"href":"https:\/\/www.lassebacklund.fi\/index.php?rest_route=\/wp\/v2\/pages\/1257\/revisions\/24031"}],"up":[{"embeddable":true,"href":"https:\/\/www.lassebacklund.fi\/index.php?rest_route=\/wp\/v2\/pages\/1236"}],"wp:attachment":[{"href":"https:\/\/www.lassebacklund.fi\/index.php?rest_route=%2Fwp%2Fv2%2Fmedia&parent=1257"}],"curies":[{"name":"wp","href":"https:\/\/api.w.org\/{rel}","templated":true}]}}